{"id":20036,"date":"2025-10-01T12:25:10","date_gmt":"2025-10-01T16:25:10","guid":{"rendered":"https:\/\/www.csfs.ca\/shop\/webinar-demystifying-alcohol-biomarkers-and-their-forensic-applications\/"},"modified":"2025-10-01T12:25:10","modified_gmt":"2025-10-01T16:25:10","slug":"webinar-demystifying-alcohol-biomarkers-and-their-forensic-applications","status":"publish","type":"product","link":"https:\/\/www.csfs.ca\/fr\/panier\/webinar-demystifying-alcohol-biomarkers-and-their-forensic-applications\/","title":{"rendered":"Webinar: Demystifying Alcohol Biomarkers, and their Forensic Applications"},"content":{"rendered":"<p>Dr. Loralie Langman &#8211; <em>Demystifying Alcohol Biomarkers, and their Forensic Applications<\/em><\/p>\n<p>Dr Langman a obtenu son doctorat en m\u00e9decine de laboratoire et pathologie \u00e0 l&rsquo;Universit\u00e9 de l&rsquo;Alberta, au Canada. Elle a suivi une formation en chimie clinique \u00e0 l&rsquo;Universit\u00e9 de Toronto, o\u00f9 elle s&rsquo;est sp\u00e9cialis\u00e9e en toxicologie m\u00e9dico-l\u00e9gale et en g\u00e9n\u00e9tique mol\u00e9culaire.<\/p>\n<p>Elle est directrice du laboratoire de toxicologie clinique et m\u00e9dico-l\u00e9gale, du laboratoire de spectroscopie de masse clinique et consultante pour le laboratoire de g\u00e9nomique personnalis\u00e9e de la Mayo Clinic de Rochester. Elle est \u00e9galement professeure de m\u00e9decine de laboratoire et de pathologie \u00e0 la Mayo Clinic College of Medicine.<\/p>\n","protected":false},"excerpt":{"rendered":"<p>Dr. Loralie Langman &#8211; Demystifying Alcohol Biomarkers, and their Forensic Applications Dr Langman a obtenu son doctorat en m\u00e9decine de laboratoire et pathologie \u00e0 l&rsquo;Universit\u00e9 de l&rsquo;Alberta, au Canada. Elle&#8230;<\/p>\n","protected":false},"featured_media":20003,"template":"","meta":{"_seopress_robots_primary_cat":"none","_seopress_titles_title":"","_seopress_titles_desc":"","_seopress_robots_index":"","pmpro_default_level":"","_kad_blocks_custom_css":"","_kad_blocks_head_custom_js":"","_kad_blocks_body_custom_js":"","_kad_blocks_footer_custom_js":"","_price":"40","_stock":"","_tribe_ticket_header":"","_tribe_default_ticket_provider":"","_tribe_ticket_capacity":"7","_ticket_start_date":"","_ticket_end_date":"","_tribe_ticket_show_description":"","_tribe_ticket_show_not_going":false,"_tribe_ticket_use_global_stock":"","_tribe_ticket_global_stock_level":"","_global_stock_mode":"","_global_stock_cap":"","_tribe_rsvp_for_event":"","_tribe_ticket_going_count":"","_tribe_ticket_not_going_count":"","_tribe_tickets_list":"[]","_tribe_ticket_has_attendee_info_fields":false,"_EventAllDay":false,"_EventTimezone":"","_EventStartDate":"","_EventEndDate":"","_EventStartDateUTC":"","_EventEndDateUTC":"","_EventShowMap":false,"_EventShowMapLink":false,"_EventURL":"","_EventCost":"","_EventCostDescription":"","_EventCurrencySymbol":"","_EventCurrencyCode":"","_EventCurrencyPosition":"","_EventDateTimeSeparator":"","_EventTimeRangeSeparator":"","_EventOrganizerID":[],"_EventVenueID":[],"_OrganizerEmail":"","_OrganizerPhone":"","_OrganizerWebsite":"","_VenueAddress":"","_VenueCity":"","_VenueCountry":"","_VenueProvince":"","_VenueState":"","_VenueZip":"","_VenuePhone":"","_VenueURL":"","_VenueStateProvince":"","_VenueLat":"","_VenueLng":"","_VenueShowMap":false,"_VenueShowMapLink":false,"_kad_post_transparent":"","_kad_post_title":"","_kad_post_layout":"","_kad_post_sidebar_id":"","_kad_post_content_style":"","_kad_post_vertical_padding":"","_kad_post_feature":"","_kad_post_feature_position":"","_kad_post_header":false,"_kad_post_footer":false,"_kad_post_classname":"","_tec_slr_enabled":"","_tec_slr_layout":""},"product_brand":[],"product_cat":[194],"product_tag":[],"class_list":{"0":"post-20036","1":"product","2":"type-product","3":"status-publish","4":"has-post-thumbnail","6":"product_cat-csfs-2025-webinar-fr","7":"pmpro-has-access","9":"first","10":"outofstock","11":"virtual","12":"purchasable","13":"product-type-simple","14":"entry","15":"content-bg","16":"loop-entry"},"taxonomy_info":{"product_cat":[{"value":194,"label":"CSFS-2025-Webinar"}]},"featured_image_src_large":["https:\/\/www.csfs.ca\/wp-content\/uploads\/2025\/10\/Langman-Medium-1024x683.jpg",1024,683,true],"author_info":[],"comment_info":"","_links":{"self":[{"href":"https:\/\/www.csfs.ca\/fr\/wp-json\/wp\/v2\/product\/20036","targetHints":{"allow":["GET"]}}],"collection":[{"href":"https:\/\/www.csfs.ca\/fr\/wp-json\/wp\/v2\/product"}],"about":[{"href":"https:\/\/www.csfs.ca\/fr\/wp-json\/wp\/v2\/types\/product"}],"wp:featuredmedia":[{"embeddable":true,"href":"https:\/\/www.csfs.ca\/fr\/wp-json\/wp\/v2\/media\/20003"}],"wp:attachment":[{"href":"https:\/\/www.csfs.ca\/fr\/wp-json\/wp\/v2\/media?parent=20036"}],"wp:term":[{"taxonomy":"product_brand","embeddable":true,"href":"https:\/\/www.csfs.ca\/fr\/wp-json\/wp\/v2\/product_brand?post=20036"},{"taxonomy":"product_cat","embeddable":true,"href":"https:\/\/www.csfs.ca\/fr\/wp-json\/wp\/v2\/product_cat?post=20036"},{"taxonomy":"product_tag","embeddable":true,"href":"https:\/\/www.csfs.ca\/fr\/wp-json\/wp\/v2\/product_tag?post=20036"}],"curies":[{"name":"wp","href":"https:\/\/api.w.org\/{rel}","templated":true}]}}