{"id":20035,"date":"2025-10-01T12:18:10","date_gmt":"2025-10-01T16:18:10","guid":{"rendered":"https:\/\/www.csfs.ca\/shop\/webinar-diagnostic-dilemmas-in-forensic-pathology\/"},"modified":"2025-10-01T12:18:10","modified_gmt":"2025-10-01T16:18:10","slug":"webinar-diagnostic-dilemmas-in-forensic-pathology","status":"publish","type":"product","link":"https:\/\/www.csfs.ca\/fr\/panier\/webinar-diagnostic-dilemmas-in-forensic-pathology\/","title":{"rendered":"Webinar: Diagnostic Dilemmas in Forensic Pathology"},"content":{"rendered":"<p>Dr. Greg Davis &#8211; <em>Diagnostic Dilemmas in Forensic Pathology<\/em><\/p>\n<p>Originaire de Knoxville, dans le Tennessee, Dr Greg Davis est arriv\u00e9 \u00e0 l&rsquo;universit\u00e9 du Kentucky en 1976 pour \u00e9tudier l&rsquo;anglais, avec l&rsquo;intention de devenir enseignant. Mais apr\u00e8s avoir accept\u00e9 un emploi d&rsquo;aide-soignant pour payer ses factures, Davis s&rsquo;est d\u00e9couvert un talent pour la m\u00e9decine. Apr\u00e8s avoir obtenu son dipl\u00f4me de m\u00e9decine dans le Tennessee, il est rapidement retourn\u00e9 au Royaume-Uni et dans le Kentucky, sa deuxi\u00e8me maison, pour suivre une formation postuniversitaire.<\/p>\n<p>La formation de Davis l&rsquo;a conduit \u00e0 la m\u00e9decine l\u00e9gale, un domaine de la m\u00e9decine qui se concentre sur la d\u00e9termination de la cause du d\u00e9c\u00e8s par le biais d&rsquo;examens post mortem et d&rsquo;autopsies. En 2005, il a contribu\u00e9 \u00e0 la cr\u00e9ation de la Division of Forensic Consultation Services (division des services de consultation m\u00e9dico-l\u00e9gale) de l&rsquo;universit\u00e9 du Kentucky, qui fournit des avis d&rsquo;experts sur des affaires p\u00e9nales et civiles dans le monde entier. Au cours de sa premi\u00e8re ann\u00e9e, la division a \u00e9t\u00e9 consult\u00e9e sur 18 affaires. Lorsqu&rsquo;il a quitt\u00e9 le Royaume-Uni en 2024, elle traitait plus de 250 affaires par an. Depuis de nombreuses ann\u00e9es, il anime l&rsquo;\u00e9mission \u00ab <a href=\"https:\/\/www.wuky.org\/podcast\/dr-greg-davis-on-medicine\">Dr Greg Davis on Medicine<\/a>\u00bb sur la radio publique NPR 91.3 FM WUKY de l&rsquo;universit\u00e9 du Kentucky.<\/p>\n<p><u>\u2018UK at the Half\u2019: Greg Davis on his long medical career at UK | UKNow<\/u><\/p>\n","protected":false},"excerpt":{"rendered":"<p>Dr. Greg Davis &#8211; Diagnostic Dilemmas in Forensic Pathology Originaire de Knoxville, dans le Tennessee, Dr Greg Davis est arriv\u00e9 \u00e0 l&rsquo;universit\u00e9 du Kentucky en 1976 pour \u00e9tudier l&rsquo;anglais, avec&#8230;<\/p>\n","protected":false},"featured_media":20001,"template":"","meta":{"_seopress_robots_primary_cat":"none","_seopress_titles_title":"","_seopress_titles_desc":"","_seopress_robots_index":"","pmpro_default_level":"","_kad_blocks_custom_css":"","_kad_blocks_head_custom_js":"","_kad_blocks_body_custom_js":"","_kad_blocks_footer_custom_js":"","_price":"40","_stock":"","_tribe_ticket_header":"","_tribe_default_ticket_provider":"","_tribe_ticket_capacity":"4","_ticket_start_date":"","_ticket_end_date":"","_tribe_ticket_show_description":"","_tribe_ticket_show_not_going":false,"_tribe_ticket_use_global_stock":"","_tribe_ticket_global_stock_level":"","_global_stock_mode":"","_global_stock_cap":"","_tribe_rsvp_for_event":"","_tribe_ticket_going_count":"","_tribe_ticket_not_going_count":"","_tribe_tickets_list":"[]","_tribe_ticket_has_attendee_info_fields":false,"_EventAllDay":false,"_EventTimezone":"","_EventStartDate":"","_EventEndDate":"","_EventStartDateUTC":"","_EventEndDateUTC":"","_EventShowMap":false,"_EventShowMapLink":false,"_EventURL":"","_EventCost":"","_EventCostDescription":"","_EventCurrencySymbol":"","_EventCurrencyCode":"","_EventCurrencyPosition":"","_EventDateTimeSeparator":"","_EventTimeRangeSeparator":"","_EventOrganizerID":[],"_EventVenueID":[],"_OrganizerEmail":"","_OrganizerPhone":"","_OrganizerWebsite":"","_VenueAddress":"","_VenueCity":"","_VenueCountry":"","_VenueProvince":"","_VenueState":"","_VenueZip":"","_VenuePhone":"","_VenueURL":"","_VenueStateProvince":"","_VenueLat":"","_VenueLng":"","_VenueShowMap":false,"_VenueShowMapLink":false,"_kad_post_transparent":"","_kad_post_title":"","_kad_post_layout":"","_kad_post_sidebar_id":"","_kad_post_content_style":"","_kad_post_vertical_padding":"","_kad_post_feature":"","_kad_post_feature_position":"","_kad_post_header":false,"_kad_post_footer":false,"_kad_post_classname":"","_tec_slr_enabled":"","_tec_slr_layout":""},"product_brand":[],"product_cat":[194],"product_tag":[],"class_list":{"0":"post-20035","1":"product","2":"type-product","3":"status-publish","4":"has-post-thumbnail","6":"product_cat-csfs-2025-webinar-fr","7":"pmpro-has-access","9":"first","10":"outofstock","11":"virtual","12":"purchasable","13":"product-type-simple","14":"entry","15":"content-bg","16":"loop-entry"},"taxonomy_info":{"product_cat":[{"value":194,"label":"CSFS-2025-Webinar"}]},"featured_image_src_large":["https:\/\/www.csfs.ca\/wp-content\/uploads\/2025\/10\/Davies-Medium-1024x683.jpg",1024,683,true],"author_info":[],"comment_info":"","_links":{"self":[{"href":"https:\/\/www.csfs.ca\/fr\/wp-json\/wp\/v2\/product\/20035","targetHints":{"allow":["GET"]}}],"collection":[{"href":"https:\/\/www.csfs.ca\/fr\/wp-json\/wp\/v2\/product"}],"about":[{"href":"https:\/\/www.csfs.ca\/fr\/wp-json\/wp\/v2\/types\/product"}],"wp:featuredmedia":[{"embeddable":true,"href":"https:\/\/www.csfs.ca\/fr\/wp-json\/wp\/v2\/media\/20001"}],"wp:attachment":[{"href":"https:\/\/www.csfs.ca\/fr\/wp-json\/wp\/v2\/media?parent=20035"}],"wp:term":[{"taxonomy":"product_brand","embeddable":true,"href":"https:\/\/www.csfs.ca\/fr\/wp-json\/wp\/v2\/product_brand?post=20035"},{"taxonomy":"product_cat","embeddable":true,"href":"https:\/\/www.csfs.ca\/fr\/wp-json\/wp\/v2\/product_cat?post=20035"},{"taxonomy":"product_tag","embeddable":true,"href":"https:\/\/www.csfs.ca\/fr\/wp-json\/wp\/v2\/product_tag?post=20035"}],"curies":[{"name":"wp","href":"https:\/\/api.w.org\/{rel}","templated":true}]}}