{"id":20034,"date":"2025-10-01T12:22:13","date_gmt":"2025-10-01T16:22:13","guid":{"rendered":"https:\/\/www.csfs.ca\/shop\/webinar-bridging-tradition-and-technology-acquiring-craniofacial-inter-landmark-distances-in-the-virtual-environment\/"},"modified":"2025-10-01T12:22:13","modified_gmt":"2025-10-01T16:22:13","slug":"webinar-bridging-tradition-and-technology-acquiring-craniofacial-inter-landmark-distances-in-the-virtual-environment","status":"publish","type":"product","link":"https:\/\/www.csfs.ca\/fr\/panier\/webinar-bridging-tradition-and-technology-acquiring-craniofacial-inter-landmark-distances-in-the-virtual-environment\/","title":{"rendered":"Webinar: Bridging Tradition and Technology: Acquiring Craniofacial Inter-Landmark Distances in the Virtual Environment"},"content":{"rendered":"<p>Marianna Cervantes &#8211; Bridging Tradition and Technology: Acquiring Craniofacial Inter-Landmark Distances in the Virtual Environment<\/p>\n<p>Je m&rsquo;int\u00e9resse de mani\u00e8re g\u00e9n\u00e9rale aux m\u00e9thodes utilis\u00e9es pour la r\u00e9cup\u00e9ration, l&rsquo;analyse et l&rsquo;identification des restes squelettiques humains, en particulier dans un contexte m\u00e9dico-l\u00e9gal. Je m&rsquo;int\u00e9resse \u00e9galement aux questions relatives \u00e0 l&rsquo;analyse des traumatismes et aux conditions pathologiques chez les restes squelettiques d&rsquo;adultes et d&rsquo;enfants.<\/p>\n","protected":false},"excerpt":{"rendered":"<p>Marianna Cervantes &#8211; Bridging Tradition and Technology: Acquiring Craniofacial Inter-Landmark Distances in the Virtual Environment Je m&rsquo;int\u00e9resse de mani\u00e8re g\u00e9n\u00e9rale aux m\u00e9thodes utilis\u00e9es pour la r\u00e9cup\u00e9ration, l&rsquo;analyse et l&rsquo;identification des&#8230;<\/p>\n","protected":false},"featured_media":20005,"template":"","meta":{"_seopress_robots_primary_cat":"none","_seopress_titles_title":"","_seopress_titles_desc":"","_seopress_robots_index":"","pmpro_default_level":"","_kad_blocks_custom_css":"","_kad_blocks_head_custom_js":"","_kad_blocks_body_custom_js":"","_kad_blocks_footer_custom_js":"","_price":"40","_stock":"","_tribe_ticket_header":"","_tribe_default_ticket_provider":"","_tribe_ticket_capacity":"5","_ticket_start_date":"","_ticket_end_date":"","_tribe_ticket_show_description":"","_tribe_ticket_show_not_going":false,"_tribe_ticket_use_global_stock":"","_tribe_ticket_global_stock_level":"","_global_stock_mode":"","_global_stock_cap":"","_tribe_rsvp_for_event":"","_tribe_ticket_going_count":"","_tribe_ticket_not_going_count":"","_tribe_tickets_list":"[]","_tribe_ticket_has_attendee_info_fields":false,"_EventAllDay":false,"_EventTimezone":"","_EventStartDate":"","_EventEndDate":"","_EventStartDateUTC":"","_EventEndDateUTC":"","_EventShowMap":false,"_EventShowMapLink":false,"_EventURL":"","_EventCost":"","_EventCostDescription":"","_EventCurrencySymbol":"","_EventCurrencyCode":"","_EventCurrencyPosition":"","_EventDateTimeSeparator":"","_EventTimeRangeSeparator":"","_EventOrganizerID":[],"_EventVenueID":[],"_OrganizerEmail":"","_OrganizerPhone":"","_OrganizerWebsite":"","_VenueAddress":"","_VenueCity":"","_VenueCountry":"","_VenueProvince":"","_VenueState":"","_VenueZip":"","_VenuePhone":"","_VenueURL":"","_VenueStateProvince":"","_VenueLat":"","_VenueLng":"","_VenueShowMap":false,"_VenueShowMapLink":false,"_kad_post_transparent":"","_kad_post_title":"","_kad_post_layout":"","_kad_post_sidebar_id":"","_kad_post_content_style":"","_kad_post_vertical_padding":"","_kad_post_feature":"","_kad_post_feature_position":"","_kad_post_header":false,"_kad_post_footer":false,"_kad_post_classname":"","_tec_slr_enabled":"","_tec_slr_layout":""},"product_brand":[],"product_cat":[194],"product_tag":[],"class_list":{"0":"post-20034","1":"product","2":"type-product","3":"status-publish","4":"has-post-thumbnail","6":"product_cat-csfs-2025-webinar-fr","7":"pmpro-has-access","9":"first","10":"outofstock","11":"virtual","12":"purchasable","13":"product-type-simple","14":"entry","15":"content-bg","16":"loop-entry"},"taxonomy_info":{"product_cat":[{"value":194,"label":"CSFS-2025-Webinar"}]},"featured_image_src_large":["https:\/\/www.csfs.ca\/wp-content\/uploads\/2025\/10\/Cervantes-Medium.jpg",512,768,false],"author_info":[],"comment_info":"","_links":{"self":[{"href":"https:\/\/www.csfs.ca\/fr\/wp-json\/wp\/v2\/product\/20034","targetHints":{"allow":["GET"]}}],"collection":[{"href":"https:\/\/www.csfs.ca\/fr\/wp-json\/wp\/v2\/product"}],"about":[{"href":"https:\/\/www.csfs.ca\/fr\/wp-json\/wp\/v2\/types\/product"}],"wp:featuredmedia":[{"embeddable":true,"href":"https:\/\/www.csfs.ca\/fr\/wp-json\/wp\/v2\/media\/20005"}],"wp:attachment":[{"href":"https:\/\/www.csfs.ca\/fr\/wp-json\/wp\/v2\/media?parent=20034"}],"wp:term":[{"taxonomy":"product_brand","embeddable":true,"href":"https:\/\/www.csfs.ca\/fr\/wp-json\/wp\/v2\/product_brand?post=20034"},{"taxonomy":"product_cat","embeddable":true,"href":"https:\/\/www.csfs.ca\/fr\/wp-json\/wp\/v2\/product_cat?post=20034"},{"taxonomy":"product_tag","embeddable":true,"href":"https:\/\/www.csfs.ca\/fr\/wp-json\/wp\/v2\/product_tag?post=20034"}],"curies":[{"name":"wp","href":"https:\/\/api.w.org\/{rel}","templated":true}]}}