{"id":18462,"date":"2024-09-15T21:13:24","date_gmt":"2024-09-20T01:40:32","guid":{"rendered":"https:\/\/www.csfs.ca\/?post_type=product&#038;p=18462"},"modified":"2024-09-19T21:41:44","modified_gmt":"2024-09-20T01:41:44","slug":"webinaire-serie-de-temoignages-dexperts-session-2-science-judiciaire-dans-la-tribunal-les-avancees-depuis-2008","status":"publish","type":"product","link":"https:\/\/www.csfs.ca\/fr\/panier\/webinaire-serie-de-temoignages-dexperts-session-2-science-judiciaire-dans-la-tribunal-les-avancees-depuis-2008\/","title":{"rendered":"Webinaire : S\u00e9rie de t\u00e9moignages d&rsquo;experts &#8211; Session 2 &#8211; Science judiciaire dans la tribunal: les avanc\u00e9es depuis 2008"},"content":{"rendered":"<p>Ce s\u00e9minaire est le deuxi\u00e8me d&rsquo;une s\u00e9rie de tables rondes avec le t\u00e9moignage d&rsquo;un expert. Rejoignez notre panel d&rsquo;experts judiciaires distingu\u00e9s qui discuteront des avanc\u00e9es en mati\u00e8re de criminalistique depuis 2008.. Notre panel sera compos\u00e9 d&rsquo;experts issus de diff\u00e9rents domaines de la science m\u00e9dico-l\u00e9gale et de l&rsquo;ing\u00e9nierie, d&rsquo;avocats et d&rsquo;assistants de sc\u00e8ne de crime (\u00e9claboussures de sang).<\/p>\n<p>Nos pan\u00e9listes sont les suivants:<\/p>\n<p>Tonya Hackenbrook \u2013 Police r\u00e9gionale de Peel \u2013 Expert en l\u2019analyse des taches de sang<br \/>\nDr. Y. Kornay \u2013 KSI Engineering<br \/>\nRobin Abel \u2013 MBC Group \u2013 Assurance et ing\u00e9nierie<br \/>\nPatrick Mark Lancaster \u2013 Police provinciale de l\u2019Ontario \u2013 Expert en l\u2019analyse des taches de sang<br \/>\nCecilia Hageman \u2013 Wyndham Forensic Group \u2013 Expert en biologie<br \/>\nKaren Woodhall \u2013 Universit\u00e9 de Toronto \u2013 Expert en toxicologie<\/p>\n<p>\u2026et d\u2019autres encore.<\/p>\n<p>Ce webinaire est gratuit pour les membres de la SCSJ et les candidats.<\/p>\n<p>&nbsp;<\/p>\n","protected":false},"excerpt":{"rendered":"<p>Ce s\u00e9minaire est le deuxi\u00e8me d&rsquo;une s\u00e9rie de tables rondes avec le t\u00e9moignage d&rsquo;un expert. Rejoignez notre panel d&rsquo;experts judiciaires distingu\u00e9s qui discuteront des avanc\u00e9es en mati\u00e8re de criminalistique depuis&#8230;<\/p>\n","protected":false},"featured_media":18378,"template":"","meta":{"_seopress_robots_primary_cat":"none","_seopress_titles_title":"","_seopress_titles_desc":"","_seopress_robots_index":"","pmpro_default_level":"","_kad_blocks_custom_css":"","_kad_blocks_head_custom_js":"","_kad_blocks_body_custom_js":"","_kad_blocks_footer_custom_js":"","_price":"40","_stock":"","_tribe_ticket_header":"","_tribe_default_ticket_provider":"","_ticket_start_date":"","_ticket_end_date":"","_tribe_ticket_show_description":"","_tribe_ticket_show_not_going":false,"_tribe_ticket_use_global_stock":"","_tribe_ticket_global_stock_level":"","_global_stock_mode":"","_global_stock_cap":"","_tribe_rsvp_for_event":"","_tribe_ticket_going_count":"","_tribe_ticket_not_going_count":"","_tribe_tickets_list":"[]","_tribe_ticket_has_attendee_info_fields":false,"_EventAllDay":false,"_EventTimezone":"","_EventStartDate":"","_EventEndDate":"","_EventStartDateUTC":"","_EventEndDateUTC":"","_EventShowMap":false,"_EventShowMapLink":false,"_EventURL":"","_EventCost":"","_EventCostDescription":"","_EventCurrencySymbol":"","_EventCurrencyCode":"","_EventCurrencyPosition":"","_EventDateTimeSeparator":"","_EventTimeRangeSeparator":"","_EventOrganizerID":[],"_EventVenueID":[],"_OrganizerEmail":"","_OrganizerPhone":"","_OrganizerWebsite":"","_VenueAddress":"","_VenueCity":"","_VenueCountry":"","_VenueProvince":"","_VenueState":"","_VenueZip":"","_VenuePhone":"","_VenueURL":"","_VenueStateProvince":"","_VenueLat":"","_VenueLng":"","_VenueShowMap":false,"_VenueShowMapLink":false,"_kad_post_transparent":"default","_kad_post_title":"","_kad_post_layout":"default","_kad_post_sidebar_id":"","_kad_post_content_style":"default","_kad_post_vertical_padding":"default","_kad_post_feature":"","_kad_post_feature_position":"","_kad_post_header":false,"_kad_post_footer":false,"_kad_post_classname":"","_tec_slr_enabled":"","_tec_slr_layout":""},"product_brand":[],"product_cat":[188],"product_tag":[],"class_list":{"0":"post-18462","1":"product","2":"type-product","3":"status-publish","4":"has-post-thumbnail","6":"product_cat-csfs-2024-webinar-fr","7":"pmpro-has-access","9":"first","10":"instock","11":"virtual","12":"purchasable","13":"product-type-simple","14":"entry","15":"content-bg","16":"loop-entry"},"taxonomy_info":{"product_cat":[{"value":188,"label":"CSFS-2024-Webinar"}]},"featured_image_src_large":["https:\/\/www.csfs.ca\/wp-content\/uploads\/2024\/09\/Gavel-2024-scaled-1-1024x683.jpg",1024,683,true],"author_info":[],"comment_info":"","_links":{"self":[{"href":"https:\/\/www.csfs.ca\/fr\/wp-json\/wp\/v2\/product\/18462","targetHints":{"allow":["GET"]}}],"collection":[{"href":"https:\/\/www.csfs.ca\/fr\/wp-json\/wp\/v2\/product"}],"about":[{"href":"https:\/\/www.csfs.ca\/fr\/wp-json\/wp\/v2\/types\/product"}],"wp:featuredmedia":[{"embeddable":true,"href":"https:\/\/www.csfs.ca\/fr\/wp-json\/wp\/v2\/media\/18378"}],"wp:attachment":[{"href":"https:\/\/www.csfs.ca\/fr\/wp-json\/wp\/v2\/media?parent=18462"}],"wp:term":[{"taxonomy":"product_brand","embeddable":true,"href":"https:\/\/www.csfs.ca\/fr\/wp-json\/wp\/v2\/product_brand?post=18462"},{"taxonomy":"product_cat","embeddable":true,"href":"https:\/\/www.csfs.ca\/fr\/wp-json\/wp\/v2\/product_cat?post=18462"},{"taxonomy":"product_tag","embeddable":true,"href":"https:\/\/www.csfs.ca\/fr\/wp-json\/wp\/v2\/product_tag?post=18462"}],"curies":[{"name":"wp","href":"https:\/\/api.w.org\/{rel}","templated":true}]}}