{"id":15091,"date":"2022-09-12T13:04:22","date_gmt":"2022-09-12T17:07:51","guid":{"rendered":"https:\/\/www.csfs.ca\/?post_type=product&#038;p=15091"},"modified":"2022-09-12T13:23:40","modified_gmt":"2022-09-12T17:23:40","slug":"forensic-files-a-special-tribute-anglais","status":"publish","type":"product","link":"https:\/\/www.csfs.ca\/fr\/panier\/forensic-files-a-special-tribute-anglais\/","title":{"rendered":"Forensic Files: A Special Tribute &#8211; anglais"},"content":{"rendered":"<p>Participez \u00e0 notre projection virtuelle pour c\u00e9l\u00e9brer la s\u00e9rie d&rsquo;enqu\u00eates criminelles la plus ancienne et la plus embl\u00e9matique de tous les temps. Regardez des interviews jamais vue, des s\u00e9quences exclusives en coulisses, des reconstitutions de sc\u00e8nes de meurtre difficiles \u00e0 r\u00e9aliser et plus encore.<\/p>\n<p>Lors de la projection, nous annoncerons \u00e9galement les gagnants de notre concours d&rsquo;affiches.<\/p>\n<p>vendredi 23 septembre 2022 &#8211; L&rsquo;\u00e9v\u00e9nement commence \u00e0 19 h 00 HNE. <\/p>\n<p>Les liens de zoom seront envoy\u00e9s \u00e0 ceux qui s&rsquo;inscrivent \u00e0 l&rsquo;avance<\/p>\n","protected":false},"excerpt":{"rendered":"<p>Participez \u00e0 notre projection virtuelle pour c\u00e9l\u00e9brer la s\u00e9rie d&rsquo;enqu\u00eates criminelles la plus ancienne et la plus embl\u00e9matique de tous les temps. Regardez des interviews jamais vue, des s\u00e9quences exclusives&#8230;<\/p>\n","protected":false},"featured_media":15059,"template":"","meta":{"_seopress_robots_primary_cat":"none","_seopress_titles_title":"","_seopress_titles_desc":"","_seopress_robots_index":"","pmpro_default_level":"","_kad_blocks_custom_css":"","_kad_blocks_head_custom_js":"","_kad_blocks_body_custom_js":"","_kad_blocks_footer_custom_js":"","_price":"0","_stock":"","_tribe_ticket_header":"","_tribe_default_ticket_provider":"","_tribe_ticket_capacity":"22","_ticket_start_date":"","_ticket_end_date":"","_tribe_ticket_show_description":"","_tribe_ticket_show_not_going":false,"_tribe_ticket_use_global_stock":"","_tribe_ticket_global_stock_level":"","_global_stock_mode":"","_global_stock_cap":"","_tribe_rsvp_for_event":"","_tribe_ticket_going_count":"","_tribe_ticket_not_going_count":"","_tribe_tickets_list":"[]","_tribe_ticket_has_attendee_info_fields":false,"_EventAllDay":false,"_EventTimezone":"","_EventStartDate":"","_EventEndDate":"","_EventStartDateUTC":"","_EventEndDateUTC":"","_EventShowMap":false,"_EventShowMapLink":false,"_EventURL":"","_EventCost":"","_EventCostDescription":"","_EventCurrencySymbol":"","_EventCurrencyCode":"","_EventCurrencyPosition":"","_EventDateTimeSeparator":"","_EventTimeRangeSeparator":"","_EventOrganizerID":[],"_EventVenueID":[],"_OrganizerEmail":"","_OrganizerPhone":"","_OrganizerWebsite":"","_VenueAddress":"","_VenueCity":"","_VenueCountry":"","_VenueProvince":"","_VenueState":"","_VenueZip":"","_VenuePhone":"","_VenueURL":"","_VenueStateProvince":"","_VenueLat":"","_VenueLng":"","_VenueShowMap":false,"_VenueShowMapLink":false,"_kad_post_transparent":"default","_kad_post_title":"","_kad_post_layout":"default","_kad_post_sidebar_id":"","_kad_post_content_style":"default","_kad_post_vertical_padding":"default","_kad_post_feature":"","_kad_post_feature_position":"","_kad_post_header":false,"_kad_post_footer":false,"_kad_post_classname":"","_tec_slr_enabled":"","_tec_slr_layout":""},"product_brand":[],"product_cat":[178],"product_tag":[],"class_list":{"0":"post-15091","1":"product","2":"type-product","3":"status-publish","4":"has-post-thumbnail","6":"product_cat-serie-de-webinaires-2022","7":"pmpro-has-access","9":"first","10":"outofstock","11":"virtual","12":"purchasable","13":"product-type-simple","14":"entry","15":"content-bg","16":"loop-entry"},"taxonomy_info":{"product_cat":[{"value":178,"label":"S\u00e9rie-de-webinaires-2022"}]},"featured_image_src_large":["https:\/\/www.csfs.ca\/wp-content\/uploads\/2022\/08\/ForensicFilesSpecialTribute_SquareImage_1080x1080-1024x1024.jpg",1024,1024,true],"author_info":[],"comment_info":"","_links":{"self":[{"href":"https:\/\/www.csfs.ca\/fr\/wp-json\/wp\/v2\/product\/15091","targetHints":{"allow":["GET"]}}],"collection":[{"href":"https:\/\/www.csfs.ca\/fr\/wp-json\/wp\/v2\/product"}],"about":[{"href":"https:\/\/www.csfs.ca\/fr\/wp-json\/wp\/v2\/types\/product"}],"wp:featuredmedia":[{"embeddable":true,"href":"https:\/\/www.csfs.ca\/fr\/wp-json\/wp\/v2\/media\/15059"}],"wp:attachment":[{"href":"https:\/\/www.csfs.ca\/fr\/wp-json\/wp\/v2\/media?parent=15091"}],"wp:term":[{"taxonomy":"product_brand","embeddable":true,"href":"https:\/\/www.csfs.ca\/fr\/wp-json\/wp\/v2\/product_brand?post=15091"},{"taxonomy":"product_cat","embeddable":true,"href":"https:\/\/www.csfs.ca\/fr\/wp-json\/wp\/v2\/product_cat?post=15091"},{"taxonomy":"product_tag","embeddable":true,"href":"https:\/\/www.csfs.ca\/fr\/wp-json\/wp\/v2\/product_tag?post=15091"}],"curies":[{"name":"wp","href":"https:\/\/api.w.org\/{rel}","templated":true}]}}