{"id":14524,"date":"2022-04-04T11:13:45","date_gmt":"2022-04-04T15:13:45","guid":{"rendered":"https:\/\/www.csfs.ca\/shop\/webinar-role-of-the-national-anti-counterfeiting-bureau-and-current-trends\/"},"modified":"2022-04-04T13:33:21","modified_gmt":"2022-04-04T17:33:21","slug":"webinaire-role-de-la-bnlc-et-tendances-actuelles","status":"publish","type":"product","link":"https:\/\/www.csfs.ca\/fr\/panier\/webinaire-role-de-la-bnlc-et-tendances-actuelles\/","title":{"rendered":"Webinaire &#8211; R\u00f4le de la BNLC et tendances actuelles"},"content":{"rendered":"<p>Pr\u00e9sentateur: Bertrand Cressier<\/p>\n<p>Bio:<\/p>\n<p>Bertrand est un membre civil qui a int\u00e9gr\u00e9 la GRC en 2012, d&rsquo;abord comme analyste \u00e0 la Banque nationale de donn\u00e9es g\u00e9n\u00e9tiques. Il a ensuite commenc\u00e9 \u00e0 travailler avec la BNLC en 2015 en tant que sp\u00e9cialiste en criminalistique. Il a depuis examin\u00e9 des billets de banque, des instruments n\u00e9gociables et des documents de voyage et d&rsquo;identification, et a t\u00e9moign\u00e9 devant les tribunaux en tant que t\u00e9moin expert. Il a assum\u00e9 le r\u00f4le de chef d&rsquo;\u00e9quipe des op\u00e9rations en novembre 2020. Il est passionn\u00e9 par la fraude financi\u00e8re et est continuellement impressionn\u00e9 par la cr\u00e9ativit\u00e9 dont font preuve les fraudeurs pour atteindre leurs moyens et appr\u00e9cie le d\u00e9fi de les comprendre.<\/p>\n","protected":false},"excerpt":{"rendered":"<p>Pr\u00e9sentateur: Bertrand Cressier Bio: Bertrand est un membre civil qui a int\u00e9gr\u00e9 la GRC en 2012, d&rsquo;abord comme analyste \u00e0 la Banque nationale de donn\u00e9es g\u00e9n\u00e9tiques. Il a ensuite commenc\u00e9&#8230;<\/p>\n","protected":false},"featured_media":14500,"template":"","meta":{"_seopress_robots_primary_cat":"none","_seopress_titles_title":"","_seopress_titles_desc":"","_seopress_robots_index":"","pmpro_default_level":"","_kad_blocks_custom_css":"","_kad_blocks_head_custom_js":"","_kad_blocks_body_custom_js":"","_kad_blocks_footer_custom_js":"","_price":"40","_stock":"","_tribe_ticket_header":"","_tribe_default_ticket_provider":"","_tribe_ticket_capacity":"0","_ticket_start_date":"","_ticket_end_date":"","_tribe_ticket_show_description":"","_tribe_ticket_show_not_going":false,"_tribe_ticket_use_global_stock":"","_tribe_ticket_global_stock_level":"","_global_stock_mode":"","_global_stock_cap":"","_tribe_rsvp_for_event":"","_tribe_ticket_going_count":"","_tribe_ticket_not_going_count":"","_tribe_tickets_list":"[]","_tribe_ticket_has_attendee_info_fields":false,"_EventAllDay":false,"_EventTimezone":"","_EventStartDate":"","_EventEndDate":"","_EventStartDateUTC":"","_EventEndDateUTC":"","_EventShowMap":false,"_EventShowMapLink":false,"_EventURL":"","_EventCost":"","_EventCostDescription":"","_EventCurrencySymbol":"","_EventCurrencyCode":"","_EventCurrencyPosition":"","_EventDateTimeSeparator":"","_EventTimeRangeSeparator":"","_EventOrganizerID":[],"_EventVenueID":[],"_OrganizerEmail":"","_OrganizerPhone":"","_OrganizerWebsite":"","_VenueAddress":"","_VenueCity":"","_VenueCountry":"","_VenueProvince":"","_VenueState":"","_VenueZip":"","_VenuePhone":"","_VenueURL":"","_VenueStateProvince":"","_VenueLat":"","_VenueLng":"","_VenueShowMap":false,"_VenueShowMapLink":false,"_kad_post_transparent":"default","_kad_post_title":"","_kad_post_layout":"default","_kad_post_sidebar_id":"","_kad_post_content_style":"default","_kad_post_vertical_padding":"default","_kad_post_feature":"","_kad_post_feature_position":"","_kad_post_header":false,"_kad_post_footer":false,"_kad_post_classname":"","_tec_slr_enabled":"","_tec_slr_layout":""},"product_brand":[],"product_cat":[178],"product_tag":[],"class_list":{"0":"post-14524","1":"product","2":"type-product","3":"status-publish","4":"has-post-thumbnail","6":"product_cat-serie-de-webinaires-2022","7":"pmpro-has-access","9":"first","10":"outofstock","11":"virtual","12":"purchasable","13":"product-type-simple","14":"entry","15":"content-bg","16":"loop-entry"},"taxonomy_info":{"product_cat":[{"value":178,"label":"S\u00e9rie-de-webinaires-2022"}]},"featured_image_src_large":["https:\/\/www.csfs.ca\/wp-content\/uploads\/2022\/03\/magnify-money-2-1254229.jpg",1024,768,false],"author_info":[],"comment_info":"","_links":{"self":[{"href":"https:\/\/www.csfs.ca\/fr\/wp-json\/wp\/v2\/product\/14524","targetHints":{"allow":["GET"]}}],"collection":[{"href":"https:\/\/www.csfs.ca\/fr\/wp-json\/wp\/v2\/product"}],"about":[{"href":"https:\/\/www.csfs.ca\/fr\/wp-json\/wp\/v2\/types\/product"}],"wp:featuredmedia":[{"embeddable":true,"href":"https:\/\/www.csfs.ca\/fr\/wp-json\/wp\/v2\/media\/14500"}],"wp:attachment":[{"href":"https:\/\/www.csfs.ca\/fr\/wp-json\/wp\/v2\/media?parent=14524"}],"wp:term":[{"taxonomy":"product_brand","embeddable":true,"href":"https:\/\/www.csfs.ca\/fr\/wp-json\/wp\/v2\/product_brand?post=14524"},{"taxonomy":"product_cat","embeddable":true,"href":"https:\/\/www.csfs.ca\/fr\/wp-json\/wp\/v2\/product_cat?post=14524"},{"taxonomy":"product_tag","embeddable":true,"href":"https:\/\/www.csfs.ca\/fr\/wp-json\/wp\/v2\/product_tag?post=14524"}],"curies":[{"name":"wp","href":"https:\/\/api.w.org\/{rel}","templated":true}]}}