{"id":14153,"date":"2022-02-01T22:32:07","date_gmt":"2022-02-02T03:32:07","guid":{"rendered":"https:\/\/www.csfs.ca\/shop\/webinaire-la-race-et-lascendance-en-anthropologie-medico-legale-une-question-dethique-pour-nous-tous\/"},"modified":"2022-02-03T17:32:04","modified_gmt":"2022-02-03T22:32:04","slug":"webinaire-la-race-et-lascendance-en-anthropologie-medico-legale-une-question-dethique-pour-nous-tous","status":"publish","type":"product","link":"https:\/\/www.csfs.ca\/fr\/panier\/webinaire-la-race-et-lascendance-en-anthropologie-medico-legale-une-question-dethique-pour-nous-tous\/","title":{"rendered":"Webinaire \u2013 La race et l\u2019ascendance en anthropologie m\u00e9dico-l\u00e9gale : une question d\u2019\u00e9thique pour nous tous."},"content":{"rendered":"<p>Pr\u00e9sentateur :<\/p>\n<p>Marianna Cervantes, MSc.<\/p>\n<p>R\u00e9sum\u00e9 :<\/p>\n<p>Le concept d&rsquo;ascendance est familier \u00e0 tous, bien qu&rsquo;il soit rarement clairement d\u00e9fini. Il peut \u00eatre associ\u00e9 aux tests g\u00e9n\u00e9tiques des consommateurs, \u00e0 une ligne sur votre formulaire de recensement, \u00e0 une discussion sur la filiation, \u00e0 la description de soi ou d&rsquo;une autre personne. Il est omnipr\u00e9sent. Toute personne impliqu\u00e9e dans l&rsquo;identification des restes humains conna\u00eetra l&rsquo;id\u00e9e que les anthropologues judiciaires peuvent fournir une estimation de l&rsquo;ascendance des restes squelettiques. Elle est m\u00eame imit\u00e9e et discut\u00e9e dans les s\u00e9ries polici\u00e8res, les \u00e9missions de m\u00e9decine l\u00e9gale et les podcasts de \u00ab\u00a0true crime\u00a0\u00bb.\u00a0 Ce qui est moins familier, et peut-\u00eatre moins \u00e9vident pour les non-anthropologues, c&rsquo;est le lien entre l&rsquo;estimation de l&rsquo;ascendance et la race et les r\u00e9percussions de leur interpr\u00e9tation en tant que v\u00e9rit\u00e9s biologiques.<\/p>\n<p>R\u00e9cemment, de nombreux d\u00e9bats et discussions ont eu lieu en anthropologie sur l&rsquo;utilit\u00e9 de l&rsquo;estimation de l&rsquo;ascendance et sur la n\u00e9cessit\u00e9 de poursuivre cette pratique. Cependant, l&rsquo;anthropologie m\u00e9dico-l\u00e9gale n&rsquo;existe pas dans le vide, et nos r\u00e9sultats non plus. En tant que membres de la communaut\u00e9 m\u00e9dico-l\u00e9gale, qu&rsquo;il s&rsquo;agisse d&rsquo;anthropologues judiciaires ou d&rsquo;autres sp\u00e9cialit\u00e9s, nous avons la responsabilit\u00e9 envers les d\u00e9funts dont nous recherchons l&rsquo;identit\u00e9, leurs familles et le reste du public de comprendre ce que cela signifie lorsque nous le faisons. Les diff\u00e9rentes significations de l&rsquo;ascendance seront discut\u00e9es, mais le r\u00e9sultat de cette pr\u00e9sentation ne sera pas une d\u00e9finition standardis\u00e9e ou une r\u00e9ponse \u00e0 une quelconque question \u00e9thique. Il s&rsquo;agira plut\u00f4t d&rsquo;une question qui permettra \u00e0 chacun d&rsquo;entre nous d&rsquo;aller de l&rsquo;avant et d&rsquo;\u00eatre attentif dans sa pratique : Est-il \u00e9thique d&rsquo;utiliser ou de demander une estimation de l&rsquo;ascendance ?<\/p>\n","protected":false},"excerpt":{"rendered":"<p>Pr\u00e9sentateur : Marianna Cervantes, MSc. R\u00e9sum\u00e9 : Le concept d&rsquo;ascendance est familier \u00e0 tous, bien qu&rsquo;il soit rarement clairement d\u00e9fini. Il peut \u00eatre associ\u00e9 aux tests g\u00e9n\u00e9tiques des consommateurs, \u00e0&#8230;<\/p>\n","protected":false},"featured_media":13814,"template":"","meta":{"_seopress_robots_primary_cat":"none","_seopress_titles_title":"","_seopress_titles_desc":"","_seopress_robots_index":"","pmpro_default_level":"","_kad_blocks_custom_css":"","_kad_blocks_head_custom_js":"","_kad_blocks_body_custom_js":"","_kad_blocks_footer_custom_js":"","_price":"40","_stock":"","_tribe_ticket_header":"","_tribe_default_ticket_provider":"","_tribe_ticket_capacity":"22","_ticket_start_date":"","_ticket_end_date":"","_tribe_ticket_show_description":"","_tribe_ticket_show_not_going":false,"_tribe_ticket_use_global_stock":"","_tribe_ticket_global_stock_level":"","_global_stock_mode":"","_global_stock_cap":"","_tribe_rsvp_for_event":"","_tribe_ticket_going_count":"","_tribe_ticket_not_going_count":"","_tribe_tickets_list":"[]","_tribe_ticket_has_attendee_info_fields":false,"_EventAllDay":false,"_EventTimezone":"","_EventStartDate":"","_EventEndDate":"","_EventStartDateUTC":"","_EventEndDateUTC":"","_EventShowMap":false,"_EventShowMapLink":false,"_EventURL":"","_EventCost":"","_EventCostDescription":"","_EventCurrencySymbol":"","_EventCurrencyCode":"","_EventCurrencyPosition":"","_EventDateTimeSeparator":"","_EventTimeRangeSeparator":"","_EventOrganizerID":[],"_EventVenueID":[],"_OrganizerEmail":"","_OrganizerPhone":"","_OrganizerWebsite":"","_VenueAddress":"","_VenueCity":"","_VenueCountry":"","_VenueProvince":"","_VenueState":"","_VenueZip":"","_VenuePhone":"","_VenueURL":"","_VenueStateProvince":"","_VenueLat":"","_VenueLng":"","_VenueShowMap":false,"_VenueShowMapLink":false,"_kad_post_transparent":"default","_kad_post_title":"","_kad_post_layout":"default","_kad_post_sidebar_id":"","_kad_post_content_style":"default","_kad_post_vertical_padding":"default","_kad_post_feature":"","_kad_post_feature_position":"","_kad_post_header":false,"_kad_post_footer":false,"_kad_post_classname":"","_tec_slr_enabled":"","_tec_slr_layout":""},"product_brand":[],"product_cat":[178],"product_tag":[],"class_list":{"0":"post-14153","1":"product","2":"type-product","3":"status-publish","4":"has-post-thumbnail","6":"product_cat-serie-de-webinaires-2022","7":"pmpro-has-access","9":"first","10":"outofstock","11":"virtual","12":"purchasable","13":"product-type-simple","14":"entry","15":"content-bg","16":"loop-entry"},"taxonomy_info":{"product_cat":[{"value":178,"label":"S\u00e9rie-de-webinaires-2022"}]},"featured_image_src_large":["https:\/\/www.csfs.ca\/wp-content\/uploads\/2022\/01\/pexels-ahmed-adly-1270184-web.jpg",1024,682,false],"author_info":[],"comment_info":"","_links":{"self":[{"href":"https:\/\/www.csfs.ca\/fr\/wp-json\/wp\/v2\/product\/14153","targetHints":{"allow":["GET"]}}],"collection":[{"href":"https:\/\/www.csfs.ca\/fr\/wp-json\/wp\/v2\/product"}],"about":[{"href":"https:\/\/www.csfs.ca\/fr\/wp-json\/wp\/v2\/types\/product"}],"wp:featuredmedia":[{"embeddable":true,"href":"https:\/\/www.csfs.ca\/fr\/wp-json\/wp\/v2\/media\/13814"}],"wp:attachment":[{"href":"https:\/\/www.csfs.ca\/fr\/wp-json\/wp\/v2\/media?parent=14153"}],"wp:term":[{"taxonomy":"product_brand","embeddable":true,"href":"https:\/\/www.csfs.ca\/fr\/wp-json\/wp\/v2\/product_brand?post=14153"},{"taxonomy":"product_cat","embeddable":true,"href":"https:\/\/www.csfs.ca\/fr\/wp-json\/wp\/v2\/product_cat?post=14153"},{"taxonomy":"product_tag","embeddable":true,"href":"https:\/\/www.csfs.ca\/fr\/wp-json\/wp\/v2\/product_tag?post=14153"}],"curies":[{"name":"wp","href":"https:\/\/api.w.org\/{rel}","templated":true}]}}