{"id":7349,"date":"2019-09-23T16:46:28","date_gmt":"2019-09-23T20:46:28","guid":{"rendered":"https:\/\/www.csfs.ca\/?page_id=7349"},"modified":"2026-02-04T12:35:10","modified_gmt":"2026-02-04T17:35:10","slug":"termes-et-conditions","status":"publish","type":"page","link":"https:\/\/www.csfs.ca\/fr\/termes-et-conditions\/","title":{"rendered":"Termes et conditions"},"content":{"rendered":"\n<p>Ces politiques ont \u00e9t\u00e9 d\u00e9finies pour offrir de la transparence sur d\u2019autres facteurs que la confidentialit\u00e9. Pour notre politique de confidentialit\u00e9, veuillez consulter notre site Web.<\/p>\n\n\n\n<p><strong>Politique de livraison<\/strong><\/p>\n\n\n\n<p>La Soci\u00e9t\u00e9 canadienne des sciences judiciaires (SCSJ) ne livre pas de biens physiques. Toutefois, lors de l&rsquo;achat d&rsquo;abonnements au journal de la SCSJ, les informations d&rsquo;abonnement sont transmises \u00e0 Taylor &amp; Francis pour ex\u00e9cution. S&rsquo;il y a des probl\u00e8mes avec la livraison, soit de la version \u00e9lectronique ou papier du Journal de la SCSJ, veuillez nous contacter \u00e0 l&rsquo;adresse &nbsp;<a href=\"mailto:csfs@bellnet.ca\">csfs@bellnet.ca<\/a> &nbsp;&nbsp;pour r\u00e9solution.<\/p>\n\n\n\n<p>En ce qui concerne les articles de la SCSJ nous nous effor\u00e7ons de les livrer dans les quatre semaines suivant l&rsquo;achat de la commande. Deux semaines sont consacr\u00e9es au traitement et \u00e0 l&#8217;emballage de la marchandise et deux autres semaines \u00e0 l&rsquo;exp\u00e9dition par Postes Canada.<\/p>\n\n\n\n<p>Lorsqu&rsquo;un \u00e9v\u00e9nement r\u00e9gional est organis\u00e9, les membres et les non-membres peuvent acheter des billets via le site Web. Cela se traduit par un billet \u00e9lectronique. En cas de divergence entre le ticket \u00e9lectronique et la commande, une copie du relev\u00e9 de carte de cr\u00e9dit sera n\u00e9cessaire comme preuve d&rsquo;achat. La SCSJ se r\u00e9serve le droit d&rsquo;annuler tout billet achet\u00e9 pour un \u00e9v\u00e9nement.<\/p>\n\n\n\n<p><strong>Politique de retour<\/strong><\/p>\n\n\n\n<p>Le remboursement de billets \u00e9lectroniques pour des \u00e9v\u00e9nements r\u00e9gionaux, des conf\u00e9rences, des ateliers ou des s\u00e9minaires peuvent \u00eatre permis, sous certaines conditions. Si un membre ou un non-membre ne peut \u00eatre pr\u00e9sent en raison de probl\u00e8mes personnels, veuillez contacter le bureau \u00e0 <a href=\"mailto:csfs@bellnet.ca\">csfs@bellnet.ca<\/a> &nbsp;pour vous informer sur les options de remboursement.<\/p>\n\n\n\n<p>En ce qui concerne les marchandises achet\u00e9es sur le site web, aucun remboursement n&rsquo;est pr\u00e9vu, sauf en cas de dommage survenu pendant le transport et sur pr\u00e9sentation d&rsquo;une preuve photographique.<\/p>\n\n\n\n<p><strong>Garanties<\/strong><\/p>\n\n\n\n<p>Les membres en r\u00e8gle de la SCSJ ont droit \u00e0 la prestation des services et des avantages d\u00e9crits sur cette page du site web : <a href=\"https:\/\/www.csfs.ca\/fr\/become-a-member\/avantages\/\">https:\/\/www.csfs.ca\/fr\/become-a-member\/avantages\/<\/a> . Si un membre n&rsquo;a pas acc\u00e8s \u00e0 l&rsquo;un de ces avantages, veuillez nous contacter \u00e0 l&rsquo;adresse suivante : csfs@bellnet.ca. Les informations g\u00e9n\u00e9rales sur les membres sont disponibles \u00e0 l&rsquo;adresse suivante : <a href=\"https:\/\/www.csfs.ca\/fr\/become-a-member\/membre-regulier\/\">https:\/\/www.csfs.ca\/fr\/become-a-member\/membre-regulier\/<\/a> . Pour de plus amples informations sur les livraisons et les retours, veuillez consulter la partie applicable de la pr\u00e9sente politique.<\/p>\n\n\n\n<p><strong>Modifications des conditions g\u00e9n\u00e9rales<\/strong><br><br>Les pr\u00e9sentes conditions g\u00e9n\u00e9rales peuvent \u00eatre modifi\u00e9es de temps \u00e0 autre. Si l&rsquo;une des politiques susmentionn\u00e9es est modifi\u00e9e, un avis sera publi\u00e9 sur le site web de la SCSJ. Le fait de continuer \u00e0 payer votre cotisation signifie que vous acceptez ces changements.<\/p>\n\n\n\n<p><strong>Acc\u00e8s \u00e0 vos informations personnelles<\/strong><\/p>\n\n\n\n<p>Si vous avez des questions sur les renseignements personnels recueillis, si vous devez modifier ou si vous souhaitez demander la suppression de renseignements sp\u00e9cifiques, veuillez contacter <a href=\"mailto:csfs@bellnet.ca\">csfs@bellnet.ca<\/a>. La SCSJ s&rsquo;efforce de s&rsquo;assurer que tous les renseignements personnels en sa possession sont \u00e0 jour, exacts et complets.<\/p>\n\n\n\n<p>La SCSJ accorde un droit d&rsquo;acc\u00e8s raisonnable aux informations personnelles qu&rsquo;elle d\u00e9tient sur un individu et s&rsquo;efforcera de fournir les informations en question dans un d\u00e9lai raisonnable. Afin d&rsquo;\u00e9viter les demandes d&rsquo;acc\u00e8s frauduleuses, nous pouvons exiger des informations suffisantes pour confirmer que la personne qui fait la demande est autoris\u00e9e \u00e0 le faire avant d&rsquo;accorder l&rsquo;acc\u00e8s ou d&rsquo;apporter des corrections.<\/p>\n\n\n\n<p>Lorsque les informations ne seront pas ou ne pourront pas \u00eatre divulgu\u00e9es, le demandeur sera inform\u00e9 de la raison de la non-divulgation.<\/p>\n\n\n\n<p>Les modifications apport\u00e9es aux informations personnelles sont gratuites, toutefois les copies des enregistrements peuvent entra\u00eener des frais minimes.<\/p>\n\n\n\n<p><strong>Votre acceptation de ces termes et conditions<\/strong><\/p>\n\n\n\n<p>En utilisant notre site et en \u00e9tant un membre actif, vous acceptez ces termes et conditions ainsi que la politique de confidentialit\u00e9.<\/p>\n\n\n\n<p>En raison de la nature mondiale de nos membres, les informations fournies \u00e0 la SCSJ peuvent peut-\u00eatre ne pas correspondre aux politiques de confidentialit\u00e9 de votre \u00e9tat, de votre province ou de votre comt\u00e9. Cependant, nous avons pris les mesures d\u00e9crites ci-dessus pour am\u00e9liorer la s\u00e9curit\u00e9 de vos informations. La SCSJ continue de se conformer \u00e0 l&rsquo;esprit g\u00e9n\u00e9ral de protection des donn\u00e9es personnelles, d\u00e9fini dans la Loi sur la protection des donn\u00e9es personnelles et les documents \u00e9lectroniques (LPDPDE) r\u00e9vis\u00e9e en juin 2019, le R\u00e8glement g\u00e9n\u00e9ral sur la protection des donn\u00e9es de l&rsquo;Union europ\u00e9enne et la Loi de 1990 sur l&rsquo;acc\u00e8s \u00e0 l&rsquo;information et la protection de la vie priv\u00e9e de l&rsquo;Ontario. En soumettant vos informations, vous consentez \u00e0 ces utilisations.<\/p>\n\n\n\n<p><strong>Comment nous contacter\/Plaintes<\/strong><\/p>\n\n\n\n<p>Nous appr\u00e9cions vos points de vue sur notre site Web et notre politique de confidentialit\u00e9. Si vous souhaitez nous contacter pour toutes questions, commentaires ou plaintes, veuillez envoyer un courrier \u00e9lectronique \u00e0 l&rsquo;adresse <a href=\"mailto:csfs1959@outlook.com\">csfs1959@outlook.com<\/a>. Le conseil d\u2019administration de la SCSJ peut agir en tant que processus final de r\u00e8glement des griefs\/plaintes dans le cadre duquel les pr\u00e9occupations d\u2019un membre peuvent \u00eatre entendues de mani\u00e8re inclusive, selon les besoins. Sinon, vous \u00a0pouvez \u00e9galement nous contacter via:<\/p>\n\n\n\n<p>T\u00e9l\u00e9phone: (613)-762-9237<\/p>\n\n\n\n<p>Adresse: BOITE POSTALE 39023,<br>1582 RUE BANK<br>OTTAWA, ONTARIO<br>K1H 1A1<br>Canada<\/p>\n\n\n\n<p>mai 2024<\/p>\n","protected":false},"excerpt":{"rendered":"<p>Ces politiques ont \u00e9t\u00e9 d\u00e9finies pour offrir de la transparence sur d\u2019autres facteurs que la confidentialit\u00e9. Pour notre politique de confidentialit\u00e9, veuillez consulter notre site Web. Politique de livraison La&#8230;<\/p>\n","protected":false},"author":774,"featured_media":0,"parent":0,"menu_order":0,"comment_status":"closed","ping_status":"closed","template":"","meta":{"_seopress_robots_primary_cat":"","_seopress_titles_title":"","_seopress_titles_desc":"","_seopress_robots_index":"","pmpro_default_level":"","_kad_blocks_custom_css":"","_kad_blocks_head_custom_js":"","_kad_blocks_body_custom_js":"","_kad_blocks_footer_custom_js":"","_price":"","_stock":"","_tribe_ticket_header":"","_tribe_default_ticket_provider":"","_tribe_ticket_capacity":"0","_ticket_start_date":"","_ticket_end_date":"","_tribe_ticket_show_description":"","_tribe_ticket_show_not_going":false,"_tribe_ticket_use_global_stock":"","_tribe_ticket_global_stock_level":"","_global_stock_mode":"","_global_stock_cap":"","_tribe_rsvp_for_event":"","_tribe_ticket_going_count":"","_tribe_ticket_not_going_count":"","_tribe_tickets_list":"[]","_tribe_ticket_has_attendee_info_fields":false,"_EventAllDay":false,"_EventTimezone":"","_EventStartDate":"","_EventEndDate":"","_EventStartDateUTC":"","_EventEndDateUTC":"","_EventShowMap":false,"_EventShowMapLink":false,"_EventURL":"","_EventCost":"","_EventCostDescription":"","_EventCurrencySymbol":"","_EventCurrencyCode":"","_EventCurrencyPosition":"","_EventDateTimeSeparator":"","_EventTimeRangeSeparator":"","_EventOrganizerID":[],"_EventVenueID":[],"_OrganizerEmail":"","_OrganizerPhone":"","_OrganizerWebsite":"","_VenueAddress":"","_VenueCity":"","_VenueCountry":"","_VenueProvince":"","_VenueState":"","_VenueZip":"","_VenuePhone":"","_VenueURL":"","_VenueStateProvince":"","_VenueLat":"","_VenueLng":"","_VenueShowMap":false,"_VenueShowMapLink":false,"_kad_post_transparent":"","_kad_post_title":"","_kad_post_layout":"","_kad_post_sidebar_id":"","_kad_post_content_style":"","_kad_post_vertical_padding":"","_kad_post_feature":"","_kad_post_feature_position":"","_kad_post_header":false,"_kad_post_footer":false,"_kad_post_classname":"","footnotes":""},"page_category":[],"class_list":["post-7349","page","type-page","status-publish","hentry","pmpro-has-access"],"taxonomy_info":[],"featured_image_src_large":false,"author_info":{"display_name":"CSFS","author_link":"https:\/\/www.csfs.ca\/fr\/author\/CSFS\/"},"comment_info":0,"_links":{"self":[{"href":"https:\/\/www.csfs.ca\/fr\/wp-json\/wp\/v2\/pages\/7349","targetHints":{"allow":["GET"]}}],"collection":[{"href":"https:\/\/www.csfs.ca\/fr\/wp-json\/wp\/v2\/pages"}],"about":[{"href":"https:\/\/www.csfs.ca\/fr\/wp-json\/wp\/v2\/types\/page"}],"author":[{"embeddable":true,"href":"https:\/\/www.csfs.ca\/fr\/wp-json\/wp\/v2\/users\/774"}],"replies":[{"embeddable":true,"href":"https:\/\/www.csfs.ca\/fr\/wp-json\/wp\/v2\/comments?post=7349"}],"version-history":[{"count":3,"href":"https:\/\/www.csfs.ca\/fr\/wp-json\/wp\/v2\/pages\/7349\/revisions"}],"predecessor-version":[{"id":20537,"href":"https:\/\/www.csfs.ca\/fr\/wp-json\/wp\/v2\/pages\/7349\/revisions\/20537"}],"wp:attachment":[{"href":"https:\/\/www.csfs.ca\/fr\/wp-json\/wp\/v2\/media?parent=7349"}],"wp:term":[{"taxonomy":"page_category","embeddable":true,"href":"https:\/\/www.csfs.ca\/fr\/wp-json\/wp\/v2\/page_category?post=7349"}],"curies":[{"name":"wp","href":"https:\/\/api.w.org\/{rel}","templated":true}]}}