{"id":4167,"date":"2016-11-02T21:36:55","date_gmt":"2016-11-03T01:36:55","guid":{"rendered":"https:\/\/www.csfs.ca\/?page_id=4167&#038;lang=fr"},"modified":"2021-05-12T10:58:56","modified_gmt":"2021-05-12T14:58:56","slug":"journal-de-la-scsj","status":"publish","type":"page","link":"https:\/\/www.csfs.ca\/fr\/notre_raison_detre\/journal-de-la-scsj\/","title":{"rendered":"Journal de la SCSJ"},"content":{"rendered":"\n<figure class=\"wp-block-image size-full is-resized\"><img decoding=\"async\" src=\"https:\/\/www.csfs.ca\/wp-content\/uploads\/2016\/05\/CSFSJournalCover-Sept2016-WEB-2.png\" alt=\"csfsjournalcover-sept2016-web-2\" class=\"wp-image-3586\" width=\"810\" height=\"255\"\/><\/figure>\n\n\n<style>.wp-block-kadence-advancedheading.kt-adv-heading_3468de-75, .wp-block-kadence-advancedheading.kt-adv-heading_3468de-75[data-kb-block=\"kb-adv-heading_3468de-75\"]{font-style:normal;}.wp-block-kadence-advancedheading.kt-adv-heading_3468de-75 mark.kt-highlight, .wp-block-kadence-advancedheading.kt-adv-heading_3468de-75[data-kb-block=\"kb-adv-heading_3468de-75\"] mark.kt-highlight{font-style:normal;color:#f76a0c;-webkit-box-decoration-break:clone;box-decoration-break:clone;padding-top:0px;padding-right:0px;padding-bottom:0px;padding-left:0px;}.wp-block-kadence-advancedheading.kt-adv-heading_3468de-75 img.kb-inline-image, .wp-block-kadence-advancedheading.kt-adv-heading_3468de-75[data-kb-block=\"kb-adv-heading_3468de-75\"] img.kb-inline-image{width:150px;vertical-align:baseline;}<\/style>\n<h2 class=\"kt-adv-heading_3468de-75 wp-block-kadence-advancedheading\" data-kb-block=\"kb-adv-heading_3468de-75\">Le journal de la Soci\u00e9t\u00e9 canadienne des sciences judiciaires<\/h2>\n\n\n\n<div class=\"wp-block-image\"><figure class=\"alignright\"><img decoding=\"async\" width=\"437\" height=\"507\" src=\"https:\/\/www.csfs.ca\/wp-content\/uploads\/2016\/05\/CSFSJournal-Icon-Sept2016-WEB.png\" alt=\"csfsjournal-icon-sept2016-web\" class=\"wp-image-3629\" srcset=\"https:\/\/www.csfs.ca\/wp-content\/uploads\/2016\/05\/CSFSJournal-Icon-Sept2016-WEB.png 437w, https:\/\/www.csfs.ca\/wp-content\/uploads\/2016\/05\/CSFSJournal-Icon-Sept2016-WEB-239x277.png 239w, https:\/\/www.csfs.ca\/wp-content\/uploads\/2016\/05\/CSFSJournal-Icon-Sept2016-WEB-259x300.png 259w, https:\/\/www.csfs.ca\/wp-content\/uploads\/2016\/05\/CSFSJournal-Icon-Sept2016-WEB-320x371.png 320w\" sizes=\"(max-width: 437px) 100vw, 437px\" \/><\/figure><\/div>\n\n\n\n<p><br>La SCSJ publie son Journal, une revue scientifique sp\u00e9cialis\u00e9 en sciences judiciaires, compos\u00e9 d\u2019articles r\u00e9dig\u00e9s par experts en sciences judiciaires de renomm\u00e9 internationale. Le Journal est offert en ligne, sur une base trimestrielle (les mois de parution sont mars, juin, septembre et d\u00e9cembre). Les membres de la SCSJ ont acc\u00e8s au Journal par l\u2019entremise de notre site web, le co\u00fbt de l&rsquo;abonnement \u00e9tant inclus avec leurs frais d&rsquo;adh\u00e9sion annuels. L&rsquo;\u00e9diteur, Taylor et Francis, peut \u00e9galement fournir une version papier du Journal, en deux versements, aux membres qui en font la demande, pour un l\u00e9ger suppl\u00e9ment annuel, pr\u00e9sentement fix\u00e9 \u00e0 $10.<\/p>\n\n\n\n<p>Tous les articles traitant de sciences judiciaires peuvent \u00eatre soumis pour publication dans le Journal de la SCSJ. Les articles peuvent publi\u00e9s dans l\u2019une ou l\u2019autre des deux langues officielles du Canada, avec un r\u00e9sum\u00e9 (abstract) bilingue. Les soumissions provenant d\u2019auteurs de l&rsquo;ext\u00e9rieur du Canada sont \u00e9galement bienvenues \u2013 des auteurs de 13 autres pays ont contribu\u00e9 \u00e0 plusieurs des 75 articles publi\u00e9s depuis 2010.<\/p>\n\n\n\n<p>Pour soumettre un article, veuillez s&rsquo;il vous pla\u00eet vous r\u00e9f\u00e9rer au document: <a href=\"https:\/\/www.csfs.ca\/fr\/notre_raison_detre\/journal-de-la-scsj\/instructions-aux-auteurs\/\">Instructions aux auteurs.<\/a><\/p>\n","protected":false},"excerpt":{"rendered":"<p>Le journal de la Soci\u00e9t\u00e9 canadienne des sciences judiciaires La SCSJ publie son Journal, une revue scientifique sp\u00e9cialis\u00e9 en sciences judiciaires, compos\u00e9 d\u2019articles r\u00e9dig\u00e9s par experts en sciences judiciaires de&#8230;<\/p>\n","protected":false},"author":774,"featured_media":0,"parent":3735,"menu_order":0,"comment_status":"closed","ping_status":"closed","template":"","meta":{"_seopress_robots_primary_cat":"","_seopress_titles_title":"","_seopress_titles_desc":"","_seopress_robots_index":"","pmpro_default_level":"","_kad_blocks_custom_css":"","_kad_blocks_head_custom_js":"","_kad_blocks_body_custom_js":"","_kad_blocks_footer_custom_js":"","_price":"","_stock":"","_tribe_ticket_header":"","_tribe_default_ticket_provider":"","_tribe_ticket_capacity":"0","_ticket_start_date":"","_ticket_end_date":"","_tribe_ticket_show_description":"","_tribe_ticket_show_not_going":false,"_tribe_ticket_use_global_stock":"","_tribe_ticket_global_stock_level":"","_global_stock_mode":"","_global_stock_cap":"","_tribe_rsvp_for_event":"","_tribe_ticket_going_count":"","_tribe_ticket_not_going_count":"","_tribe_tickets_list":"[]","_tribe_ticket_has_attendee_info_fields":false,"_EventAllDay":false,"_EventTimezone":"","_EventStartDate":"","_EventEndDate":"","_EventStartDateUTC":"","_EventEndDateUTC":"","_EventShowMap":false,"_EventShowMapLink":false,"_EventURL":"","_EventCost":"","_EventCostDescription":"","_EventCurrencySymbol":"","_EventCurrencyCode":"","_EventCurrencyPosition":"","_EventDateTimeSeparator":"","_EventTimeRangeSeparator":"","_EventOrganizerID":[],"_EventVenueID":[],"_OrganizerEmail":"","_OrganizerPhone":"","_OrganizerWebsite":"","_VenueAddress":"","_VenueCity":"","_VenueCountry":"","_VenueProvince":"","_VenueState":"","_VenueZip":"","_VenuePhone":"","_VenueURL":"","_VenueStateProvince":"","_VenueLat":"","_VenueLng":"","_VenueShowMap":false,"_VenueShowMapLink":false,"_kad_post_transparent":"","_kad_post_title":"","_kad_post_layout":"","_kad_post_sidebar_id":"","_kad_post_content_style":"","_kad_post_vertical_padding":"","_kad_post_feature":"","_kad_post_feature_position":"","_kad_post_header":false,"_kad_post_footer":false,"_kad_post_classname":"","footnotes":""},"page_category":[],"class_list":["post-4167","page","type-page","status-publish","hentry","pmpro-has-access"],"taxonomy_info":[],"featured_image_src_large":false,"author_info":{"display_name":"CSFS","author_link":"https:\/\/www.csfs.ca\/fr\/author\/CSFS\/"},"comment_info":0,"_links":{"self":[{"href":"https:\/\/www.csfs.ca\/fr\/wp-json\/wp\/v2\/pages\/4167","targetHints":{"allow":["GET"]}}],"collection":[{"href":"https:\/\/www.csfs.ca\/fr\/wp-json\/wp\/v2\/pages"}],"about":[{"href":"https:\/\/www.csfs.ca\/fr\/wp-json\/wp\/v2\/types\/page"}],"author":[{"embeddable":true,"href":"https:\/\/www.csfs.ca\/fr\/wp-json\/wp\/v2\/users\/774"}],"replies":[{"embeddable":true,"href":"https:\/\/www.csfs.ca\/fr\/wp-json\/wp\/v2\/comments?post=4167"}],"version-history":[{"count":0,"href":"https:\/\/www.csfs.ca\/fr\/wp-json\/wp\/v2\/pages\/4167\/revisions"}],"up":[{"embeddable":true,"href":"https:\/\/www.csfs.ca\/fr\/wp-json\/wp\/v2\/pages\/3735"}],"wp:attachment":[{"href":"https:\/\/www.csfs.ca\/fr\/wp-json\/wp\/v2\/media?parent=4167"}],"wp:term":[{"taxonomy":"page_category","embeddable":true,"href":"https:\/\/www.csfs.ca\/fr\/wp-json\/wp\/v2\/page_category?post=4167"}],"curies":[{"name":"wp","href":"https:\/\/api.w.org\/{rel}","templated":true}]}}