{"id":4094,"date":"2016-10-30T16:33:56","date_gmt":"2016-10-30T20:33:56","guid":{"rendered":"https:\/\/www.csfs.ca\/?page_id=4094&#038;lang=fr"},"modified":"2021-05-12T10:58:57","modified_gmt":"2021-05-12T14:58:57","slug":"nouvelle","status":"publish","type":"page","link":"https:\/\/www.csfs.ca\/fr\/nouvelle\/","title":{"rendered":"Nouvelle"},"content":{"rendered":"<style>#kt-layout-id_3237b6-6f > .kt-row-column-wrap{align-content:start;}:where(#kt-layout-id_3237b6-6f > .kt-row-column-wrap) > .wp-block-kadence-column{justify-content:start;}#kt-layout-id_3237b6-6f > .kt-row-column-wrap{column-gap:var(--global-kb-gap-md, 2rem);row-gap:var(--global-kb-gap-md, 2rem);padding-top:var( --global-kb-row-default-top, 25px );padding-bottom:var( --global-kb-row-default-bottom, 25px );padding-top:var(--global-kb-spacing-sm, 1.5rem);padding-bottom:var(--global-kb-spacing-sm, 1.5rem);grid-template-columns:minmax(0, 1fr);}#kt-layout-id_3237b6-6f > .kt-row-layout-overlay{opacity:0.30;}@media all and (max-width: 1024px){#kt-layout-id_3237b6-6f > .kt-row-column-wrap{grid-template-columns:minmax(0, 1fr);}}@media all and (max-width: 767px){#kt-layout-id_3237b6-6f > .kt-row-column-wrap{grid-template-columns:minmax(0, 1fr);}}<\/style>\n<div class=\"wp-block-kadence-rowlayout alignnone\"><div id=\"kt-layout-id_3237b6-6f\" class=\"kt-row-layout-inner kt-layout-id_3237b6-6f\"><div class=\"kt-row-column-wrap kt-has-1-columns kt-gutter-default kt-v-gutter-default kt-row-valign-top kt-row-layout-equal kt-tab-layout-inherit kt-m-colapse-left-to-right kt-mobile-layout-row\"><style>.kadence-column_2938ce-6c > .kt-inside-inner-col{border-top-width:0px;border-right-width:0px;border-bottom-width:0px;border-left-width:0px;}.kadence-column_2938ce-6c > .kt-inside-inner-col,.kadence-column_2938ce-6c > .kt-inside-inner-col:before{border-top-left-radius:0px;border-top-right-radius:0px;border-bottom-right-radius:0px;border-bottom-left-radius:0px;}.kadence-column_2938ce-6c > .kt-inside-inner-col{column-gap:var(--global-kb-gap-sm, 1rem);}.kadence-column_2938ce-6c > .kt-inside-inner-col{flex-direction:column;}.kadence-column_2938ce-6c > .kt-inside-inner-col > .aligncenter{width:100%;}.kadence-column_2938ce-6c > .kt-inside-inner-col:before{opacity:0.3;}.kadence-column_2938ce-6c{position:relative;}@media all and (max-width: 1024px){.kadence-column_2938ce-6c > .kt-inside-inner-col{flex-direction:column;justify-content:center;}}@media all and (max-width: 767px){.kadence-column_2938ce-6c > .kt-inside-inner-col{flex-direction:column;justify-content:center;}}<\/style>\n<div class=\"wp-block-kadence-column inner-column-1 kadence-column_2938ce-6c\"><div class=\"kt-inside-inner-col\"><\/div><\/div>\n<\/div><\/div><\/div>\n\n\n<style>#kt-layout-id_7abe16-8a > .kt-row-column-wrap{align-content:start;}:where(#kt-layout-id_7abe16-8a > .kt-row-column-wrap) > .wp-block-kadence-column{justify-content:start;}#kt-layout-id_7abe16-8a > .kt-row-column-wrap{column-gap:var(--global-kb-gap-md, 2rem);row-gap:var(--global-kb-gap-md, 2rem);padding-top:var( --global-kb-row-default-top, 25px );padding-bottom:var( --global-kb-row-default-bottom, 25px );padding-top:var(--global-kb-spacing-sm, 1.5rem);padding-bottom:var(--global-kb-spacing-sm, 1.5rem);grid-template-columns:minmax(0, 1fr);}#kt-layout-id_7abe16-8a > .kt-row-layout-overlay{opacity:0.30;}@media all and (max-width: 1024px){#kt-layout-id_7abe16-8a > .kt-row-column-wrap{grid-template-columns:minmax(0, 1fr);}}@media all and (max-width: 767px){#kt-layout-id_7abe16-8a > .kt-row-column-wrap{grid-template-columns:minmax(0, 1fr);}}<\/style>\n<div class=\"wp-block-kadence-rowlayout alignnone\"><div id=\"kt-layout-id_7abe16-8a\" class=\"kt-row-layout-inner kt-layout-id_7abe16-8a\"><div class=\"kt-row-column-wrap kt-has-1-columns kt-gutter-default kt-v-gutter-default kt-row-valign-top kt-row-layout-equal kt-tab-layout-inherit kt-m-colapse-left-to-right kt-mobile-layout-row\"><style>.kadence-column_5909c3-5a > .kt-inside-inner-col{border-top-width:0px;border-right-width:0px;border-bottom-width:0px;border-left-width:0px;}.kadence-column_5909c3-5a > .kt-inside-inner-col,.kadence-column_5909c3-5a > .kt-inside-inner-col:before{border-top-left-radius:0px;border-top-right-radius:0px;border-bottom-right-radius:0px;border-bottom-left-radius:0px;}.kadence-column_5909c3-5a > .kt-inside-inner-col{column-gap:var(--global-kb-gap-sm, 1rem);}.kadence-column_5909c3-5a > .kt-inside-inner-col{flex-direction:column;}.kadence-column_5909c3-5a > .kt-inside-inner-col > .aligncenter{width:100%;}.kadence-column_5909c3-5a > .kt-inside-inner-col:before{opacity:0.3;}.kadence-column_5909c3-5a{position:relative;}@media all and (max-width: 1024px){.kadence-column_5909c3-5a > .kt-inside-inner-col{flex-direction:column;justify-content:center;}}@media all and (max-width: 767px){.kadence-column_5909c3-5a > .kt-inside-inner-col{flex-direction:column;justify-content:center;}}<\/style>\n<div class=\"wp-block-kadence-column inner-column-1 kadence-column_5909c3-5a\"><div class=\"kt-inside-inner-col\"><style>.kt-post-loop_8ae2b0-cb .kadence-post-image{padding-top:0px;padding-right:0px;padding-bottom:0px;padding-left:0px;}.kt-post-loop_8ae2b0-cb .kt-post-grid-wrap{gap:30px 30px;}.kt-post-loop_8ae2b0-cb .kt-blocks-post-grid-item{border-top-left-radius:0px;border-top-right-radius:0px;border-bottom-right-radius:0px;border-bottom-left-radius:0px;overflow:hidden;}.kt-post-loop_8ae2b0-cb .kt-blocks-post-grid-item .kt-blocks-post-grid-item-inner{padding-top:0px;padding-right:15px;padding-bottom:15px;padding-left:15px;}.kt-post-loop_8ae2b0-cb .kt-blocks-post-grid-item header{padding-top:0px;padding-right:0px;padding-bottom:0px;padding-left:0px;margin-top:0px;margin-right:0px;margin-bottom:0px;margin-left:0px;}.kt-post-loop_8ae2b0-cb .kt-blocks-post-grid-item .entry-title{padding-top:10px;padding-right:0px;padding-bottom:5px;padding-left:0px;margin-top:0px;margin-right:0px;margin-bottom:0px;margin-left:0px;font-size:24px;line-height:30px;}.kt-post-loop_8ae2b0-cb .kt-blocks-post-grid-item .kt-blocks-post-top-meta{color:#777777;}.kt-post-loop_8ae2b0-cb .kt-blocks-post-grid-item .kt-blocks-post-top-meta a{color:#777777;}.kt-post-loop_8ae2b0-cb .kt-blocks-post-grid-item .kt-blocks-post-top-meta a:hover{color:#444444;}.kt-post-loop_8ae2b0-cb .entry-content{padding-top:0px;padding-right:0px;padding-bottom:0px;padding-left:0px;margin-top:0px;margin-right:0px;margin-bottom:0px;margin-left:0px;}.kt-post-loop_8ae2b0-cb .kt-blocks-post-footer{color:#777777;border-top-width:0px;border-right-width:0px;border-bottom-width:0px;border-left-width:0px;padding-top:0px;padding-right:0px;padding-bottom:0px;padding-left:0px;margin-top:0px;margin-right:0px;margin-bottom:0px;margin-left:0px;font-size:12px;line-height:20px;}.kt-post-loop_8ae2b0-cb .entry-content:after{height:0px;}.kt-post-loop_8ae2b0-cb .kt-blocks-post-footer a{color:#777777;}.kt-post-loop_8ae2b0-cb .kt-blocks-post-footer a:hover{color:#444444;}.kt-post-loop_8ae2b0-cb .kb-filter-item{border-top-width:0px;border-right-width:0px;border-bottom-width:2px;border-left-width:0px;padding-top:5px;padding-right:8px;padding-bottom:5px;padding-left:8px;margin-top:0px;margin-right:10px;margin-bottom:0px;margin-left:0px;}<\/style><div class=\"wp-block-kadence-postgrid kt-blocks-post-loop-block alignnone kt-post-loop_8ae2b0-cb kt-post-grid-layout-grid \"><div class=\"kt-post-grid-layout-grid-wrap kt-post-grid-wrap\" data-columns-xxl=\"2\" data-columns-xl=\"2\" data-columns-md=\"2\" data-columns-sm=\"2\" data-columns-xs=\"1\" data-columns-ss=\"1\"data-item-selector=\".kt-post-masonry-item\" aria-label=\"Post Carousel\"><article class=\"kt-blocks-post-grid-item post-12876 post type-post status-publish format-standard hentry category-non-classifiee pmpro-has-access\"><div class=\"kt-blocks-post-grid-item-inner-wrap kt-feat-image-align-none kt-feat-image-mobile-align-top\"><div class=\"kt-blocks-post-grid-item-inner\"><header><h2 class=\"entry-title\"><a href=\"https:\/\/www.csfs.ca\/fr\/resultats-du-concours-daffiches-du-scsj-2020\/\">D\u00e9fi de l&rsquo;affiche du SCSJ 2023<\/a><\/h2><div class=\"kt-blocks-post-top-meta\"><div class=\"kt-blocks-post-author\"><span class=\"kt-blocks-author-pretext\">By <\/span><a href=\"https:\/\/www.csfs.ca\/fr\/author\/CSFS\/\" class=\"kt-blocks-post-author-link fn\">CSFS<\/a><\/div><div class=\"kt-blocks-meta-divider kt-blocks-meta-no-divider\"><\/div><div class=\"kt-blocks-post-author\"><span class=\"kt-blocks-category-pretext\">Posted in <\/span><span class=\"kt-blocks-categories\"><a href=\"https:\/\/www.csfs.ca\/fr\/category\/non-classifiee\/\" class=\"category-link-non-classifiee\" rel=\"tag\">Non classifi\u00e9(e)<\/a><\/span><\/div><\/div><\/header><div class=\"entry-content\">Le mercredi 21 septembre, le CSFS a organis\u00e9 son deuxi\u00e8me concours d&rsquo;affiches num\u00e9riques sur Twitter ! Le conseil d&rsquo;administration du CSFS et le comit\u00e9 d&rsquo;organisation de la conf\u00e9rence souhaitent remercier notre panel de juges pour leur temps et leurs efforts, et remercier tous les participants de #CSFSPoster2022 pour avoir partag\u00e9 leurs recherches avec la communaut\u00e9&#8230;.<\/div><footer class=\"kt-blocks-post-footer\"><div class=\"kt-blocks-post-footer-left\"><\/div><div class=\"kt-blocks-post-footer-right\"><\/div><\/footer><\/div><\/div><\/article><article class=\"kt-blocks-post-grid-item post-12760 post type-post status-publish format-standard hentry category-non-classifiee pmpro-has-access\"><div class=\"kt-blocks-post-grid-item-inner-wrap kt-feat-image-align-none kt-feat-image-mobile-align-top\"><div class=\"kt-blocks-post-grid-item-inner\"><header><h2 class=\"entry-title\"><a href=\"https:\/\/www.csfs.ca\/fr\/les-peuples-autochtones-et-la-science-judiciaire\/\">les peuples autochtones et la science judiciaire<\/a><\/h2><div class=\"kt-blocks-post-top-meta\"><div class=\"kt-blocks-post-author\"><span class=\"kt-blocks-author-pretext\">By <\/span><a href=\"https:\/\/www.csfs.ca\/fr\/author\/CSFS\/\" class=\"kt-blocks-post-author-link fn\">CSFS<\/a><\/div><div class=\"kt-blocks-meta-divider kt-blocks-meta-no-divider\"><\/div><div class=\"kt-blocks-post-author\"><span class=\"kt-blocks-category-pretext\">Posted in <\/span><span class=\"kt-blocks-categories\"><a href=\"https:\/\/www.csfs.ca\/fr\/category\/non-classifiee\/\" class=\"category-link-non-classifiee\" rel=\"tag\">Non classifi\u00e9(e)<\/a><\/span><\/div><\/div><\/header><div class=\"entry-content\">Cher membre du SCSJ, Nous avons re\u00e7u une demande d\u2019assistance afin de rapprocher les peuples autochtones et la science judiciaire. Si nous avons scientifiques ou experts judiciaire de communaut\u00e9s autochtones (Premi\u00e8re Nation, M\u00e9tis ou Inuits) qui seraient int\u00e9ress\u00e9s \u00e0 aider, SVP contactez: Kona WilliamsMD, FRCPC (AP\/FP)Pathologiste judicaire et coronerDirecor, Unit\u00e9 r\u00e9gionale nord-est de pathologie judiciaireDirecteur&#8230;<\/div><footer class=\"kt-blocks-post-footer\"><div class=\"kt-blocks-post-footer-left\"><\/div><div class=\"kt-blocks-post-footer-right\"><\/div><\/footer><\/div><\/div><\/article><article class=\"kt-blocks-post-grid-item post-12746 post type-post status-publish format-standard hentry category-non-classifiee pmpro-has-access\"><div class=\"kt-blocks-post-grid-item-inner-wrap kt-feat-image-align-none kt-feat-image-mobile-align-top\"><div class=\"kt-blocks-post-grid-item-inner\"><header><h2 class=\"entry-title\"><a href=\"https:\/\/www.csfs.ca\/fr\/reponse-officielle-aux-enterrements-dans-les-pensionnats-autochtones\/\">R\u00e9ponse officielle aux enterrements dans les pensionnats autochtones<\/a><\/h2><div class=\"kt-blocks-post-top-meta\"><div class=\"kt-blocks-post-author\"><span class=\"kt-blocks-author-pretext\">By <\/span><a href=\"https:\/\/www.csfs.ca\/fr\/author\/CSFS\/\" class=\"kt-blocks-post-author-link fn\">CSFS<\/a><\/div><div class=\"kt-blocks-meta-divider kt-blocks-meta-no-divider\"><\/div><div class=\"kt-blocks-post-author\"><span class=\"kt-blocks-category-pretext\">Posted in <\/span><span class=\"kt-blocks-categories\"><a href=\"https:\/\/www.csfs.ca\/fr\/category\/non-classifiee\/\" class=\"category-link-non-classifiee\" rel=\"tag\">Non classifi\u00e9(e)<\/a><\/span><\/div><\/div><\/header><div class=\"entry-content\">Le contenu suivant peut susciter ou d\u00e9clencher des sentiments ind\u00e9sirables ou d\u00e9sagr\u00e9ables. Nous aimerions commencer par reconna\u00eetre les peuples autochtones de toutes les terres sur lesquelles nous nous trouvons aujourd&rsquo;hui. Nous aimerions prendre un moment pour reconna\u00eetre l&rsquo;importance des terres que nous consid\u00e9rons comme notre foyer. Nous le faisons pour r\u00e9affirmer notre engagement et notre&#8230;<\/div><footer class=\"kt-blocks-post-footer\"><div class=\"kt-blocks-post-footer-left\"><\/div><div class=\"kt-blocks-post-footer-right\"><\/div><\/footer><\/div><\/div><\/article><article class=\"kt-blocks-post-grid-item post-12871 post type-post status-publish format-standard hentry category-non-classifiee pmpro-has-access\"><div class=\"kt-blocks-post-grid-item-inner-wrap kt-feat-image-align-none kt-feat-image-mobile-align-top\"><div class=\"kt-blocks-post-grid-item-inner\"><header><h2 class=\"entry-title\"><a href=\"https:\/\/www.csfs.ca\/fr\/mon-chemin-vers-la-pathologie-medico-legale-par-le-dr-gregory-davis-1er-decembre-2020\/\">Mon chemin vers la pathologie m\u00e9dico-l\u00e9gale par le Dr Gregory Davis<\/a><\/h2><div class=\"kt-blocks-post-top-meta\"><div class=\"kt-blocks-post-author\"><span class=\"kt-blocks-author-pretext\">By <\/span><a href=\"https:\/\/www.csfs.ca\/fr\/author\/CSFS\/\" class=\"kt-blocks-post-author-link fn\">CSFS<\/a><\/div><div class=\"kt-blocks-meta-divider kt-blocks-meta-no-divider\"><\/div><div class=\"kt-blocks-post-author\"><span class=\"kt-blocks-category-pretext\">Posted in <\/span><span class=\"kt-blocks-categories\"><a href=\"https:\/\/www.csfs.ca\/fr\/category\/non-classifiee\/\" class=\"category-link-non-classifiee\" rel=\"tag\">Non classifi\u00e9(e)<\/a><\/span><\/div><\/div><\/header><div class=\"entry-content\">Pathologie m\u00e9dico-l\u00e9gale \u00e9crite par le Dr Gregory Davis Oubliez tout ce que vous pensiez savoir sur le m\u00e9tier de m\u00e9decin l\u00e9giste. Le glamour que vous avez peut-\u00eatre vu, si vous \u00eates d&rsquo;une certaine g\u00e9n\u00e9ration, illustr\u00e9 par l&rsquo;agent du FBI Dana Scully, m\u00e9decin l\u00e9giste, dans \u00ab\u00a0The X-Files\u00a0\u00bb, ou, peut-\u00eatre maintenant, incarn\u00e9 par Ducky dans \u00ab\u00a0NCIS\u00a0\u00bb. Il&#8230;<\/div><footer class=\"kt-blocks-post-footer\"><div class=\"kt-blocks-post-footer-left\"><\/div><div class=\"kt-blocks-post-footer-right\"><\/div><\/footer><\/div><\/div><\/article><article class=\"kt-blocks-post-grid-item post-12878 post type-post status-publish format-standard hentry category-non-classifiee pmpro-has-access\"><div class=\"kt-blocks-post-grid-item-inner-wrap kt-feat-image-align-none kt-feat-image-mobile-align-top\"><div class=\"kt-blocks-post-grid-item-inner\"><header><h2 class=\"entry-title\"><a href=\"https:\/\/www.csfs.ca\/fr\/scsj-nouveau-numero-de-telephone-1er-mai-2020\/\">SCSJ &#8211; Nouveau num\u00e9ro de t\u00e9l\u00e9phone<\/a><\/h2><div class=\"kt-blocks-post-top-meta\"><div class=\"kt-blocks-post-author\"><span class=\"kt-blocks-author-pretext\">By <\/span><a href=\"https:\/\/www.csfs.ca\/fr\/author\/CSFS\/\" class=\"kt-blocks-post-author-link fn\">CSFS<\/a><\/div><div class=\"kt-blocks-meta-divider kt-blocks-meta-no-divider\"><\/div><div class=\"kt-blocks-post-author\"><span class=\"kt-blocks-category-pretext\">Posted in <\/span><span class=\"kt-blocks-categories\"><a href=\"https:\/\/www.csfs.ca\/fr\/category\/non-classifiee\/\" class=\"category-link-non-classifiee\" rel=\"tag\">Non classifi\u00e9(e)<\/a><\/span><\/div><\/div><\/header><div class=\"entry-content\">La SCSJ a chang\u00e9 son num\u00e9ro de t\u00e9l\u00e9phone au 1-613-762-9237.\u00a0 Si nous manquons votre appel, veuillez laisser votre nom, votre num\u00e9ro de t\u00e9l\u00e9phone et un bref message et nous vous contacterons d\u00e8s que possible.<\/div><footer class=\"kt-blocks-post-footer\"><div class=\"kt-blocks-post-footer-left\"><\/div><div class=\"kt-blocks-post-footer-right\"><\/div><\/footer><\/div><\/div><\/article><article class=\"kt-blocks-post-grid-item post-12882 post type-post status-publish format-standard hentry category-non-classifiee pmpro-has-access\"><div class=\"kt-blocks-post-grid-item-inner-wrap kt-feat-image-align-none kt-feat-image-mobile-align-top\"><div class=\"kt-blocks-post-grid-item-inner\"><header><h2 class=\"entry-title\"><a href=\"https:\/\/www.csfs.ca\/fr\/la-scsj-maintenant-sur-twitter-et-instagram\/\">La SCSJ maintenant sur Twitter et Instagram<\/a><\/h2><div class=\"kt-blocks-post-top-meta\"><div class=\"kt-blocks-post-author\"><span class=\"kt-blocks-author-pretext\">By <\/span><a href=\"https:\/\/www.csfs.ca\/fr\/author\/CSFS\/\" class=\"kt-blocks-post-author-link fn\">CSFS<\/a><\/div><div class=\"kt-blocks-meta-divider kt-blocks-meta-no-divider\"><\/div><div class=\"kt-blocks-post-author\"><span class=\"kt-blocks-category-pretext\">Posted in <\/span><span class=\"kt-blocks-categories\"><a href=\"https:\/\/www.csfs.ca\/fr\/category\/non-classifiee\/\" class=\"category-link-non-classifiee\" rel=\"tag\">Non classifi\u00e9(e)<\/a><\/span><\/div><\/div><\/header><div class=\"entry-content\">La Soci\u00e9t\u00e9 canadienne des sciences judiciaires est maintenant sur Twitter et Instagram. Beaucoup de choses passionnantes \u00e0 venir en 2020. Suivez-nous pour toutes les derni\u00e8res nouvelles et mises \u00e0 jour.<\/div><footer class=\"kt-blocks-post-footer\"><div class=\"kt-blocks-post-footer-left\"><\/div><div class=\"kt-blocks-post-footer-right\"><\/div><\/footer><\/div><\/div><\/article><\/div><\/div><!-- .wp-block-kadence-postgrid --><\/div><\/div>\n<\/div><\/div><\/div>\n","protected":false},"excerpt":{"rendered":"","protected":false},"author":774,"featured_media":0,"parent":0,"menu_order":0,"comment_status":"closed","ping_status":"closed","template":"","meta":{"_seopress_robots_primary_cat":"","_seopress_titles_title":"","_seopress_titles_desc":"","_seopress_robots_index":"","pmpro_default_level":"","_kad_blocks_custom_css":"","_kad_blocks_head_custom_js":"","_kad_blocks_body_custom_js":"","_kad_blocks_footer_custom_js":"","_price":"","_stock":"","_tribe_ticket_header":"","_tribe_default_ticket_provider":"","_tribe_ticket_capacity":"0","_ticket_start_date":"","_ticket_end_date":"","_tribe_ticket_show_description":"","_tribe_ticket_show_not_going":false,"_tribe_ticket_use_global_stock":"","_tribe_ticket_global_stock_level":"","_global_stock_mode":"","_global_stock_cap":"","_tribe_rsvp_for_event":"","_tribe_ticket_going_count":"","_tribe_ticket_not_going_count":"","_tribe_tickets_list":"[]","_tribe_ticket_has_attendee_info_fields":false,"_EventAllDay":false,"_EventTimezone":"","_EventStartDate":"","_EventEndDate":"","_EventStartDateUTC":"","_EventEndDateUTC":"","_EventShowMap":false,"_EventShowMapLink":false,"_EventURL":"","_EventCost":"","_EventCostDescription":"","_EventCurrencySymbol":"","_EventCurrencyCode":"","_EventCurrencyPosition":"","_EventDateTimeSeparator":"","_EventTimeRangeSeparator":"","_EventOrganizerID":[],"_EventVenueID":[],"_OrganizerEmail":"","_OrganizerPhone":"","_OrganizerWebsite":"","_VenueAddress":"","_VenueCity":"","_VenueCountry":"","_VenueProvince":"","_VenueState":"","_VenueZip":"","_VenuePhone":"","_VenueURL":"","_VenueStateProvince":"","_VenueLat":"","_VenueLng":"","_VenueShowMap":false,"_VenueShowMapLink":false,"_kad_post_transparent":"","_kad_post_title":"","_kad_post_layout":"","_kad_post_sidebar_id":"","_kad_post_content_style":"","_kad_post_vertical_padding":"","_kad_post_feature":"","_kad_post_feature_position":"","_kad_post_header":false,"_kad_post_footer":false,"_kad_post_classname":"","footnotes":""},"page_category":[],"class_list":["post-4094","page","type-page","status-publish","hentry","pmpro-has-access"],"taxonomy_info":[],"featured_image_src_large":false,"author_info":{"display_name":"CSFS","author_link":"https:\/\/www.csfs.ca\/fr\/author\/CSFS\/"},"comment_info":0,"_links":{"self":[{"href":"https:\/\/www.csfs.ca\/fr\/wp-json\/wp\/v2\/pages\/4094","targetHints":{"allow":["GET"]}}],"collection":[{"href":"https:\/\/www.csfs.ca\/fr\/wp-json\/wp\/v2\/pages"}],"about":[{"href":"https:\/\/www.csfs.ca\/fr\/wp-json\/wp\/v2\/types\/page"}],"author":[{"embeddable":true,"href":"https:\/\/www.csfs.ca\/fr\/wp-json\/wp\/v2\/users\/774"}],"replies":[{"embeddable":true,"href":"https:\/\/www.csfs.ca\/fr\/wp-json\/wp\/v2\/comments?post=4094"}],"version-history":[{"count":0,"href":"https:\/\/www.csfs.ca\/fr\/wp-json\/wp\/v2\/pages\/4094\/revisions"}],"wp:attachment":[{"href":"https:\/\/www.csfs.ca\/fr\/wp-json\/wp\/v2\/media?parent=4094"}],"wp:term":[{"taxonomy":"page_category","embeddable":true,"href":"https:\/\/www.csfs.ca\/fr\/wp-json\/wp\/v2\/page_category?post=4094"}],"curies":[{"name":"wp","href":"https:\/\/api.w.org\/{rel}","templated":true}]}}