{"id":3910,"date":"2016-10-28T09:18:56","date_gmt":"2016-10-28T13:18:56","guid":{"rendered":"https:\/\/www.csfs.ca\/?page_id=3910&#038;lang=fr"},"modified":"2025-02-07T19:22:28","modified_gmt":"2025-02-08T00:22:28","slug":"odontologie","status":"publish","type":"page","link":"https:\/\/www.csfs.ca\/fr\/notre_raison_detre\/disciplines-sections\/odontologie\/","title":{"rendered":"Odontologie"},"content":{"rendered":"\n<figure class=\"wp-block-image size-full is-resized\"><img decoding=\"async\" width=\"720\" height=\"150\" src=\"https:\/\/www.csfs.ca\/wp-content\/uploads\/2016\/06\/Amo_odont.jpg\" alt=\"Amo_odont\" class=\"wp-image-2924\" style=\"width:810px;height:169px\" srcset=\"https:\/\/www.csfs.ca\/wp-content\/uploads\/2016\/06\/Amo_odont.jpg 720w, https:\/\/www.csfs.ca\/wp-content\/uploads\/2016\/06\/Amo_odont-239x50.jpg 239w, https:\/\/www.csfs.ca\/wp-content\/uploads\/2016\/06\/Amo_odont-482x100.jpg 482w, https:\/\/www.csfs.ca\/wp-content\/uploads\/2016\/06\/Amo_odont-600x125.jpg 600w, https:\/\/www.csfs.ca\/wp-content\/uploads\/2016\/06\/Amo_odont-300x63.jpg 300w, https:\/\/www.csfs.ca\/wp-content\/uploads\/2016\/06\/Amo_odont-636x133.jpg 636w, https:\/\/www.csfs.ca\/wp-content\/uploads\/2016\/06\/Amo_odont-320x67.jpg 320w\" sizes=\"(max-width: 720px) 100vw, 720px\" \/><\/figure>\n\n\n\n<p>Les odontologistes (dentistes judiciaires) sont des dentistes exp\u00e9riment\u00e9s, sp\u00e9cialement form\u00e9s, qui aident \u00e0 l\u2019identifier des restes humains inconnus.<\/p>\n\n\n\n<p>Les os et les dents sont les parties les plus durables de l&rsquo;anatomie humaine et, dans de nombreux cas, peuvent \u00eatre en fait les seuls restes identifiables. C&rsquo;est dans ce cas que les odontologistes judiciaires sont appel\u00e9s \u00e0 proc\u00e9der \u00e0 l&rsquo;identification d&rsquo;une personne. Lorsqu\u2019un corps policier retrouvent des restes humains non identifi\u00e9s tels que des dents, cette pi\u00e8ce \u00e0 conviction essentielle peut \u00eatre la seule ressource permettant de comparer les dossiers dentaires de personnes disparues connues afin de d\u00e9terminer l&rsquo;identit\u00e9 de la personne. En cas de d\u00e9c\u00e8s, un odontologists judiciaire assiste \u00e0 l&rsquo;autopsie et prend des photos, des mesures cr\u00e2niennes, des impressions dentaires et des radiographies des restes humains. Ces \u00e9l\u00e9ments sont alors compar\u00e9s \u00e0 ceux provenant des personnes disparues . Si une correspondance est \u00e9tablie, la personne peut alors \u00eatre identifi\u00e9e.<\/p>\n\n\n\n<p>Les odontologistes judiciaires d\u00e9terminent \u00e9galement la source des blessures par morsure, souvent dans les cas d&rsquo;agression ou de mauvais traitements. Ils analysent les blessures afin de d\u00e9terminer s&rsquo;il s&rsquo;agit d&rsquo;une morsure et si oui, de quelle origine (humaine ou animale). Lorsque la qualit\u00e9 de la preuve est suffisante, les odontologistes judiciaires peuvent comparer la blessure aux dentitions des suspects et exclure ou non un suspect d&rsquo;\u00eatre le mordeur.<\/p>\n","protected":false},"excerpt":{"rendered":"<p>Les odontologistes (dentistes judiciaires) sont des dentistes exp\u00e9riment\u00e9s, sp\u00e9cialement form\u00e9s, qui aident \u00e0 l\u2019identifier des restes humains inconnus. Les os et les dents sont les parties les plus durables de&#8230;<\/p>\n","protected":false},"author":774,"featured_media":9486,"parent":3694,"menu_order":0,"comment_status":"closed","ping_status":"closed","template":"","meta":{"_seopress_robots_primary_cat":"","_seopress_titles_title":"","_seopress_titles_desc":"","_seopress_robots_index":"","pmpro_default_level":"","_kad_blocks_custom_css":"","_kad_blocks_head_custom_js":"","_kad_blocks_body_custom_js":"","_kad_blocks_footer_custom_js":"","_price":"","_stock":"","_tribe_ticket_header":"","_tribe_default_ticket_provider":"","_tribe_ticket_capacity":"0","_ticket_start_date":"","_ticket_end_date":"","_tribe_ticket_show_description":"","_tribe_ticket_show_not_going":false,"_tribe_ticket_use_global_stock":"","_tribe_ticket_global_stock_level":"","_global_stock_mode":"","_global_stock_cap":"","_tribe_rsvp_for_event":"","_tribe_ticket_going_count":"","_tribe_ticket_not_going_count":"","_tribe_tickets_list":"[]","_tribe_ticket_has_attendee_info_fields":false,"_EventAllDay":false,"_EventTimezone":"","_EventStartDate":"","_EventEndDate":"","_EventStartDateUTC":"","_EventEndDateUTC":"","_EventShowMap":false,"_EventShowMapLink":false,"_EventURL":"","_EventCost":"","_EventCostDescription":"","_EventCurrencySymbol":"","_EventCurrencyCode":"","_EventCurrencyPosition":"","_EventDateTimeSeparator":"","_EventTimeRangeSeparator":"","_EventOrganizerID":[],"_EventVenueID":[],"_OrganizerEmail":"","_OrganizerPhone":"","_OrganizerWebsite":"","_VenueAddress":"","_VenueCity":"","_VenueCountry":"","_VenueProvince":"","_VenueState":"","_VenueZip":"","_VenuePhone":"","_VenueURL":"","_VenueStateProvince":"","_VenueLat":"","_VenueLng":"","_VenueShowMap":false,"_VenueShowMapLink":false,"_kad_post_transparent":"","_kad_post_title":"","_kad_post_layout":"","_kad_post_sidebar_id":"","_kad_post_content_style":"","_kad_post_vertical_padding":"","_kad_post_feature":"","_kad_post_feature_position":"","_kad_post_header":false,"_kad_post_footer":false,"_kad_post_classname":"","footnotes":""},"page_category":[164],"class_list":["post-3910","page","type-page","status-publish","has-post-thumbnail","hentry","page_category-disciplines","pmpro-has-access"],"taxonomy_info":{"page_category":[{"value":164,"label":"Disciplines"}]},"featured_image_src_large":["https:\/\/www.csfs.ca\/wp-content\/uploads\/2021\/02\/odontology.png",150,150,false],"author_info":{"display_name":"CSFS","author_link":"https:\/\/www.csfs.ca\/fr\/author\/CSFS\/"},"comment_info":0,"_links":{"self":[{"href":"https:\/\/www.csfs.ca\/fr\/wp-json\/wp\/v2\/pages\/3910","targetHints":{"allow":["GET"]}}],"collection":[{"href":"https:\/\/www.csfs.ca\/fr\/wp-json\/wp\/v2\/pages"}],"about":[{"href":"https:\/\/www.csfs.ca\/fr\/wp-json\/wp\/v2\/types\/page"}],"author":[{"embeddable":true,"href":"https:\/\/www.csfs.ca\/fr\/wp-json\/wp\/v2\/users\/774"}],"replies":[{"embeddable":true,"href":"https:\/\/www.csfs.ca\/fr\/wp-json\/wp\/v2\/comments?post=3910"}],"version-history":[{"count":2,"href":"https:\/\/www.csfs.ca\/fr\/wp-json\/wp\/v2\/pages\/3910\/revisions"}],"predecessor-version":[{"id":19389,"href":"https:\/\/www.csfs.ca\/fr\/wp-json\/wp\/v2\/pages\/3910\/revisions\/19389"}],"up":[{"embeddable":true,"href":"https:\/\/www.csfs.ca\/fr\/wp-json\/wp\/v2\/pages\/3694"}],"wp:featuredmedia":[{"embeddable":true,"href":"https:\/\/www.csfs.ca\/fr\/wp-json\/wp\/v2\/media\/9486"}],"wp:attachment":[{"href":"https:\/\/www.csfs.ca\/fr\/wp-json\/wp\/v2\/media?parent=3910"}],"wp:term":[{"taxonomy":"page_category","embeddable":true,"href":"https:\/\/www.csfs.ca\/fr\/wp-json\/wp\/v2\/page_category?post=3910"}],"curies":[{"name":"wp","href":"https:\/\/api.w.org\/{rel}","templated":true}]}}