{"id":3909,"date":"2016-10-28T09:20:06","date_gmt":"2016-10-28T13:20:06","guid":{"rendered":"https:\/\/www.csfs.ca\/?page_id=3909&#038;lang=fr"},"modified":"2021-05-12T10:58:56","modified_gmt":"2021-05-12T14:58:56","slug":"medecine-legale","status":"publish","type":"page","link":"https:\/\/www.csfs.ca\/fr\/notre_raison_detre\/disciplines-sections\/medecine-legale\/","title":{"rendered":"M\u00e9decine l\u00e9gale"},"content":{"rendered":"\n<figure class=\"wp-block-image size-full is-resized\"><img decoding=\"async\" src=\"https:\/\/www.csfs.ca\/wp-content\/uploads\/2016\/06\/Amo_med.jpg\" alt=\"Amo_med\" class=\"wp-image-2923\" width=\"810\" height=\"169\" srcset=\"https:\/\/www.csfs.ca\/wp-content\/uploads\/2016\/06\/Amo_med.jpg 720w, https:\/\/www.csfs.ca\/wp-content\/uploads\/2016\/06\/Amo_med-239x50.jpg 239w, https:\/\/www.csfs.ca\/wp-content\/uploads\/2016\/06\/Amo_med-482x100.jpg 482w, https:\/\/www.csfs.ca\/wp-content\/uploads\/2016\/06\/Amo_med-600x125.jpg 600w, https:\/\/www.csfs.ca\/wp-content\/uploads\/2016\/06\/Amo_med-300x63.jpg 300w, https:\/\/www.csfs.ca\/wp-content\/uploads\/2016\/06\/Amo_med-636x133.jpg 636w, https:\/\/www.csfs.ca\/wp-content\/uploads\/2016\/06\/Amo_med-320x67.jpg 320w\" sizes=\"(max-width: 810px) 100vw, 810px\" \/><\/figure>\n\n\n\n<p>Les m\u00e9decins l\u00e9gistes sont des m\u00e9decins poss\u00e9dant une formation additionnelle en pathologie et ils sont donc des experts en mati\u00e8re de pathologies et de traumatismes qui entra\u00eenant une mort subite. Leur r\u00f4le est d&rsquo;enqu\u00eater sur le d\u00e9c\u00e8s lui-m\u00eame; ils sont, d\u2019une certaine mani\u00e8re, la voix du d\u00e9funt.<\/p>\n\n\n\n<p>Les m\u00e9decins l\u00e9gistes:<\/p>\n\n\n\n<ul class=\"wp-block-list\"><li>effectuent des autopsies, si requis.<\/li><li>peuvent \u00eatre nomm\u00e9s coroners pour enqu\u00eater sur les cas de mort suspecte.<\/li><li>d\u00e9terminent la cause du d\u00e9c\u00e8s ainsi que tous les autres facteurs se rapportant directement au corps.<\/li><li>peuvent pr\u00eater assistance sur les sc\u00e8nes de crime.<\/li><li>t\u00e9moignent fr\u00e9quemment devant les tribunaux.<\/li><\/ul>\n\n\n\n<p>Une enqu\u00eate sur un d\u00e9c\u00e8s est un processus par lequel un coroner ou un m\u00e9decin l\u00e9giste cherche \u00e0 comprendre comment et pourquoi une personne est d\u00e9c\u00e9d\u00e9e.<\/p>\n\n\n\n<p>Pour ce faire, ils doivent r\u00e9pondre \u00e0 cinq questions lors de l&rsquo;enqu\u00eate sur un d\u00e9c\u00e8s:<\/p>\n\n\n\n<ul class=\"wp-block-list\"><li>Qui (identit\u00e9 du d\u00e9funt)<\/li><li>Quand (date du d\u00e9c\u00e8s)<\/li><li>O\u00f9 (lieu du d\u00e9c\u00e8s)<\/li><li>Comment (cause m\u00e9dicale de d\u00e9c\u00e8s)<\/li><li>Par quels moyens (causes naturelles, accident, homicide, suicide ou ind\u00e9termin\u00e9)<\/li><\/ul>\n\n\n\n<p>Certaines provinces poss\u00e8dent un syst\u00e8me fonctionnant par Examinateurs m\u00e9dicaux (Medical Examiner), alors que d\u2019autres utilisent plut\u00f4t par un syst\u00e8me de Coroners. Les Examinateurs m\u00e9dicaux doivent \u00eatre m\u00e9decins, mais pas forc\u00e9ment des pathologistes judiciaires. Seuls le m\u00e9decin-chef et son adjoint sont habituellement des pathologistes. En Ontario, les coroners sont aussi m\u00e9decins, mais dans le reste du Canada, les coroners peuvent provenir de diff\u00e9rents milieux.<\/p>\n","protected":false},"excerpt":{"rendered":"<p>Les m\u00e9decins l\u00e9gistes sont des m\u00e9decins poss\u00e9dant une formation additionnelle en pathologie et ils sont donc des experts en mati\u00e8re de pathologies et de traumatismes qui entra\u00eenant une mort subite&#8230;.<\/p>\n","protected":false},"author":774,"featured_media":9483,"parent":3694,"menu_order":0,"comment_status":"closed","ping_status":"closed","template":"","meta":{"_seopress_robots_primary_cat":"","_seopress_titles_title":"","_seopress_titles_desc":"","_seopress_robots_index":"","pmpro_default_level":"","_kad_blocks_custom_css":"","_kad_blocks_head_custom_js":"","_kad_blocks_body_custom_js":"","_kad_blocks_footer_custom_js":"","_price":"","_stock":"","_tribe_ticket_header":"","_tribe_default_ticket_provider":"","_tribe_ticket_capacity":"0","_ticket_start_date":"","_ticket_end_date":"","_tribe_ticket_show_description":"","_tribe_ticket_show_not_going":false,"_tribe_ticket_use_global_stock":"","_tribe_ticket_global_stock_level":"","_global_stock_mode":"","_global_stock_cap":"","_tribe_rsvp_for_event":"","_tribe_ticket_going_count":"","_tribe_ticket_not_going_count":"","_tribe_tickets_list":"[]","_tribe_ticket_has_attendee_info_fields":false,"_EventAllDay":false,"_EventTimezone":"","_EventStartDate":"","_EventEndDate":"","_EventStartDateUTC":"","_EventEndDateUTC":"","_EventShowMap":false,"_EventShowMapLink":false,"_EventURL":"","_EventCost":"","_EventCostDescription":"","_EventCurrencySymbol":"","_EventCurrencyCode":"","_EventCurrencyPosition":"","_EventDateTimeSeparator":"","_EventTimeRangeSeparator":"","_EventOrganizerID":[],"_EventVenueID":[],"_OrganizerEmail":"","_OrganizerPhone":"","_OrganizerWebsite":"","_VenueAddress":"","_VenueCity":"","_VenueCountry":"","_VenueProvince":"","_VenueState":"","_VenueZip":"","_VenuePhone":"","_VenueURL":"","_VenueStateProvince":"","_VenueLat":"","_VenueLng":"","_VenueShowMap":false,"_VenueShowMapLink":false,"_kad_post_transparent":"","_kad_post_title":"","_kad_post_layout":"","_kad_post_sidebar_id":"","_kad_post_content_style":"","_kad_post_vertical_padding":"","_kad_post_feature":"","_kad_post_feature_position":"","_kad_post_header":false,"_kad_post_footer":false,"_kad_post_classname":"","footnotes":""},"page_category":[164],"class_list":["post-3909","page","type-page","status-publish","has-post-thumbnail","hentry","page_category-disciplines","pmpro-has-access"],"taxonomy_info":{"page_category":[{"value":164,"label":"Disciplines"}]},"featured_image_src_large":["https:\/\/www.csfs.ca\/wp-content\/uploads\/2021\/02\/AMO-Med.png",150,150,false],"author_info":{"display_name":"CSFS","author_link":"https:\/\/www.csfs.ca\/fr\/author\/CSFS\/"},"comment_info":0,"_links":{"self":[{"href":"https:\/\/www.csfs.ca\/fr\/wp-json\/wp\/v2\/pages\/3909","targetHints":{"allow":["GET"]}}],"collection":[{"href":"https:\/\/www.csfs.ca\/fr\/wp-json\/wp\/v2\/pages"}],"about":[{"href":"https:\/\/www.csfs.ca\/fr\/wp-json\/wp\/v2\/types\/page"}],"author":[{"embeddable":true,"href":"https:\/\/www.csfs.ca\/fr\/wp-json\/wp\/v2\/users\/774"}],"replies":[{"embeddable":true,"href":"https:\/\/www.csfs.ca\/fr\/wp-json\/wp\/v2\/comments?post=3909"}],"version-history":[{"count":0,"href":"https:\/\/www.csfs.ca\/fr\/wp-json\/wp\/v2\/pages\/3909\/revisions"}],"up":[{"embeddable":true,"href":"https:\/\/www.csfs.ca\/fr\/wp-json\/wp\/v2\/pages\/3694"}],"wp:featuredmedia":[{"embeddable":true,"href":"https:\/\/www.csfs.ca\/fr\/wp-json\/wp\/v2\/media\/9483"}],"wp:attachment":[{"href":"https:\/\/www.csfs.ca\/fr\/wp-json\/wp\/v2\/media?parent=3909"}],"wp:term":[{"taxonomy":"page_category","embeddable":true,"href":"https:\/\/www.csfs.ca\/fr\/wp-json\/wp\/v2\/page_category?post=3909"}],"curies":[{"name":"wp","href":"https:\/\/api.w.org\/{rel}","templated":true}]}}