{"id":3908,"date":"2016-10-28T09:18:32","date_gmt":"2016-10-28T13:18:32","guid":{"rendered":"https:\/\/www.csfs.ca\/?page_id=3908&#038;lang=fr"},"modified":"2021-05-12T10:58:56","modified_gmt":"2021-05-12T14:58:56","slug":"documents","status":"publish","type":"page","link":"https:\/\/www.csfs.ca\/fr\/notre_raison_detre\/disciplines-sections\/documents\/","title":{"rendered":"Documents"},"content":{"rendered":"\n<figure class=\"wp-block-image size-full is-resized\"><img decoding=\"async\" src=\"https:\/\/www.csfs.ca\/wp-content\/uploads\/2016\/06\/Documents.jpg\" alt=\"Documents\" class=\"wp-image-2929\" width=\"810\" height=\"169\" srcset=\"https:\/\/www.csfs.ca\/wp-content\/uploads\/2016\/06\/Documents.jpg 720w, https:\/\/www.csfs.ca\/wp-content\/uploads\/2016\/06\/Documents-239x50.jpg 239w, https:\/\/www.csfs.ca\/wp-content\/uploads\/2016\/06\/Documents-482x100.jpg 482w, https:\/\/www.csfs.ca\/wp-content\/uploads\/2016\/06\/Documents-600x125.jpg 600w, https:\/\/www.csfs.ca\/wp-content\/uploads\/2016\/06\/Documents-300x63.jpg 300w, https:\/\/www.csfs.ca\/wp-content\/uploads\/2016\/06\/Documents-636x133.jpg 636w, https:\/\/www.csfs.ca\/wp-content\/uploads\/2016\/06\/Documents-320x67.jpg 320w\" sizes=\"(max-width: 810px) 100vw, 810px\" \/><\/figure>\n\n\n\n<p>La n\u00e9cessit\u00e9 de devoir r\u00e9pondre \u00e0 des questions relatives aux documents se pose depuis les tous d\u00e9buts de la civilisation! Les documents comprennent non seulement ceux sous forme de papier, qui nous sont familiers, mais peuvent comprendre d&rsquo;autres objets et mat\u00e9riaux servant de support \u00e0 des informations. Ceci comprend des informations r\u00e9dig\u00e9es sous forme manuscrite et\/ou imprim\u00e9e, ainsi que la mani\u00e8re dont le document a \u00e9t\u00e9 confectionn\u00e9.<\/p>\n\n\n\n<p>L\u2019examen judiciaire des documents a d\u00e9but\u00e9 avec des experts t\u00e9moignant \u00e0 propos d&rsquo;\u00e9crits contest\u00e9s. Ceci explique peut-\u00eatre pourquoi cette discipline est souvent appel\u00e9e \u00abexpertise d&rsquo;\u00e9criture\u00bb, mais elle englobe plus que cela. La gamme de questions qui peuvent \u00eatre pos\u00e9es aux sp\u00e9cialistes judiciaires en documents est vari\u00e9e et peut comprendre, sans y \u00eatre limit\u00e9e, les suivantes:<\/p>\n\n\n\n<ul class=\"wp-block-list\"><li>Qui est l\u2019auteur des notes manuscrites pr\u00e9sentes sur le document?<\/li><li>Qui a r\u00e9dig\u00e9 les signatures pr\u00e9sentes sur le document?<\/li><li>Quel est le type d\u2019appareil qui a imprim\u00e9 le document?<\/li><li>Quels sont les proc\u00e9d\u00e9s d&rsquo;impression qui ont \u00e9t\u00e9 utilis\u00e9s pour produire le document?<\/li><li>Est-ce que le document \u00e9t\u00e9 modifi\u00e9?<\/li><li>Le document a-t-il \u00e9t\u00e9 produit \u00e0 la date stipul\u00e9e?<\/li><li>Y a-t-il des preuves physiques qui pourraient donner des informations quant \u00e0 la production du document et de sa manipulation subs\u00e9quente?<\/li><\/ul>\n\n\n\n<p>R\u00e9pondre de fa\u00e7on ad\u00e9quate \u00e0 une gamme de questions aussi vaste exige une formation compl\u00e8te portant sur un large \u00e9ventail de sujets. C\u2019est la raison pour laquelle la formation de sp\u00e9cialiste judiciaire en documents est d\u2019une dur\u00e9e minimale de deux ans \u00e0 temps plein, sous le mentorat d&rsquo;un sp\u00e9cialiste d\u00fbment form\u00e9. Il n&rsquo;existe pas de dipl\u00f4me universitaire au Canada dont l\u2019obtention permettrait de d\u00e9buter imm\u00e9diatement apr\u00e8s son obtention une carri\u00e8re \u00e0 titre de sp\u00e9cialiste judiciaire en document.<\/p>\n\n\n\n<p>Il convient de mentionner que l\u2019examen judiciaire des documents est une discipline distincte de la juricomptabilit\u00e9, qui, elle, tente de retracer des mouvements de capitaux ou \u00e9tablit des proc\u00e9dures comptables dans un cadre r\u00e9glementaire ou juridique. L\u2019examen judiciaire de document est \u00e9galement diff\u00e9rent de la graphologie discipline qui pr\u00e9tend \u00eatre en mesure de d\u00e9terminer les traits de personnalit\u00e9 \u00e0 partir de l&rsquo;\u00e9criture manuscrite.<\/p>\n\n\n\n<p>Pour des explications plus d\u00e9taill\u00e9es, vous pouvez consulter le blog (en anglais) &#8211; <a href=\"https:\/\/www.csfs.ca\/document-examiners-are-more-than-handwriting-experts\/\" target=\"_blank\" rel=\"noopener\">Document Forensics<\/a>.<\/p>\n","protected":false},"excerpt":{"rendered":"<p>La n\u00e9cessit\u00e9 de devoir r\u00e9pondre \u00e0 des questions relatives aux documents se pose depuis les tous d\u00e9buts de la civilisation! Les documents comprennent non seulement ceux sous forme de papier,&#8230;<\/p>\n","protected":false},"author":774,"featured_media":9470,"parent":3694,"menu_order":0,"comment_status":"closed","ping_status":"closed","template":"","meta":{"_seopress_robots_primary_cat":"","_seopress_titles_title":"","_seopress_titles_desc":"","_seopress_robots_index":"","pmpro_default_level":"","_kad_blocks_custom_css":"","_kad_blocks_head_custom_js":"","_kad_blocks_body_custom_js":"","_kad_blocks_footer_custom_js":"","_price":"","_stock":"","_tribe_ticket_header":"","_tribe_default_ticket_provider":"","_tribe_ticket_capacity":"0","_ticket_start_date":"","_ticket_end_date":"","_tribe_ticket_show_description":"","_tribe_ticket_show_not_going":false,"_tribe_ticket_use_global_stock":"","_tribe_ticket_global_stock_level":"","_global_stock_mode":"","_global_stock_cap":"","_tribe_rsvp_for_event":"","_tribe_ticket_going_count":"","_tribe_ticket_not_going_count":"","_tribe_tickets_list":"[]","_tribe_ticket_has_attendee_info_fields":false,"_EventAllDay":false,"_EventTimezone":"","_EventStartDate":"","_EventEndDate":"","_EventStartDateUTC":"","_EventEndDateUTC":"","_EventShowMap":false,"_EventShowMapLink":false,"_EventURL":"","_EventCost":"","_EventCostDescription":"","_EventCurrencySymbol":"","_EventCurrencyCode":"","_EventCurrencyPosition":"","_EventDateTimeSeparator":"","_EventTimeRangeSeparator":"","_EventOrganizerID":[],"_EventVenueID":[],"_OrganizerEmail":"","_OrganizerPhone":"","_OrganizerWebsite":"","_VenueAddress":"","_VenueCity":"","_VenueCountry":"","_VenueProvince":"","_VenueState":"","_VenueZip":"","_VenuePhone":"","_VenueURL":"","_VenueStateProvince":"","_VenueLat":"","_VenueLng":"","_VenueShowMap":false,"_VenueShowMapLink":false,"_kad_post_transparent":"","_kad_post_title":"","_kad_post_layout":"","_kad_post_sidebar_id":"","_kad_post_content_style":"","_kad_post_vertical_padding":"","_kad_post_feature":"","_kad_post_feature_position":"","_kad_post_header":false,"_kad_post_footer":false,"_kad_post_classname":"","footnotes":""},"page_category":[164],"class_list":["post-3908","page","type-page","status-publish","has-post-thumbnail","hentry","page_category-disciplines","pmpro-has-access"],"taxonomy_info":{"page_category":[{"value":164,"label":"Disciplines"}]},"featured_image_src_large":["https:\/\/www.csfs.ca\/wp-content\/uploads\/2021\/02\/handwriting-150x150-1.png",150,150,false],"author_info":{"display_name":"CSFS","author_link":"https:\/\/www.csfs.ca\/fr\/author\/CSFS\/"},"comment_info":0,"_links":{"self":[{"href":"https:\/\/www.csfs.ca\/fr\/wp-json\/wp\/v2\/pages\/3908","targetHints":{"allow":["GET"]}}],"collection":[{"href":"https:\/\/www.csfs.ca\/fr\/wp-json\/wp\/v2\/pages"}],"about":[{"href":"https:\/\/www.csfs.ca\/fr\/wp-json\/wp\/v2\/types\/page"}],"author":[{"embeddable":true,"href":"https:\/\/www.csfs.ca\/fr\/wp-json\/wp\/v2\/users\/774"}],"replies":[{"embeddable":true,"href":"https:\/\/www.csfs.ca\/fr\/wp-json\/wp\/v2\/comments?post=3908"}],"version-history":[{"count":0,"href":"https:\/\/www.csfs.ca\/fr\/wp-json\/wp\/v2\/pages\/3908\/revisions"}],"up":[{"embeddable":true,"href":"https:\/\/www.csfs.ca\/fr\/wp-json\/wp\/v2\/pages\/3694"}],"wp:featuredmedia":[{"embeddable":true,"href":"https:\/\/www.csfs.ca\/fr\/wp-json\/wp\/v2\/media\/9470"}],"wp:attachment":[{"href":"https:\/\/www.csfs.ca\/fr\/wp-json\/wp\/v2\/media?parent=3908"}],"wp:term":[{"taxonomy":"page_category","embeddable":true,"href":"https:\/\/www.csfs.ca\/fr\/wp-json\/wp\/v2\/page_category?post=3908"}],"curies":[{"name":"wp","href":"https:\/\/api.w.org\/{rel}","templated":true}]}}