{"id":3907,"date":"2016-10-28T09:14:05","date_gmt":"2016-10-28T13:14:05","guid":{"rendered":"https:\/\/www.csfs.ca\/?page_id=3907&#038;lang=fr"},"modified":"2021-05-12T10:58:55","modified_gmt":"2021-05-12T14:58:55","slug":"chimie","status":"publish","type":"page","link":"https:\/\/www.csfs.ca\/fr\/notre_raison_detre\/disciplines-sections\/chimie\/","title":{"rendered":"Chimie"},"content":{"rendered":"\n<figure class=\"wp-block-image is-resized\"><img decoding=\"async\" src=\"https:\/\/www.csfs.ca\/wp-content\/uploads\/2016\/06\/Chemistry.jpg\" alt=\"Chemistry\" class=\"wp-image-2928\" width=\"810\" height=\"169\" srcset=\"https:\/\/www.csfs.ca\/wp-content\/uploads\/2016\/06\/Chemistry.jpg 720w, https:\/\/www.csfs.ca\/wp-content\/uploads\/2016\/06\/Chemistry-239x50.jpg 239w, https:\/\/www.csfs.ca\/wp-content\/uploads\/2016\/06\/Chemistry-482x100.jpg 482w, https:\/\/www.csfs.ca\/wp-content\/uploads\/2016\/06\/Chemistry-600x125.jpg 600w, https:\/\/www.csfs.ca\/wp-content\/uploads\/2016\/06\/Chemistry-300x63.jpg 300w, https:\/\/www.csfs.ca\/wp-content\/uploads\/2016\/06\/Chemistry-636x133.jpg 636w, https:\/\/www.csfs.ca\/wp-content\/uploads\/2016\/06\/Chemistry-320x67.jpg 320w\" sizes=\"(max-width: 810px) 100vw, 810px\" \/><\/figure>\n\n\n\n<p>La chimie judiciaire est une discipline qui proc\u00e8de \u00e0 l&rsquo;identification et la comparaison de presque tous les mat\u00e9riaux imaginables, sur la base sur leurs caract\u00e9ristiques physiques et chimiques, dans le but d\u2019\u00e9tablir leur degr\u00e9 de pertinence et leur possible origine.<\/p>\n\n\n\n<p>Comme le monde qui nous entoure est enti\u00e8rement compos\u00e9 de produits chimiques, cette discipline est appel\u00e9e \u00e0 couvrir un \u00e9ventail tr\u00e8s diversifi\u00e9 de mat\u00e9riaux pouvant \u00eatre recueillis sur des sc\u00e8nes de crime, dont la gravit\u00e9 peut varier du vandalisme jusqu\u2019\u00e0 l&rsquo;homicide ou l\u2019acte de terrorisme. En fait, certains mat\u00e9riaux sont rencontr\u00e9s si souvent lors des enqu\u00eates qu&rsquo;ils ont \u00e9t\u00e9 regroup\u00e9s au sein d\u2019analyses distinctes: les d\u00e9bris d&rsquo;incendie, les peintures et les polym\u00e8res, le verre, les fibres, les colorants, les explosifs et les r\u00e9sidus de poudre font partie des mat\u00e9riaux les plus fr\u00e9quemment analys\u00e9s, mais ceux-ci ne couvrent qu\u2019une partie de la gamme de mat\u00e9riaux susceptibles d\u2019\u00eatre analys\u00e9s par les chimistes judiciaires \u00e0 travers le monde.<\/p>\n\n\n\n<p>Souvent, les \u00e9chantillons sur une sc\u00e8ne de crime ne sont pr\u00e9sents qu\u2019\u00e0 l\u2019\u00e9tat de trace, transf\u00e9r\u00e9e par l&rsquo;individu \u00e0 la sc\u00e8ne (g\u00e9n\u00e9ralement \u00e0 son insu) et quelques fois de la sc\u00e8ne \u00e0 l&rsquo;individu. La d\u00e9tection de ces traces n\u00e9cessite un examen minutieux de la sc\u00e8ne. Elles sont souvent invisibles \u00e0 l&rsquo;\u0153il nu et ceci requiert une collecte m\u00e9ticuleuse de la sc\u00e8ne, suivie d\u2019une recherche et de pr\u00e9l\u00e8vements dans un environnement contr\u00f4l\u00e9 \u00e0 l\u2019int\u00e9rieur d\u2019un laboratoire.<\/p>\n\n\n\n<p>Les chimistes judiciaires doivent non seulement pouvoir compter sur des microscopes de bonne qualit\u00e9 et des mains stables, mais aussi sur un large \u00e9ventail d&rsquo;instruments et de techniques leur permettant de d\u2019obtenir suffisamment d&rsquo;informations dans la caract\u00e9risation de chaque \u00e9chantillon r\u00e9cup\u00e9r\u00e9, afin de d\u00e9tecter les \u00e9ventuelles diff\u00e9rences physiques ou chimiques qui pourraient exister entre eux. Les chimistes judiciaires doivent poss\u00e9der un bon sens de l&rsquo;observation, une bonne connaissance des diff\u00e9rents domaines de la chimie ainsi que du mode de fabrication des diff\u00e9rents mat\u00e9riaux. Puisque la plupart des mat\u00e9riaux qui nous entourent sont produits de fa\u00e7on industrielle, plusieurs objets distincts peuvent avoir une composition tr\u00e8s similaire, rendant ainsi plus ardue la t\u00e2che de d\u00e9terminer s\u2019il existe une diff\u00e9rence significative entre les \u00e9chantillons \u00e9tudi\u00e9s.<\/p>\n\n\n\n<p>Heureusement, les r\u00e9centes avanc\u00e9es technologiques ont permis le d\u00e9veloppement de nombreux instruments portables, pouvant \u00eatre transport\u00e9s directement sur la sc\u00e8ne. Avec l\u2019aide de chimistes judiciaires, des bases de donn\u00e9es ont \u00e9t\u00e9 con\u00e7ues et, gr\u00e2ce \u00e0 la puissance des ordinateurs actuels, permettent d\u2019effectuer in situ des analyses statistiques sur les \u00e9chantillons judiciaires. Dans de nombreux pays, les scientifiques travaillent d\u00e9j\u00e0 en coop\u00e9ration avec les enqu\u00eateurs sur le terrain afin d\u2019offrir, gr\u00e2ce \u00e0 l&rsquo;utilisation de ces nouveaux outils, des renseignements en temps r\u00e9el pendant le d\u00e9roulement de l\u2019enqu\u00eate.<\/p>\n\n\n\n<p>Bien que cette nouvelle approche de la chimie en soit encore \u00e0 ses premiers pas, sa popularit\u00e9 grandissante permet qu\u2019une nouvelle g\u00e9n\u00e9ration de chimistes judiciaires puisse continuer \u00e0 repousser les limites de ce qui peut \u00eatre analys\u00e9 et \u00e9valu\u00e9, tout en s\u2019assurant que chaque r\u00e9ponse donn\u00e9e soit \u00e0 la fois correcte et compl\u00e8te.<\/p>\n","protected":false},"excerpt":{"rendered":"<p>La chimie judiciaire est une discipline qui proc\u00e8de \u00e0 l&rsquo;identification et la comparaison de presque tous les mat\u00e9riaux imaginables, sur la base sur leurs caract\u00e9ristiques physiques et chimiques, dans le&#8230;<\/p>\n","protected":false},"author":774,"featured_media":9467,"parent":3694,"menu_order":0,"comment_status":"closed","ping_status":"closed","template":"","meta":{"_seopress_robots_primary_cat":"","_seopress_titles_title":"","_seopress_titles_desc":"","_seopress_robots_index":"","pmpro_default_level":"","_kad_blocks_custom_css":"","_kad_blocks_head_custom_js":"","_kad_blocks_body_custom_js":"","_kad_blocks_footer_custom_js":"","_price":"","_stock":"","_tribe_ticket_header":"","_tribe_default_ticket_provider":"","_tribe_ticket_capacity":"0","_ticket_start_date":"","_ticket_end_date":"","_tribe_ticket_show_description":"","_tribe_ticket_show_not_going":false,"_tribe_ticket_use_global_stock":"","_tribe_ticket_global_stock_level":"","_global_stock_mode":"","_global_stock_cap":"","_tribe_rsvp_for_event":"","_tribe_ticket_going_count":"","_tribe_ticket_not_going_count":"","_tribe_tickets_list":"[]","_tribe_ticket_has_attendee_info_fields":false,"_EventAllDay":false,"_EventTimezone":"","_EventStartDate":"","_EventEndDate":"","_EventStartDateUTC":"","_EventEndDateUTC":"","_EventShowMap":false,"_EventShowMapLink":false,"_EventURL":"","_EventCost":"","_EventCostDescription":"","_EventCurrencySymbol":"","_EventCurrencyCode":"","_EventCurrencyPosition":"","_EventDateTimeSeparator":"","_EventTimeRangeSeparator":"","_EventOrganizerID":[],"_EventVenueID":[],"_OrganizerEmail":"","_OrganizerPhone":"","_OrganizerWebsite":"","_VenueAddress":"","_VenueCity":"","_VenueCountry":"","_VenueProvince":"","_VenueState":"","_VenueZip":"","_VenuePhone":"","_VenueURL":"","_VenueStateProvince":"","_VenueLat":"","_VenueLng":"","_VenueShowMap":false,"_VenueShowMapLink":false,"_kad_post_transparent":"","_kad_post_title":"","_kad_post_layout":"","_kad_post_sidebar_id":"","_kad_post_content_style":"","_kad_post_vertical_padding":"","_kad_post_feature":"","_kad_post_feature_position":"","_kad_post_header":false,"_kad_post_footer":false,"_kad_post_classname":"","footnotes":""},"page_category":[164],"class_list":["post-3907","page","type-page","status-publish","has-post-thumbnail","hentry","page_category-disciplines","pmpro-has-access"],"taxonomy_info":{"page_category":[{"value":164,"label":"Disciplines"}]},"featured_image_src_large":["https:\/\/www.csfs.ca\/wp-content\/uploads\/2021\/02\/chemistry-150x150-1.png",150,150,false],"author_info":{"display_name":"CSFS","author_link":"https:\/\/www.csfs.ca\/fr\/author\/CSFS\/"},"comment_info":0,"_links":{"self":[{"href":"https:\/\/www.csfs.ca\/fr\/wp-json\/wp\/v2\/pages\/3907","targetHints":{"allow":["GET"]}}],"collection":[{"href":"https:\/\/www.csfs.ca\/fr\/wp-json\/wp\/v2\/pages"}],"about":[{"href":"https:\/\/www.csfs.ca\/fr\/wp-json\/wp\/v2\/types\/page"}],"author":[{"embeddable":true,"href":"https:\/\/www.csfs.ca\/fr\/wp-json\/wp\/v2\/users\/774"}],"replies":[{"embeddable":true,"href":"https:\/\/www.csfs.ca\/fr\/wp-json\/wp\/v2\/comments?post=3907"}],"version-history":[{"count":0,"href":"https:\/\/www.csfs.ca\/fr\/wp-json\/wp\/v2\/pages\/3907\/revisions"}],"up":[{"embeddable":true,"href":"https:\/\/www.csfs.ca\/fr\/wp-json\/wp\/v2\/pages\/3694"}],"wp:featuredmedia":[{"embeddable":true,"href":"https:\/\/www.csfs.ca\/fr\/wp-json\/wp\/v2\/media\/9467"}],"wp:attachment":[{"href":"https:\/\/www.csfs.ca\/fr\/wp-json\/wp\/v2\/media?parent=3907"}],"wp:term":[{"taxonomy":"page_category","embeddable":true,"href":"https:\/\/www.csfs.ca\/fr\/wp-json\/wp\/v2\/page_category?post=3907"}],"curies":[{"name":"wp","href":"https:\/\/api.w.org\/{rel}","templated":true}]}}