{"id":3906,"date":"2016-10-28T09:13:58","date_gmt":"2016-10-28T13:13:58","guid":{"rendered":"https:\/\/www.csfs.ca\/?page_id=3906&#038;lang=fr"},"modified":"2021-05-12T10:58:55","modified_gmt":"2021-05-12T14:58:55","slug":"biologie","status":"publish","type":"page","link":"https:\/\/www.csfs.ca\/fr\/notre_raison_detre\/disciplines-sections\/biologie\/","title":{"rendered":"Biologie"},"content":{"rendered":"\n<figure class=\"wp-block-image size-full is-resized\"><img decoding=\"async\" src=\"https:\/\/www.csfs.ca\/wp-content\/uploads\/2016\/05\/biology.jpg\" alt=\"biology\" class=\"wp-image-3293\" width=\"810\" height=\"149\"\/><\/figure>\n\n\n\n<p>La biologie judiciaire se concentre principalement sur l&rsquo;identification et l&rsquo;individualisation des fluides corporels.<\/p>\n\n\n\n<p>L\u2019identification consiste \u00e0 entreprendre les \u00e9tapes n\u00e9cessaires dans l&rsquo;analyse des taches ou des fluides de nature inconnue afin d\u2019en d\u00e9terminer l\u2019origine biologique. Les fluides corporels les plus couramment test\u00e9s sont le sang, le sperme et la salive, mais ceux-ci peuvent \u00e9galement comprendre des tests pour l&rsquo;urine et les f\u00e8ces. Les m\u00e9thodes traditionnelles utilisent principalement des tests par indicateurs de couleur, mais il s\u2019effectue de plus en plus de recherches tentant vers l\u2019utilisation de techniques de biologie immunologique et mol\u00e9culaire.<\/p>\n\n\n\n<p>L\u2019individualisation consiste \u00e0 d\u00e9terminer, en examinant diff\u00e9rents marqueurs, si un individu donn\u00e9 peut ou non \u00eatre \u00e0 l\u2019origine d&rsquo;une substance corporelle. Depuis les ann\u00e9es 1990, les marqueurs d&rsquo;ADN sont consid\u00e9r\u00e9s comme le meilleur standard aux fins d&rsquo;identification. En utilisant des techniques telles que la r\u00e9action en cha\u00eene par polym\u00e9rase (PCR), les biologistes judiciaires ont \u00e9t\u00e9 capables d&rsquo;utiliser plusieurs marqueurs situ\u00e9s sur les chromosomes normaux (STR), les chromosomes sexuels (Y-STR) et dans l&rsquo;ADN mitochondrial afin de discriminer l&rsquo;ADN d\u2019un individu avec un degr\u00e9 \u00e9lev\u00e9 de certitude. Les progr\u00e8s de la technologie, y compris les travaux sur le s\u00e9quen\u00e7age du g\u00e9nome entier et sur les polymorphismes nucl\u00e9otidiques simples (SNP) garantissent que l&rsquo;analyse de l&rsquo;ADN va continuer \u00e0 jouer un r\u00f4le important en biologie judiciaire pour de nombreuses ann\u00e9es.<\/p>\n\n\n\n<p>Les biologistes judiciaires peuvent exercer leurs comp\u00e9tences dans une vari\u00e9t\u00e9 de carri\u00e8res. La plupart des biologistes judiciaires travaillent dans les laboratoires judiciaires publics et priv\u00e9s analysant des \u00e9chantillons provenant de sc\u00e8nes de crime. Les techniciens effectuent une grande partie du travail de laboratoire en mati\u00e8re d&rsquo;identification de fluide corporel ou d&rsquo;analyse de l&rsquo;ADN. Les scientifiques ou les analystes peuvent \u00e9galement effectuer ce travail de laboratoire, mais ils peuvent \u00e9galement avoir des responsabilit\u00e9s suppl\u00e9mentaires en mati\u00e8re d&rsquo;interpr\u00e9tation des r\u00e9sultats et de r\u00e9daction de rapports. Ils sont souvent appel\u00e9s \u00e0 t\u00e9moigner afin de pr\u00e9senter leurs conclusions au tribunal. Les biologistes judiciaires peuvent \u00e9galement exercer dans d&rsquo;autres domaines, notamment: le traitement des \u00e9chantillons de condamn\u00e9s au sein de laboratoires alimentant les bases de donn\u00e9es ADN, dans la recherche biom\u00e9dicale et dans les \u00e9tablissements d&rsquo;enseignement \u00e0 travers le pays.<\/p>\n\n\n\n<p>Toute personne d\u00e9sireuse d\u2019exercer \u00e0 titre d\u2019analyste susceptible d\u2019aller t\u00e9moigner en Cour doit au minimum poss\u00e9der un dipl\u00f4me de premier cycle en biologie, ou d\u2019un programme en chimie ou en sciences judiciaires \u00e0 l\u2019int\u00e9rieur duquel des cours en biochimie, en g\u00e9n\u00e9tique, en statistiques et en g\u00e9n\u00e9tique des populations ont \u00e9t\u00e9 enseign\u00e9s. Ces pr\u00e9requis font partie des exigences des normes d&rsquo;accr\u00e9ditation auxquelles les laboratoires judiciaires sont habituellement soumis. Bien que les exigences pour les techniciens ne soient pas aussi strictes, la plupart d\u2019entre eux poss\u00e8dent un dipl\u00f4me ou une certification \u00e9quivalente d&rsquo;un \u00e9tablissement d&rsquo;enseignement postsecondaire.<\/p>\n","protected":false},"excerpt":{"rendered":"<p>La biologie judiciaire se concentre principalement sur l&rsquo;identification et l&rsquo;individualisation des fluides corporels. L\u2019identification consiste \u00e0 entreprendre les \u00e9tapes n\u00e9cessaires dans l&rsquo;analyse des taches ou des fluides de nature inconnue&#8230;<\/p>\n","protected":false},"author":774,"featured_media":9464,"parent":3694,"menu_order":0,"comment_status":"closed","ping_status":"closed","template":"","meta":{"_seopress_robots_primary_cat":"","_seopress_titles_title":"","_seopress_titles_desc":"","_seopress_robots_index":"","pmpro_default_level":"","_kad_blocks_custom_css":"","_kad_blocks_head_custom_js":"","_kad_blocks_body_custom_js":"","_kad_blocks_footer_custom_js":"","_price":"","_stock":"","_tribe_ticket_header":"","_tribe_default_ticket_provider":"","_tribe_ticket_capacity":"0","_ticket_start_date":"","_ticket_end_date":"","_tribe_ticket_show_description":"","_tribe_ticket_show_not_going":false,"_tribe_ticket_use_global_stock":"","_tribe_ticket_global_stock_level":"","_global_stock_mode":"","_global_stock_cap":"","_tribe_rsvp_for_event":"","_tribe_ticket_going_count":"","_tribe_ticket_not_going_count":"","_tribe_tickets_list":"[]","_tribe_ticket_has_attendee_info_fields":false,"_EventAllDay":false,"_EventTimezone":"","_EventStartDate":"","_EventEndDate":"","_EventStartDateUTC":"","_EventEndDateUTC":"","_EventShowMap":false,"_EventShowMapLink":false,"_EventURL":"","_EventCost":"","_EventCostDescription":"","_EventCurrencySymbol":"","_EventCurrencyCode":"","_EventCurrencyPosition":"","_EventDateTimeSeparator":"","_EventTimeRangeSeparator":"","_EventOrganizerID":[],"_EventVenueID":[],"_OrganizerEmail":"","_OrganizerPhone":"","_OrganizerWebsite":"","_VenueAddress":"","_VenueCity":"","_VenueCountry":"","_VenueProvince":"","_VenueState":"","_VenueZip":"","_VenuePhone":"","_VenueURL":"","_VenueStateProvince":"","_VenueLat":"","_VenueLng":"","_VenueShowMap":false,"_VenueShowMapLink":false,"_kad_post_transparent":"","_kad_post_title":"","_kad_post_layout":"","_kad_post_sidebar_id":"","_kad_post_content_style":"","_kad_post_vertical_padding":"","_kad_post_feature":"","_kad_post_feature_position":"","_kad_post_header":false,"_kad_post_footer":false,"_kad_post_classname":"","footnotes":""},"page_category":[164],"class_list":["post-3906","page","type-page","status-publish","has-post-thumbnail","hentry","page_category-disciplines","pmpro-has-access"],"taxonomy_info":{"page_category":[{"value":164,"label":"Disciplines"}]},"featured_image_src_large":["https:\/\/www.csfs.ca\/wp-content\/uploads\/2021\/02\/Untitled-7.png",150,150,false],"author_info":{"display_name":"CSFS","author_link":"https:\/\/www.csfs.ca\/fr\/author\/CSFS\/"},"comment_info":0,"_links":{"self":[{"href":"https:\/\/www.csfs.ca\/fr\/wp-json\/wp\/v2\/pages\/3906","targetHints":{"allow":["GET"]}}],"collection":[{"href":"https:\/\/www.csfs.ca\/fr\/wp-json\/wp\/v2\/pages"}],"about":[{"href":"https:\/\/www.csfs.ca\/fr\/wp-json\/wp\/v2\/types\/page"}],"author":[{"embeddable":true,"href":"https:\/\/www.csfs.ca\/fr\/wp-json\/wp\/v2\/users\/774"}],"replies":[{"embeddable":true,"href":"https:\/\/www.csfs.ca\/fr\/wp-json\/wp\/v2\/comments?post=3906"}],"version-history":[{"count":0,"href":"https:\/\/www.csfs.ca\/fr\/wp-json\/wp\/v2\/pages\/3906\/revisions"}],"up":[{"embeddable":true,"href":"https:\/\/www.csfs.ca\/fr\/wp-json\/wp\/v2\/pages\/3694"}],"wp:featuredmedia":[{"embeddable":true,"href":"https:\/\/www.csfs.ca\/fr\/wp-json\/wp\/v2\/media\/9464"}],"wp:attachment":[{"href":"https:\/\/www.csfs.ca\/fr\/wp-json\/wp\/v2\/media?parent=3906"}],"wp:term":[{"taxonomy":"page_category","embeddable":true,"href":"https:\/\/www.csfs.ca\/fr\/wp-json\/wp\/v2\/page_category?post=3906"}],"curies":[{"name":"wp","href":"https:\/\/api.w.org\/{rel}","templated":true}]}}