{"id":3751,"date":"2016-05-02T13:43:54","date_gmt":"2016-05-02T17:43:54","guid":{"rendered":"https:\/\/www.csfs.ca\/message-from-president\/?lang=fr"},"modified":"2025-09-22T09:13:05","modified_gmt":"2025-09-22T13:13:05","slug":"message-de-la-presidente","status":"publish","type":"page","link":"https:\/\/www.csfs.ca\/fr\/a-propos\/message-de-la-presidente\/","title":{"rendered":"Message de la pr\u00e9sidente"},"content":{"rendered":"<style>.kb-row-layout-id3751_765f37-96 > .kt-row-column-wrap{align-content:start;}:where(.kb-row-layout-id3751_765f37-96 > .kt-row-column-wrap) > .wp-block-kadence-column{justify-content:start;}.kb-row-layout-id3751_765f37-96 > .kt-row-column-wrap{column-gap:var(--global-kb-gap-md, 2rem);row-gap:var(--global-kb-gap-md, 2rem);padding-top:var(--global-kb-spacing-sm, 1.5rem);padding-bottom:var(--global-kb-spacing-sm, 1.5rem);grid-template-columns:minmax(0, 1fr) minmax(0, 2fr);}.kb-row-layout-id3751_765f37-96 > .kt-row-layout-overlay{opacity:0.30;}@media all and (max-width: 1024px){.kb-row-layout-id3751_765f37-96 > .kt-row-column-wrap{grid-template-columns:minmax(0, 1fr) minmax(0, 2fr);}}@media all and (max-width: 767px){.kb-row-layout-id3751_765f37-96 > .kt-row-column-wrap{grid-template-columns:minmax(0, 1fr);}}<\/style><div class=\"kb-row-layout-wrap kb-row-layout-id3751_765f37-96 alignnone wp-block-kadence-rowlayout\"><div class=\"kt-row-column-wrap kt-has-2-columns kt-row-layout-right-golden kt-tab-layout-inherit kt-mobile-layout-row kt-row-valign-top\">\n<style>.kadence-column3751_70fee1-59 > .kt-inside-inner-col,.kadence-column3751_70fee1-59 > .kt-inside-inner-col:before{border-top-left-radius:0px;border-top-right-radius:0px;border-bottom-right-radius:0px;border-bottom-left-radius:0px;}.kadence-column3751_70fee1-59 > .kt-inside-inner-col{column-gap:var(--global-kb-gap-sm, 1rem);}.kadence-column3751_70fee1-59 > .kt-inside-inner-col{flex-direction:column;}.kadence-column3751_70fee1-59 > .kt-inside-inner-col > .aligncenter{width:100%;}.kadence-column3751_70fee1-59 > .kt-inside-inner-col:before{opacity:0.3;}.kadence-column3751_70fee1-59{position:relative;}@media all and (max-width: 1024px){.kadence-column3751_70fee1-59 > .kt-inside-inner-col{flex-direction:column;justify-content:center;}}@media all and (max-width: 767px){.kadence-column3751_70fee1-59 > .kt-inside-inner-col{flex-direction:column;justify-content:center;}}<\/style>\n<div class=\"wp-block-kadence-column kadence-column3751_70fee1-59 inner-column-1\"><div class=\"kt-inside-inner-col\"><\/div><\/div>\n\n\n<style>.kadence-column3751_c83d31-c3 > .kt-inside-inner-col,.kadence-column3751_c83d31-c3 > .kt-inside-inner-col:before{border-top-left-radius:0px;border-top-right-radius:0px;border-bottom-right-radius:0px;border-bottom-left-radius:0px;}.kadence-column3751_c83d31-c3 > .kt-inside-inner-col{column-gap:var(--global-kb-gap-sm, 1rem);}.kadence-column3751_c83d31-c3 > .kt-inside-inner-col{flex-direction:column;}.kadence-column3751_c83d31-c3 > .kt-inside-inner-col > .aligncenter{width:100%;}.kadence-column3751_c83d31-c3 > .kt-inside-inner-col:before{opacity:0.3;}.kadence-column3751_c83d31-c3{position:relative;}@media all and (max-width: 1024px){.kadence-column3751_c83d31-c3 > .kt-inside-inner-col{flex-direction:column;justify-content:center;}}@media all and (max-width: 767px){.kadence-column3751_c83d31-c3 > .kt-inside-inner-col{flex-direction:column;justify-content:center;}}<\/style>\n<div class=\"wp-block-kadence-column kadence-column3751_c83d31-c3 inner-column-2\"><div class=\"kt-inside-inner-col\">\n<p>Chers membres de la Soci\u00e9t\u00e9 canadienne des sciences judiciaires,<\/p>\n\n\n\n<p>C\u2019est v\u00e9ritablement un honneur et un privil\u00e8ge de servir en tant que Pr\u00e9sidente de la Soci\u00e9t\u00e9 canadienne des sciences judiciaires cette ann\u00e9e. Je suis ravie de collaborer avec chacun d\u2019entre vous afin de favoriser des partenariats significatifs qui soutiennent l\u2019\u00e9ducation, la recherche et l\u2019innovation dans toutes les disciplines des sciences judiciaires.<\/p>\n\n\n\n<p>En nous appuyant sur l\u2019\u00e9lan de notre conf\u00e9rence <em>Le pouvoir des sciences judiciaires<\/em> tenue en juin 2025, nous sommes stimul\u00e9s par les liens renforc\u00e9s entre les professionnels judiciaires, chercheurs et&nbsp; les parties prenantes. Cet esprit de collaboration continuera de nous guider alors que nous organiserons une s\u00e9rie de webinaires \u00e9ducatifs portant sur les technologies \u00e9mergentes et les d\u00e9fis actuels de notre domaine.<\/p>\n\n\n\n<p>Notre soci\u00e9t\u00e9 est riche en intellect, en exp\u00e9rience et en enthousiasme. J\u2019encourage tous les membres \u2014 nouveaux comme anciens \u2014 \u00e0 s\u2019impliquer, \u00e0 partager leur expertise et \u00e0 contribuer \u00e0 fa\u00e7onner l\u2019avenir des sciences judiciaires au Canada. Que ce soit par le travail en comit\u00e9, le mentorat ou le partage des connaissances, votre participation renforce notre voix collective et notre impact.<\/p>\n\n\n\n<p>Ensemble, saisissons les opportunit\u00e9s qui s\u2019offrent \u00e0 nous et \u0153uvrons pour une ann\u00e9e productive, inclusive et \u00e9clairante.<\/p>\n\n\n\n<p>Cordialement,<br><strong>Diana Polley<\/strong><br>Pr\u00e9sidente, Soci\u00e9t\u00e9 canadienne des science judiciaires<\/p>\n\n\n\n<p><\/p>\n<\/div><\/div>\n\n<\/div><\/div>","protected":false},"excerpt":{"rendered":"<p>Chers membres de la Soci\u00e9t\u00e9 canadienne des sciences judiciaires, C\u2019est v\u00e9ritablement un honneur et un privil\u00e8ge de servir en tant que Pr\u00e9sidente de la Soci\u00e9t\u00e9 canadienne des sciences judiciaires cette&#8230;<\/p>\n","protected":false},"author":774,"featured_media":9956,"parent":2473,"menu_order":-80,"comment_status":"closed","ping_status":"closed","template":"","meta":{"_seopress_robots_primary_cat":"","_seopress_titles_title":"","_seopress_titles_desc":"","_seopress_robots_index":"","pmpro_default_level":"","_kad_blocks_custom_css":"","_kad_blocks_head_custom_js":"","_kad_blocks_body_custom_js":"","_kad_blocks_footer_custom_js":"","_price":"","_stock":"","_tribe_ticket_header":"","_tribe_default_ticket_provider":"","_tribe_ticket_capacity":"0","_ticket_start_date":"","_ticket_end_date":"","_tribe_ticket_show_description":"","_tribe_ticket_show_not_going":false,"_tribe_ticket_use_global_stock":"","_tribe_ticket_global_stock_level":"","_global_stock_mode":"","_global_stock_cap":"","_tribe_rsvp_for_event":"","_tribe_ticket_going_count":"","_tribe_ticket_not_going_count":"","_tribe_tickets_list":"[]","_tribe_ticket_has_attendee_info_fields":false,"_EventAllDay":false,"_EventTimezone":"","_EventStartDate":"","_EventEndDate":"","_EventStartDateUTC":"","_EventEndDateUTC":"","_EventShowMap":false,"_EventShowMapLink":false,"_EventURL":"","_EventCost":"","_EventCostDescription":"","_EventCurrencySymbol":"","_EventCurrencyCode":"","_EventCurrencyPosition":"","_EventDateTimeSeparator":"","_EventTimeRangeSeparator":"","_EventOrganizerID":[],"_EventVenueID":[],"_OrganizerEmail":"","_OrganizerPhone":"","_OrganizerWebsite":"","_VenueAddress":"","_VenueCity":"","_VenueCountry":"","_VenueProvince":"","_VenueState":"","_VenueZip":"","_VenuePhone":"","_VenueURL":"","_VenueStateProvince":"","_VenueLat":"","_VenueLng":"","_VenueShowMap":false,"_VenueShowMapLink":false,"_kad_post_transparent":"","_kad_post_title":"","_kad_post_layout":"","_kad_post_sidebar_id":"","_kad_post_content_style":"","_kad_post_vertical_padding":"","_kad_post_feature":"","_kad_post_feature_position":"","_kad_post_header":false,"_kad_post_footer":false,"_kad_post_classname":"","footnotes":""},"page_category":[],"class_list":["post-3751","page","type-page","status-publish","has-post-thumbnail","hentry","pmpro-has-access"],"taxonomy_info":[],"featured_image_src_large":["https:\/\/www.csfs.ca\/wp-content\/uploads\/2016\/05\/IMG_5615-1024x768.jpg",1024,768,true],"author_info":{"display_name":"CSFS","author_link":"https:\/\/www.csfs.ca\/fr\/author\/CSFS\/"},"comment_info":0,"_links":{"self":[{"href":"https:\/\/www.csfs.ca\/fr\/wp-json\/wp\/v2\/pages\/3751","targetHints":{"allow":["GET"]}}],"collection":[{"href":"https:\/\/www.csfs.ca\/fr\/wp-json\/wp\/v2\/pages"}],"about":[{"href":"https:\/\/www.csfs.ca\/fr\/wp-json\/wp\/v2\/types\/page"}],"author":[{"embeddable":true,"href":"https:\/\/www.csfs.ca\/fr\/wp-json\/wp\/v2\/users\/774"}],"replies":[{"embeddable":true,"href":"https:\/\/www.csfs.ca\/fr\/wp-json\/wp\/v2\/comments?post=3751"}],"version-history":[{"count":8,"href":"https:\/\/www.csfs.ca\/fr\/wp-json\/wp\/v2\/pages\/3751\/revisions"}],"predecessor-version":[{"id":19951,"href":"https:\/\/www.csfs.ca\/fr\/wp-json\/wp\/v2\/pages\/3751\/revisions\/19951"}],"up":[{"embeddable":true,"href":"https:\/\/www.csfs.ca\/fr\/wp-json\/wp\/v2\/pages\/2473"}],"wp:featuredmedia":[{"embeddable":true,"href":"https:\/\/www.csfs.ca\/fr\/wp-json\/wp\/v2\/media\/9956"}],"wp:attachment":[{"href":"https:\/\/www.csfs.ca\/fr\/wp-json\/wp\/v2\/media?parent=3751"}],"wp:term":[{"taxonomy":"page_category","embeddable":true,"href":"https:\/\/www.csfs.ca\/fr\/wp-json\/wp\/v2\/page_category?post=3751"}],"curies":[{"name":"wp","href":"https:\/\/api.w.org\/{rel}","templated":true}]}}