{"id":3749,"date":"2016-05-02T13:45:57","date_gmt":"2016-05-02T17:45:57","guid":{"rendered":"https:\/\/www.csfs.ca\/aprepos\/mission-statement-csfs\/?lang=fr"},"modified":"2021-05-12T10:58:53","modified_gmt":"2021-05-12T14:58:53","slug":"mission-statement-csfs","status":"publish","type":"page","link":"https:\/\/www.csfs.ca\/fr\/a-propos\/mission-statement-csfs\/","title":{"rendered":"\u00c9nonc\u00e9 de la mission de la SCSJ"},"content":{"rendered":"\n<figure class=\"wp-block-image size-full is-resized\"><img decoding=\"async\" src=\"https:\/\/www.csfs.ca\/wp-content\/uploads\/2016\/05\/mission.jpg\" alt=\"mission\" class=\"wp-image-3309\" width=\"810\" height=\"145\" srcset=\"https:\/\/www.csfs.ca\/wp-content\/uploads\/2016\/05\/mission-239x44.jpg 239w, https:\/\/www.csfs.ca\/wp-content\/uploads\/2016\/05\/mission-300x55.jpg 300w\" sizes=\"(max-width: 810px) 100vw, 810px\" \/><\/figure>\n\n\n\n<p>La Soci\u00e9t\u00e9 canadienne des sciences judiciaires a pour mission de promouvoir l&rsquo;\u00e9tude, d&rsquo;\u00e9lever les normes et de rehausser la r\u00e9putation de la science m\u00e9dico-l\u00e9gale en tant que domaine distinct et, sans se limiter la g\u00e9n\u00e9ralit\u00e9 de ce qui pr\u00e9c\u00e8de, \u00e0 cette fin:<\/p>\n\n\n\n<ul class=\"wp-block-list\"><li>voir, recevoir, rassembler, \u00e9valuer, enregistrer, rapporter et diffuser l\u2019information \u00e9manant d&rsquo;\u00e9tudes m\u00e9dico-l\u00e9gales et associ\u00e9es;<\/li><li>mener ou aider \u00e0 mener des recherches sur des questions m\u00e9dico-l\u00e9gales, des techniques, des proc\u00e9dures et des pratiques et \u00e9tablir ou faciliter la mise en place de telles installations;<\/li><li>promouvoir et encourager la discussion au niveau du public ou autres;<\/li><li>parrainer ou publier de temps en temps une revue, des p\u00e9riodiques et d&rsquo;autres documents ayant trait \u00e0 la science m\u00e9dico-l\u00e9gale;<\/li><li>fournir une aide, financi\u00e8re ou autre, \u00e0 des programmes de formation professionnelle en science m\u00e9dico-l\u00e9gales et aux \u00e9tudes connexes;<\/li><li>\u00e9tablir, souscrire, parrainer, appuyer ou aider \u00e0 la cr\u00e9ation, au parrainage ou au soutien, sous les auspices et affiliations appropri\u00e9s, de bourses d&rsquo;\u00e9tudes, de bourses et de chaires en m\u00e9decine l\u00e9gale et aux \u00e9tudes connexes;<\/li><li>solliciter, recevoir et administrer de l&rsquo;argent par des subventions gouvernementales, des cadeaux, et des dons de biens, r\u00e9els et personnels.<\/li><\/ul>\n","protected":false},"excerpt":{"rendered":"<p>La Soci\u00e9t\u00e9 canadienne des sciences judiciaires a pour mission de promouvoir l&rsquo;\u00e9tude, d&rsquo;\u00e9lever les normes et de rehausser la r\u00e9putation de la science m\u00e9dico-l\u00e9gale en tant que domaine distinct et,&#8230;<\/p>\n","protected":false},"author":774,"featured_media":0,"parent":2473,"menu_order":-100,"comment_status":"closed","ping_status":"closed","template":"","meta":{"_seopress_robots_primary_cat":"","_seopress_titles_title":"","_seopress_titles_desc":"","_seopress_robots_index":"","pmpro_default_level":"","_kad_blocks_custom_css":"","_kad_blocks_head_custom_js":"","_kad_blocks_body_custom_js":"","_kad_blocks_footer_custom_js":"","_price":"","_stock":"","_tribe_ticket_header":"","_tribe_default_ticket_provider":"","_tribe_ticket_capacity":"0","_ticket_start_date":"","_ticket_end_date":"","_tribe_ticket_show_description":"","_tribe_ticket_show_not_going":false,"_tribe_ticket_use_global_stock":"","_tribe_ticket_global_stock_level":"","_global_stock_mode":"","_global_stock_cap":"","_tribe_rsvp_for_event":"","_tribe_ticket_going_count":"","_tribe_ticket_not_going_count":"","_tribe_tickets_list":"[]","_tribe_ticket_has_attendee_info_fields":false,"_EventAllDay":false,"_EventTimezone":"","_EventStartDate":"","_EventEndDate":"","_EventStartDateUTC":"","_EventEndDateUTC":"","_EventShowMap":false,"_EventShowMapLink":false,"_EventURL":"","_EventCost":"","_EventCostDescription":"","_EventCurrencySymbol":"","_EventCurrencyCode":"","_EventCurrencyPosition":"","_EventDateTimeSeparator":"","_EventTimeRangeSeparator":"","_EventOrganizerID":[],"_EventVenueID":[],"_OrganizerEmail":"","_OrganizerPhone":"","_OrganizerWebsite":"","_VenueAddress":"","_VenueCity":"","_VenueCountry":"","_VenueProvince":"","_VenueState":"","_VenueZip":"","_VenuePhone":"","_VenueURL":"","_VenueStateProvince":"","_VenueLat":"","_VenueLng":"","_VenueShowMap":false,"_VenueShowMapLink":false,"_kad_post_transparent":"","_kad_post_title":"","_kad_post_layout":"","_kad_post_sidebar_id":"","_kad_post_content_style":"","_kad_post_vertical_padding":"","_kad_post_feature":"","_kad_post_feature_position":"","_kad_post_header":false,"_kad_post_footer":false,"_kad_post_classname":"","footnotes":""},"page_category":[],"class_list":["post-3749","page","type-page","status-publish","hentry","pmpro-has-access"],"taxonomy_info":[],"featured_image_src_large":false,"author_info":{"display_name":"CSFS","author_link":"https:\/\/www.csfs.ca\/fr\/author\/CSFS\/"},"comment_info":0,"_links":{"self":[{"href":"https:\/\/www.csfs.ca\/fr\/wp-json\/wp\/v2\/pages\/3749","targetHints":{"allow":["GET"]}}],"collection":[{"href":"https:\/\/www.csfs.ca\/fr\/wp-json\/wp\/v2\/pages"}],"about":[{"href":"https:\/\/www.csfs.ca\/fr\/wp-json\/wp\/v2\/types\/page"}],"author":[{"embeddable":true,"href":"https:\/\/www.csfs.ca\/fr\/wp-json\/wp\/v2\/users\/774"}],"replies":[{"embeddable":true,"href":"https:\/\/www.csfs.ca\/fr\/wp-json\/wp\/v2\/comments?post=3749"}],"version-history":[{"count":1,"href":"https:\/\/www.csfs.ca\/fr\/wp-json\/wp\/v2\/pages\/3749\/revisions"}],"predecessor-version":[{"id":14814,"href":"https:\/\/www.csfs.ca\/fr\/wp-json\/wp\/v2\/pages\/3749\/revisions\/14814"}],"up":[{"embeddable":true,"href":"https:\/\/www.csfs.ca\/fr\/wp-json\/wp\/v2\/pages\/2473"}],"wp:attachment":[{"href":"https:\/\/www.csfs.ca\/fr\/wp-json\/wp\/v2\/media?parent=3749"}],"wp:term":[{"taxonomy":"page_category","embeddable":true,"href":"https:\/\/www.csfs.ca\/fr\/wp-json\/wp\/v2\/page_category?post=3749"}],"curies":[{"name":"wp","href":"https:\/\/api.w.org\/{rel}","templated":true}]}}