{"id":3748,"date":"2016-05-02T13:46:12","date_gmt":"2016-05-02T17:46:12","guid":{"rendered":"https:\/\/www.csfs.ca\/aprepos\/history\/?lang=fr"},"modified":"2022-02-14T10:47:40","modified_gmt":"2022-02-14T15:47:40","slug":"history","status":"publish","type":"page","link":"https:\/\/www.csfs.ca\/fr\/a-propos\/history\/","title":{"rendered":"Historique"},"content":{"rendered":"\n<figure class=\"wp-block-image\"><img decoding=\"async\" width=\"986\" height=\"268\" src=\"https:\/\/www.csfs.ca\/wp-content\/uploads\/2016\/05\/csfs-1953-meeting.jpg\" alt=\"csfs 1953 meeting\" class=\"wp-image-3435\" srcset=\"https:\/\/www.csfs.ca\/wp-content\/uploads\/2016\/05\/csfs-1953-meeting.jpg 986w, https:\/\/www.csfs.ca\/wp-content\/uploads\/2016\/05\/csfs-1953-meeting-239x65.jpg 239w, https:\/\/www.csfs.ca\/wp-content\/uploads\/2016\/05\/csfs-1953-meeting-482x131.jpg 482w, https:\/\/www.csfs.ca\/wp-content\/uploads\/2016\/05\/csfs-1953-meeting-600x163.jpg 600w, https:\/\/www.csfs.ca\/wp-content\/uploads\/2016\/05\/csfs-1953-meeting-300x82.jpg 300w, https:\/\/www.csfs.ca\/wp-content\/uploads\/2016\/05\/csfs-1953-meeting-768x209.jpg 768w, https:\/\/www.csfs.ca\/wp-content\/uploads\/2016\/05\/csfs-1953-meeting-968x263.jpg 968w, https:\/\/www.csfs.ca\/wp-content\/uploads\/2016\/05\/csfs-1953-meeting-636x173.jpg 636w, https:\/\/www.csfs.ca\/wp-content\/uploads\/2016\/05\/csfs-1953-meeting-320x87.jpg 320w\" sizes=\"(max-width: 986px) 100vw, 986px\" \/><\/figure>\n\n\n\n<h2 class=\"wp-block-heading\"><strong>La naissance de la soci\u00e9t\u00e9<\/strong><\/h2>\n\n\n\n<p>Pendant de nombreuses ann\u00e9es, les efforts d\u00e9ploy\u00e9s au Canada afin d\u2019assurer que la science fonctionne pour la population canadienne, en fournissant un soutien aux organismes d&rsquo;application de la loi, se sont d\u00e9roul\u00e9s dans l\u2019isolement et l\u2019ind\u00e9pendance. Peut-\u00eatre \u00e9tait-ce en grande partie parce que la communication se limitait aux m\u00e9dias d&rsquo;information et \u00e0 l&rsquo;article occasionnel dans un magazine populaire.<\/p>\n\n\n\n<p>En 1953, l&rsquo;inspecteur James A. Churchman, expert en identification des armes \u00e0 feu \u00e0 la GRC, et le Dr Charles G. Farmilo, chimiste au minist\u00e8re de la Sant\u00e9 et du Bien-\u00eatre social \u00e0 Ottawa, s&rsquo;int\u00e9ressaient aux alcalo\u00efdes et autres drogues et concluent que les sciences m\u00e9dico-l\u00e9gales au Canada seraient beaucoup plus utile si les individus impliqu\u00e9s pouvaient apprendre \u00e0 se conna\u00eetre personnellement et \u00e9changer leurs exp\u00e9riences.<\/p>\n\n\n\n<p>Gr\u00e2ce \u00e0 leurs efforts, dix-sept personnes int\u00e9ress\u00e9es provenant d&rsquo;\u00e9tablissements m\u00e9dico-l\u00e9gaux se sont rencontr\u00e9s \u00e0 l&rsquo;\u00e9difice du CNRC \u00e0 Ottawa avec un ordre du jour tr\u00e8s simple. Par l&rsquo;heure du d\u00eener, la \u00ab Canadian Forensic Society \u00bb \u00e9tait cr\u00e9\u00e9e, ce qui refl\u00e8te clairement le besoin \u00e9vident d&rsquo;une telle organisation. Le nom de la Soci\u00e9t\u00e9 a plus tard finalement \u00e9t\u00e9 chang\u00e9 en une forme plus descriptive &#8211; la Soci\u00e9t\u00e9 canadienne des sciences judiciaires.<\/p>\n\n\n\n<p>Depuis ce d\u00e9but modeste, les membres de la Soci\u00e9t\u00e9 ont grandi \u00e0 l&rsquo;\u00e9chelle nationale et internationale, devenant la voix de la m\u00e9decine l\u00e9gale au Canada. Sa prestigieuse publication, le Journal SCSJ, lanc\u00e9e le 1er mars 1968, est maintenant offerte en ligne et touche pr\u00e8s de 3000 personnes et institutions, y compris des universit\u00e9s, des \u00e9tablissements m\u00e9dico-l\u00e9gaux et des biblioth\u00e8ques \u00e0 l&rsquo;\u00e9tranger. Le journal pr\u00e9sente une vari\u00e9t\u00e9 d&rsquo;articles provenant des meilleurs experts en m\u00e9decine l\u00e9gale dans le monde entier.<\/p>\n\n\n\n<p>La Soci\u00e9t\u00e9 canadienne des sciences judiciaires est un excellent exemple de r\u00e9ussite sans r\u00e9serve.<\/p>\n\n\n\n<p>Le temps n&rsquo;a fait que d\u00e9montrer que les inqui\u00e9tudes de nos pr\u00e9d\u00e9cesseurs \u00e9taient les pr\u00e9occupations des scientifiques d&rsquo;aujourd&rsquo;hui, si habilement exprim\u00e9es par le professeur GHW Lucas lors de la r\u00e9union inaugurale: \u00abLes scientifiques et les policiers canadiens qui traitent des probl\u00e8mes m\u00e9dico-l\u00e9gaux d\u00e9coulant des questions juridiques doivent s&rsquo;unir pour \u00e9changer des informations et discuter de ces probl\u00e8mes. La Soci\u00e9t\u00e9 devrait inclure autant de groupes interreli\u00e9s que possible pour relier le personnel des laboratoires qui sont largement dispers\u00e9s \u00e0 travers le Canada. Nous soulignons que bien que nos probl\u00e8mes m\u00e9dico-l\u00e9gaux puissent \u00eatre particuliers \u00e0 la sc\u00e8ne canadienne, il faut se rappeler du caract\u00e8re international de la science et qu\u2019une discussion au sein d\u2019un forum international, que ce soit dans notre propre pays ou ailleurs, peut aider \u00e0 la r\u00e9solution de ces probl\u00e8mes propres \u00e0 notre pays. \u00ab\u00a0<\/p>\n\n\n\n<p>Pour en savoir plus sur les membres fondateurs:<\/p>\n\n\n\n<p><a href=\"https:\/\/www.csfs.ca\/fr\/a-propos\/history\/biographies-des-membres-fondateurs\/\">cliquez ici<\/a><\/p>\n","protected":false},"excerpt":{"rendered":"<p>La naissance de la soci\u00e9t\u00e9 Pendant de nombreuses ann\u00e9es, les efforts d\u00e9ploy\u00e9s au Canada afin d\u2019assurer que la science fonctionne pour la population canadienne, en fournissant un soutien aux organismes&#8230;<\/p>\n","protected":false},"author":774,"featured_media":0,"parent":2473,"menu_order":-50,"comment_status":"closed","ping_status":"closed","template":"","meta":{"_seopress_robots_primary_cat":"","_seopress_titles_title":"","_seopress_titles_desc":"","_seopress_robots_index":"","pmpro_default_level":"","_kad_blocks_custom_css":"","_kad_blocks_head_custom_js":"","_kad_blocks_body_custom_js":"","_kad_blocks_footer_custom_js":"","_price":"","_stock":"","_tribe_ticket_header":"","_tribe_default_ticket_provider":"","_tribe_ticket_capacity":"0","_ticket_start_date":"","_ticket_end_date":"","_tribe_ticket_show_description":"","_tribe_ticket_show_not_going":false,"_tribe_ticket_use_global_stock":"","_tribe_ticket_global_stock_level":"","_global_stock_mode":"","_global_stock_cap":"","_tribe_rsvp_for_event":"","_tribe_ticket_going_count":"","_tribe_ticket_not_going_count":"","_tribe_tickets_list":"[]","_tribe_ticket_has_attendee_info_fields":false,"_EventAllDay":false,"_EventTimezone":"","_EventStartDate":"","_EventEndDate":"","_EventStartDateUTC":"","_EventEndDateUTC":"","_EventShowMap":false,"_EventShowMapLink":false,"_EventURL":"","_EventCost":"","_EventCostDescription":"","_EventCurrencySymbol":"","_EventCurrencyCode":"","_EventCurrencyPosition":"","_EventDateTimeSeparator":"","_EventTimeRangeSeparator":"","_EventOrganizerID":[],"_EventVenueID":[],"_OrganizerEmail":"","_OrganizerPhone":"","_OrganizerWebsite":"","_VenueAddress":"","_VenueCity":"","_VenueCountry":"","_VenueProvince":"","_VenueState":"","_VenueZip":"","_VenuePhone":"","_VenueURL":"","_VenueStateProvince":"","_VenueLat":"","_VenueLng":"","_VenueShowMap":false,"_VenueShowMapLink":false,"_kad_post_transparent":"","_kad_post_title":"","_kad_post_layout":"","_kad_post_sidebar_id":"","_kad_post_content_style":"","_kad_post_vertical_padding":"","_kad_post_feature":"","_kad_post_feature_position":"","_kad_post_header":false,"_kad_post_footer":false,"_kad_post_classname":"","footnotes":""},"page_category":[],"class_list":["post-3748","page","type-page","status-publish","hentry","pmpro-has-access"],"taxonomy_info":[],"featured_image_src_large":false,"author_info":{"display_name":"CSFS","author_link":"https:\/\/www.csfs.ca\/fr\/author\/CSFS\/"},"comment_info":0,"_links":{"self":[{"href":"https:\/\/www.csfs.ca\/fr\/wp-json\/wp\/v2\/pages\/3748","targetHints":{"allow":["GET"]}}],"collection":[{"href":"https:\/\/www.csfs.ca\/fr\/wp-json\/wp\/v2\/pages"}],"about":[{"href":"https:\/\/www.csfs.ca\/fr\/wp-json\/wp\/v2\/types\/page"}],"author":[{"embeddable":true,"href":"https:\/\/www.csfs.ca\/fr\/wp-json\/wp\/v2\/users\/774"}],"replies":[{"embeddable":true,"href":"https:\/\/www.csfs.ca\/fr\/wp-json\/wp\/v2\/comments?post=3748"}],"version-history":[{"count":1,"href":"https:\/\/www.csfs.ca\/fr\/wp-json\/wp\/v2\/pages\/3748\/revisions"}],"predecessor-version":[{"id":14287,"href":"https:\/\/www.csfs.ca\/fr\/wp-json\/wp\/v2\/pages\/3748\/revisions\/14287"}],"up":[{"embeddable":true,"href":"https:\/\/www.csfs.ca\/fr\/wp-json\/wp\/v2\/pages\/2473"}],"wp:attachment":[{"href":"https:\/\/www.csfs.ca\/fr\/wp-json\/wp\/v2\/media?parent=3748"}],"wp:term":[{"taxonomy":"page_category","embeddable":true,"href":"https:\/\/www.csfs.ca\/fr\/wp-json\/wp\/v2\/page_category?post=3748"}],"curies":[{"name":"wp","href":"https:\/\/api.w.org\/{rel}","templated":true}]}}