{"id":3745,"date":"2016-05-02T13:52:42","date_gmt":"2016-05-02T17:52:42","guid":{"rendered":"https:\/\/www.csfs.ca\/become-a-member\/benefits\/?lang=fr"},"modified":"2021-05-12T10:58:54","modified_gmt":"2021-05-12T14:58:54","slug":"avantages","status":"publish","type":"page","link":"https:\/\/www.csfs.ca\/fr\/adherez-a-titre\/avantages\/","title":{"rendered":"Avantages"},"content":{"rendered":"\n<h2 class=\"wp-block-heading\">&nbsp;<\/h2>\n\n\n\n<figure class=\"wp-block-image is-resized\"><img decoding=\"async\" src=\"https:\/\/www.csfs.ca\/wp-content\/uploads\/2016\/06\/Members_2.jpg\" alt=\"Members_2\" class=\"wp-image-2907\" width=\"810\" height=\"169\" srcset=\"https:\/\/www.csfs.ca\/wp-content\/uploads\/2016\/06\/Members_2.jpg 720w, https:\/\/www.csfs.ca\/wp-content\/uploads\/2016\/06\/Members_2-239x50.jpg 239w, https:\/\/www.csfs.ca\/wp-content\/uploads\/2016\/06\/Members_2-482x100.jpg 482w, https:\/\/www.csfs.ca\/wp-content\/uploads\/2016\/06\/Members_2-600x125.jpg 600w, https:\/\/www.csfs.ca\/wp-content\/uploads\/2016\/06\/Members_2-300x63.jpg 300w, https:\/\/www.csfs.ca\/wp-content\/uploads\/2016\/06\/Members_2-636x133.jpg 636w, https:\/\/www.csfs.ca\/wp-content\/uploads\/2016\/06\/Members_2-320x67.jpg 320w\" sizes=\"(max-width: 810px) 100vw, 810px\" \/><\/figure>\n\n\n\n<h2 class=\"wp-block-heading\">Avantages d&rsquo;adh\u00e9sion<\/h2>\n\n\n\n<p>La Soci\u00e9t\u00e9 canadienne des sciences judiciaires (SCSJ) est le principal organisme professionnel pour les personnes travaillant dans un domaine m\u00e9dico-l\u00e9gale, universitaires, chercheurs et dans des professions connexes.<\/p>\n\n\n\n<p>L&rsquo;adh\u00e9sion \u00e0 la Soci\u00e9t\u00e9 vous donne droit \u00e0 un large \u00e9ventail d&rsquo;avantages:<\/p>\n\n\n\n<ul class=\"wp-block-list\"><li>Acc\u00e8s au Journal de la SCSJ- une publication trimestrielle prestigieuse pr\u00e9sentant des articles des provenant des meilleurs experts l\u00e9gistes internationaux.<\/li><li>Acc\u00e8s au bulletin d&rsquo;information du Forum &#8211; un bulletin d&rsquo;information semestriel informel pr\u00e9sentant des nouvelles actuelles de la Soci\u00e9t\u00e9 et de ses membres.<\/li><li>Acc\u00e8s \u00e0 un annuaire annuel des membres qui permet aux membres de communiquer et de r\u00e9seauter avec leurs coll\u00e8gues.<\/li><li>Participation \u00e0 la conf\u00e9rence et aux ateliers de la SCSJ \u00e0 des tarifs r\u00e9duits.<\/li><li>Possibilit\u00e9s de perfectionnement professionnel et de prix prestigieux.<\/li><li>Possibilit\u00e9 de s&rsquo;impliquer dans les comit\u00e9s et sections de la SCSJ de chaque domaine m\u00e9dico-l\u00e9gale.<\/li><\/ul>\n\n\n\n<p>Notre atout le plus important est toujours nos membres. La SCSJ invite les professionnels de la m\u00e9decine l\u00e9gale et les \u00e9tudiants dans un domaine de la m\u00e9decine l\u00e9gale au Canada et \u00e0 l&rsquo;\u00e9tranger \u00e0 se joindre \u00e0 notre soci\u00e9t\u00e9 aujourd&rsquo;hui.<\/p>\n","protected":false},"excerpt":{"rendered":"<p>&nbsp; Avantages d&rsquo;adh\u00e9sion La Soci\u00e9t\u00e9 canadienne des sciences judiciaires (SCSJ) est le principal organisme professionnel pour les personnes travaillant dans un domaine m\u00e9dico-l\u00e9gale, universitaires, chercheurs et dans des professions connexes&#8230;.<\/p>\n","protected":false},"author":774,"featured_media":0,"parent":2631,"menu_order":0,"comment_status":"closed","ping_status":"closed","template":"","meta":{"_seopress_robots_primary_cat":"","_seopress_titles_title":"","_seopress_titles_desc":"","_seopress_robots_index":"","pmpro_default_level":"","_kad_blocks_custom_css":"","_kad_blocks_head_custom_js":"","_kad_blocks_body_custom_js":"","_kad_blocks_footer_custom_js":"","_price":"","_stock":"","_tribe_ticket_header":"","_tribe_default_ticket_provider":"","_tribe_ticket_capacity":"0","_ticket_start_date":"","_ticket_end_date":"","_tribe_ticket_show_description":"","_tribe_ticket_show_not_going":false,"_tribe_ticket_use_global_stock":"","_tribe_ticket_global_stock_level":"","_global_stock_mode":"","_global_stock_cap":"","_tribe_rsvp_for_event":"","_tribe_ticket_going_count":"","_tribe_ticket_not_going_count":"","_tribe_tickets_list":"[]","_tribe_ticket_has_attendee_info_fields":false,"_EventAllDay":false,"_EventTimezone":"","_EventStartDate":"","_EventEndDate":"","_EventStartDateUTC":"","_EventEndDateUTC":"","_EventShowMap":false,"_EventShowMapLink":false,"_EventURL":"","_EventCost":"","_EventCostDescription":"","_EventCurrencySymbol":"","_EventCurrencyCode":"","_EventCurrencyPosition":"","_EventDateTimeSeparator":"","_EventTimeRangeSeparator":"","_EventOrganizerID":[],"_EventVenueID":[],"_OrganizerEmail":"","_OrganizerPhone":"","_OrganizerWebsite":"","_VenueAddress":"","_VenueCity":"","_VenueCountry":"","_VenueProvince":"","_VenueState":"","_VenueZip":"","_VenuePhone":"","_VenueURL":"","_VenueStateProvince":"","_VenueLat":"","_VenueLng":"","_VenueShowMap":false,"_VenueShowMapLink":false,"_kad_post_transparent":"","_kad_post_title":"","_kad_post_layout":"","_kad_post_sidebar_id":"","_kad_post_content_style":"","_kad_post_vertical_padding":"","_kad_post_feature":"","_kad_post_feature_position":"","_kad_post_header":false,"_kad_post_footer":false,"_kad_post_classname":"","footnotes":""},"page_category":[],"class_list":["post-3745","page","type-page","status-publish","hentry","pmpro-has-access"],"taxonomy_info":[],"featured_image_src_large":false,"author_info":{"display_name":"CSFS","author_link":"https:\/\/www.csfs.ca\/fr\/author\/CSFS\/"},"comment_info":0,"_links":{"self":[{"href":"https:\/\/www.csfs.ca\/fr\/wp-json\/wp\/v2\/pages\/3745","targetHints":{"allow":["GET"]}}],"collection":[{"href":"https:\/\/www.csfs.ca\/fr\/wp-json\/wp\/v2\/pages"}],"about":[{"href":"https:\/\/www.csfs.ca\/fr\/wp-json\/wp\/v2\/types\/page"}],"author":[{"embeddable":true,"href":"https:\/\/www.csfs.ca\/fr\/wp-json\/wp\/v2\/users\/774"}],"replies":[{"embeddable":true,"href":"https:\/\/www.csfs.ca\/fr\/wp-json\/wp\/v2\/comments?post=3745"}],"version-history":[{"count":0,"href":"https:\/\/www.csfs.ca\/fr\/wp-json\/wp\/v2\/pages\/3745\/revisions"}],"up":[{"embeddable":true,"href":"https:\/\/www.csfs.ca\/fr\/wp-json\/wp\/v2\/pages\/2631"}],"wp:attachment":[{"href":"https:\/\/www.csfs.ca\/fr\/wp-json\/wp\/v2\/media?parent=3745"}],"wp:term":[{"taxonomy":"page_category","embeddable":true,"href":"https:\/\/www.csfs.ca\/fr\/wp-json\/wp\/v2\/page_category?post=3745"}],"curies":[{"name":"wp","href":"https:\/\/api.w.org\/{rel}","templated":true}]}}