{"id":3743,"date":"2016-05-02T13:53:34","date_gmt":"2016-05-02T17:53:34","guid":{"rendered":"https:\/\/www.csfs.ca\/become-a-member\/application-process\/?lang=fr"},"modified":"2025-04-02T11:41:21","modified_gmt":"2025-04-02T15:41:21","slug":"procedure-dadhesion","status":"publish","type":"page","link":"https:\/\/www.csfs.ca\/fr\/adherez-a-titre\/procedure-dadhesion\/","title":{"rendered":"Proc\u00e9dure d\u2019adh\u00e9sion"},"content":{"rendered":"\n<figure class=\"wp-block-image size-full is-resized\"><img decoding=\"async\" width=\"720\" height=\"150\" src=\"https:\/\/www.csfs.ca\/wp-content\/uploads\/2016\/06\/application.jpg\" alt=\"application\" class=\"wp-image-3195\" style=\"width:810px;height:169px\" srcset=\"https:\/\/www.csfs.ca\/wp-content\/uploads\/2016\/06\/application.jpg 720w, https:\/\/www.csfs.ca\/wp-content\/uploads\/2016\/06\/application-239x50.jpg 239w, https:\/\/www.csfs.ca\/wp-content\/uploads\/2016\/06\/application-482x100.jpg 482w, https:\/\/www.csfs.ca\/wp-content\/uploads\/2016\/06\/application-600x125.jpg 600w, https:\/\/www.csfs.ca\/wp-content\/uploads\/2016\/06\/application-300x63.jpg 300w, https:\/\/www.csfs.ca\/wp-content\/uploads\/2016\/06\/application-636x133.jpg 636w, https:\/\/www.csfs.ca\/wp-content\/uploads\/2016\/06\/application-320x67.jpg 320w\" sizes=\"(max-width: 720px) 100vw, 720px\" \/><\/figure>\n\n\n\n<h2 class=\"wp-block-heading\">Demande pour membre r\u00e9gulier ou associ\u00e9<\/h2>\n\n\n\n<p>Pour appliquer pour adh\u00e9rer \u00e0 la SCSJ, le membre \u00e9ventuel doit \u00eatre employ\u00e9 dans le domaine des sciences judiciaires. Le membre \u00e9ventuel doit remplir le formulaire de demande et doit \u00eatre parrain\u00e9 par un membre de la soci\u00e9t\u00e9 ou doit soumettre deux lettres de recommandation. Un <em>Curriculum Vitae<\/em> r\u00e9cent doit aussi \u00eatre soumis avec le formulaire d\u2019adh\u00e9sion et lettres de recommandation du parraineur.<\/p>\n\n\n\n<p>Notez bien\u00a0: Il y a un frais unique de 35 $ pour la demande d\u2019adh\u00e9sion.<\/p>\n\n\n\n<p>Les demandes sont r\u00e9vis\u00e9es par le comit\u00e9 d\u2019adh\u00e9sion. Durant l\u2019assembl\u00e9e g\u00e9n\u00e9rale annuelle, le rapport du comit\u00e9 d\u2019adh\u00e9sion est pr\u00e9sent\u00e9, indiquant les individus accept\u00e9s ou refus\u00e9s comme membres, au conseil d\u2019administration ainsi qu\u2019aux membres. Les individus accept\u00e9s deviennent ensuite des nouveaux membres de la soci\u00e9t\u00e9. Les demandes soumises apr\u00e8s le 15 avril suivant l\u2019assembl\u00e9e g\u00e9n\u00e9rale annuelle seront r\u00e9vis\u00e9es l\u2019ann\u00e9e suivante.<\/p>\n\n\n\n<p><a href=\"https:\/\/www.csfs.ca\/fr\/adherez-a-titre\/procedure-dadhesion\/demande-pour-membre-regulier-ou-associe\/\" target=\"_blank\" rel=\"noreferrer noopener\">Membre r\u00e9gulier \/ associ\u00e9 \u2013 Demande (lien pour le formulaire de demande) Anglais<\/a><\/p>\n\n\n\n<div class=\"wp-block-boldblocks-icon-separator\" style=\"--bb--margin-top--sm:var(--bb--margin-top--lg);--bb--margin-bottom--sm:var(--bb--margin-bottom--lg);--bb--margin-top--md:var(--bb--margin-top--lg);--bb--margin-bottom--md:var(--bb--margin-bottom--lg);--bb--margin-top--lg:1em;--bb--margin-bottom--lg:1em\" role=\"separator\"><div class=\"wp-block-boldblocks-icon-separator__inner icon-center is-align-center\" style=\"--bb-border:2px solid var(--wp--preset--color--theme-palette2, #d57100);--bb--icon-width:1.5em;--bb--icon-spacing:1em;--bb--icon-stroke-color:var(--wp--preset--color--theme-palette2, #d57100)\"><svg xmlns=\"http:\/\/www.w3.org\/2000\/svg\" viewBox=\"0 0 512 512\" class=\"bb-icon bb-icon--ellipse-outline\">\n  <circle cx=\"256\" cy=\"256\" r=\"192\" style=\"fill:none;stroke:#000;stroke-linecap:round;stroke-linejoin:round;stroke-width:42px\"><\/circle>\n<\/svg><\/div><\/div>\n\n\n\n<h2 class=\"wp-block-heading\">Demande pour les membres \u00e9tudiants<\/h2>\n\n\n\n<p>Les \u00e9tudiants faisant la demande pour l\u2019adh\u00e9sion de la SCSJ doivent&nbsp;:<\/p>\n\n\n\n<ul class=\"wp-block-list\">\n<li>\u00catre inscrit \u00e0 des cours de sciences judiciaires dans un programme de baccalaur\u00e9at OU<\/li>\n\n\n\n<li>\u00catre en vue d\u2019obtenir un dipl\u00f4me de maitrise en sciences judiciaires OU<\/li>\n\n\n\n<li>\u00catre inscrit dans un programme de doctorat en sciences judiciaires.<\/li>\n<\/ul>\n\n\n\n<p>Le membre \u00e9tudiant \u00e9ventuel doit remplir le formulaire de demande et devra fournir une preuve d\u2019inscription dans un \u00e9tablissement d\u2019enseignement postsecondaire ainsi qu\u2019un <em>curriculum vitae<\/em> r\u00e9cent au comit\u00e9 d\u2019adh\u00e9sion.<\/p>\n\n\n\n<p><strong>Notez bien<\/strong>\u00a0: Il y a un frais unique de 35 $ pour la demande d\u2019adh\u00e9sion.<\/p>\n\n\n\n<p>Une fois qu\u2019un membre \u00e9tudiant de la SCSJ a gradu\u00e9 de son programme, un d\u00e9lai de gr\u00e2ce d\u2019un an est offert pour le statut de membre \u00e9tudiant, permettant au membre d\u2019obtenir un emploi dans le domaine des sciences judiciaires. Durant cette ann\u00e9e, si un emploi dans le domaine des sciences judiciaires est obtenu, l\u2019\u00e9tudiant peut ensuite faire la demande comme membre r\u00e9gulier pour adh\u00e9rer \u00e0 la SCSJ.<\/p>\n\n\n\n<p>Les demandes sont r\u00e9vis\u00e9es par le comit\u00e9 d\u2019adh\u00e9sion. Durant l\u2019assembl\u00e9e g\u00e9n\u00e9rale annuelle, le rapport du comit\u00e9 d\u2019adh\u00e9sion est pr\u00e9sent\u00e9, indiquant les individus accept\u00e9s ou refus\u00e9s comme membres, au conseil d\u2019administration ainsi qu\u2019aux membres. Les individus accept\u00e9s deviennent ensuite des nouveaux membres de la soci\u00e9t\u00e9. Les demandes soumises apr\u00e8s le 15 avril suivant l\u2019assembl\u00e9e g\u00e9n\u00e9rale annuelle seront r\u00e9vis\u00e9es l\u2019ann\u00e9e suivante.<\/p>\n\n\n\n<p><a href=\"https:\/\/www.csfs.ca\/fr\/adherez-a-titre\/procedure-dadhesion\/demande-pour-les-membres-etudiants\/\" target=\"_blank\" rel=\"noreferrer noopener\">Membre \u00e9tudiant \u2013 Demande (lien pour le formulaire de demande) Anglais<\/a><\/p>\n\n\n\n<div class=\"wp-block-boldblocks-icon-separator\" style=\"--bb--margin-top--sm:var(--bb--margin-top--lg);--bb--margin-bottom--sm:var(--bb--margin-bottom--lg);--bb--margin-top--md:var(--bb--margin-top--lg);--bb--margin-bottom--md:var(--bb--margin-bottom--lg);--bb--margin-top--lg:1em;--bb--margin-bottom--lg:1em\" role=\"separator\"><div class=\"wp-block-boldblocks-icon-separator__inner icon-center is-align-center\" style=\"--bb-border:2px solid var(--wp--preset--color--theme-palette2, #d57100);--bb--icon-width:1.5em;--bb--icon-spacing:1em;--bb--icon-stroke-color:var(--wp--preset--color--theme-palette2, #d57100)\"><svg xmlns=\"http:\/\/www.w3.org\/2000\/svg\" viewBox=\"0 0 512 512\" class=\"bb-icon bb-icon--ellipse-outline\">\n  <circle cx=\"256\" cy=\"256\" r=\"192\" style=\"fill:none;stroke:#000;stroke-linecap:round;stroke-linejoin:round;stroke-width:42px\"><\/circle>\n<\/svg><\/div><\/div>\n\n\n\n<h2 class=\"wp-block-heading\">Demande pour accession au programme de bourse (Fellowship)<\/h2>\n\n\n\n<p>Les programmes de bourse de la soci\u00e9t\u00e9 (Fellowship) sont accessibles aux membres r\u00e9guliers qui ont rempli un certain nombre d\u2019exigences. Les individus qui aspirent appliquer sur un programme de bourse doivent faire la demande et fournir la documentation n\u00e9cessaire pour appuyer leur demande. Le comit\u00e9 d\u2019adh\u00e9sion est responsable d\u2019\u00e9tablir si les exigences ont \u00e9t\u00e9 respect\u00e9es. L\u2019information est donc pr\u00e9sent\u00e9e aux membres du conseil d\u2019administration dans le rapport du comit\u00e9 d\u2019adh\u00e9sion.<\/p>\n\n\n\n<p>Notez bien : Il y a un frais unique de 35$ pour la demande d\u2019adh\u00e9sion.<\/p>\n\n\n\n<p><a href=\"http:\/\/csfs.ca\/wp-content\/uploads\/2016\/05\/Fellow-Application.docx\" target=\"_blank\" rel=\"noopener noreferrer\">Application pour le programme de bourse (Fellowship) (lien pour le formulaire de demande) Anglais<\/a><\/p>\n\n\n\n<div class=\"wp-block-boldblocks-icon-separator\" style=\"--bb--margin-top--sm:var(--bb--margin-top--lg);--bb--margin-bottom--sm:var(--bb--margin-bottom--lg);--bb--margin-top--md:var(--bb--margin-top--lg);--bb--margin-bottom--md:var(--bb--margin-bottom--lg);--bb--margin-top--lg:1em;--bb--margin-bottom--lg:1em\" role=\"separator\"><div class=\"wp-block-boldblocks-icon-separator__inner icon-center is-align-center\" style=\"--bb-border:2px solid var(--wp--preset--color--theme-palette2, #d57100);--bb--icon-width:1.5em;--bb--icon-spacing:1em;--bb--icon-stroke-color:var(--wp--preset--color--theme-palette2, #d57100)\"><svg xmlns=\"http:\/\/www.w3.org\/2000\/svg\" viewBox=\"0 0 512 512\" class=\"bb-icon bb-icon--ellipse-outline\">\n  <circle cx=\"256\" cy=\"256\" r=\"192\" style=\"fill:none;stroke:#000;stroke-linecap:round;stroke-linejoin:round;stroke-width:42px\"><\/circle>\n<\/svg><\/div><\/div>\n\n\n\n<h2 class=\"wp-block-heading\">Demande pour devenir membre \u00e9m\u00e9rite<\/h2>\n\n\n\n<p>Pour devenir membre \u00e9m\u00e9rite, le candidat doit d\u00e9montrer qu\u2019il\/elle a contribu\u00e9 de fa\u00e7on importante \u00e0 l\u2019avancement des sciences judiciaires ou de la SCSJ. Le statut de membre \u00e9m\u00e9rite n\u2019est pas accord\u00e9 automatiquement au moment de la retraite, il faut se qualifier. Les candidats pour devenir membre \u00e9m\u00e9rite peuvent \u00eatre nomin\u00e9s par un autre membre de la soci\u00e9t\u00e9 ou peuvent faire la demande de changement de statut eux-m\u00eames. Les candidats sont consid\u00e9r\u00e9s pour le comit\u00e9 d\u2019adh\u00e9sion et le conseil d\u2019administration. Le conseil d\u2019administration d\u00e9termine si l\u2019individu deviendra membre \u00e9m\u00e9rite.<\/p>\n\n\n\n<p>Pour faire la demande de changement de membre r\u00e9gulier au membre \u00e9m\u00e9rite, adresser une lettre pr\u00e9cisant vos contributions \u00e0 la SCSJ au comit\u00e9 d\u2019adh\u00e9sion.<\/p>\n","protected":false},"excerpt":{"rendered":"<p>Demande pour membre r\u00e9gulier ou associ\u00e9 Pour appliquer pour adh\u00e9rer \u00e0 la SCSJ, le membre \u00e9ventuel doit \u00eatre employ\u00e9 dans le domaine des sciences judiciaires. Le membre \u00e9ventuel doit remplir&#8230;<\/p>\n","protected":false},"author":774,"featured_media":0,"parent":2631,"menu_order":2,"comment_status":"closed","ping_status":"closed","template":"","meta":{"_seopress_robots_primary_cat":"","_seopress_titles_title":"","_seopress_titles_desc":"","_seopress_robots_index":"","pmpro_default_level":"","_kad_blocks_custom_css":"","_kad_blocks_head_custom_js":"","_kad_blocks_body_custom_js":"","_kad_blocks_footer_custom_js":"","_price":"","_stock":"","_tribe_ticket_header":"","_tribe_default_ticket_provider":"","_tribe_ticket_capacity":"0","_ticket_start_date":"","_ticket_end_date":"","_tribe_ticket_show_description":"","_tribe_ticket_show_not_going":false,"_tribe_ticket_use_global_stock":"","_tribe_ticket_global_stock_level":"","_global_stock_mode":"","_global_stock_cap":"","_tribe_rsvp_for_event":"","_tribe_ticket_going_count":"","_tribe_ticket_not_going_count":"","_tribe_tickets_list":"[]","_tribe_ticket_has_attendee_info_fields":false,"_EventAllDay":false,"_EventTimezone":"","_EventStartDate":"","_EventEndDate":"","_EventStartDateUTC":"","_EventEndDateUTC":"","_EventShowMap":false,"_EventShowMapLink":false,"_EventURL":"","_EventCost":"","_EventCostDescription":"","_EventCurrencySymbol":"","_EventCurrencyCode":"","_EventCurrencyPosition":"","_EventDateTimeSeparator":"","_EventTimeRangeSeparator":"","_EventOrganizerID":[],"_EventVenueID":[],"_OrganizerEmail":"","_OrganizerPhone":"","_OrganizerWebsite":"","_VenueAddress":"","_VenueCity":"","_VenueCountry":"","_VenueProvince":"","_VenueState":"","_VenueZip":"","_VenuePhone":"","_VenueURL":"","_VenueStateProvince":"","_VenueLat":"","_VenueLng":"","_VenueShowMap":false,"_VenueShowMapLink":false,"_kad_post_transparent":"","_kad_post_title":"","_kad_post_layout":"","_kad_post_sidebar_id":"","_kad_post_content_style":"","_kad_post_vertical_padding":"","_kad_post_feature":"","_kad_post_feature_position":"","_kad_post_header":false,"_kad_post_footer":false,"_kad_post_classname":"","footnotes":""},"page_category":[],"class_list":["post-3743","page","type-page","status-publish","hentry","pmpro-has-access"],"taxonomy_info":[],"featured_image_src_large":false,"author_info":{"display_name":"CSFS","author_link":"https:\/\/www.csfs.ca\/fr\/author\/CSFS\/"},"comment_info":0,"_links":{"self":[{"href":"https:\/\/www.csfs.ca\/fr\/wp-json\/wp\/v2\/pages\/3743","targetHints":{"allow":["GET"]}}],"collection":[{"href":"https:\/\/www.csfs.ca\/fr\/wp-json\/wp\/v2\/pages"}],"about":[{"href":"https:\/\/www.csfs.ca\/fr\/wp-json\/wp\/v2\/types\/page"}],"author":[{"embeddable":true,"href":"https:\/\/www.csfs.ca\/fr\/wp-json\/wp\/v2\/users\/774"}],"replies":[{"embeddable":true,"href":"https:\/\/www.csfs.ca\/fr\/wp-json\/wp\/v2\/comments?post=3743"}],"version-history":[{"count":3,"href":"https:\/\/www.csfs.ca\/fr\/wp-json\/wp\/v2\/pages\/3743\/revisions"}],"predecessor-version":[{"id":19522,"href":"https:\/\/www.csfs.ca\/fr\/wp-json\/wp\/v2\/pages\/3743\/revisions\/19522"}],"up":[{"embeddable":true,"href":"https:\/\/www.csfs.ca\/fr\/wp-json\/wp\/v2\/pages\/2631"}],"wp:attachment":[{"href":"https:\/\/www.csfs.ca\/fr\/wp-json\/wp\/v2\/media?parent=3743"}],"wp:term":[{"taxonomy":"page_category","embeddable":true,"href":"https:\/\/www.csfs.ca\/fr\/wp-json\/wp\/v2\/page_category?post=3743"}],"curies":[{"name":"wp","href":"https:\/\/api.w.org\/{rel}","templated":true}]}}