{"id":3741,"date":"2016-05-02T13:53:56","date_gmt":"2016-05-02T17:53:56","guid":{"rendered":"https:\/\/www.csfs.ca\/become-a-member\/bylaws\/?lang=fr"},"modified":"2023-09-01T13:37:05","modified_gmt":"2023-09-01T17:37:05","slug":"reglements","status":"publish","type":"page","link":"https:\/\/www.csfs.ca\/fr\/adherez-a-titre\/reglements\/","title":{"rendered":"R\u00e8glements et manuel de politiques"},"content":{"rendered":"\n<figure class=\"wp-block-image size-full is-resized\"><img decoding=\"async\" src=\"https:\/\/www.csfs.ca\/wp-content\/uploads\/2016\/06\/generic9.jpg\" alt=\"generic9\" class=\"wp-image-3207\" width=\"810\" height=\"169\" srcset=\"https:\/\/www.csfs.ca\/wp-content\/uploads\/2016\/06\/generic9.jpg 720w, https:\/\/www.csfs.ca\/wp-content\/uploads\/2016\/06\/generic9-239x50.jpg 239w, https:\/\/www.csfs.ca\/wp-content\/uploads\/2016\/06\/generic9-482x100.jpg 482w, https:\/\/www.csfs.ca\/wp-content\/uploads\/2016\/06\/generic9-600x125.jpg 600w, https:\/\/www.csfs.ca\/wp-content\/uploads\/2016\/06\/generic9-300x63.jpg 300w, https:\/\/www.csfs.ca\/wp-content\/uploads\/2016\/06\/generic9-636x133.jpg 636w, https:\/\/www.csfs.ca\/wp-content\/uploads\/2016\/06\/generic9-320x67.jpg 320w\" sizes=\"(max-width: 810px) 100vw, 810px\" \/><\/figure>\n\n\n<style>.wp-block-kadence-advancedheading.kt-adv-heading_16b846-31, .wp-block-kadence-advancedheading.kt-adv-heading_16b846-31[data-kb-block=\"kb-adv-heading_16b846-31\"]{font-style:normal;}.wp-block-kadence-advancedheading.kt-adv-heading_16b846-31 mark.kt-highlight, .wp-block-kadence-advancedheading.kt-adv-heading_16b846-31[data-kb-block=\"kb-adv-heading_16b846-31\"] mark.kt-highlight{font-style:normal;color:#f76a0c;-webkit-box-decoration-break:clone;box-decoration-break:clone;padding-top:0px;padding-right:0px;padding-bottom:0px;padding-left:0px;}.wp-block-kadence-advancedheading.kt-adv-heading_16b846-31 img.kb-inline-image, .wp-block-kadence-advancedheading.kt-adv-heading_16b846-31[data-kb-block=\"kb-adv-heading_16b846-31\"] img.kb-inline-image{width:150px;vertical-align:baseline;}<\/style>\n<h3 class=\"kt-adv-heading_16b846-31 wp-block-kadence-advancedheading\" data-kb-block=\"kb-adv-heading_16b846-31\">R\u00e8glements<\/h3>\n\n\n\n<p>Les r\u00e8glements sont les documents les plus importants de l&rsquo;organisation car ils repr\u00e9sentent le manuel d&rsquo;op\u00e9ration de l&rsquo;organisation. Les r\u00e8glements d\u00e9terminent le type de membres de l&rsquo;organisation ainsi que leurs pouvoirs d\u00e9mocratiques ainsi que le pouvoir et autorit\u00e9 des membres du conseil administratif et des comit\u00e9s.<\/p>\n\n\n\n<p>Les r\u00e8glements de la CSFS d\u00e9finissent:<\/p>\n\n\n\n<ul class=\"wp-block-list\">\n<li>La taille du conseil administratif et ses fonctions<\/li>\n\n\n\n<li>R\u00f4les et devoirs des administrateurs et des dirigeants<\/li>\n\n\n\n<li>R\u00e8gles et proc\u00e9dures pour la tenue des r\u00e9unions, l&rsquo;\u00e9lection des administrateurs et des nominations<\/li>\n\n\n\n<li>Politiques et proc\u00e9dures en mati\u00e8re de conflits d&rsquo;int\u00e9r\u00eats<\/li>\n\n\n\n<li>Comment les fonds de subvention seront distribu\u00e9s<\/li>\n\n\n\n<li>Autres questions essentielles de gouvernance et de gestion<\/li>\n<\/ul>\n\n\n\n<p><a rel=\"noreferrer noopener\" href=\"https:\/\/www.csfs.ca\/fr\/a-propos\/mission-statement-csfs\/reglements\/\" target=\"_blank\">R\u00e8glements SCSJ 2021<\/a><\/p>\n\n\n<style>.wp-block-kadence-advancedheading.kt-adv-heading_593944-f4, .wp-block-kadence-advancedheading.kt-adv-heading_593944-f4[data-kb-block=\"kb-adv-heading_593944-f4\"]{font-style:normal;}.wp-block-kadence-advancedheading.kt-adv-heading_593944-f4 mark.kt-highlight, .wp-block-kadence-advancedheading.kt-adv-heading_593944-f4[data-kb-block=\"kb-adv-heading_593944-f4\"] mark.kt-highlight{font-style:normal;color:#f76a0c;-webkit-box-decoration-break:clone;box-decoration-break:clone;padding-top:0px;padding-right:0px;padding-bottom:0px;padding-left:0px;}.wp-block-kadence-advancedheading.kt-adv-heading_593944-f4 img.kb-inline-image, .wp-block-kadence-advancedheading.kt-adv-heading_593944-f4[data-kb-block=\"kb-adv-heading_593944-f4\"] img.kb-inline-image{width:150px;vertical-align:baseline;}<\/style>\n<h3 class=\"kt-adv-heading_593944-f4 wp-block-kadence-advancedheading\" data-kb-block=\"kb-adv-heading_593944-f4\">Manuel de politiques<\/h3>\n\n\n\n<p>La SCSJ a \u00e9t\u00e9 fond\u00e9e en 1953 et constitu\u00e9e en soci\u00e9t\u00e9 en 1963. Les affaires de la Soci\u00e9t\u00e9, qui sont r\u00e9gies par ses R\u00e8glements, sont g\u00e9r\u00e9es par un Conseil d\u2019administration b\u00e9n\u00e9vole assist\u00e9 par plusieurs Comit\u00e9s, qui rendent compte au Conseil. Les R\u00e8glements r\u00e9gissent l\u2019organisation de la Soci\u00e9t\u00e9 en tant que Soci\u00e9t\u00e9 \u00e0 but non lucratif. Un Conseil d\u2019administration g\u00e8re la Soci\u00e9t\u00e9. Des dirigeants membres du Conseil d\u2019administration constituent un Comit\u00e9 de direction qui g\u00e8re l\u2019exploitation des affaires de la Soci\u00e9t\u00e9 en collaboration avec des Comit\u00e9s permanents. Des Comit\u00e9s sp\u00e9ciaux et des Sections repr\u00e9sentent les diverses disciplines judiciaires des sciences judiciaires et de la Soci\u00e9t\u00e9. Le si\u00e8ge social de la Soci\u00e9t\u00e9 est situ\u00e9 \u00e0 Ottawa, en Ontario, au Canada. L\u2019ann\u00e9e d\u2019exercice correspond \u00e0 l\u2019ann\u00e9e civile. L\u2019ann\u00e9e d\u2019organisation, qui est la p\u00e9riode de mandat des membres du Conseil d\u2019administration, va du 1er juillet au 30 juin de l\u2019ann\u00e9e suivante.<br><br>De nombreuses activit\u00e9s et pratiques n\u00e9cessaires ne sont pas mentionn\u00e9es explicitement dans les R\u00e8glements. Lors des roulements de membres du Conseil et du Comit\u00e9, des questions relatives aux pratiques communes, aux politiques actuelles, aux responsabilit\u00e9s li\u00e9es aux fonctions et aux r\u00f4les des Comit\u00e9s se pr\u00e9sentent souvent. Le pr\u00e9sent Manuel de politiques rassemble les informations pertinentes dans un format accessible \u00e0 tous les membres qui le souhaitent et pouvant \u00eatre r\u00e9vis\u00e9 facilement pour rester \u00e0 jour. Le pr\u00e9sent Manuel est un guide assurant la continuit\u00e9 des activit\u00e9s d\u2019ann\u00e9e en ann\u00e9e, au fur et \u00e0 mesure que les responsables de la Soci\u00e9t\u00e9 changent.<\/p>\n\n\n<style>.wp-block-kadence-advancedbtn.kb-btns_db781a-78{gap:var(--global-kb-gap-xs, 0.5rem );justify-content:flex-start;align-items:center;}.kt-btns_db781a-78 .kt-button{font-weight:normal;font-style:normal;}.kt-btns_db781a-78 .kt-btn-wrap-0{margin-right:5px;}.wp-block-kadence-advancedbtn.kt-btns_db781a-78 .kt-btn-wrap-0 .kt-button{color:#555555;border-color:#555555;}.wp-block-kadence-advancedbtn.kt-btns_db781a-78 .kt-btn-wrap-0 .kt-button:hover, .wp-block-kadence-advancedbtn.kt-btns_db781a-78 .kt-btn-wrap-0 .kt-button:focus{color:#ffffff;border-color:#444444;}.wp-block-kadence-advancedbtn.kt-btns_db781a-78 .kt-btn-wrap-0 .kt-button::before{display:none;}.wp-block-kadence-advancedbtn.kt-btns_db781a-78 .kt-btn-wrap-0 .kt-button:hover, .wp-block-kadence-advancedbtn.kt-btns_db781a-78 .kt-btn-wrap-0 .kt-button:focus{background:#444444;}<\/style>\n<div class=\"wp-block-kadence-advancedbtn kb-buttons-wrap kb-btns_db781a-78\"><style>ul.menu .wp-block-kadence-advancedbtn .kb-btn_13302e-df.kb-button{width:initial;}<\/style><a class=\"kb-button kt-button button kb-btn_13302e-df kt-btn-size-standard kt-btn-width-type-auto kb-btn-global-fill  kt-btn-has-text-true kt-btn-has-svg-false  wp-block-kadence-singlebtn\" href=\"https:\/\/www.csfs.ca\/wp-content\/uploads\/2023\/09\/Policy-ManualChapter1to13_2023-08-16_French.pdf\" target=\"_blank\" rel=\"noreferrer noopener\"><span class=\"kt-btn-inner-text\">Manuel de politiques &#8211; PDF<\/span><\/a><\/div>\n","protected":false},"excerpt":{"rendered":"<p>R\u00e8glements Les r\u00e8glements sont les documents les plus importants de l&rsquo;organisation car ils repr\u00e9sentent le manuel d&rsquo;op\u00e9ration de l&rsquo;organisation. Les r\u00e8glements d\u00e9terminent le type de membres de l&rsquo;organisation ainsi que&#8230;<\/p>\n","protected":false},"author":774,"featured_media":0,"parent":2631,"menu_order":4,"comment_status":"closed","ping_status":"closed","template":"","meta":{"_seopress_robots_primary_cat":"","_seopress_titles_title":"","_seopress_titles_desc":"","_seopress_robots_index":"","pmpro_default_level":"","_kad_blocks_custom_css":"","_kad_blocks_head_custom_js":"","_kad_blocks_body_custom_js":"","_kad_blocks_footer_custom_js":"","_price":"","_stock":"","_tribe_ticket_header":"","_tribe_default_ticket_provider":"","_tribe_ticket_capacity":"0","_ticket_start_date":"","_ticket_end_date":"","_tribe_ticket_show_description":"","_tribe_ticket_show_not_going":false,"_tribe_ticket_use_global_stock":"","_tribe_ticket_global_stock_level":"","_global_stock_mode":"","_global_stock_cap":"","_tribe_rsvp_for_event":"","_tribe_ticket_going_count":"","_tribe_ticket_not_going_count":"","_tribe_tickets_list":"[]","_tribe_ticket_has_attendee_info_fields":false,"_EventAllDay":false,"_EventTimezone":"","_EventStartDate":"","_EventEndDate":"","_EventStartDateUTC":"","_EventEndDateUTC":"","_EventShowMap":false,"_EventShowMapLink":false,"_EventURL":"","_EventCost":"","_EventCostDescription":"","_EventCurrencySymbol":"","_EventCurrencyCode":"","_EventCurrencyPosition":"","_EventDateTimeSeparator":"","_EventTimeRangeSeparator":"","_EventOrganizerID":[],"_EventVenueID":[],"_OrganizerEmail":"","_OrganizerPhone":"","_OrganizerWebsite":"","_VenueAddress":"","_VenueCity":"","_VenueCountry":"","_VenueProvince":"","_VenueState":"","_VenueZip":"","_VenuePhone":"","_VenueURL":"","_VenueStateProvince":"","_VenueLat":"","_VenueLng":"","_VenueShowMap":false,"_VenueShowMapLink":false,"_kad_post_transparent":"","_kad_post_title":"","_kad_post_layout":"","_kad_post_sidebar_id":"","_kad_post_content_style":"","_kad_post_vertical_padding":"","_kad_post_feature":"","_kad_post_feature_position":"","_kad_post_header":false,"_kad_post_footer":false,"_kad_post_classname":"","footnotes":""},"page_category":[],"class_list":["post-3741","page","type-page","status-publish","hentry","pmpro-has-access"],"taxonomy_info":[],"featured_image_src_large":false,"author_info":{"display_name":"CSFS","author_link":"https:\/\/www.csfs.ca\/fr\/author\/CSFS\/"},"comment_info":0,"_links":{"self":[{"href":"https:\/\/www.csfs.ca\/fr\/wp-json\/wp\/v2\/pages\/3741","targetHints":{"allow":["GET"]}}],"collection":[{"href":"https:\/\/www.csfs.ca\/fr\/wp-json\/wp\/v2\/pages"}],"about":[{"href":"https:\/\/www.csfs.ca\/fr\/wp-json\/wp\/v2\/types\/page"}],"author":[{"embeddable":true,"href":"https:\/\/www.csfs.ca\/fr\/wp-json\/wp\/v2\/users\/774"}],"replies":[{"embeddable":true,"href":"https:\/\/www.csfs.ca\/fr\/wp-json\/wp\/v2\/comments?post=3741"}],"version-history":[{"count":4,"href":"https:\/\/www.csfs.ca\/fr\/wp-json\/wp\/v2\/pages\/3741\/revisions"}],"predecessor-version":[{"id":17297,"href":"https:\/\/www.csfs.ca\/fr\/wp-json\/wp\/v2\/pages\/3741\/revisions\/17297"}],"up":[{"embeddable":true,"href":"https:\/\/www.csfs.ca\/fr\/wp-json\/wp\/v2\/pages\/2631"}],"wp:attachment":[{"href":"https:\/\/www.csfs.ca\/fr\/wp-json\/wp\/v2\/media?parent=3741"}],"wp:term":[{"taxonomy":"page_category","embeddable":true,"href":"https:\/\/www.csfs.ca\/fr\/wp-json\/wp\/v2\/page_category?post=3741"}],"curies":[{"name":"wp","href":"https:\/\/api.w.org\/{rel}","templated":true}]}}