{"id":3740,"date":"2016-05-02T13:54:38","date_gmt":"2016-05-02T17:54:38","guid":{"rendered":"https:\/\/www.csfs.ca\/coin_des_etudiants\/student-zone\/?lang=fr"},"modified":"2021-05-12T10:58:54","modified_gmt":"2021-05-12T14:58:54","slug":"que-sont-les-sciences-judiciaires","status":"publish","type":"page","link":"https:\/\/www.csfs.ca\/fr\/coin_des_etudiants\/que-sont-les-sciences-judiciaires\/","title":{"rendered":"Que sont les sciences judiciaires"},"content":{"rendered":"\n<figure class=\"wp-block-image is-resized\"><img decoding=\"async\" src=\"https:\/\/www.csfs.ca\/wp-content\/uploads\/2016\/06\/What-is-Forensic-Science.jpg\" alt=\"What is Forensic Science\" class=\"wp-image-2921\" width=\"810\" height=\"169\" srcset=\"https:\/\/www.csfs.ca\/wp-content\/uploads\/2016\/06\/What-is-Forensic-Science.jpg 720w, https:\/\/www.csfs.ca\/wp-content\/uploads\/2016\/06\/What-is-Forensic-Science-239x50.jpg 239w, https:\/\/www.csfs.ca\/wp-content\/uploads\/2016\/06\/What-is-Forensic-Science-482x100.jpg 482w, https:\/\/www.csfs.ca\/wp-content\/uploads\/2016\/06\/What-is-Forensic-Science-600x125.jpg 600w, https:\/\/www.csfs.ca\/wp-content\/uploads\/2016\/06\/What-is-Forensic-Science-300x63.jpg 300w, https:\/\/www.csfs.ca\/wp-content\/uploads\/2016\/06\/What-is-Forensic-Science-636x133.jpg 636w, https:\/\/www.csfs.ca\/wp-content\/uploads\/2016\/06\/What-is-Forensic-Science-320x67.jpg 320w\" sizes=\"(max-width: 810px) 100vw, 810px\" \/><\/figure>\n\n\n\n<h2 class=\"wp-block-heading\">Le&nbsp;scoop sur les vrais sciences judiciaires!<\/h2>\n\n\n\n<p>Beaucoup d&rsquo;entre nous sont int\u00e9ress\u00e9s par le domaine passionnant et en d\u00e9veloppement des sciences judiciaires et de medicine l\u00e9gale. Cela est en partie d\u00fb aux \u00e9missions de t\u00e9l\u00e9vision sensationnalis\u00e9es qui mettent en vedette la science m\u00e9dico-l\u00e9gale et l&rsquo;enqu\u00eate&nbsp;des sc\u00e8nes de crime. Ces spectacles sont con\u00e7us uniquement pour le divertissement et&nbsp;non pas&nbsp;pour \u00e9duquer le public&nbsp;sur la science elle-m\u00eame ou des carri\u00e8res r\u00e9elles disponibles dans le domaine. Qu&rsquo;ils soient exacts ou non, bon nombre d&rsquo;entre nous retirent&nbsp;de d&rsquo;information et des \u00abconnaissances communes\u00bb de la t\u00e9l\u00e9vision et il par consequence il existe un certain nombre d&rsquo;id\u00e9es fausses qui se propagent par rapport aue domaine de la m\u00e9decine l\u00e9gale.<\/p>\n\n\n\n<p>Alors, qu&rsquo;est-ce que la science judiciaire? Deriv\u00e9 du terme latin \u00ab\u00a0forensic\u00a0\u00bb qui signifie un d\u00e9bat public ou une discussion, la m\u00e9decine l\u00e9gale au sens moderne implique&nbsp;les tribunaux. La science judiciaire est donc l&rsquo;application de la science, et la m\u00e9thode scientifique au syst\u00e8me judiciaire. Le mot important ici est science. Un scientifique l\u00e9giste&nbsp;va non seulement analyser et interpr\u00e9ter les preuves mais va aussi \u00eatres&nbsp;contest\u00e9 en court tout en fournissant des t\u00e9moignages en tant qu&rsquo;expert.<\/p>\n\n\n\n<p>La science judiciaire&nbsp;est utilis\u00e9e pour faire respecter les lois et r\u00e8gles du gouvernement, r\u00e9gler les disputes, \u00e9valuer le bl\u00e2me et \u00e9tablir la responsabilit\u00e9 et am\u00e9liorer la s\u00e9curit\u00e9 publique. Parce que la science est maintenant utilis\u00e9e couramment dans le litige, divers groupes, y compris des avocats, des juges, les responsables de l&rsquo;application de la loi et le public, doivent savoir ce que la science m\u00e9dico-l\u00e9gale peut et ne peut pas faire.<\/p>\n\n\n\n<p>Les scientists judiciaires utilisent des techniques scientifiques de pointe pour examiner et interpr\u00e9ter les \u00e9l\u00e9ments de preuve li\u00e9s aux proc\u00e9dures civiles et p\u00e9nales. En droit criminel, la science judiciaire peut aider \u00e0 prouver la culpabilit\u00e9 ou l&rsquo;innocence du d\u00e9fendeur. Dans les actions civiles, la m\u00e9decine l\u00e9gale peut aider \u00e0 r\u00e9soudre un large \u00e9ventail de questions juridiques \u00e0 travers l&rsquo;identification, l&rsquo;analyse et l&rsquo;\u00e9valuation des preuves physiques.<\/p>\n\n\n\n<p>La science judiciaire s&rsquo;appuie sur une vari\u00e9t\u00e9 de disciplines scientifiques,&nbsp;notamment la biologie, la physique et la chimie.<\/p>\n\n\n\n<p>Forensic science draws upon a variety of scientific disciplines, including biology, physics and chemistry.<\/p>\n\n\n\n<h2 class=\"wp-block-heading\">Le domaine des sciences judiciaires couvre:<\/h2>\n\n\n\n<ul class=\"wp-block-list\"><li>L&rsquo;examen de documents<\/li><li>La\u00a0biologie et l&rsquo;analyse d&rsquo;ADN<\/li><li>L&rsquo;\u00e9lectronique et les media digitales<\/li><li>Les empruntes digitales<\/li><li>Les techniques d&rsquo;autopsie<\/li><li>L&rsquo;ing\u00e9nierie<\/li><li>La linguistique<\/li><li>L&rsquo;anthropologie<\/li><li>La\u00a0pathologie<\/li><li>L&rsquo;\u00e9conomie<\/li><li>La compatbilit\u00e9<\/li><li>L&rsquo;entomologie<\/li><li>La toxicology<\/li><\/ul>\n\n\n\n<h2 class=\"wp-block-heading\">Les disciplines traditionnelles des&nbsp;sciences judiciaires&nbsp;comprennent:<\/h2>\n\n\n\n<ul class=\"wp-block-list\"><li>Toxicologie (\u00e9tude de l&rsquo;alcool et drogues)<\/li><li>S\u00e9rologie (\u00e9tude du sang et autres liquides biologiques)<\/li><li>L\u2019examen des documents mis en question (l&rsquo;examen de documents, comparaison de l&rsquo;\u00e9criture, de l&rsquo;\u00e9tude d&rsquo;encres, l\u2019empreinte de la machine \u00e0 \u00e9crire,la contrefa\u00e7on, etc.)<\/li><li>Chimie<\/li><li>L\u2019identification des armes \u00e0 feu et la balistique (\u00e9tude des marques et de stries sur les balles)<\/li><li>L&rsquo;analyse des fibres et des cheveux<\/li><li>Pathologie<\/li><li>Odontologie (etude des marques de morsures, de la structure des dents)<\/li><li>Anthropologe et determination d&rsquo;un profile biologique<\/li><\/ul>\n\n\n\n<h2 class=\"wp-block-heading\">D&rsquo;autres sp\u00e9cialit\u00e9s incluent (mais ne sont pas limit\u00e9s)&nbsp;:<\/h2>\n\n\n\n<ul class=\"wp-block-list\"><li>L\u2019identification des catastrophes (p. ex., identification des corps, et la cause du d\u00e9c\u00e8s)<\/li><li>L\u2019analyse des empreintes de l\u00e8vre (cheiloscopy)<\/li><li>M\u00e9t\u00e9orologie (impact de la m\u00e9t\u00e9o sur un cas)<\/li><li>L\u2019identification des patrons de taches de sang<\/li><li>L\u2019analyse d&#8217;empreinte vocale<\/li><li>Geologie<\/li><li>Botanie<\/li><li>Les soins infirmiers<\/li><li>Psychiatrie et sciences du comportement<\/li><li>Biometrie<\/li><li>Entomologie<\/li><li>Taphonomie<\/li><\/ul>\n","protected":false},"excerpt":{"rendered":"<p>Le&nbsp;scoop sur les vrais sciences judiciaires! Beaucoup d&rsquo;entre nous sont int\u00e9ress\u00e9s par le domaine passionnant et en d\u00e9veloppement des sciences judiciaires et de medicine l\u00e9gale. Cela est en partie d\u00fb&#8230;<\/p>\n","protected":false},"author":774,"featured_media":0,"parent":3699,"menu_order":-99,"comment_status":"closed","ping_status":"closed","template":"","meta":{"_seopress_robots_primary_cat":"","_seopress_titles_title":"","_seopress_titles_desc":"","_seopress_robots_index":"","pmpro_default_level":"","_kad_blocks_custom_css":"","_kad_blocks_head_custom_js":"","_kad_blocks_body_custom_js":"","_kad_blocks_footer_custom_js":"","_price":"","_stock":"","_tribe_ticket_header":"","_tribe_default_ticket_provider":"","_tribe_ticket_capacity":"0","_ticket_start_date":"","_ticket_end_date":"","_tribe_ticket_show_description":"","_tribe_ticket_show_not_going":false,"_tribe_ticket_use_global_stock":"","_tribe_ticket_global_stock_level":"","_global_stock_mode":"","_global_stock_cap":"","_tribe_rsvp_for_event":"","_tribe_ticket_going_count":"","_tribe_ticket_not_going_count":"","_tribe_tickets_list":"[]","_tribe_ticket_has_attendee_info_fields":false,"_EventAllDay":false,"_EventTimezone":"","_EventStartDate":"","_EventEndDate":"","_EventStartDateUTC":"","_EventEndDateUTC":"","_EventShowMap":false,"_EventShowMapLink":false,"_EventURL":"","_EventCost":"","_EventCostDescription":"","_EventCurrencySymbol":"","_EventCurrencyCode":"","_EventCurrencyPosition":"","_EventDateTimeSeparator":"","_EventTimeRangeSeparator":"","_EventOrganizerID":[],"_EventVenueID":[],"_OrganizerEmail":"","_OrganizerPhone":"","_OrganizerWebsite":"","_VenueAddress":"","_VenueCity":"","_VenueCountry":"","_VenueProvince":"","_VenueState":"","_VenueZip":"","_VenuePhone":"","_VenueURL":"","_VenueStateProvince":"","_VenueLat":"","_VenueLng":"","_VenueShowMap":false,"_VenueShowMapLink":false,"_kad_post_transparent":"","_kad_post_title":"","_kad_post_layout":"","_kad_post_sidebar_id":"","_kad_post_content_style":"","_kad_post_vertical_padding":"","_kad_post_feature":"","_kad_post_feature_position":"","_kad_post_header":false,"_kad_post_footer":false,"_kad_post_classname":"","footnotes":""},"page_category":[],"class_list":["post-3740","page","type-page","status-publish","hentry","pmpro-has-access"],"taxonomy_info":[],"featured_image_src_large":false,"author_info":{"display_name":"CSFS","author_link":"https:\/\/www.csfs.ca\/fr\/author\/CSFS\/"},"comment_info":0,"_links":{"self":[{"href":"https:\/\/www.csfs.ca\/fr\/wp-json\/wp\/v2\/pages\/3740","targetHints":{"allow":["GET"]}}],"collection":[{"href":"https:\/\/www.csfs.ca\/fr\/wp-json\/wp\/v2\/pages"}],"about":[{"href":"https:\/\/www.csfs.ca\/fr\/wp-json\/wp\/v2\/types\/page"}],"author":[{"embeddable":true,"href":"https:\/\/www.csfs.ca\/fr\/wp-json\/wp\/v2\/users\/774"}],"replies":[{"embeddable":true,"href":"https:\/\/www.csfs.ca\/fr\/wp-json\/wp\/v2\/comments?post=3740"}],"version-history":[{"count":0,"href":"https:\/\/www.csfs.ca\/fr\/wp-json\/wp\/v2\/pages\/3740\/revisions"}],"up":[{"embeddable":true,"href":"https:\/\/www.csfs.ca\/fr\/wp-json\/wp\/v2\/pages\/3699"}],"wp:attachment":[{"href":"https:\/\/www.csfs.ca\/fr\/wp-json\/wp\/v2\/media?parent=3740"}],"wp:term":[{"taxonomy":"page_category","embeddable":true,"href":"https:\/\/www.csfs.ca\/fr\/wp-json\/wp\/v2\/page_category?post=3740"}],"curies":[{"name":"wp","href":"https:\/\/api.w.org\/{rel}","templated":true}]}}