{"id":3737,"date":"2016-05-02T13:56:12","date_gmt":"2016-05-02T17:56:12","guid":{"rendered":"https:\/\/www.csfs.ca\/coin_des_etudiants\/join-as-a-student\/?lang=fr"},"modified":"2022-01-28T11:48:37","modified_gmt":"2022-01-28T16:48:37","slug":"devenez-membre-etudiant","status":"publish","type":"page","link":"https:\/\/www.csfs.ca\/fr\/coin_des_etudiants\/devenez-membre-etudiant\/","title":{"rendered":"Devenez membre \u00e9tudiant!"},"content":{"rendered":"\n<figure class=\"wp-block-image size-full is-resized\"><img decoding=\"async\" src=\"https:\/\/www.csfs.ca\/wp-content\/uploads\/2016\/06\/Join_as_student.jpg\" alt=\"Join_as_student\" class=\"wp-image-2904\" width=\"810\" height=\"169\" srcset=\"https:\/\/www.csfs.ca\/wp-content\/uploads\/2016\/06\/Join_as_student.jpg 720w, https:\/\/www.csfs.ca\/wp-content\/uploads\/2016\/06\/Join_as_student-239x50.jpg 239w, https:\/\/www.csfs.ca\/wp-content\/uploads\/2016\/06\/Join_as_student-482x100.jpg 482w, https:\/\/www.csfs.ca\/wp-content\/uploads\/2016\/06\/Join_as_student-600x125.jpg 600w, https:\/\/www.csfs.ca\/wp-content\/uploads\/2016\/06\/Join_as_student-300x63.jpg 300w, https:\/\/www.csfs.ca\/wp-content\/uploads\/2016\/06\/Join_as_student-636x133.jpg 636w, https:\/\/www.csfs.ca\/wp-content\/uploads\/2016\/06\/Join_as_student-320x67.jpg 320w\" sizes=\"(max-width: 810px) 100vw, 810px\" \/><\/figure>\n\n\n\n<h2 class=\"wp-block-heading\">Venez rencontrer de nouvelles personnes, partager des id\u00e9es et vous impliquer! Le tout pour 40 $ par ann\u00e9e!<\/h2>\n\n\n\n<div class=\"wp-block-boldblocks-icon-separator\" style=\"--bb--margin-top--sm:var(--bb--margin-top--lg);--bb--margin-bottom--sm:var(--bb--margin-bottom--lg);--bb--margin-top--md:var(--bb--margin-top--lg);--bb--margin-bottom--md:var(--bb--margin-bottom--lg);--bb--margin-top--lg:1em;--bb--margin-bottom--lg:1em\" role=\"separator\"><div class=\"wp-block-boldblocks-icon-separator__inner icon-center is-align-center\" style=\"--bb-border:2px solid var(--wp--preset--color--theme-palette2, #d57100);--bb--icon-width:1.5em;--bb--icon-spacing:1em;--bb--icon-stroke-color:var(--wp--preset--color--theme-palette2, #d57100)\"><svg xmlns=\"http:\/\/www.w3.org\/2000\/svg\" viewBox=\"0 0 512 512\" class=\"bb-icon bb-icon--ellipse-outline\">\n  <circle cx=\"256\" cy=\"256\" r=\"192\" style=\"fill:none;stroke:#000;stroke-linecap:round;stroke-linejoin:round;stroke-width:42px\"><\/circle>\n<\/svg><\/div><\/div>\n\n\n\n<p>Le statut de membre \u00e9tudiant est offert aux \u00e9tudiants qui \u00e9tudient dans un programme de premier cycle en sciences judiciaires ou une discipline connexe, dans un programme de ma\u00eetrise ou de doctorat, et qui souhaitent cr\u00e9diter une valeur ajout\u00e9e \u00e0 leurs \u00e9tudes. Il permet aux \u00e9tudiants d\u2019avoir acc\u00e8s \u00e0 des opportunit\u00e9s de perfectionnement professionnel, de r\u00e9seautage, de prix et r\u00e9compenses ainsi que d\u2019\u00e9tablir des contacts des sp\u00e9cialistes en sciences judiciaires talentueux dans le monde par l\u2019entremise de conf\u00e9rences, d\u2019ateliers et de s\u00e9minaires. Les candidats ne sont pas cens\u00e9s poss\u00e9der d\u2019exp\u00e9rience professionnelle dans le domaine s\u2019ils d\u00e9sirent \u00eatre admissible \u00e0 au statut de membre \u00e9tudiant.<\/p>\n\n\n\n<h3 class=\"wp-block-heading\">\u00catre membre \u00e9tudiant au sein de la Soci\u00e9t\u00e9 vous permet d\u2019avoir acc\u00e8s \u00e0 de nombreux avantages:<\/h3>\n\n\n\n<ul class=\"wp-block-list\"><li>Abonnement en ligne au Journal de la SCSJ- une publication trimestrielle prestigieuse vitrine des articles de grandes experts l\u00e9gistes internationaux.<\/li><li>Acc\u00e8s au Forum &#8211; un bulletin d&rsquo;information biannuel offrant des nouvelles de la Soci\u00e9t\u00e9 et de ses membres.<\/li><li>Participation aux conf\u00e9rences de la SCSJ et autres ateliers \u00e0 taux r\u00e9duits.<\/li><li>Possibilit\u00e9s de perfectionnement professionnel.<\/li><li>Admissibilit\u00e9 \u00e0 des prix prestigieux.<\/li><li>Acc\u00e8s \u00e0 de l&rsquo;information \u00e0 jour touchant les diff\u00e9rents domaines des sciences judiciaires.<\/li><li>\u00c9tablissement de contacts personnels avec des sp\u00e9cialistes en sciences judiciaires.<\/li><li>Offres d&#8217;emploi publi\u00e9es r\u00e9guli\u00e8rement sur le site de la SCSJ.<\/li><li>Possibilit\u00e9s d\u2019accro\u00eetre ses comp\u00e9tences au niveau de pr\u00e9sentations publiques ou de relations interpersonnelles et professionnelles.<\/li><\/ul>\n\n\n\n<p>Apr\u00e8s l&rsquo;obtention de leur dipl\u00f4me, les membres \u00e9tudiants ont la possibilit\u00e9 d\u2019acc\u00e9der au statut de membre r\u00e9gulier, dans la mesure o\u00f9 ils en rencontrent les crit\u00e8res d\u2019admissibilit\u00e9.<\/p>\n\n\n\n<h3 class=\"wp-block-heading\">Voici la proc\u00e9dure \u00e0 suivre&nbsp;:<\/h3>\n\n\n\n<ul class=\"wp-block-list\"><li>Remplissez le formulaire de <a rel=\"noreferrer noopener\" href=\"https:\/\/www.csfs.ca\/fr\/adherez-a-titre\/procedure-dadhesion\/demande-pour-les-membres-etudiants\/\" target=\"_blank\">demande d\u2019adh\u00e9sion en ligne<\/a>. Des informations d\u00e9taill\u00e9es sur les exigences d\u2019admissibilit\u00e9 sont disponibles sur le formulaire.<\/li><li>Fournissez une preuve d&rsquo;inscription \u00e0 un \u00e9tablissement d&rsquo;enseignement post-secondaire, une confirmation du programme d&rsquo;\u00e9tude suivi, accompagn\u00e9 d\u2019un C.V. \u00e0 jour<\/li><\/ul>\n\n\n\n<div class=\"wp-block-boldblocks-icon-separator\" style=\"--bb--margin-top--sm:var(--bb--margin-top--lg);--bb--margin-bottom--sm:var(--bb--margin-bottom--lg);--bb--margin-top--md:var(--bb--margin-top--lg);--bb--margin-bottom--md:var(--bb--margin-bottom--lg);--bb--margin-top--lg:1em;--bb--margin-bottom--lg:1em\" role=\"separator\"><div class=\"wp-block-boldblocks-icon-separator__inner icon-center is-align-center\" style=\"--bb-border:2px solid var(--wp--preset--color--theme-palette2, #d57100);--bb--icon-width:1.5em;--bb--icon-spacing:1em;--bb--icon-stroke-color:var(--wp--preset--color--theme-palette2, #d57100)\"><svg xmlns=\"http:\/\/www.w3.org\/2000\/svg\" viewBox=\"0 0 512 512\" class=\"bb-icon bb-icon--ellipse-outline\">\n  <circle cx=\"256\" cy=\"256\" r=\"192\" style=\"fill:none;stroke:#000;stroke-linecap:round;stroke-linejoin:round;stroke-width:42px\"><\/circle>\n<\/svg><\/div><\/div>\n\n\n\n<h3 class=\"wp-block-heading\">Bourse d\u2019\u00e9tude de la SCSJ<\/h3>\n\n\n\n<p><strong>Afin de promouvoir les \u00e9tudes dans les domaines des sciences judiciaires, la Soci\u00e9t\u00e9 canadienne des sciences judiciaires offre annuellement une bourse d\u2019\u00e9tude de 700,00 $ \u00e0 un ou des \u00e9tudiants de premier cycle ou d\u2019\u00e9tudes gradu\u00e9es qui suivent une formation dans un des domaines des sciences judiciaires.<\/strong><\/p>\n\n\n\n<p>Pour faire une demande, remplir le formulaire ci-dessous et le faire parvenir par courriel \u00e0\u00a0: CSFS@bellnet.ca. La demande doit \u00eatre pr\u00e9sent\u00e9e avant le 1er avril de chaque ann\u00e9e et sera \u00e9tudi\u00e9e par le Comit\u00e9 des r\u00e9compenses de la SCSJ.<\/p>\n\n\n\n<p><br><a rel=\"noopener\" href=\"http:\/\/csfs.ca\/wp-content\/uploads\/2016\/06\/EDUCATION-AWARD-APP.doc\" target=\"_blank\">Demande de bourse<\/a> (en anglais)<\/p>\n","protected":false},"excerpt":{"rendered":"<p>Venez rencontrer de nouvelles personnes, partager des id\u00e9es et vous impliquer! Le tout pour 40 $ par ann\u00e9e! Le statut de membre \u00e9tudiant est offert aux \u00e9tudiants qui \u00e9tudient dans&#8230;<\/p>\n","protected":false},"author":774,"featured_media":0,"parent":3699,"menu_order":-100,"comment_status":"closed","ping_status":"closed","template":"","meta":{"_seopress_robots_primary_cat":"","_seopress_titles_title":"","_seopress_titles_desc":"","_seopress_robots_index":"","pmpro_default_level":"","_kad_blocks_custom_css":"","_kad_blocks_head_custom_js":"","_kad_blocks_body_custom_js":"","_kad_blocks_footer_custom_js":"","_price":"","_stock":"","_tribe_ticket_header":"","_tribe_default_ticket_provider":"","_tribe_ticket_capacity":"0","_ticket_start_date":"","_ticket_end_date":"","_tribe_ticket_show_description":"","_tribe_ticket_show_not_going":false,"_tribe_ticket_use_global_stock":"","_tribe_ticket_global_stock_level":"","_global_stock_mode":"","_global_stock_cap":"","_tribe_rsvp_for_event":"","_tribe_ticket_going_count":"","_tribe_ticket_not_going_count":"","_tribe_tickets_list":"[]","_tribe_ticket_has_attendee_info_fields":false,"_EventAllDay":false,"_EventTimezone":"","_EventStartDate":"","_EventEndDate":"","_EventStartDateUTC":"","_EventEndDateUTC":"","_EventShowMap":false,"_EventShowMapLink":false,"_EventURL":"","_EventCost":"","_EventCostDescription":"","_EventCurrencySymbol":"","_EventCurrencyCode":"","_EventCurrencyPosition":"","_EventDateTimeSeparator":"","_EventTimeRangeSeparator":"","_EventOrganizerID":[],"_EventVenueID":[],"_OrganizerEmail":"","_OrganizerPhone":"","_OrganizerWebsite":"","_VenueAddress":"","_VenueCity":"","_VenueCountry":"","_VenueProvince":"","_VenueState":"","_VenueZip":"","_VenuePhone":"","_VenueURL":"","_VenueStateProvince":"","_VenueLat":"","_VenueLng":"","_VenueShowMap":false,"_VenueShowMapLink":false,"_kad_post_transparent":"","_kad_post_title":"","_kad_post_layout":"","_kad_post_sidebar_id":"","_kad_post_content_style":"","_kad_post_vertical_padding":"","_kad_post_feature":"","_kad_post_feature_position":"","_kad_post_header":false,"_kad_post_footer":false,"_kad_post_classname":"","footnotes":""},"page_category":[],"class_list":["post-3737","page","type-page","status-publish","hentry","pmpro-has-access"],"taxonomy_info":[],"featured_image_src_large":false,"author_info":{"display_name":"CSFS","author_link":"https:\/\/www.csfs.ca\/fr\/author\/CSFS\/"},"comment_info":0,"_links":{"self":[{"href":"https:\/\/www.csfs.ca\/fr\/wp-json\/wp\/v2\/pages\/3737","targetHints":{"allow":["GET"]}}],"collection":[{"href":"https:\/\/www.csfs.ca\/fr\/wp-json\/wp\/v2\/pages"}],"about":[{"href":"https:\/\/www.csfs.ca\/fr\/wp-json\/wp\/v2\/types\/page"}],"author":[{"embeddable":true,"href":"https:\/\/www.csfs.ca\/fr\/wp-json\/wp\/v2\/users\/774"}],"replies":[{"embeddable":true,"href":"https:\/\/www.csfs.ca\/fr\/wp-json\/wp\/v2\/comments?post=3737"}],"version-history":[{"count":3,"href":"https:\/\/www.csfs.ca\/fr\/wp-json\/wp\/v2\/pages\/3737\/revisions"}],"predecessor-version":[{"id":13748,"href":"https:\/\/www.csfs.ca\/fr\/wp-json\/wp\/v2\/pages\/3737\/revisions\/13748"}],"up":[{"embeddable":true,"href":"https:\/\/www.csfs.ca\/fr\/wp-json\/wp\/v2\/pages\/3699"}],"wp:attachment":[{"href":"https:\/\/www.csfs.ca\/fr\/wp-json\/wp\/v2\/media?parent=3737"}],"wp:term":[{"taxonomy":"page_category","embeddable":true,"href":"https:\/\/www.csfs.ca\/fr\/wp-json\/wp\/v2\/page_category?post=3737"}],"curies":[{"name":"wp","href":"https:\/\/api.w.org\/{rel}","templated":true}]}}