{"id":3732,"date":"2016-05-10T19:31:10","date_gmt":"2016-05-10T23:31:10","guid":{"rendered":"https:\/\/www.csfs.ca\/government-labs-in-canada\/?lang=fr"},"modified":"2022-05-02T11:00:24","modified_gmt":"2022-05-02T15:00:24","slug":"laboratoires-gouvernementaux-au-canada","status":"publish","type":"page","link":"https:\/\/www.csfs.ca\/fr\/ressources\/laboratoires-gouvernementaux-au-canada\/","title":{"rendered":"Laboratoires gouvernementaux au Canada"},"content":{"rendered":"\n<figure class=\"wp-block-image size-full is-resized\"><img decoding=\"async\" src=\"https:\/\/www.csfs.ca\/wp-content\/uploads\/2016\/06\/Resources_1.jpg\" alt=\"Resources_1\" class=\"wp-image-2908\" width=\"810\" height=\"169\" srcset=\"https:\/\/www.csfs.ca\/wp-content\/uploads\/2016\/06\/Resources_1.jpg 720w, https:\/\/www.csfs.ca\/wp-content\/uploads\/2016\/06\/Resources_1-239x50.jpg 239w, https:\/\/www.csfs.ca\/wp-content\/uploads\/2016\/06\/Resources_1-482x100.jpg 482w, https:\/\/www.csfs.ca\/wp-content\/uploads\/2016\/06\/Resources_1-600x125.jpg 600w, https:\/\/www.csfs.ca\/wp-content\/uploads\/2016\/06\/Resources_1-300x63.jpg 300w, https:\/\/www.csfs.ca\/wp-content\/uploads\/2016\/06\/Resources_1-636x133.jpg 636w, https:\/\/www.csfs.ca\/wp-content\/uploads\/2016\/06\/Resources_1-320x67.jpg 320w\" sizes=\"(max-width: 810px) 100vw, 810px\" \/><\/figure>\n\n\n\n<p>Au Canada, nous avons un syst\u00e8me de laboratoires m\u00e9dico-l\u00e9gaux \u00e0 la fois provincial et f\u00e9d\u00e9ral.<\/p>\n\n\n\n<div class=\"wp-block-boldblocks-icon-separator\" style=\"--bb--margin-top--sm:var(--bb--margin-top--lg);--bb--margin-bottom--sm:var(--bb--margin-bottom--lg);--bb--margin-top--md:var(--bb--margin-top--lg);--bb--margin-bottom--md:var(--bb--margin-bottom--lg);--bb--margin-top--lg:1em;--bb--margin-bottom--lg:1em\" role=\"separator\"><div class=\"wp-block-boldblocks-icon-separator__inner icon-center is-align-center\" style=\"--bb-border:2px solid var(--wp--preset--color--theme-palette2, #d57100);--bb--icon-width:1.5em;--bb--icon-spacing:1em;--bb--icon-stroke-color:var(--wp--preset--color--theme-palette2, #d57100)\"><svg xmlns=\"http:\/\/www.w3.org\/2000\/svg\" viewBox=\"0 0 512 512\" class=\"bb-icon bb-icon--ellipse-outline\">\n  <circle cx=\"256\" cy=\"256\" r=\"192\" style=\"fill:none;stroke:#000;stroke-linecap:round;stroke-linejoin:round;stroke-width:42px\"><\/circle>\n<\/svg><\/div><\/div>\n\n\n\n<p>Les laboratoires provinciaux sont :<\/p>\n\n\n\n<ul class=\"wp-block-list\"><li>Le Centre des Sciences Judiciaires situ\u00e9 \u00e0 Toronto et \u00e0 Sault Sainte-Marie.<\/li><li>Le Laboratoire de Science Judiciaires et de M\u00e9decine L\u00e9gale situ\u00e9 \u00e0 Montr\u00e9al.<\/li><li>Laboratorie m\u00e9dico-l\u00e9gal de la faune de l\u2019Alberta \u00e0 Edmonton.<\/li><\/ul>\n\n\n\n<div class=\"wp-block-boldblocks-icon-separator\" style=\"--bb--margin-top--sm:var(--bb--margin-top--lg);--bb--margin-bottom--sm:var(--bb--margin-bottom--lg);--bb--margin-top--md:var(--bb--margin-top--lg);--bb--margin-bottom--md:var(--bb--margin-bottom--lg);--bb--margin-top--lg:1em;--bb--margin-bottom--lg:1em\" role=\"separator\"><div class=\"wp-block-boldblocks-icon-separator__inner icon-center is-align-center\" style=\"--bb-border:2px solid var(--wp--preset--color--theme-palette2, #d57100);--bb--icon-width:1.5em;--bb--icon-spacing:1em;--bb--icon-stroke-color:var(--wp--preset--color--theme-palette2, #d57100)\"><svg xmlns=\"http:\/\/www.w3.org\/2000\/svg\" viewBox=\"0 0 512 512\" class=\"bb-icon bb-icon--ellipse-outline\">\n  <circle cx=\"256\" cy=\"256\" r=\"192\" style=\"fill:none;stroke:#000;stroke-linecap:round;stroke-linejoin:round;stroke-width:42px\"><\/circle>\n<\/svg><\/div><\/div>\n\n\n\n<p>Les trois laboratoires f\u00e9d\u00e9raux sont g\u00e9r\u00e9s par la Gendarmerie Royale du Canada et sont situ\u00e9s \u00e0 :<\/p>\n\n\n\n<ul class=\"wp-block-list\"><li>Ottawa<\/li><li>Edmonton<\/li><li>Surrey<\/li><\/ul>\n\n\n\n<p class=\"has-small-font-size\">Clause de non-responsabilit\u00e9 : Veuillez noter que la liste des laboratoires m\u00e9dico-l\u00e9gaux financ\u00e9s par des fonds publics, y compris les juridictions f\u00e9d\u00e9rales et provinciales, est fournie uniquement \u00e0 des fins d&rsquo;information et\/ou d&rsquo;\u00e9ducation et ne doit pas \u00eatre consid\u00e9r\u00e9e comme une approbation de leurs services.<\/p>\n","protected":false},"excerpt":{"rendered":"<p>Au Canada, nous avons un syst\u00e8me de laboratoires m\u00e9dico-l\u00e9gaux \u00e0 la fois provincial et f\u00e9d\u00e9ral. Les laboratoires provinciaux sont : Le Centre des Sciences Judiciaires situ\u00e9 \u00e0 Toronto et \u00e0&#8230;<\/p>\n","protected":false},"author":774,"featured_media":0,"parent":3733,"menu_order":-99,"comment_status":"closed","ping_status":"closed","template":"","meta":{"_seopress_robots_primary_cat":"","_seopress_titles_title":"","_seopress_titles_desc":"","_seopress_robots_index":"","pmpro_default_level":"","_kad_blocks_custom_css":"","_kad_blocks_head_custom_js":"","_kad_blocks_body_custom_js":"","_kad_blocks_footer_custom_js":"","_price":"","_stock":"","_tribe_ticket_header":"","_tribe_default_ticket_provider":"","_tribe_ticket_capacity":"0","_ticket_start_date":"","_ticket_end_date":"","_tribe_ticket_show_description":"","_tribe_ticket_show_not_going":false,"_tribe_ticket_use_global_stock":"","_tribe_ticket_global_stock_level":"","_global_stock_mode":"","_global_stock_cap":"","_tribe_rsvp_for_event":"","_tribe_ticket_going_count":"","_tribe_ticket_not_going_count":"","_tribe_tickets_list":"[]","_tribe_ticket_has_attendee_info_fields":false,"_EventAllDay":false,"_EventTimezone":"","_EventStartDate":"","_EventEndDate":"","_EventStartDateUTC":"","_EventEndDateUTC":"","_EventShowMap":false,"_EventShowMapLink":false,"_EventURL":"","_EventCost":"","_EventCostDescription":"","_EventCurrencySymbol":"","_EventCurrencyCode":"","_EventCurrencyPosition":"","_EventDateTimeSeparator":"","_EventTimeRangeSeparator":"","_EventOrganizerID":[],"_EventVenueID":[],"_OrganizerEmail":"","_OrganizerPhone":"","_OrganizerWebsite":"","_VenueAddress":"","_VenueCity":"","_VenueCountry":"","_VenueProvince":"","_VenueState":"","_VenueZip":"","_VenuePhone":"","_VenueURL":"","_VenueStateProvince":"","_VenueLat":"","_VenueLng":"","_VenueShowMap":false,"_VenueShowMapLink":false,"_kad_post_transparent":"","_kad_post_title":"","_kad_post_layout":"","_kad_post_sidebar_id":"","_kad_post_content_style":"","_kad_post_vertical_padding":"","_kad_post_feature":"","_kad_post_feature_position":"","_kad_post_header":false,"_kad_post_footer":false,"_kad_post_classname":"","footnotes":""},"page_category":[],"class_list":["post-3732","page","type-page","status-publish","hentry","pmpro-has-access"],"taxonomy_info":[],"featured_image_src_large":false,"author_info":{"display_name":"CSFS","author_link":"https:\/\/www.csfs.ca\/fr\/author\/CSFS\/"},"comment_info":0,"_links":{"self":[{"href":"https:\/\/www.csfs.ca\/fr\/wp-json\/wp\/v2\/pages\/3732","targetHints":{"allow":["GET"]}}],"collection":[{"href":"https:\/\/www.csfs.ca\/fr\/wp-json\/wp\/v2\/pages"}],"about":[{"href":"https:\/\/www.csfs.ca\/fr\/wp-json\/wp\/v2\/types\/page"}],"author":[{"embeddable":true,"href":"https:\/\/www.csfs.ca\/fr\/wp-json\/wp\/v2\/users\/774"}],"replies":[{"embeddable":true,"href":"https:\/\/www.csfs.ca\/fr\/wp-json\/wp\/v2\/comments?post=3732"}],"version-history":[{"count":3,"href":"https:\/\/www.csfs.ca\/fr\/wp-json\/wp\/v2\/pages\/3732\/revisions"}],"predecessor-version":[{"id":14747,"href":"https:\/\/www.csfs.ca\/fr\/wp-json\/wp\/v2\/pages\/3732\/revisions\/14747"}],"up":[{"embeddable":true,"href":"https:\/\/www.csfs.ca\/fr\/wp-json\/wp\/v2\/pages\/3733"}],"wp:attachment":[{"href":"https:\/\/www.csfs.ca\/fr\/wp-json\/wp\/v2\/media?parent=3732"}],"wp:term":[{"taxonomy":"page_category","embeddable":true,"href":"https:\/\/www.csfs.ca\/fr\/wp-json\/wp\/v2\/page_category?post=3732"}],"curies":[{"name":"wp","href":"https:\/\/api.w.org\/{rel}","templated":true}]}}