{"id":3731,"date":"2016-05-10T19:32:37","date_gmt":"2016-05-10T23:32:37","guid":{"rendered":"https:\/\/www.csfs.ca\/centre-of-forensic-sciences\/?lang=fr"},"modified":"2021-09-22T11:44:04","modified_gmt":"2021-09-22T15:44:04","slug":"le-centre-of-forensic-science","status":"publish","type":"page","link":"https:\/\/www.csfs.ca\/fr\/ressources\/laboratoires-gouvernementaux-au-canada\/le-centre-of-forensic-science\/","title":{"rendered":"Le Centre des sciences judiciaires de l&rsquo;Ontario"},"content":{"rendered":"\n<figure class=\"wp-block-image size-full is-resized\"><img decoding=\"async\" src=\"https:\/\/www.csfs.ca\/wp-content\/uploads\/2016\/05\/cfs.png\" alt=\"cfs\" class=\"wp-image-3016\" width=\"810\" height=\"162\" srcset=\"https:\/\/www.csfs.ca\/wp-content\/uploads\/2016\/05\/cfs.png 782w, https:\/\/www.csfs.ca\/wp-content\/uploads\/2016\/05\/cfs-239x48.png 239w, https:\/\/www.csfs.ca\/wp-content\/uploads\/2016\/05\/cfs-482x96.png 482w, https:\/\/www.csfs.ca\/wp-content\/uploads\/2016\/05\/cfs-600x120.png 600w, https:\/\/www.csfs.ca\/wp-content\/uploads\/2016\/05\/cfs-300x60.png 300w, https:\/\/www.csfs.ca\/wp-content\/uploads\/2016\/05\/cfs-768x153.png 768w, https:\/\/www.csfs.ca\/wp-content\/uploads\/2016\/05\/cfs-636x127.png 636w, https:\/\/www.csfs.ca\/wp-content\/uploads\/2016\/05\/cfs-320x64.png 320w\" sizes=\"(max-width: 810px) 100vw, 810px\" \/><\/figure>\n\n\n\n<p>Le Centre des sciences judiciaires de l&rsquo;Ontario est l&rsquo;une des plus grandes installations de sciences judiciaires en Am\u00e9rique du Nord. Les origines du Centre remontent \u00e0 la cr\u00e9ation du Laboratoire du procureur g\u00e9n\u00e9ral en 1951, rebaptis\u00e9 Centre des sciences judiciaires (CSJ) de la province de l&rsquo;Ontario en 1966.<\/p>\n\n\n\n<p>En 1986, dans le cadre du Programme d&rsquo;initiative du Nord, le gouvernement de l&rsquo;Ontario a approuv\u00e9 la cr\u00e9ation du premier laboratoire r\u00e9gional de sciences judiciaires. Le nouveau laboratoire, le Northern Regional Forensic Laboratory (NRFL), situ\u00e9 \u00e0 Sault Ste. Marie, est devenu op\u00e9rationnel en juillet 1992.<\/p>\n\n\n\n<p>Les deux laboratoires m\u00e8nent des enqu\u00eates scientifiques dans les cas de blessures ou de d\u00e9c\u00e8s dans des circonstances inhabituelles et dans les cas de crimes contre les personnes ou les biens. Des examens et des analyses m\u00e9dico-l\u00e9gales hautement sp\u00e9cialis\u00e9s sont effectu\u00e9s dans les domaines suivants :<\/p>\n\n\n\n<ul class=\"wp-block-list\"><li>Biologie<\/li><li>Chimie<\/li><li>Documents<\/li><li>Armes \u00e0 feu et marques d&rsquo;outils<\/li><li>Toxicologie<\/li><\/ul>\n\n\n\n<p>Les services de laboratoires scientifiques ind\u00e9pendants soutiennent l&rsquo;administration de la justice et les programmes de s\u00e9curit\u00e9 publique dans toute la province. Les agents d&rsquo;application de la loi, les procureurs de la Couronne, les avocats de la d\u00e9fense, les coroners, les pathologistes et d&rsquo;autres organismes d&rsquo;enqu\u00eate officiels ont recours aux services du Centre.<\/p>\n\n\n\n<p>Le CSA offre \u00e9galement de nombreux programmes et mat\u00e9riels \u00e9ducatifs aux personnes ou organismes qui utilisent ses services. Il s&rsquo;agit notamment de conf\u00e9rences donn\u00e9es dans les coll\u00e8ges de police, les cours de pathologie m\u00e9dico-l\u00e9gale, les cours des coroners ou les universit\u00e9s. Des s\u00e9minaires fr\u00e9quents sont \u00e9galement organis\u00e9s pour des groupes sp\u00e9ciaux de la profession juridique et de la police.<\/p>\n\n\n\n<p><a href=\"http:\/\/www.mcscs.jus.gov.on.ca\/french\/centre_forensic\/CFS_intro_fr.html\">Le Centre des sciences judiciaires de l&rsquo;Ontario<\/a><\/p>\n","protected":false},"excerpt":{"rendered":"<p>Le Centre des sciences judiciaires de l&rsquo;Ontario est l&rsquo;une des plus grandes installations de sciences judiciaires en Am\u00e9rique du Nord. Les origines du Centre remontent \u00e0 la cr\u00e9ation du Laboratoire&#8230;<\/p>\n","protected":false},"author":774,"featured_media":0,"parent":3732,"menu_order":0,"comment_status":"closed","ping_status":"closed","template":"","meta":{"_seopress_robots_primary_cat":"","_seopress_titles_title":"","_seopress_titles_desc":"","_seopress_robots_index":"","pmpro_default_level":"","_kad_blocks_custom_css":"","_kad_blocks_head_custom_js":"","_kad_blocks_body_custom_js":"","_kad_blocks_footer_custom_js":"","_price":"","_stock":"","_tribe_ticket_header":"","_tribe_default_ticket_provider":"","_ticket_start_date":"","_ticket_end_date":"","_tribe_ticket_show_description":"","_tribe_ticket_show_not_going":false,"_tribe_ticket_use_global_stock":"","_tribe_ticket_global_stock_level":"","_global_stock_mode":"","_global_stock_cap":"","_tribe_rsvp_for_event":"","_tribe_ticket_going_count":"","_tribe_ticket_not_going_count":"","_tribe_tickets_list":"[]","_tribe_ticket_has_attendee_info_fields":false,"_EventAllDay":false,"_EventTimezone":"","_EventStartDate":"","_EventEndDate":"","_EventStartDateUTC":"","_EventEndDateUTC":"","_EventShowMap":false,"_EventShowMapLink":false,"_EventURL":"","_EventCost":"","_EventCostDescription":"","_EventCurrencySymbol":"","_EventCurrencyCode":"","_EventCurrencyPosition":"","_EventDateTimeSeparator":"","_EventTimeRangeSeparator":"","_EventOrganizerID":[],"_EventVenueID":[],"_OrganizerEmail":"","_OrganizerPhone":"","_OrganizerWebsite":"","_VenueAddress":"","_VenueCity":"","_VenueCountry":"","_VenueProvince":"","_VenueState":"","_VenueZip":"","_VenuePhone":"","_VenueURL":"","_VenueStateProvince":"","_VenueLat":"","_VenueLng":"","_VenueShowMap":false,"_VenueShowMapLink":false,"_kad_post_transparent":"","_kad_post_title":"","_kad_post_layout":"","_kad_post_sidebar_id":"","_kad_post_content_style":"","_kad_post_vertical_padding":"","_kad_post_feature":"","_kad_post_feature_position":"","_kad_post_header":false,"_kad_post_footer":false,"_kad_post_classname":"","footnotes":""},"page_category":[],"class_list":["post-3731","page","type-page","status-publish","hentry","pmpro-has-access"],"taxonomy_info":[],"featured_image_src_large":false,"author_info":{"display_name":"CSFS","author_link":"https:\/\/www.csfs.ca\/fr\/author\/CSFS\/"},"comment_info":0,"_links":{"self":[{"href":"https:\/\/www.csfs.ca\/fr\/wp-json\/wp\/v2\/pages\/3731","targetHints":{"allow":["GET"]}}],"collection":[{"href":"https:\/\/www.csfs.ca\/fr\/wp-json\/wp\/v2\/pages"}],"about":[{"href":"https:\/\/www.csfs.ca\/fr\/wp-json\/wp\/v2\/types\/page"}],"author":[{"embeddable":true,"href":"https:\/\/www.csfs.ca\/fr\/wp-json\/wp\/v2\/users\/774"}],"replies":[{"embeddable":true,"href":"https:\/\/www.csfs.ca\/fr\/wp-json\/wp\/v2\/comments?post=3731"}],"version-history":[{"count":2,"href":"https:\/\/www.csfs.ca\/fr\/wp-json\/wp\/v2\/pages\/3731\/revisions"}],"predecessor-version":[{"id":12852,"href":"https:\/\/www.csfs.ca\/fr\/wp-json\/wp\/v2\/pages\/3731\/revisions\/12852"}],"up":[{"embeddable":true,"href":"https:\/\/www.csfs.ca\/fr\/wp-json\/wp\/v2\/pages\/3732"}],"wp:attachment":[{"href":"https:\/\/www.csfs.ca\/fr\/wp-json\/wp\/v2\/media?parent=3731"}],"wp:term":[{"taxonomy":"page_category","embeddable":true,"href":"https:\/\/www.csfs.ca\/fr\/wp-json\/wp\/v2\/page_category?post=3731"}],"curies":[{"name":"wp","href":"https:\/\/api.w.org\/{rel}","templated":true}]}}