{"id":3730,"date":"2016-05-10T19:34:26","date_gmt":"2016-05-10T23:34:26","guid":{"rendered":"https:\/\/www.csfs.ca\/rcmp-forensic-laboratory-services\/?lang=fr"},"modified":"2021-09-22T12:10:18","modified_gmt":"2021-09-22T16:10:18","slug":"services-des-laboratoires-de-la-gendarmerie-royale-du-canada","status":"publish","type":"page","link":"https:\/\/www.csfs.ca\/fr\/ressources\/laboratoires-gouvernementaux-au-canada\/services-des-laboratoires-de-la-gendarmerie-royale-du-canada\/","title":{"rendered":"Services des laboratoires de la Gendarmerie royale du Canada"},"content":{"rendered":"\n<figure class=\"wp-block-image size-full is-resized\"><img decoding=\"async\" src=\"https:\/\/www.csfs.ca\/wp-content\/uploads\/2016\/05\/rcmp.png\" alt=\"rcmp\" class=\"wp-image-3013\" width=\"810\" height=\"152\" srcset=\"https:\/\/www.csfs.ca\/wp-content\/uploads\/2016\/05\/rcmp.png 787w, https:\/\/www.csfs.ca\/wp-content\/uploads\/2016\/05\/rcmp-239x45.png 239w, https:\/\/www.csfs.ca\/wp-content\/uploads\/2016\/05\/rcmp-482x90.png 482w, https:\/\/www.csfs.ca\/wp-content\/uploads\/2016\/05\/rcmp-600x112.png 600w, https:\/\/www.csfs.ca\/wp-content\/uploads\/2016\/05\/rcmp-300x56.png 300w, https:\/\/www.csfs.ca\/wp-content\/uploads\/2016\/05\/rcmp-768x143.png 768w, https:\/\/www.csfs.ca\/wp-content\/uploads\/2016\/05\/rcmp-636x119.png 636w, https:\/\/www.csfs.ca\/wp-content\/uploads\/2016\/05\/rcmp-320x60.png 320w\" sizes=\"(max-width: 810px) 100vw, 810px\" \/><\/figure>\n\n\n\n<p>Les Services nationaux de laboratoire judiciaire (SNLJ) font partie des Services nationaux de police. Il s&rsquo;agit d&rsquo;un m\u00eame syst\u00e8me de laboratoire public r\u00e9parti dans trois villes : Ottawa, Edmonton et Surrey. Les SNLJ fournissent des services judiciaires de biologie, relatifs aux armes \u00e0 feu, de toxicologie et d&rsquo;analyse de traces aux corps policiers du pays, \u00e0 l&rsquo;exception de ceux en Ontario et au Qu\u00e9bec, ces deux provinces poss\u00e9dant leurs propres laboratoires judiciaires publics pour traiter les dossiers d&rsquo;enqu\u00eates provinciales et municipales. Les SNLJ administrent \u00e9galement le Bureau national de lutte contre la contrefa\u00e7on, un service national offert pour toutes les enqu\u00eates f\u00e9d\u00e9rales, provinciales et municipales.<\/p>\n\n\n\n<h4 class=\"wp-block-heading\"><strong>Services judiciaires<\/strong><\/h4>\n\n\n\n<p><\/p>\n\n\n<style>.kt-accordion-id_73c2e8-ee .kt-accordion-inner-wrap{column-gap:var(--global-kb-gap-md, 2rem);row-gap:10px;}.kt-accordion-id_73c2e8-ee .kt-accordion-panel-inner{border-top-width:0px;border-right-width:0px;border-bottom-width:0px;border-left-width:0px;background:#ffffff;padding-top:var(--global-kb-spacing-sm, 1.5rem);padding-right:var(--global-kb-spacing-sm, 1.5rem);padding-bottom:var(--global-kb-spacing-sm, 1.5rem);padding-left:var(--global-kb-spacing-sm, 1.5rem);}.kt-accordion-id_73c2e8-ee > .kt-accordion-inner-wrap > .wp-block-kadence-pane > .kt-accordion-header-wrap > .kt-blocks-accordion-header{border-top-color:#555555;border-right-color:#555555;border-bottom-color:#555555;border-left-color:#555555;border-top-width:0px;border-right-width:0px;border-bottom-width:0px;border-left-width:0px;border-top-left-radius:6px;border-top-right-radius:6px;border-bottom-right-radius:6px;border-bottom-left-radius:6px;background:#f2f2f2;font-size:18px;line-height:24px;color:#555555;padding-top:14px;padding-right:16px;padding-bottom:14px;padding-left:16px;}.kt-accordion-id_73c2e8-ee:not( .kt-accodion-icon-style-basiccircle ):not( .kt-accodion-icon-style-xclosecircle ):not( .kt-accodion-icon-style-arrowcircle )  > .kt-accordion-inner-wrap > .wp-block-kadence-pane > .kt-accordion-header-wrap .kt-blocks-accordion-icon-trigger:after, .kt-accordion-id_73c2e8-ee:not( .kt-accodion-icon-style-basiccircle ):not( .kt-accodion-icon-style-xclosecircle ):not( .kt-accodion-icon-style-arrowcircle )  > .kt-accordion-inner-wrap > .wp-block-kadence-pane > .kt-accordion-header-wrap .kt-blocks-accordion-icon-trigger:before{background:#555555;}.kt-accordion-id_73c2e8-ee:not( .kt-accodion-icon-style-basic ):not( .kt-accodion-icon-style-xclose ):not( .kt-accodion-icon-style-arrow ) .kt-blocks-accordion-icon-trigger{background:#555555;}.kt-accordion-id_73c2e8-ee:not( .kt-accodion-icon-style-basic ):not( .kt-accodion-icon-style-xclose ):not( .kt-accodion-icon-style-arrow ) .kt-blocks-accordion-icon-trigger:after, .kt-accordion-id_73c2e8-ee:not( .kt-accodion-icon-style-basic ):not( .kt-accodion-icon-style-xclose ):not( .kt-accodion-icon-style-arrow ) .kt-blocks-accordion-icon-trigger:before{background:#f2f2f2;}.kt-accordion-id_73c2e8-ee > .kt-accordion-inner-wrap > .wp-block-kadence-pane > .kt-accordion-header-wrap > .kt-blocks-accordion-header:hover, \n\t\t\t\tbody:not(.hide-focus-outline) .kt-accordion-id_73c2e8-ee .kt-blocks-accordion-header:focus-visible{color:#444444;background:#eeeeee;border-top-color:#eeeeee;border-right-color:#eeeeee;border-bottom-color:#eeeeee;border-left-color:#eeeeee;}.kt-accordion-id_73c2e8-ee:not( .kt-accodion-icon-style-basiccircle ):not( .kt-accodion-icon-style-xclosecircle ):not( .kt-accodion-icon-style-arrowcircle ) .kt-accordion-header-wrap .kt-blocks-accordion-header:hover .kt-blocks-accordion-icon-trigger:after, .kt-accordion-id_73c2e8-ee:not( .kt-accodion-icon-style-basiccircle ):not( .kt-accodion-icon-style-xclosecircle ):not( .kt-accodion-icon-style-arrowcircle ) .kt-accordion-header-wrap .kt-blocks-accordion-header:hover .kt-blocks-accordion-icon-trigger:before, body:not(.hide-focus-outline) .kt-accordion-id_73c2e8-ee:not( .kt-accodion-icon-style-basiccircle ):not( .kt-accodion-icon-style-xclosecircle ):not( .kt-accodion-icon-style-arrowcircle ) .kt-blocks-accordion--visible .kt-blocks-accordion-icon-trigger:after, body:not(.hide-focus-outline) .kt-accordion-id_73c2e8-ee:not( .kt-accodion-icon-style-basiccircle ):not( .kt-accodion-icon-style-xclosecircle ):not( .kt-accodion-icon-style-arrowcircle ) .kt-blocks-accordion-header:focus-visible .kt-blocks-accordion-icon-trigger:before{background:#444444;}.kt-accordion-id_73c2e8-ee:not( .kt-accodion-icon-style-basic ):not( .kt-accodion-icon-style-xclose ):not( .kt-accodion-icon-style-arrow ) .kt-accordion-header-wrap .kt-blocks-accordion-header:hover .kt-blocks-accordion-icon-trigger, body:not(.hide-focus-outline) .kt-accordion-id_73c2e8-ee:not( .kt-accodion-icon-style-basic ):not( .kt-accodion-icon-style-xclose ):not( .kt-accodion-icon-style-arrow ) .kt-accordion-header-wrap .kt-blocks-accordion-header:focus-visible .kt-blocks-accordion-icon-trigger{background:#444444;}.kt-accordion-id_73c2e8-ee:not( .kt-accodion-icon-style-basic ):not( .kt-accodion-icon-style-xclose ):not( .kt-accodion-icon-style-arrow ) .kt-accordion-header-wrap .kt-blocks-accordion-header:hover .kt-blocks-accordion-icon-trigger:after, .kt-accordion-id_73c2e8-ee:not( .kt-accodion-icon-style-basic ):not( .kt-accodion-icon-style-xclose ):not( .kt-accodion-icon-style-arrow ) .kt-accordion-header-wrap .kt-blocks-accordion-header:hover .kt-blocks-accordion-icon-trigger:before, body:not(.hide-focus-outline) .kt-accordion-id_73c2e8-ee:not( .kt-accodion-icon-style-basic ):not( .kt-accodion-icon-style-xclose ):not( .kt-accodion-icon-style-arrow ) .kt-accordion-header-wrap .kt-blocks-accordion-header:focus-visible .kt-blocks-accordion-icon-trigger:after, body:not(.hide-focus-outline) .kt-accordion-id_73c2e8-ee:not( .kt-accodion-icon-style-basic ):not( .kt-accodion-icon-style-xclose ):not( .kt-accodion-icon-style-arrow ) .kt-accordion-header-wrap .kt-blocks-accordion-header:focus-visible .kt-blocks-accordion-icon-trigger:before{background:#eeeeee;}.kt-accordion-id_73c2e8-ee .kt-accordion-header-wrap .kt-blocks-accordion-header:focus-visible,\n\t\t\t\t.kt-accordion-id_73c2e8-ee > .kt-accordion-inner-wrap > .wp-block-kadence-pane > .kt-accordion-header-wrap > .kt-blocks-accordion-header.kt-accordion-panel-active{color:#ffffff;background:#f3690e;border-top-color:#f3690e;border-right-color:#f3690e;border-bottom-color:#f3690e;border-left-color:#f3690e;}.kt-accordion-id_73c2e8-ee:not( .kt-accodion-icon-style-basiccircle ):not( .kt-accodion-icon-style-xclosecircle ):not( .kt-accodion-icon-style-arrowcircle )  > .kt-accordion-inner-wrap > .wp-block-kadence-pane > .kt-accordion-header-wrap > .kt-blocks-accordion-header.kt-accordion-panel-active .kt-blocks-accordion-icon-trigger:after, .kt-accordion-id_73c2e8-ee:not( .kt-accodion-icon-style-basiccircle ):not( .kt-accodion-icon-style-xclosecircle ):not( .kt-accodion-icon-style-arrowcircle )  > .kt-accordion-inner-wrap > .wp-block-kadence-pane > .kt-accordion-header-wrap > .kt-blocks-accordion-header.kt-accordion-panel-active .kt-blocks-accordion-icon-trigger:before{background:#ffffff;}.kt-accordion-id_73c2e8-ee:not( .kt-accodion-icon-style-basic ):not( .kt-accodion-icon-style-xclose ):not( .kt-accodion-icon-style-arrow ) .kt-blocks-accordion-header.kt-accordion-panel-active .kt-blocks-accordion-icon-trigger{background:#ffffff;}.kt-accordion-id_73c2e8-ee:not( .kt-accodion-icon-style-basic ):not( .kt-accodion-icon-style-xclose ):not( .kt-accodion-icon-style-arrow ) .kt-blocks-accordion-header.kt-accordion-panel-active .kt-blocks-accordion-icon-trigger:after, .kt-accordion-id_73c2e8-ee:not( .kt-accodion-icon-style-basic ):not( .kt-accodion-icon-style-xclose ):not( .kt-accodion-icon-style-arrow ) .kt-blocks-accordion-header.kt-accordion-panel-active .kt-blocks-accordion-icon-trigger:before{background:#f3690e;}@media all and (max-width: 767px){.kt-accordion-id_73c2e8-ee .kt-accordion-inner-wrap{display:block;}.kt-accordion-id_73c2e8-ee .kt-accordion-inner-wrap .kt-accordion-pane:not(:first-child){margin-top:10px;}}<\/style>\n<div class=\"wp-block-kadence-accordion alignnone\"><div class=\"kt-accordion-wrap kt-accordion-wrap kt-accordion-id_73c2e8-ee kt-accordion-has-6-panes kt-active-pane-0 kt-accordion-block kt-pane-header-alignment-left kt-accodion-icon-style-basic kt-accodion-icon-side-right\" style=\"max-width:none\"><div class=\"kt-accordion-inner-wrap\" data-allow-multiple-open=\"false\" data-start-open=\"0\">\n<div class=\"wp-block-kadence-pane kt-accordion-pane kt-accordion-pane-2 kt-pane_94f376-21\"><div class=\"kt-accordion-header-wrap\"><button class=\"kt-blocks-accordion-header kt-acccordion-button-label-show\"><span class=\"kt-blocks-accordion-title-wrap\"><span class=\"kt-blocks-accordion-title\"><strong> <span style=\"font-family: Roboto, var(--global-fallback-font);\">Services de biologie<\/span> <\/strong><\/span><\/span><span class=\"kt-blocks-accordion-icon-trigger\"><\/span><\/button><\/div><div class=\"kt-accordion-panel kt-accordion-panel-hidden\"><div class=\"kt-accordion-panel-inner\">\n<p>Les Services de biologie fournissent des services d&rsquo;analyse en trois volets :<\/p>\n\n\n\n<p><br><em>Collecte d&rsquo;\u00e9l\u00e9ments de preuve<\/em><br>Les techniciens sp\u00e9cialistes pr\u00e9parent des \u00e9chantillons aux fins d&rsquo;analyse \u00e0 partir d&rsquo;\u00e9l\u00e9ments de preuve biologiques recueillis sur les lieux de crime. Il peut s&rsquo;agir notamment de liquides organiques, de cheveux et de mati\u00e8res cellulaires provenant d&rsquo;objets manipul\u00e9s.<\/p>\n\n\n\n<p><br><em>Analyse<\/em><br>Les techniciens proc\u00e8dent \u00e0 des analyses de l&rsquo;ADN et \u00e9tablissent des profils d&rsquo;identification g\u00e9n\u00e9tique.<\/p>\n\n\n\n<p><br><em>Rapport<\/em><br>Les scientifiques comparent ces profils avec d&rsquo;autres pour d\u00e9terminer s&rsquo;il existe des associations \u00e9ventuelles. Les SNLJ sont l&rsquo;un des trois laboratoires judiciaires publics autoris\u00e9s \u00e0 utiliser le Fichier g\u00e9n\u00e9tique combin\u00e9 de la Banque nationale de donn\u00e9es g\u00e9n\u00e9tiques. Les scientifiques des Services de biologie peuvent aussi \u00eatre appel\u00e9s \u00e0 fournir un t\u00e9moignage d&rsquo;expert au tribunal.<\/p>\n<\/div><\/div><\/div>\n\n\n\n<div class=\"wp-block-kadence-pane kt-accordion-pane kt-accordion-pane-3 kt-pane_273bba-66\"><div class=\"kt-accordion-header-wrap\"><button class=\"kt-blocks-accordion-header kt-acccordion-button-label-show\"><span class=\"kt-blocks-accordion-title-wrap\"><span class=\"kt-blocks-accordion-title\"><strong>Identification des armes \u00e0 feu et des marques d&rsquo;outil<\/strong><\/span><\/span><span class=\"kt-blocks-accordion-icon-trigger\"><\/span><\/button><\/div><div class=\"kt-accordion-panel kt-accordion-panel-hidden\"><div class=\"kt-accordion-panel-inner\">\n<p>Ce programme effectue l&rsquo;examen d&rsquo;armes \u00e0 feu, d&rsquo;outils et d&rsquo;articles connexes. Les scientifiques dans ce domaine consultent le R\u00e9seau canadien int\u00e9gr\u00e9 d&rsquo;identification balistique (RCIIB) afin de relever des pistes \u00e9ventuelles pour les enqu\u00eates concernant des armes \u00e0 feu. Le RCIIB est une base de donn\u00e9es sur des cas non r\u00e9solus mettant en cause des armes \u00e0 feu. Le programme offre \u00e9galement les services suivants :<\/p>\n\n\n\n<p><br>Le programme offre \u00e9galement les services suivants :<\/p>\n\n\n\n<p><br>\u2022 classification l\u00e9gale et examen m\u00e9canique des armes \u00e0 feu<br>\u2022 \u00e9tablissement de liens entre des balles et douilles et des armes \u00e0 feu par une analyse comparative<br>\u2022 \u00e9valuation des dommages caus\u00e9s par l&rsquo;impact et d\u00e9termination de la distance de tir<br>\u2022 restauration du num\u00e9ro de s\u00e9rie<br>\u2022 examen des marques d&rsquo;outil<br>\u2022 t\u00e9moignages d&rsquo;experts devant les tribunaux<\/p>\n<\/div><\/div><\/div>\n\n\n\n<div class=\"wp-block-kadence-pane kt-accordion-pane kt-accordion-pane-4 kt-pane_c1f59a-c6\"><div class=\"kt-accordion-header-wrap\"><button class=\"kt-blocks-accordion-header kt-acccordion-button-label-show\"><span class=\"kt-blocks-accordion-title-wrap\"><span class=\"kt-blocks-accordion-title\"><strong>Bureau national de lutte contre la contrefa\u00e7on (BNLC)<\/strong><\/span><\/span><span class=\"kt-blocks-accordion-icon-trigger\"><\/span><\/button><\/div><div class=\"kt-accordion-panel kt-accordion-panel-hidden\"><div class=\"kt-accordion-panel-inner\">\n<p>Le BNLC tient une base de donn\u00e9es nationale sur les billets de banque contrefaits qui ont \u00e9t\u00e9 retir\u00e9s de la circulation au Canada. Il aide \u00e0 cerner les tendances en contrefa\u00e7on et soutient les enqu\u00eates criminelles. Il offre notamment les services suivants :<\/p>\n\n\n\n<p><br>\u2022 examen \u25e6des billets de banque pr\u00e9sum\u00e9s contrefaits en circulation au Canada<br>\u2022 des titres n\u00e9gociables (ch\u00e8ques, timbres)<br>\u2022 des documents d&rsquo;identit\u00e9 et de voyage<br>\u2022 des pi\u00e8ces de monnaie de circulation canadienne<br>\u2022 des cartes de paiement<br>\u2022 t\u00e9moignages d&rsquo;experts devant les tribunaux.<\/p>\n<\/div><\/div><\/div>\n\n\n\n<div class=\"wp-block-kadence-pane kt-accordion-pane kt-accordion-pane-5 kt-pane_09b410-47\"><div class=\"kt-accordion-header-wrap\"><button class=\"kt-blocks-accordion-header kt-acccordion-button-label-show\"><span class=\"kt-blocks-accordion-title-wrap\"><span class=\"kt-blocks-accordion-title\"><strong>Services de toxicologie<\/strong><\/span><\/span><span class=\"kt-blocks-accordion-icon-trigger\"><\/span><\/button><\/div><div class=\"kt-accordion-panel kt-accordion-panel-hidden\"><div class=\"kt-accordion-panel-inner\">\n<p>Les Services de toxicologie traitent les \u00e9chantillons de liquides organiques (par exemple, sang, urine) et d&rsquo;autres types d&rsquo;\u00e9l\u00e9ments de preuve. Les services fournis par les scientifiques et les techniciens sp\u00e9cialistes sont les suivants :<\/p>\n\n\n\n<ul class=\"wp-block-list\"><li>d\u00e9pistage d&rsquo;une vaste gamme de drogues, de m\u00e9dicaments et de poisons, dont l&rsquo;alcool et les cannabino\u00efdes<\/li><li>d\u00e9pistage et analyse de drogues, de m\u00e9dicaments et de poisons dans des \u00e9chantillons biologiques et d&rsquo;autres mati\u00e8res pr\u00e9lev\u00e9s comme \u00e9l\u00e9ments de preuve<\/li><li>formation et soutien relativement au programme d&rsquo;\u00e9thyloscopie et au Programme de classification et d&rsquo;\u00e9valuation des drogues (PECD)<\/li><li>t\u00e9moignages d&rsquo;experts devant les tribunaux.<\/li><\/ul>\n<\/div><\/div><\/div>\n\n\n\n<div class=\"wp-block-kadence-pane kt-accordion-pane kt-accordion-pane-6 kt-pane_09d79d-bd\"><div class=\"kt-accordion-header-wrap\"><button class=\"kt-blocks-accordion-header kt-acccordion-button-label-show\"><span class=\"kt-blocks-accordion-title-wrap\"><span class=\"kt-blocks-accordion-title\"><strong>Analyse de traces<\/strong><\/span><\/span><span class=\"kt-blocks-accordion-icon-trigger\"><\/span><\/button><\/div><div class=\"kt-accordion-panel kt-accordion-panel-hidden\"><div class=\"kt-accordion-panel-inner\">\n<p>Le programme a pour objet la r\u00e9cup\u00e9ration, la comparaison et l&rsquo;identification de traces non biologiques (r\u00e9sidus de tir, peinture, acc\u00e9l\u00e9rateurs d&rsquo;incendie, mati\u00e8res plastiques, mat\u00e9riaux de construction, mati\u00e8re isolante pour coffre-fort, produits commerciaux, etc.). Voici les services offerts :<\/p>\n\n\n\n<p><br>\u2022 correspondance mat\u00e9rielle d&rsquo;\u00e9l\u00e9ments saisis<br>\u2022 analyse d&rsquo;\u00e9chantillons pr\u00e9-explosion et post-explosion afin de d\u00e9terminer le type d&rsquo;explosifs utilis\u00e9s<br>\u2022 analyse de substances explosives et de mat\u00e9riaux connexes<br>\u2022 appui scientifique et technique aux groupes de l&rsquo;enl\u00e8vement des explosifs et autres sp\u00e9cialistes<br>\u2022 h\u00e9bergement et soutien de la banque d&rsquo;\u00e9chantillons de peinture Paint Data Query (PDQ), la plus importante base de donn\u00e9es de couleurs de peinture automobile, qui appuie les enqu\u00eates sur les d\u00e9lits de fuite<br>\u2022 t\u00e9moignages d&rsquo;experts devant les tribunaux<\/p>\n<\/div><\/div><\/div>\n<\/div><\/div><\/div>\n\n\n\n<div class=\"wp-block-boldblocks-icon-separator\" style=\"--bb--margin-top--sm:var(--bb--margin-top--lg);--bb--margin-bottom--sm:var(--bb--margin-bottom--lg);--bb--margin-top--md:var(--bb--margin-top--lg);--bb--margin-bottom--md:var(--bb--margin-bottom--lg);--bb--margin-top--lg:1em;--bb--margin-bottom--lg:1em\" role=\"separator\"><div class=\"wp-block-boldblocks-icon-separator__inner icon-center is-align-center\" style=\"--bb-border:2px solid var(--wp--preset--color--theme-palette2, #d57100);--bb--icon-width:1.5em;--bb--icon-spacing:1em;--bb--icon-stroke-color:var(--wp--preset--color--theme-palette2, #d57100)\"><svg xmlns=\"http:\/\/www.w3.org\/2000\/svg\" viewBox=\"0 0 512 512\" class=\"bb-icon bb-icon--ellipse-outline\">\n  <circle cx=\"256\" cy=\"256\" r=\"192\" style=\"fill:none;stroke:#000;stroke-linecap:round;stroke-linejoin:round;stroke-width:42px\"><\/circle>\n<\/svg><\/div><\/div>\n\n\n\n<h4 class=\"wp-block-heading\"><strong>Perspectives de carri\u00e8re en criminalistique<\/strong><\/h4>\n\n\n\n<p><strong><br><\/strong>Les SNLJ emploient des scientifiques, des techniciens sp\u00e9cialistes et des employ\u00e9s de soutien \u00e0 ses trois installations (Ottawa, Edmonton et Surrey). Il y a \u00e9galement des possibilit\u00e9s d&#8217;emploi \u00e0 la Banque nationale de donn\u00e9es g\u00e9n\u00e9tiques (BNDG) \u00e0 Ottawa.<\/p>\n\n\n\n<p>Visitez le site de la Commission de la fonction publique pour conna\u00eetre les possibilit\u00e9s d&#8217;emploi aux SNLJ et \u00e0 la BNDG, selon les cat\u00e9gories suivantes :<\/p>\n\n\n\n<p><br>Soutien technologique et scientifique (EG)<br>Chimie (CH)<br>Syst\u00e8mes d&rsquo;ordinateurs (CS)<br>Commis aux \u00e9critures et aux r\u00e8glements (CR)<br>Pour plus de renseignements sur les exigences professionnelles de ces postes, visitez le site Web du gouvernement du Canada concernant les normes de qualification.<\/p>\n\n\n\n<p>Visitez leur site Web pour plus d&rsquo;informations. <a href=\"https:\/\/www.rcmp-grc.gc.ca\/fsis-ssji\/index-fra.htm\">M\u00e9decine l\u00e9gale de la GRC<\/a>  <\/p>\n","protected":false},"excerpt":{"rendered":"<p>Les Services nationaux de laboratoire judiciaire (SNLJ) font partie des Services nationaux de police. Il s&rsquo;agit d&rsquo;un m\u00eame syst\u00e8me de laboratoire public r\u00e9parti dans trois villes : Ottawa, Edmonton et&#8230;<\/p>\n","protected":false},"author":774,"featured_media":0,"parent":3732,"menu_order":0,"comment_status":"closed","ping_status":"closed","template":"","meta":{"_seopress_robots_primary_cat":"","_seopress_titles_title":"","_seopress_titles_desc":"","_seopress_robots_index":"","pmpro_default_level":"","_kad_blocks_custom_css":"","_kad_blocks_head_custom_js":"","_kad_blocks_body_custom_js":"","_kad_blocks_footer_custom_js":"","_price":"","_stock":"","_tribe_ticket_header":"","_tribe_default_ticket_provider":"","_tribe_ticket_capacity":"0","_ticket_start_date":"","_ticket_end_date":"","_tribe_ticket_show_description":"","_tribe_ticket_show_not_going":false,"_tribe_ticket_use_global_stock":"","_tribe_ticket_global_stock_level":"","_global_stock_mode":"","_global_stock_cap":"","_tribe_rsvp_for_event":"","_tribe_ticket_going_count":"","_tribe_ticket_not_going_count":"","_tribe_tickets_list":"[]","_tribe_ticket_has_attendee_info_fields":false,"_EventAllDay":false,"_EventTimezone":"","_EventStartDate":"","_EventEndDate":"","_EventStartDateUTC":"","_EventEndDateUTC":"","_EventShowMap":false,"_EventShowMapLink":false,"_EventURL":"","_EventCost":"","_EventCostDescription":"","_EventCurrencySymbol":"","_EventCurrencyCode":"","_EventCurrencyPosition":"","_EventDateTimeSeparator":"","_EventTimeRangeSeparator":"","_EventOrganizerID":[],"_EventVenueID":[],"_OrganizerEmail":"","_OrganizerPhone":"","_OrganizerWebsite":"","_VenueAddress":"","_VenueCity":"","_VenueCountry":"","_VenueProvince":"","_VenueState":"","_VenueZip":"","_VenuePhone":"","_VenueURL":"","_VenueStateProvince":"","_VenueLat":"","_VenueLng":"","_VenueShowMap":false,"_VenueShowMapLink":false,"_kad_post_transparent":"","_kad_post_title":"","_kad_post_layout":"","_kad_post_sidebar_id":"","_kad_post_content_style":"","_kad_post_vertical_padding":"","_kad_post_feature":"","_kad_post_feature_position":"","_kad_post_header":false,"_kad_post_footer":false,"_kad_post_classname":"","footnotes":""},"page_category":[],"class_list":["post-3730","page","type-page","status-publish","hentry","pmpro-has-access"],"taxonomy_info":[],"featured_image_src_large":false,"author_info":{"display_name":"CSFS","author_link":"https:\/\/www.csfs.ca\/fr\/author\/CSFS\/"},"comment_info":0,"_links":{"self":[{"href":"https:\/\/www.csfs.ca\/fr\/wp-json\/wp\/v2\/pages\/3730","targetHints":{"allow":["GET"]}}],"collection":[{"href":"https:\/\/www.csfs.ca\/fr\/wp-json\/wp\/v2\/pages"}],"about":[{"href":"https:\/\/www.csfs.ca\/fr\/wp-json\/wp\/v2\/types\/page"}],"author":[{"embeddable":true,"href":"https:\/\/www.csfs.ca\/fr\/wp-json\/wp\/v2\/users\/774"}],"replies":[{"embeddable":true,"href":"https:\/\/www.csfs.ca\/fr\/wp-json\/wp\/v2\/comments?post=3730"}],"version-history":[{"count":5,"href":"https:\/\/www.csfs.ca\/fr\/wp-json\/wp\/v2\/pages\/3730\/revisions"}],"predecessor-version":[{"id":12862,"href":"https:\/\/www.csfs.ca\/fr\/wp-json\/wp\/v2\/pages\/3730\/revisions\/12862"}],"up":[{"embeddable":true,"href":"https:\/\/www.csfs.ca\/fr\/wp-json\/wp\/v2\/pages\/3732"}],"wp:attachment":[{"href":"https:\/\/www.csfs.ca\/fr\/wp-json\/wp\/v2\/media?parent=3730"}],"wp:term":[{"taxonomy":"page_category","embeddable":true,"href":"https:\/\/www.csfs.ca\/fr\/wp-json\/wp\/v2\/page_category?post=3730"}],"curies":[{"name":"wp","href":"https:\/\/api.w.org\/{rel}","templated":true}]}}