{"id":3729,"date":"2016-05-10T19:41:33","date_gmt":"2016-05-10T23:41:33","guid":{"rendered":"https:\/\/www.csfs.ca\/lsjml\/?lang=fr"},"modified":"2022-01-31T09:43:08","modified_gmt":"2022-01-31T14:43:08","slug":"lsjml","status":"publish","type":"page","link":"https:\/\/www.csfs.ca\/fr\/ressources\/laboratoires-gouvernementaux-au-canada\/lsjml\/","title":{"rendered":"Le Laboratoire de sciences judiciaires et de m\u00e9decine l\u00e9gale du Qu\u00e9bec"},"content":{"rendered":"\n<figure class=\"wp-block-image\"><img decoding=\"async\" width=\"806\" height=\"147\" src=\"https:\/\/www.csfs.ca\/wp-content\/uploads\/2016\/05\/pq.png\" alt=\"pq\" class=\"wp-image-3011\" srcset=\"https:\/\/www.csfs.ca\/wp-content\/uploads\/2016\/05\/pq.png 806w, https:\/\/www.csfs.ca\/wp-content\/uploads\/2016\/05\/pq-239x44.png 239w, https:\/\/www.csfs.ca\/wp-content\/uploads\/2016\/05\/pq-482x88.png 482w, https:\/\/www.csfs.ca\/wp-content\/uploads\/2016\/05\/pq-600x109.png 600w, https:\/\/www.csfs.ca\/wp-content\/uploads\/2016\/05\/pq-300x55.png 300w, https:\/\/www.csfs.ca\/wp-content\/uploads\/2016\/05\/pq-768x140.png 768w, https:\/\/www.csfs.ca\/wp-content\/uploads\/2016\/05\/pq-636x116.png 636w, https:\/\/www.csfs.ca\/wp-content\/uploads\/2016\/05\/pq-320x58.png 320w\" sizes=\"(max-width: 806px) 100vw, 806px\" \/><\/figure>\n\n\n<style>#kt-layout-id_d57e85-72 > .kt-row-column-wrap{align-content:start;}:where(#kt-layout-id_d57e85-72 > .kt-row-column-wrap) > .wp-block-kadence-column{justify-content:start;}#kt-layout-id_d57e85-72 > .kt-row-column-wrap{column-gap:var(--global-kb-gap-md, 2rem);row-gap:var(--global-kb-gap-md, 2rem);padding-top:var( --global-kb-row-default-top, 25px );padding-bottom:var( --global-kb-row-default-bottom, 25px );padding-top:var(--global-kb-spacing-sm, 1.5rem);padding-bottom:var(--global-kb-spacing-sm, 1.5rem);grid-template-columns:minmax(0, 1fr);}#kt-layout-id_d57e85-72 > .kt-row-layout-overlay{opacity:0.30;}@media all and (max-width: 1024px){#kt-layout-id_d57e85-72 > .kt-row-column-wrap{grid-template-columns:minmax(0, 1fr);}}@media all and (max-width: 767px){#kt-layout-id_d57e85-72 > .kt-row-column-wrap{grid-template-columns:minmax(0, 1fr);}}<\/style>\n<div class=\"wp-block-kadence-rowlayout alignnone\"><div id=\"kt-layout-id_d57e85-72\" class=\"kt-row-layout-inner kt-layout-id_d57e85-72\"><div class=\"kt-row-column-wrap kt-has-1-columns kt-gutter-default kt-v-gutter-default kt-row-valign-top kt-row-layout-equal kt-tab-layout-inherit kt-m-colapse-left-to-right kt-mobile-layout-row\"><style>.kadence-column_06ea5b-f1 > .kt-inside-inner-col{border-top-width:0px;border-right-width:0px;border-bottom-width:0px;border-left-width:0px;}.kadence-column_06ea5b-f1 > .kt-inside-inner-col,.kadence-column_06ea5b-f1 > .kt-inside-inner-col:before{border-top-left-radius:0px;border-top-right-radius:0px;border-bottom-right-radius:0px;border-bottom-left-radius:0px;}.kadence-column_06ea5b-f1 > .kt-inside-inner-col{column-gap:var(--global-kb-gap-sm, 1rem);}.kadence-column_06ea5b-f1 > .kt-inside-inner-col{flex-direction:column;}.kadence-column_06ea5b-f1 > .kt-inside-inner-col > .aligncenter{width:100%;}.kadence-column_06ea5b-f1 > .kt-inside-inner-col:before{opacity:0.3;}.kadence-column_06ea5b-f1{position:relative;}@media all and (max-width: 1024px){.kadence-column_06ea5b-f1 > .kt-inside-inner-col{flex-direction:column;justify-content:center;}}@media all and (max-width: 767px){.kadence-column_06ea5b-f1 > .kt-inside-inner-col{flex-direction:column;justify-content:center;}}<\/style>\n<div class=\"wp-block-kadence-column inner-column-1 kadence-column_06ea5b-f1\"><div class=\"kt-inside-inner-col\">\n<p>\u00c0 Montr\u00e9al, en 1914, le gouvernement du Qu\u00e9bec cr\u00e9ait le premier laboratoire d&rsquo;expertises judiciaires en Am\u00e9rique du Nord. Aujourd&rsquo;hui, le LSJML, sous la responsabilit\u00e9 du minist\u00e8re de la S\u00e9curit\u00e9 publique (MSP), est \u00e0 l&rsquo;image des laboratoires judiciaires modernes regroupant diff\u00e9rents domaines d&rsquo;expertises scientifiques : la toxicologie, la biologie et l\u2019ADN, les documents et les \u00e9critures, la chimie, les incendies et les explosions, la balistique, le traitement de l\u2019image, la m\u00e9decine l\u00e9gale, l\u2019histologie, l\u2019odontologie et l\u2019anthropologie judiciaire. Ce regroupement favorise la synergie entre le personnel et l&rsquo;am\u00e9lioration constante des services.<\/p>\n\n\n\n<p>En plus de r\u00e9aliser des expertises en sciences judiciaires et en m\u00e9decine l\u00e9gale, le Laboratoire donne de l\u2019assistance sur les sc\u00e8nes de crimes majeurs, la certification de solutions d\u2019alcool type et des appareils de d\u00e9pistage d&rsquo;alcool (ADA), des services-conseils, des t\u00e9moignages et de la formation.<\/p>\n\n\n\n<p>La mission du Laboratoire est de r\u00e9aliser des expertises objectives pour soutenir et \u00e9clairer l\u2019administration de la justice du point de vue scientifique. Pour ce faire, il proc\u00e8de \u00e0 des expertises en sciences judiciaires et en m\u00e9decine l\u00e9gale et soutient les enqu\u00eates polici\u00e8res et judiciaires.<\/p>\n\n\n\n<p>Visiter leur site internet pour plus d\u2019informations\u00a0: <\/p>\n\n\n\n<p><a rel=\"noreferrer noopener\" href=\"https:\/\/www.securitepublique.gouv.qc.ca\/laboratoire\/a-propos.html\" target=\"_blank\">LSJM<\/a><a href=\"https:\/\/www.securitepublique.gouv.qc.ca\/laboratoire\/a-propos.html\" target=\"_blank\" rel=\"noreferrer noopener\">L<\/a><\/p>\n<\/div><\/div>\n<\/div><\/div><\/div>\n","protected":false},"excerpt":{"rendered":"<p>\u00c0 Montr\u00e9al, en 1914, le gouvernement du Qu\u00e9bec cr\u00e9ait le premier laboratoire d&rsquo;expertises judiciaires en Am\u00e9rique du Nord. Aujourd&rsquo;hui, le LSJML, sous la responsabilit\u00e9 du minist\u00e8re de la S\u00e9curit\u00e9 publique&#8230;<\/p>\n","protected":false},"author":774,"featured_media":0,"parent":3732,"menu_order":0,"comment_status":"closed","ping_status":"closed","template":"","meta":{"_seopress_robots_primary_cat":"","_seopress_titles_title":"","_seopress_titles_desc":"","_seopress_robots_index":"","pmpro_default_level":"","_kad_blocks_custom_css":"","_kad_blocks_head_custom_js":"","_kad_blocks_body_custom_js":"","_kad_blocks_footer_custom_js":"","_price":"","_stock":"","_tribe_ticket_header":"","_tribe_default_ticket_provider":"","_ticket_start_date":"","_ticket_end_date":"","_tribe_ticket_show_description":"","_tribe_ticket_show_not_going":false,"_tribe_ticket_use_global_stock":"","_tribe_ticket_global_stock_level":"","_global_stock_mode":"","_global_stock_cap":"","_tribe_rsvp_for_event":"","_tribe_ticket_going_count":"","_tribe_ticket_not_going_count":"","_tribe_tickets_list":"[]","_tribe_ticket_has_attendee_info_fields":false,"_EventAllDay":false,"_EventTimezone":"","_EventStartDate":"","_EventEndDate":"","_EventStartDateUTC":"","_EventEndDateUTC":"","_EventShowMap":false,"_EventShowMapLink":false,"_EventURL":"","_EventCost":"","_EventCostDescription":"","_EventCurrencySymbol":"","_EventCurrencyCode":"","_EventCurrencyPosition":"","_EventDateTimeSeparator":"","_EventTimeRangeSeparator":"","_EventOrganizerID":[],"_EventVenueID":[],"_OrganizerEmail":"","_OrganizerPhone":"","_OrganizerWebsite":"","_VenueAddress":"","_VenueCity":"","_VenueCountry":"","_VenueProvince":"","_VenueState":"","_VenueZip":"","_VenuePhone":"","_VenueURL":"","_VenueStateProvince":"","_VenueLat":"","_VenueLng":"","_VenueShowMap":false,"_VenueShowMapLink":false,"_kad_post_transparent":"","_kad_post_title":"","_kad_post_layout":"","_kad_post_sidebar_id":"","_kad_post_content_style":"","_kad_post_vertical_padding":"","_kad_post_feature":"","_kad_post_feature_position":"","_kad_post_header":false,"_kad_post_footer":false,"_kad_post_classname":"","footnotes":""},"page_category":[],"class_list":["post-3729","page","type-page","status-publish","hentry","pmpro-has-access"],"taxonomy_info":[],"featured_image_src_large":false,"author_info":{"display_name":"CSFS","author_link":"https:\/\/www.csfs.ca\/fr\/author\/CSFS\/"},"comment_info":0,"_links":{"self":[{"href":"https:\/\/www.csfs.ca\/fr\/wp-json\/wp\/v2\/pages\/3729","targetHints":{"allow":["GET"]}}],"collection":[{"href":"https:\/\/www.csfs.ca\/fr\/wp-json\/wp\/v2\/pages"}],"about":[{"href":"https:\/\/www.csfs.ca\/fr\/wp-json\/wp\/v2\/types\/page"}],"author":[{"embeddable":true,"href":"https:\/\/www.csfs.ca\/fr\/wp-json\/wp\/v2\/users\/774"}],"replies":[{"embeddable":true,"href":"https:\/\/www.csfs.ca\/fr\/wp-json\/wp\/v2\/comments?post=3729"}],"version-history":[{"count":2,"href":"https:\/\/www.csfs.ca\/fr\/wp-json\/wp\/v2\/pages\/3729\/revisions"}],"predecessor-version":[{"id":13801,"href":"https:\/\/www.csfs.ca\/fr\/wp-json\/wp\/v2\/pages\/3729\/revisions\/13801"}],"up":[{"embeddable":true,"href":"https:\/\/www.csfs.ca\/fr\/wp-json\/wp\/v2\/pages\/3732"}],"wp:attachment":[{"href":"https:\/\/www.csfs.ca\/fr\/wp-json\/wp\/v2\/media?parent=3729"}],"wp:term":[{"taxonomy":"page_category","embeddable":true,"href":"https:\/\/www.csfs.ca\/fr\/wp-json\/wp\/v2\/page_category?post=3729"}],"curies":[{"name":"wp","href":"https:\/\/api.w.org\/{rel}","templated":true}]}}