{"id":3728,"date":"2016-05-10T19:43:54","date_gmt":"2016-05-10T23:43:54","guid":{"rendered":"https:\/\/www.csfs.ca\/links-of-forensic-interest\/?lang=fr"},"modified":"2022-06-01T18:40:35","modified_gmt":"2022-06-01T22:40:35","slug":"liens-dinteret-en-sciences-judiciaires","status":"publish","type":"page","link":"https:\/\/www.csfs.ca\/fr\/ressources\/liens-dinteret-en-sciences-judiciaires\/","title":{"rendered":"Liens d\u2019int\u00e9r\u00eat en sciences judiciaires"},"content":{"rendered":"\n<figure class=\"wp-block-image\"><img decoding=\"async\" width=\"720\" height=\"150\" src=\"https:\/\/www.csfs.ca\/wp-content\/uploads\/2016\/06\/member6.jpg\" alt=\"member6\" class=\"wp-image-3213\" srcset=\"https:\/\/www.csfs.ca\/wp-content\/uploads\/2016\/06\/member6.jpg 720w, https:\/\/www.csfs.ca\/wp-content\/uploads\/2016\/06\/member6-239x50.jpg 239w, https:\/\/www.csfs.ca\/wp-content\/uploads\/2016\/06\/member6-482x100.jpg 482w, https:\/\/www.csfs.ca\/wp-content\/uploads\/2016\/06\/member6-600x125.jpg 600w, https:\/\/www.csfs.ca\/wp-content\/uploads\/2016\/06\/member6-300x63.jpg 300w, https:\/\/www.csfs.ca\/wp-content\/uploads\/2016\/06\/member6-636x133.jpg 636w, https:\/\/www.csfs.ca\/wp-content\/uploads\/2016\/06\/member6-320x67.jpg 320w\" sizes=\"(max-width: 720px) 100vw, 720px\" \/><\/figure>\n\n\n\n<p>La Soci\u00e9t\u00e9 canadienne des sciences judiciaires n&rsquo;est pas responsable du contenu des sites Internet externes.<\/p>\n\n\n\n<p><a href=\"http:\/\/www.aafs.org\/\" target=\"_blank\" rel=\"noopener\">American Academy of Forensic Sciences&nbsp;(AAFS)<\/a><\/p>\n\n\n\n<p><a href=\"http:\/\/www.abft.org\/\" target=\"_blank\" rel=\"noopener\">American Board of Forensic Toxicologists<\/a><\/p>\n\n\n\n<p><a href=\"http:\/\/www.abfde.org\/\" target=\"_blank\" rel=\"noopener\">American&nbsp;Board of Forensic Document Examiners (ABFDE)<\/a><\/p>\n\n\n\n<p><a href=\"http:\/\/www.ascld.org\/\" target=\"_blank\" rel=\"noopener\">American Society of Crime Lab Directors&nbsp;(ASCLD)<\/a><\/p>\n\n\n\n<p><a href=\"http:\/\/www.asfo.org\/\" target=\"_blank\" rel=\"noopener\">American Society of Forensic Odontology<\/a><\/p>\n\n\n\n<p><a href=\"http:\/\/www.asqde.org\/\" target=\"_blank\" rel=\"noopener\">American&nbsp;Society of Questioned Document Examiners<\/a><\/p>\n\n\n\n<p><a href=\"http:\/\/forensicnurse.ca\" target=\"_blank\" rel=\"noopener\">Canadian Forensic Nurses Association<\/a><\/p>\n\n\n\n<p><a href=\"http:\/\/www.mcscs.jus.gov.on.ca\/english\/centre_forensic\/CFS_intro.html\" target=\"_blank\" rel=\"noopener\">Centre of Forensic&nbsp;Sciences<\/a><\/p>\n\n\n\n<p><a href=\"http:\/\/www.forensic-science-society.org.uk\/\" target=\"_blank\" rel=\"noopener\">Forensic Science Society&nbsp;(UK)<\/a><\/p>\n\n\n\n<p><a href=\"http:\/\/http:\/\/www.securitepublique.gouv.qc.ca\/lsjml.html\" target=\"_blank\" rel=\"noopener\">Laboratoire de sciences judiciaires et&nbsp;de m\u00e9decine l\u00e9gale (Qu\u00e9bec)<\/a><\/p>\n\n\n\n<p><a href=\"http:\/\/www.thednalab.com\/forensics.asp\" target=\"_blank\" rel=\"noopener\">Maxxam Analytics<\/a><\/p>\n\n\n\n<p><a href=\"https:\/\/www.rcmp-grc.gc.ca\/fr\/sciences-judiciaires\/banque-nationale-donnees-genetiques\" target=\"_blank\" rel=\"noreferrer noopener\">National DNA Data Bank of\u00a0Canada<\/a><\/p>\n\n\n\n<p><a href=\"https:\/\/www.opp.ca\/\" target=\"_blank\" rel=\"noopener\">Ontario Provincial&nbsp;Police<\/a><\/p>\n\n\n\n<p><a href=\"http:\/\/www.pro-adn.com\/en\/index.php\" target=\"_blank\" rel=\"noopener\">Orchid Pro-DNA<\/a><\/p>\n\n\n\n<p><a href=\"http:\/\/www.rcmp-grc.gc.ca\/en\/home\" target=\"_blank\" rel=\"noopener\">Royal Canadian Mounted Police<\/a><\/p>\n\n\n\n<p><a href=\"http:\/\/www.rcmp-grc.gc.ca\/fsis-ssji\/index-eng.htm\" target=\"_blank\" rel=\"noopener\">RCMP Forensic Laboratory&nbsp;System<\/a><\/p>\n\n\n\n<p><a rel=\"noopener\" href=\"http:\/\/www.soft-tox.org\/\" target=\"_blank\">Society of Forensic Toxicologists<\/a><\/p>\n\n\n\n<p><a href=\"http:\/\/www.wyndhamforensic.ca\/\">Wyndham Forensic Group<\/a><\/p>\n","protected":false},"excerpt":{"rendered":"<p>La Soci\u00e9t\u00e9 canadienne des sciences judiciaires n&rsquo;est pas responsable du contenu des sites Internet externes. American Academy of Forensic Sciences&nbsp;(AAFS) American Board of Forensic Toxicologists American&nbsp;Board of Forensic Document Examiners&#8230;<\/p>\n","protected":false},"author":774,"featured_media":0,"parent":3733,"menu_order":-50,"comment_status":"closed","ping_status":"closed","template":"","meta":{"_seopress_robots_primary_cat":"","_seopress_titles_title":"","_seopress_titles_desc":"","_seopress_robots_index":"","pmpro_default_level":"","_kad_blocks_custom_css":"","_kad_blocks_head_custom_js":"","_kad_blocks_body_custom_js":"","_kad_blocks_footer_custom_js":"","_price":"","_stock":"","_tribe_ticket_header":"","_tribe_default_ticket_provider":"","_tribe_ticket_capacity":"0","_ticket_start_date":"","_ticket_end_date":"","_tribe_ticket_show_description":"","_tribe_ticket_show_not_going":false,"_tribe_ticket_use_global_stock":"","_tribe_ticket_global_stock_level":"","_global_stock_mode":"","_global_stock_cap":"","_tribe_rsvp_for_event":"","_tribe_ticket_going_count":"","_tribe_ticket_not_going_count":"","_tribe_tickets_list":"[]","_tribe_ticket_has_attendee_info_fields":false,"_EventAllDay":false,"_EventTimezone":"","_EventStartDate":"","_EventEndDate":"","_EventStartDateUTC":"","_EventEndDateUTC":"","_EventShowMap":false,"_EventShowMapLink":false,"_EventURL":"","_EventCost":"","_EventCostDescription":"","_EventCurrencySymbol":"","_EventCurrencyCode":"","_EventCurrencyPosition":"","_EventDateTimeSeparator":"","_EventTimeRangeSeparator":"","_EventOrganizerID":[],"_EventVenueID":[],"_OrganizerEmail":"","_OrganizerPhone":"","_OrganizerWebsite":"","_VenueAddress":"","_VenueCity":"","_VenueCountry":"","_VenueProvince":"","_VenueState":"","_VenueZip":"","_VenuePhone":"","_VenueURL":"","_VenueStateProvince":"","_VenueLat":"","_VenueLng":"","_VenueShowMap":false,"_VenueShowMapLink":false,"_kad_post_transparent":"","_kad_post_title":"","_kad_post_layout":"","_kad_post_sidebar_id":"","_kad_post_content_style":"","_kad_post_vertical_padding":"","_kad_post_feature":"","_kad_post_feature_position":"","_kad_post_header":false,"_kad_post_footer":false,"_kad_post_classname":"","footnotes":""},"page_category":[],"class_list":["post-3728","page","type-page","status-publish","hentry","pmpro-has-access"],"taxonomy_info":[],"featured_image_src_large":false,"author_info":{"display_name":"CSFS","author_link":"https:\/\/www.csfs.ca\/fr\/author\/CSFS\/"},"comment_info":0,"_links":{"self":[{"href":"https:\/\/www.csfs.ca\/fr\/wp-json\/wp\/v2\/pages\/3728","targetHints":{"allow":["GET"]}}],"collection":[{"href":"https:\/\/www.csfs.ca\/fr\/wp-json\/wp\/v2\/pages"}],"about":[{"href":"https:\/\/www.csfs.ca\/fr\/wp-json\/wp\/v2\/types\/page"}],"author":[{"embeddable":true,"href":"https:\/\/www.csfs.ca\/fr\/wp-json\/wp\/v2\/users\/774"}],"replies":[{"embeddable":true,"href":"https:\/\/www.csfs.ca\/fr\/wp-json\/wp\/v2\/comments?post=3728"}],"version-history":[{"count":3,"href":"https:\/\/www.csfs.ca\/fr\/wp-json\/wp\/v2\/pages\/3728\/revisions"}],"predecessor-version":[{"id":14794,"href":"https:\/\/www.csfs.ca\/fr\/wp-json\/wp\/v2\/pages\/3728\/revisions\/14794"}],"up":[{"embeddable":true,"href":"https:\/\/www.csfs.ca\/fr\/wp-json\/wp\/v2\/pages\/3733"}],"wp:attachment":[{"href":"https:\/\/www.csfs.ca\/fr\/wp-json\/wp\/v2\/media?parent=3728"}],"wp:term":[{"taxonomy":"page_category","embeddable":true,"href":"https:\/\/www.csfs.ca\/fr\/wp-json\/wp\/v2\/page_category?post=3728"}],"curies":[{"name":"wp","href":"https:\/\/api.w.org\/{rel}","templated":true}]}}