{"id":3723,"date":"2016-05-10T19:53:39","date_gmt":"2016-05-10T23:53:39","guid":{"rendered":"https:\/\/www.csfs.ca\/instruc-to-authors\/?lang=fr"},"modified":"2021-05-12T10:58:56","modified_gmt":"2021-05-12T14:58:56","slug":"instructions-aux-auteurs","status":"publish","type":"page","link":"https:\/\/www.csfs.ca\/fr\/notre_raison_detre\/journal-de-la-scsj\/instructions-aux-auteurs\/","title":{"rendered":"Instructions aux auteurs"},"content":{"rendered":"\n<figure class=\"wp-block-image size-full is-resized\"><img decoding=\"async\" src=\"https:\/\/www.csfs.ca\/wp-content\/uploads\/2016\/05\/CSFSJournalCover-Sept2016-WEB-2.png\" alt=\"csfsjournalcover-sept2016-web-2\" class=\"wp-image-3586\" width=\"810\" height=\"255\"\/><\/figure>\n\n\n\n<p>Veuillez utiliser ces instructions si vous souhaitez soumettre un article \u00e0 La soci\u00e9t\u00e9 canadienne des sciences judiciaires Pour explorer notre portfolio de revues, nous vous prions de consulter <a href=\"http:\/\/www.tandfonline.com\">http:\/\/www.tandfonline.com<\/a> ; et pour plus d\u2019informations pour les auteurs, de consulter notre site Author Services.<\/p>\n\n\n\n<p>La soci\u00e9t\u00e9 canadienne des sciences judiciaires est une revue internationale, soumise \u00e0 \u00e9valuation par les pairs, qui publie des travaux originaux et de haute qualit\u00e9. Tous les articles sont soumis \u00e0 une \u00e9valuation pr\u00e9liminaire de la part du R\u00e9dacteur, et, s\u2019ils sont jug\u00e9s appropri\u00e9s, \u00e0 une \u00e9valuation par les pairs-experts ind\u00e9pendants et anonymes. Soumission est faite par courrier \u00e9lectronique au R\u00e9dacteur \u00e0 l\u2019adresse email <a href=\"mailto:csfs@bellnet.ca\">csfs @ bellnet.ca<\/a>.<\/p>\n\n\n\n<p>La soci\u00e9t\u00e9 canadienne des sciences judiciaires prend en compte tous les articles \u00e0 la stricte condition que :<\/p>\n\n\n\n<ul class=\"wp-block-list\"><li>l\u2019article constitue vos propres travaux originaux, et il ne duplique pas d\u2019autres travaux d\u00e9j\u00e0 publi\u00e9s, y compris vos travaux d\u00e9j\u00e0 publi\u00e9s.<\/li><li>l\u2019article ne soit pas en cours d\u2019examen ou d\u2019\u00e9valuation par les pairs ou accept\u00e9 pour publication, sous presse ou publi\u00e9 autre part.<\/li><li>l\u2019article ne contienne rien d\u2019abusif, diffamant, calomnieux, obsc\u00e8ne, frauduleux ou ill\u00e9gal.<\/li><li>Nous vous prions de noter que La soci\u00e9t\u00e9 canadienne des sciences judiciaires utilise le logiciel CrossCheck TM pour d\u00e9tecter du plagiat. En soumettant votre article \u00e0 La soci\u00e9t\u00e9 canadienne des sciences judiciaires vous accepterez toutes v\u00e9rifications d\u2019originalit\u00e9 n\u00e9cessaires, pendant le processus d\u2019\u00e9valuation par les pairs et le processus de production.<\/li><\/ul>\n\n\n\n<p>Tout auteur qui ne respecte pas les conditions ci-dessus devra payer tous les frais encourus par La soci\u00e9t\u00e9 canadienne des sciences judiciaires pour leur article suite \u00e0 la d\u00e9cision des R\u00e9dacteurs de La soci\u00e9t\u00e9 canadienne des sciences judiciaires et de Taylor &amp; Francis, et leur article ne sera pas publi\u00e9.<\/p>\n\n\n\n<p>Cette revue observe la politique de Research Councils UK OA. Nous vous prions de noter les options de licence et les p\u00e9riodes d\u2019embargo ici .<\/p>\n\n\n\n<p><a href=\"http:\/\/www.tandfonline.com\/action\/authorSubmission?journalCode=tcsf20&amp;page=instructions#Pourconsulter\" target=\"_blank\" rel=\"noopener\">Taylor &amp; Francis<\/a><\/p>\n","protected":false},"excerpt":{"rendered":"<p>Veuillez utiliser ces instructions si vous souhaitez soumettre un article \u00e0 La soci\u00e9t\u00e9 canadienne des sciences judiciaires Pour explorer notre portfolio de revues, nous vous prions de consulter http:\/\/www.tandfonline.com ;&#8230;<\/p>\n","protected":false},"author":774,"featured_media":0,"parent":4167,"menu_order":0,"comment_status":"closed","ping_status":"closed","template":"","meta":{"_seopress_robots_primary_cat":"","_seopress_titles_title":"","_seopress_titles_desc":"","_seopress_robots_index":"","pmpro_default_level":"","_kad_blocks_custom_css":"","_kad_blocks_head_custom_js":"","_kad_blocks_body_custom_js":"","_kad_blocks_footer_custom_js":"","_price":"","_stock":"","_tribe_ticket_header":"","_tribe_default_ticket_provider":"","_tribe_ticket_capacity":"0","_ticket_start_date":"","_ticket_end_date":"","_tribe_ticket_show_description":"","_tribe_ticket_show_not_going":false,"_tribe_ticket_use_global_stock":"","_tribe_ticket_global_stock_level":"","_global_stock_mode":"","_global_stock_cap":"","_tribe_rsvp_for_event":"","_tribe_ticket_going_count":"","_tribe_ticket_not_going_count":"","_tribe_tickets_list":"[]","_tribe_ticket_has_attendee_info_fields":false,"_EventAllDay":false,"_EventTimezone":"","_EventStartDate":"","_EventEndDate":"","_EventStartDateUTC":"","_EventEndDateUTC":"","_EventShowMap":false,"_EventShowMapLink":false,"_EventURL":"","_EventCost":"","_EventCostDescription":"","_EventCurrencySymbol":"","_EventCurrencyCode":"","_EventCurrencyPosition":"","_EventDateTimeSeparator":"","_EventTimeRangeSeparator":"","_EventOrganizerID":[],"_EventVenueID":[],"_OrganizerEmail":"","_OrganizerPhone":"","_OrganizerWebsite":"","_VenueAddress":"","_VenueCity":"","_VenueCountry":"","_VenueProvince":"","_VenueState":"","_VenueZip":"","_VenuePhone":"","_VenueURL":"","_VenueStateProvince":"","_VenueLat":"","_VenueLng":"","_VenueShowMap":false,"_VenueShowMapLink":false,"_kad_post_transparent":"","_kad_post_title":"","_kad_post_layout":"","_kad_post_sidebar_id":"","_kad_post_content_style":"","_kad_post_vertical_padding":"","_kad_post_feature":"","_kad_post_feature_position":"","_kad_post_header":false,"_kad_post_footer":false,"_kad_post_classname":"","footnotes":""},"page_category":[],"class_list":["post-3723","page","type-page","status-publish","hentry","pmpro-has-access"],"taxonomy_info":[],"featured_image_src_large":false,"author_info":{"display_name":"CSFS","author_link":"https:\/\/www.csfs.ca\/fr\/author\/CSFS\/"},"comment_info":0,"_links":{"self":[{"href":"https:\/\/www.csfs.ca\/fr\/wp-json\/wp\/v2\/pages\/3723","targetHints":{"allow":["GET"]}}],"collection":[{"href":"https:\/\/www.csfs.ca\/fr\/wp-json\/wp\/v2\/pages"}],"about":[{"href":"https:\/\/www.csfs.ca\/fr\/wp-json\/wp\/v2\/types\/page"}],"author":[{"embeddable":true,"href":"https:\/\/www.csfs.ca\/fr\/wp-json\/wp\/v2\/users\/774"}],"replies":[{"embeddable":true,"href":"https:\/\/www.csfs.ca\/fr\/wp-json\/wp\/v2\/comments?post=3723"}],"version-history":[{"count":0,"href":"https:\/\/www.csfs.ca\/fr\/wp-json\/wp\/v2\/pages\/3723\/revisions"}],"up":[{"embeddable":true,"href":"https:\/\/www.csfs.ca\/fr\/wp-json\/wp\/v2\/pages\/4167"}],"wp:attachment":[{"href":"https:\/\/www.csfs.ca\/fr\/wp-json\/wp\/v2\/media?parent=3723"}],"wp:term":[{"taxonomy":"page_category","embeddable":true,"href":"https:\/\/www.csfs.ca\/fr\/wp-json\/wp\/v2\/page_category?post=3723"}],"curies":[{"name":"wp","href":"https:\/\/api.w.org\/{rel}","templated":true}]}}