{"id":3722,"date":"2016-05-10T19:53:56","date_gmt":"2016-05-10T23:53:56","guid":{"rendered":"https:\/\/www.csfs.ca\/conference\/?lang=fr"},"modified":"2021-05-12T10:58:56","modified_gmt":"2021-05-12T14:58:56","slug":"conference-scientifique","status":"publish","type":"page","link":"https:\/\/www.csfs.ca\/fr\/notre_raison_detre\/conference-scientifique\/","title":{"rendered":"Conf\u00e9rence scientifique"},"content":{"rendered":"\n<figure class=\"wp-block-image is-resized\"><img decoding=\"async\" src=\"http:\/\/csfs.ca\/wp-content\/uploads\/2016\/06\/joinus87.jpg\" alt=\"joinus87\" class=\"wp-image-3212\" width=\"810\" height=\"169\" srcset=\"https:\/\/www.csfs.ca\/wp-content\/uploads\/2016\/06\/joinus87.jpg 720w, https:\/\/www.csfs.ca\/wp-content\/uploads\/2016\/06\/joinus87-239x50.jpg 239w, https:\/\/www.csfs.ca\/wp-content\/uploads\/2016\/06\/joinus87-482x100.jpg 482w, https:\/\/www.csfs.ca\/wp-content\/uploads\/2016\/06\/joinus87-600x125.jpg 600w, https:\/\/www.csfs.ca\/wp-content\/uploads\/2016\/06\/joinus87-300x63.jpg 300w, https:\/\/www.csfs.ca\/wp-content\/uploads\/2016\/06\/joinus87-636x133.jpg 636w, https:\/\/www.csfs.ca\/wp-content\/uploads\/2016\/06\/joinus87-320x67.jpg 320w\" sizes=\"(max-width: 810px) 100vw, 810px\" \/><\/figure>\n\n\n\n<p>La SCSJ teint, \u00e0 une fr\u00e9quence d\u2019environ 18 mois, sa conf\u00e9rence scientifique. Lorsque requis, l\u2019assembl\u00e9e g\u00e9n\u00e9rale des membres a \u00e9galement lieu \u00e0 cette occasion.<\/p>\n\n\n\n<p>Cette conf\u00e9rence propose des ateliers, des s\u00e9ances scientifiques ainsi que des sessions pl\u00e9ni\u00e8res et attire des scientifiques ainsi que des membres d\u2019organisations impliqu\u00e9es dans l\u2019application de la loi de partout au Canada et d&rsquo;autres pays.<\/p>\n\n\n\n<p>Cette conf\u00e9rence est une occasion pour les membres de la communaut\u00e9 m\u00e9dico-l\u00e9gale internationale de se r\u00e9unir afin de partager leurs connaissances et leur expertise dans leurs disciplines respectives.<\/p>\n\n\n\n<p>Pour les \u00e9tudiants, la conf\u00e9rence constitue une occasion de faire du r\u00e9seautage et de pr\u00e9senter leurs recherches scientifiques aux participants \u00e0 la conf\u00e9rence.<\/p>\n","protected":false},"excerpt":{"rendered":"<p>La SCSJ teint, \u00e0 une fr\u00e9quence d\u2019environ 18 mois, sa conf\u00e9rence scientifique. Lorsque requis, l\u2019assembl\u00e9e g\u00e9n\u00e9rale des membres a \u00e9galement lieu \u00e0 cette occasion. Cette conf\u00e9rence propose des ateliers, des&#8230;<\/p>\n","protected":false},"author":774,"featured_media":0,"parent":3735,"menu_order":25,"comment_status":"closed","ping_status":"closed","template":"","meta":{"_seopress_robots_primary_cat":"","_seopress_titles_title":"","_seopress_titles_desc":"","_seopress_robots_index":"","pmpro_default_level":"","_kad_blocks_custom_css":"","_kad_blocks_head_custom_js":"","_kad_blocks_body_custom_js":"","_kad_blocks_footer_custom_js":"","_price":"","_stock":"","_tribe_ticket_header":"","_tribe_default_ticket_provider":"","_tribe_ticket_capacity":"0","_ticket_start_date":"","_ticket_end_date":"","_tribe_ticket_show_description":"","_tribe_ticket_show_not_going":false,"_tribe_ticket_use_global_stock":"","_tribe_ticket_global_stock_level":"","_global_stock_mode":"","_global_stock_cap":"","_tribe_rsvp_for_event":"","_tribe_ticket_going_count":"","_tribe_ticket_not_going_count":"","_tribe_tickets_list":"[]","_tribe_ticket_has_attendee_info_fields":false,"_EventAllDay":false,"_EventTimezone":"","_EventStartDate":"","_EventEndDate":"","_EventStartDateUTC":"","_EventEndDateUTC":"","_EventShowMap":false,"_EventShowMapLink":false,"_EventURL":"","_EventCost":"","_EventCostDescription":"","_EventCurrencySymbol":"","_EventCurrencyCode":"","_EventCurrencyPosition":"","_EventDateTimeSeparator":"","_EventTimeRangeSeparator":"","_EventOrganizerID":[],"_EventVenueID":[],"_OrganizerEmail":"","_OrganizerPhone":"","_OrganizerWebsite":"","_VenueAddress":"","_VenueCity":"","_VenueCountry":"","_VenueProvince":"","_VenueState":"","_VenueZip":"","_VenuePhone":"","_VenueURL":"","_VenueStateProvince":"","_VenueLat":"","_VenueLng":"","_VenueShowMap":false,"_VenueShowMapLink":false,"_kad_post_transparent":"","_kad_post_title":"","_kad_post_layout":"","_kad_post_sidebar_id":"","_kad_post_content_style":"","_kad_post_vertical_padding":"","_kad_post_feature":"","_kad_post_feature_position":"","_kad_post_header":false,"_kad_post_footer":false,"_kad_post_classname":"","footnotes":""},"page_category":[],"class_list":["post-3722","page","type-page","status-publish","hentry","pmpro-has-access"],"taxonomy_info":[],"featured_image_src_large":false,"author_info":{"display_name":"CSFS","author_link":"https:\/\/www.csfs.ca\/fr\/author\/CSFS\/"},"comment_info":0,"_links":{"self":[{"href":"https:\/\/www.csfs.ca\/fr\/wp-json\/wp\/v2\/pages\/3722","targetHints":{"allow":["GET"]}}],"collection":[{"href":"https:\/\/www.csfs.ca\/fr\/wp-json\/wp\/v2\/pages"}],"about":[{"href":"https:\/\/www.csfs.ca\/fr\/wp-json\/wp\/v2\/types\/page"}],"author":[{"embeddable":true,"href":"https:\/\/www.csfs.ca\/fr\/wp-json\/wp\/v2\/users\/774"}],"replies":[{"embeddable":true,"href":"https:\/\/www.csfs.ca\/fr\/wp-json\/wp\/v2\/comments?post=3722"}],"version-history":[{"count":0,"href":"https:\/\/www.csfs.ca\/fr\/wp-json\/wp\/v2\/pages\/3722\/revisions"}],"up":[{"embeddable":true,"href":"https:\/\/www.csfs.ca\/fr\/wp-json\/wp\/v2\/pages\/3735"}],"wp:attachment":[{"href":"https:\/\/www.csfs.ca\/fr\/wp-json\/wp\/v2\/media?parent=3722"}],"wp:term":[{"taxonomy":"page_category","embeddable":true,"href":"https:\/\/www.csfs.ca\/fr\/wp-json\/wp\/v2\/page_category?post=3722"}],"curies":[{"name":"wp","href":"https:\/\/api.w.org\/{rel}","templated":true}]}}