{"id":3720,"date":"2016-05-10T19:55:07","date_gmt":"2016-05-10T23:55:07","guid":{"rendered":"https:\/\/www.csfs.ca\/process-to-apply\/?lang=fr"},"modified":"2021-09-22T13:57:03","modified_gmt":"2021-09-22T17:57:03","slug":"process-to-apply","status":"publish","type":"page","link":"https:\/\/www.csfs.ca\/fr\/notre_raison_detre\/recompenses\/process-to-apply\/","title":{"rendered":"Processus de candidature"},"content":{"rendered":"\n<p>Le prix Doug Lucas et le prix du service distingu\u00e9 de la SCSJ sont deux prix qui devraient \u00eatre d\u00e9cern\u00e9s chaque ann\u00e9e \u00e0 nos membres m\u00e9ritants de la SCSJ. R\u00e9fl\u00e9chissez \u00e0 ces deux prix et \u00e0 la personne qui pourrait \u00eatre nomm\u00e9e comme candidat appropri\u00e9 pour les recevoir.<\/p>\n\n\n\n<h2 class=\"wp-block-heading\">Le prix Doug Lucas<\/h2>\n\n\n\n<p><strong>Introduction<\/strong><\/p>\n\n\n\n<ol class=\"wp-block-list\" type=\"1\"><li>Le prix Lucas est destin\u00e9 \u00e0 reconna\u00eetre les membres respect\u00e9s de la SCSJ qui, dans une capacit\u00e9 de leadership, ont servi la soci\u00e9t\u00e9 et un domaine de la m\u00e9decine l\u00e9gale.<\/li><li>Le prix consiste en une plaque murale grav\u00e9e de fa\u00e7on appropri\u00e9e.<\/li><\/ol>\n\n\n\n<p><strong>Crit\u00e8res<\/strong><\/p>\n\n\n\n<ol class=\"wp-block-list\" type=\"1\"><li>Le prix Lucas est un prix prestigieux qui ne peut \u00eatre d\u00e9cern\u00e9 qu&rsquo;aux membres les plus m\u00e9ritants de la SCSJ si, et quand, des candidats appropri\u00e9s ont \u00e9t\u00e9 nomm\u00e9s ; pas plus d&rsquo;une personne par an ne peut \u00eatre ainsi honor\u00e9e.<\/li><li>Le r\u00e9cipiendaire doit \u00eatre un membre en r\u00e8gle de la SCSJ qui, par ses activit\u00e9s professionnelles, a fait preuve d&rsquo;un v\u00e9ritable leadership tant au sein de la Soci\u00e9t\u00e9 que dans un domaine particulier de la criminalistique au Canada et \u00e0 l&rsquo;\u00e9tranger.<\/li><\/ol>\n\n\n\n<p><strong>Proc\u00e9dure de mise en candidature<\/strong><\/p>\n\n\n\n<ol class=\"wp-block-list\" type=\"1\"><li>Tout membre du SCSJ peut proposer la candidature d&rsquo;un autre membre, ou d&rsquo;un ancien membre, pour le prix. Chaque nomination doit avoir un proposant et un appuyeur, qui doivent \u00e9galement \u00eatre membres du SCSJ. La nomination doit \u00eatre adress\u00e9e par \u00e9crit au Pr\u00e9sident de la Commission des Prix et doit inclure la documentation dont disposent le proposant et le second.<\/li><li>Le Comit\u00e9 est libre de mener toute enqu\u00eate suppl\u00e9mentaire qu&rsquo;il juge appropri\u00e9e, et peut demander l&rsquo;aide de toute personne susceptible de l&rsquo;aider dans son enqu\u00eate et son \u00e9valuation d&rsquo;un candidat particulier.<\/li><li>Lorsque le Comit\u00e9 a pris une d\u00e9cision, le Pr\u00e9sident soumet le nom du candidat au Conseil d&rsquo;administration pour approbation. D\u00e8s que possible, le candidat est inform\u00e9 par le Pr\u00e9sident de la SCSJ et invit\u00e9 \u00e0 assister \u00e0 la c\u00e9r\u00e9monie de remise des prix \u00e0 une date qui sera fix\u00e9e par le Pr\u00e9sident.<\/li><\/ol>\n\n\n\n<h2 class=\"wp-block-heading\">Le prix du service distingu\u00e9 du SCSJ<\/h2>\n\n\n\n<p><strong>Introduction<\/strong><\/p>\n\n\n\n<ol class=\"wp-block-list\" type=\"1\"><li>Le prix pour services \u00e9minents est destin\u00e9 \u00e0 reconna\u00eetre les membres du SCSJ qui ont donn\u00e9 gratuitement de leur temps et de leurs talents \u00e0 la Soci\u00e9t\u00e9 pendant plusieurs ann\u00e9es.<\/li><li>Le prix consiste en une plaque murale grav\u00e9e de fa\u00e7on appropri\u00e9e.<\/li><\/ol>\n\n\n\n<p><strong>Crit\u00e8res<\/strong><\/p>\n\n\n\n<ol class=\"wp-block-list\" type=\"1\"><li>Le prix pour services distingu\u00e9s est un prix prestigieux qui ne peut \u00eatre d\u00e9cern\u00e9 qu&rsquo;aux candidats les plus m\u00e9ritants, si et quand des candidats appropri\u00e9s ont \u00e9t\u00e9 nomm\u00e9s ; pas plus de deux personnes par an peuvent \u00eatre ainsi honor\u00e9es.<\/li><li>Le r\u00e9cipiendaire doit \u00eatre un membre en r\u00e8gle de la SCSJ qui jouit du respect de ses pairs au sein de la SCSJ, et qui a servi fid\u00e8lement la Soci\u00e9t\u00e9 dans diverses fonctions pendant une p\u00e9riode de temps significative, au cours de laquelle il a apport\u00e9 des contributions significatives et identifiables au bien-\u00eatre et \u00e0 l&rsquo;am\u00e9lioration de la Soci\u00e9t\u00e9.<\/li><\/ol>\n\n\n\n<p><strong>Proc\u00e9dure de nomination (identique au prix Doug Lucas)<\/strong><\/p>\n\n\n\n<h2 class=\"wp-block-heading\"><strong>Prix de l&rsquo;education<\/strong><\/h2>\n\n\n\n<ol class=\"wp-block-list\" type=\"1\"><li>Afin de promouvoir le domaine de la criminalistique, la Soci\u00e9t\u00e9 canadienne des sciences judiciaires offre un prix annuel \u00e0 un \u00e9tudiant universitaire de premier cycle ou de deuxi\u00e8me cycle m\u00e9ritant.<\/li><li>Un \u00e9tudiant qui poursuit une formation dans l&rsquo;un des domaines de la science m\u00e9dico-l\u00e9gale.<\/li><li>Les formulaires de demande sont disponibles aupr\u00e8s du bureau de la Soci\u00e9t\u00e9 canadienne des sciences judiciaires et doivent \u00eatre re\u00e7us avant le 1er avril de chaque ann\u00e9e.&nbsp; Assurez-vous que tous les articles publi\u00e9s, etc. sont fournis.<\/li><\/ol>\n","protected":false},"excerpt":{"rendered":"<p>Le prix Doug Lucas et le prix du service distingu\u00e9 de la SCSJ sont deux prix qui devraient \u00eatre d\u00e9cern\u00e9s chaque ann\u00e9e \u00e0 nos membres m\u00e9ritants de la SCSJ. R\u00e9fl\u00e9chissez&#8230;<\/p>\n","protected":false},"author":774,"featured_media":0,"parent":3721,"menu_order":6,"comment_status":"closed","ping_status":"closed","template":"","meta":{"_seopress_robots_primary_cat":"","_seopress_titles_title":"","_seopress_titles_desc":"","_seopress_robots_index":"","pmpro_default_level":"","_kad_blocks_custom_css":"","_kad_blocks_head_custom_js":"","_kad_blocks_body_custom_js":"","_kad_blocks_footer_custom_js":"","_price":"","_stock":"","_tribe_ticket_header":"","_tribe_default_ticket_provider":"","_tribe_ticket_capacity":"0","_ticket_start_date":"","_ticket_end_date":"","_tribe_ticket_show_description":"","_tribe_ticket_show_not_going":false,"_tribe_ticket_use_global_stock":"","_tribe_ticket_global_stock_level":"","_global_stock_mode":"","_global_stock_cap":"","_tribe_rsvp_for_event":"","_tribe_ticket_going_count":"","_tribe_ticket_not_going_count":"","_tribe_tickets_list":"[]","_tribe_ticket_has_attendee_info_fields":false,"_EventAllDay":false,"_EventTimezone":"","_EventStartDate":"","_EventEndDate":"","_EventStartDateUTC":"","_EventEndDateUTC":"","_EventShowMap":false,"_EventShowMapLink":false,"_EventURL":"","_EventCost":"","_EventCostDescription":"","_EventCurrencySymbol":"","_EventCurrencyCode":"","_EventCurrencyPosition":"","_EventDateTimeSeparator":"","_EventTimeRangeSeparator":"","_EventOrganizerID":[],"_EventVenueID":[],"_OrganizerEmail":"","_OrganizerPhone":"","_OrganizerWebsite":"","_VenueAddress":"","_VenueCity":"","_VenueCountry":"","_VenueProvince":"","_VenueState":"","_VenueZip":"","_VenuePhone":"","_VenueURL":"","_VenueStateProvince":"","_VenueLat":"","_VenueLng":"","_VenueShowMap":false,"_VenueShowMapLink":false,"_kad_post_transparent":"","_kad_post_title":"","_kad_post_layout":"","_kad_post_sidebar_id":"","_kad_post_content_style":"","_kad_post_vertical_padding":"","_kad_post_feature":"","_kad_post_feature_position":"","_kad_post_header":false,"_kad_post_footer":false,"_kad_post_classname":"","footnotes":""},"page_category":[],"class_list":["post-3720","page","type-page","status-publish","hentry","pmpro-has-access"],"taxonomy_info":[],"featured_image_src_large":false,"author_info":{"display_name":"CSFS","author_link":"https:\/\/www.csfs.ca\/fr\/author\/CSFS\/"},"comment_info":0,"_links":{"self":[{"href":"https:\/\/www.csfs.ca\/fr\/wp-json\/wp\/v2\/pages\/3720","targetHints":{"allow":["GET"]}}],"collection":[{"href":"https:\/\/www.csfs.ca\/fr\/wp-json\/wp\/v2\/pages"}],"about":[{"href":"https:\/\/www.csfs.ca\/fr\/wp-json\/wp\/v2\/types\/page"}],"author":[{"embeddable":true,"href":"https:\/\/www.csfs.ca\/fr\/wp-json\/wp\/v2\/users\/774"}],"replies":[{"embeddable":true,"href":"https:\/\/www.csfs.ca\/fr\/wp-json\/wp\/v2\/comments?post=3720"}],"version-history":[{"count":1,"href":"https:\/\/www.csfs.ca\/fr\/wp-json\/wp\/v2\/pages\/3720\/revisions"}],"predecessor-version":[{"id":12922,"href":"https:\/\/www.csfs.ca\/fr\/wp-json\/wp\/v2\/pages\/3720\/revisions\/12922"}],"up":[{"embeddable":true,"href":"https:\/\/www.csfs.ca\/fr\/wp-json\/wp\/v2\/pages\/3721"}],"wp:attachment":[{"href":"https:\/\/www.csfs.ca\/fr\/wp-json\/wp\/v2\/media?parent=3720"}],"wp:term":[{"taxonomy":"page_category","embeddable":true,"href":"https:\/\/www.csfs.ca\/fr\/wp-json\/wp\/v2\/page_category?post=3720"}],"curies":[{"name":"wp","href":"https:\/\/api.w.org\/{rel}","templated":true}]}}