{"id":3719,"date":"2016-05-10T20:26:02","date_gmt":"2016-05-11T00:26:02","guid":{"rendered":"https:\/\/www.csfs.ca\/disciplines-sections\/engineering\/?lang=fr"},"modified":"2024-08-14T09:01:55","modified_gmt":"2024-08-14T13:01:55","slug":"engineering","status":"publish","type":"page","link":"https:\/\/www.csfs.ca\/fr\/notre_raison_detre\/disciplines-sections\/engineering\/","title":{"rendered":"L\u2019ing\u00e9nierie"},"content":{"rendered":"\n<figure class=\"wp-block-image size-large\"><img decoding=\"async\" width=\"1024\" height=\"251\" src=\"https:\/\/www.csfs.ca\/wp-content\/uploads\/2016\/05\/Engineering2-1024x251.png\" alt=\"engineering2\" class=\"wp-image-3692\"\/><\/figure>\n\n\n\n<p>L&rsquo;ing\u00e9nierie l\u00e9gale est repr\u00e9sent\u00e9e dans notre Soci\u00e9t\u00e9 par les sp\u00e9cialisations suivantes:<\/p>\n\n\n\n<ul class=\"wp-block-list\">\n<li>M\u00e9chanique<\/li>\n\n\n\n<li>Civil<\/li>\n\n\n\n<li>\u00c9lectrique<\/li>\n\n\n\n<li>Mat\u00e9riel<\/li>\n\n\n\n<li>Chimique<\/li>\n<\/ul>\n\n\n\n<p>L&rsquo;ing\u00e9nierie l\u00e9gale peut \u00eatre d\u00e9finie de mani\u00e8re g\u00e9n\u00e9rale comme un domaine de pratique qui couvre presque toutes les disciplines de l&rsquo;ing\u00e9nierie et implique l&rsquo;application de principes et de m\u00e9thodologies d&rsquo;ing\u00e9nierie pour enqu\u00eater sur des d\u00e9faillances, des incidents et\/ou des d\u00e9ficiences afin d&rsquo;en d\u00e9terminer la ou les causes probables. Elle implique la pr\u00e9paration d&rsquo;un rapport de conclusions, qui peut constituer la base du t\u00e9moignage de l&rsquo;ing\u00e9nieur l\u00e9giste dans le cadre d&rsquo;une proc\u00e9dure judiciaire en tant que t\u00e9moin expert. Contrairement \u00e0 la pratique traditionnelle de l&rsquo;ing\u00e9nierie, qui se concentre sur le d\u00e9veloppement de conceptions efficaces pour les nouvelles structures et les nouveaux composants, les ing\u00e9nieurs l\u00e9gistes consacrent une grande partie de leur temps \u00e0 l&rsquo;analyse et \u00e0 la r\u00e9tro-ing\u00e9nierie afin d&rsquo;identifier la ou les causes profondes des d\u00e9ficiences ou des d\u00e9faillances de performance.<\/p>\n\n\n\n<p>Les ing\u00e9nieurs l\u00e9gistes contribuent de mani\u00e8re significative \u00e0 l&rsquo;am\u00e9lioration de la s\u00e9curit\u00e9 publique, car les recommandations visant \u00e0 am\u00e9liorer les conceptions, \u00e0 r\u00e9viser les exigences des codes et \u00e0 modifier les proc\u00e9dures d&rsquo;inspection sont formul\u00e9es sur la base des r\u00e9sultats de leurs enqu\u00eates. Parfois, ces recommandations ont une grande port\u00e9e et peuvent avoir des cons\u00e9quences \u00e0 l&rsquo;\u00e9chelle nationale, sous la forme d&rsquo;avis de s\u00e9curit\u00e9 ou de rappels de produits. Par exemple, plusieurs modifications r\u00e9centes apport\u00e9es aux codes de construction nationaux et provinciaux pour tenir compte de l&rsquo;augmentation des forces appliqu\u00e9es aux \u00e9difices en raison du changement climatique ont \u00e9t\u00e9 bas\u00e9es sur des mod\u00e8les de r\u00e9ponse observ\u00e9s lors d&rsquo;enqu\u00eates m\u00e9dico-l\u00e9gales.<\/p>\n\n\n\n<p>Exemple d&rsquo;enqu\u00eates m\u00e9dico-l\u00e9gales<\/p>\n\n\n\n<p>Avec les r\u00e9cents efforts concert\u00e9s pour produire une \u00e9nergie plus propre, les installations de parcs \u00e9oliens ont consid\u00e9rablement augment\u00e9 au Canada, tout comme les incidents li\u00e9s \u00e0 la d\u00e9faillance des \u00e9oliennes. L&rsquo;expertise combin\u00e9e des ing\u00e9nieurs l\u00e9gistes dans les domaines de l&rsquo;\u00e9lectricit\u00e9, des mat\u00e9riaux et des structures est essentielle pour enqu\u00eater sur les causes profondes de la d\u00e9faillance de ces \u00e9oliennes de plusieurs millions de dollars et pour \u00e9viter que de telles d\u00e9faillances ne se reproduisent \u00e0 l&rsquo;avenir.<\/p>\n\n\n\n<figure class=\"wp-block-image size-full is-resized\"><img decoding=\"async\" width=\"546\" height=\"362\" src=\"https:\/\/www.csfs.ca\/wp-content\/uploads\/2024\/08\/turbine-failure-image-002-1.png\" alt=\"Photographie d'une \u00e9olienne d\u00e9faillante par Y. Korany\" class=\"wp-image-18239\" style=\"width:318px;height:auto\" srcset=\"https:\/\/www.csfs.ca\/wp-content\/uploads\/2024\/08\/turbine-failure-image-002-1.png 546w, https:\/\/www.csfs.ca\/wp-content\/uploads\/2024\/08\/turbine-failure-image-002-1-300x199.png 300w, https:\/\/www.csfs.ca\/wp-content\/uploads\/2024\/08\/turbine-failure-image-002-1-239x158.png 239w, https:\/\/www.csfs.ca\/wp-content\/uploads\/2024\/08\/turbine-failure-image-002-1-482x320.png 482w\" sizes=\"(max-width: 546px) 100vw, 546px\" \/><figcaption class=\"wp-element-caption\">Photographie d&rsquo;une \u00e9olienne d\u00e9faillante par Y. Korany<\/figcaption><\/figure>\n","protected":false},"excerpt":{"rendered":"<p>L&rsquo;ing\u00e9nierie l\u00e9gale est repr\u00e9sent\u00e9e dans notre Soci\u00e9t\u00e9 par les sp\u00e9cialisations suivantes: L&rsquo;ing\u00e9nierie l\u00e9gale peut \u00eatre d\u00e9finie de mani\u00e8re g\u00e9n\u00e9rale comme un domaine de pratique qui couvre presque toutes les disciplines&#8230;<\/p>\n","protected":false},"author":774,"featured_media":9473,"parent":3694,"menu_order":0,"comment_status":"closed","ping_status":"closed","template":"","meta":{"_seopress_robots_primary_cat":"","_seopress_titles_title":"","_seopress_titles_desc":"","_seopress_robots_index":"","pmpro_default_level":"","_kad_blocks_custom_css":"","_kad_blocks_head_custom_js":"","_kad_blocks_body_custom_js":"","_kad_blocks_footer_custom_js":"","_price":"","_stock":"","_tribe_ticket_header":"","_tribe_default_ticket_provider":"","_tribe_ticket_capacity":"0","_ticket_start_date":"","_ticket_end_date":"","_tribe_ticket_show_description":"","_tribe_ticket_show_not_going":false,"_tribe_ticket_use_global_stock":"","_tribe_ticket_global_stock_level":"","_global_stock_mode":"","_global_stock_cap":"","_tribe_rsvp_for_event":"","_tribe_ticket_going_count":"","_tribe_ticket_not_going_count":"","_tribe_tickets_list":"[]","_tribe_ticket_has_attendee_info_fields":false,"_EventAllDay":false,"_EventTimezone":"","_EventStartDate":"","_EventEndDate":"","_EventStartDateUTC":"","_EventEndDateUTC":"","_EventShowMap":false,"_EventShowMapLink":false,"_EventURL":"","_EventCost":"","_EventCostDescription":"","_EventCurrencySymbol":"","_EventCurrencyCode":"","_EventCurrencyPosition":"","_EventDateTimeSeparator":"","_EventTimeRangeSeparator":"","_EventOrganizerID":[],"_EventVenueID":[],"_OrganizerEmail":"","_OrganizerPhone":"","_OrganizerWebsite":"","_VenueAddress":"","_VenueCity":"","_VenueCountry":"","_VenueProvince":"","_VenueState":"","_VenueZip":"","_VenuePhone":"","_VenueURL":"","_VenueStateProvince":"","_VenueLat":"","_VenueLng":"","_VenueShowMap":false,"_VenueShowMapLink":false,"_kad_post_transparent":"","_kad_post_title":"","_kad_post_layout":"","_kad_post_sidebar_id":"","_kad_post_content_style":"","_kad_post_vertical_padding":"","_kad_post_feature":"","_kad_post_feature_position":"","_kad_post_header":false,"_kad_post_footer":false,"_kad_post_classname":"","footnotes":""},"page_category":[164],"class_list":["post-3719","page","type-page","status-publish","has-post-thumbnail","hentry","page_category-disciplines","pmpro-has-access"],"taxonomy_info":{"page_category":[{"value":164,"label":"Disciplines"}]},"featured_image_src_large":["https:\/\/www.csfs.ca\/wp-content\/uploads\/2021\/02\/engineering.png",150,150,false],"author_info":{"display_name":"CSFS","author_link":"https:\/\/www.csfs.ca\/fr\/author\/CSFS\/"},"comment_info":0,"_links":{"self":[{"href":"https:\/\/www.csfs.ca\/fr\/wp-json\/wp\/v2\/pages\/3719","targetHints":{"allow":["GET"]}}],"collection":[{"href":"https:\/\/www.csfs.ca\/fr\/wp-json\/wp\/v2\/pages"}],"about":[{"href":"https:\/\/www.csfs.ca\/fr\/wp-json\/wp\/v2\/types\/page"}],"author":[{"embeddable":true,"href":"https:\/\/www.csfs.ca\/fr\/wp-json\/wp\/v2\/users\/774"}],"replies":[{"embeddable":true,"href":"https:\/\/www.csfs.ca\/fr\/wp-json\/wp\/v2\/comments?post=3719"}],"version-history":[{"count":3,"href":"https:\/\/www.csfs.ca\/fr\/wp-json\/wp\/v2\/pages\/3719\/revisions"}],"predecessor-version":[{"id":18242,"href":"https:\/\/www.csfs.ca\/fr\/wp-json\/wp\/v2\/pages\/3719\/revisions\/18242"}],"up":[{"embeddable":true,"href":"https:\/\/www.csfs.ca\/fr\/wp-json\/wp\/v2\/pages\/3694"}],"wp:featuredmedia":[{"embeddable":true,"href":"https:\/\/www.csfs.ca\/fr\/wp-json\/wp\/v2\/media\/9473"}],"wp:attachment":[{"href":"https:\/\/www.csfs.ca\/fr\/wp-json\/wp\/v2\/media?parent=3719"}],"wp:term":[{"taxonomy":"page_category","embeddable":true,"href":"https:\/\/www.csfs.ca\/fr\/wp-json\/wp\/v2\/page_category?post=3719"}],"curies":[{"name":"wp","href":"https:\/\/api.w.org\/{rel}","templated":true}]}}