{"id":3718,"date":"2016-05-10T20:26:20","date_gmt":"2016-05-11T00:26:20","guid":{"rendered":"https:\/\/www.csfs.ca\/disciplines-sections\/firearms\/?lang=fr"},"modified":"2024-12-01T14:54:06","modified_gmt":"2024-12-01T19:54:06","slug":"balistique","status":"publish","type":"page","link":"https:\/\/www.csfs.ca\/fr\/notre_raison_detre\/disciplines-sections\/balistique\/","title":{"rendered":"Armes \u00e0 Feu"},"content":{"rendered":"\n<figure class=\"wp-block-image size-full is-resized\"><img decoding=\"async\" width=\"720\" height=\"150\" src=\"https:\/\/www.csfs.ca\/wp-content\/uploads\/2016\/06\/Firearms.jpg\" alt=\"Firearms\" class=\"wp-image-2931\" style=\"width:810px;height:169px\" srcset=\"https:\/\/www.csfs.ca\/wp-content\/uploads\/2016\/06\/Firearms.jpg 720w, https:\/\/www.csfs.ca\/wp-content\/uploads\/2016\/06\/Firearms-239x50.jpg 239w, https:\/\/www.csfs.ca\/wp-content\/uploads\/2016\/06\/Firearms-482x100.jpg 482w, https:\/\/www.csfs.ca\/wp-content\/uploads\/2016\/06\/Firearms-600x125.jpg 600w, https:\/\/www.csfs.ca\/wp-content\/uploads\/2016\/06\/Firearms-300x63.jpg 300w, https:\/\/www.csfs.ca\/wp-content\/uploads\/2016\/06\/Firearms-636x133.jpg 636w, https:\/\/www.csfs.ca\/wp-content\/uploads\/2016\/06\/Firearms-320x67.jpg 320w\" sizes=\"(max-width: 720px) 100vw, 720px\" \/><\/figure>\n\n\n\n<p>La section Armes \u00e0 feu et marque d\u2019outils de la Soci\u00e9t\u00e9 est relativement petite, avec seulement 9 sp\u00e9cialistes comme membres. Les sp\u00e9cialistes examinent les armes \u00e0 feu ainsi que les marques faites par les outils en plus d\u2019effectuer des restaurations de num\u00e9ros de s\u00e9rie, des d\u00e9terminations de distance de tir, etc.<\/p>\n\n\n\n<p>Au fil des ans, une quantit\u00e9 importante de recherches a \u00e9t\u00e9 effectu\u00e9e (\u00e0 la fois par des praticiens et des universitaires) et rapport\u00e9e dans diverses revues scientifiques.<\/p>\n\n\n\n<p>Depuis la publication du rapport du NAS en 2009 aux \u00c9tats-Unis, une plus grande importance a \u00e9t\u00e9 accord\u00e9e \u00e0 la recherche dans ce domaine. L&rsquo;utilisation d\u2019\u00e9quipement d&rsquo;imagerie balistique dans les laboratoires judiciaires \u00e0 travers le monde a permis plus de 100 000 associations (hits), qui ont contribu\u00e9 \u00e0 la progression des enqu\u00eates effectu\u00e9es par les corps policiers. D&rsquo;autres recherches sont pr\u00e9sentement en cours dans le but d\u2019\u00e9tablir une quantification statistique au niveau des r\u00e9sultats exprim\u00e9s par les sp\u00e9cialistes.<\/p>\n","protected":false},"excerpt":{"rendered":"<p>La section Armes \u00e0 feu et marque d\u2019outils de la Soci\u00e9t\u00e9 est relativement petite, avec seulement 9 sp\u00e9cialistes comme membres. Les sp\u00e9cialistes examinent les armes \u00e0 feu ainsi que les&#8230;<\/p>\n","protected":false},"author":774,"featured_media":9476,"parent":3694,"menu_order":0,"comment_status":"closed","ping_status":"closed","template":"","meta":{"_seopress_robots_primary_cat":"","_seopress_titles_title":"","_seopress_titles_desc":"","_seopress_robots_index":"","pmpro_default_level":"","_kad_blocks_custom_css":"","_kad_blocks_head_custom_js":"","_kad_blocks_body_custom_js":"","_kad_blocks_footer_custom_js":"","_price":"","_stock":"","_tribe_ticket_header":"","_tribe_default_ticket_provider":"","_tribe_ticket_capacity":"0","_ticket_start_date":"","_ticket_end_date":"","_tribe_ticket_show_description":"","_tribe_ticket_show_not_going":false,"_tribe_ticket_use_global_stock":"","_tribe_ticket_global_stock_level":"","_global_stock_mode":"","_global_stock_cap":"","_tribe_rsvp_for_event":"","_tribe_ticket_going_count":"","_tribe_ticket_not_going_count":"","_tribe_tickets_list":"[]","_tribe_ticket_has_attendee_info_fields":false,"_EventAllDay":false,"_EventTimezone":"","_EventStartDate":"","_EventEndDate":"","_EventStartDateUTC":"","_EventEndDateUTC":"","_EventShowMap":false,"_EventShowMapLink":false,"_EventURL":"","_EventCost":"","_EventCostDescription":"","_EventCurrencySymbol":"","_EventCurrencyCode":"","_EventCurrencyPosition":"","_EventDateTimeSeparator":"","_EventTimeRangeSeparator":"","_EventOrganizerID":[],"_EventVenueID":[],"_OrganizerEmail":"","_OrganizerPhone":"","_OrganizerWebsite":"","_VenueAddress":"","_VenueCity":"","_VenueCountry":"","_VenueProvince":"","_VenueState":"","_VenueZip":"","_VenuePhone":"","_VenueURL":"","_VenueStateProvince":"","_VenueLat":"","_VenueLng":"","_VenueShowMap":false,"_VenueShowMapLink":false,"_kad_post_transparent":"","_kad_post_title":"","_kad_post_layout":"","_kad_post_sidebar_id":"","_kad_post_content_style":"","_kad_post_vertical_padding":"","_kad_post_feature":"","_kad_post_feature_position":"","_kad_post_header":false,"_kad_post_footer":false,"_kad_post_classname":"","footnotes":""},"page_category":[164],"class_list":["post-3718","page","type-page","status-publish","has-post-thumbnail","hentry","page_category-disciplines","pmpro-has-access"],"taxonomy_info":{"page_category":[{"value":164,"label":"Disciplines"}]},"featured_image_src_large":["https:\/\/www.csfs.ca\/wp-content\/uploads\/2021\/02\/guncircle.png",150,150,false],"author_info":{"display_name":"CSFS","author_link":"https:\/\/www.csfs.ca\/fr\/author\/CSFS\/"},"comment_info":0,"_links":{"self":[{"href":"https:\/\/www.csfs.ca\/fr\/wp-json\/wp\/v2\/pages\/3718","targetHints":{"allow":["GET"]}}],"collection":[{"href":"https:\/\/www.csfs.ca\/fr\/wp-json\/wp\/v2\/pages"}],"about":[{"href":"https:\/\/www.csfs.ca\/fr\/wp-json\/wp\/v2\/types\/page"}],"author":[{"embeddable":true,"href":"https:\/\/www.csfs.ca\/fr\/wp-json\/wp\/v2\/users\/774"}],"replies":[{"embeddable":true,"href":"https:\/\/www.csfs.ca\/fr\/wp-json\/wp\/v2\/comments?post=3718"}],"version-history":[{"count":2,"href":"https:\/\/www.csfs.ca\/fr\/wp-json\/wp\/v2\/pages\/3718\/revisions"}],"predecessor-version":[{"id":18693,"href":"https:\/\/www.csfs.ca\/fr\/wp-json\/wp\/v2\/pages\/3718\/revisions\/18693"}],"up":[{"embeddable":true,"href":"https:\/\/www.csfs.ca\/fr\/wp-json\/wp\/v2\/pages\/3694"}],"wp:featuredmedia":[{"embeddable":true,"href":"https:\/\/www.csfs.ca\/fr\/wp-json\/wp\/v2\/media\/9476"}],"wp:attachment":[{"href":"https:\/\/www.csfs.ca\/fr\/wp-json\/wp\/v2\/media?parent=3718"}],"wp:term":[{"taxonomy":"page_category","embeddable":true,"href":"https:\/\/www.csfs.ca\/fr\/wp-json\/wp\/v2\/page_category?post=3718"}],"curies":[{"name":"wp","href":"https:\/\/api.w.org\/{rel}","templated":true}]}}