{"id":3717,"date":"2016-05-10T20:26:48","date_gmt":"2016-05-11T00:26:48","guid":{"rendered":"https:\/\/www.csfs.ca\/disciplines-sections\/general\/?lang=fr"},"modified":"2022-02-14T10:24:43","modified_gmt":"2022-02-14T15:24:43","slug":"general","status":"publish","type":"page","link":"https:\/\/www.csfs.ca\/fr\/notre_raison_detre\/disciplines-sections\/general\/","title":{"rendered":"G\u00e9n\u00e9ral"},"content":{"rendered":"\n<figure class=\"wp-block-image size-full is-resized\"><img decoding=\"async\" src=\"https:\/\/www.csfs.ca\/wp-content\/uploads\/2016\/05\/general-1.jpg\" alt=\"general\" class=\"wp-image-3307\" width=\"810\" height=\"152\"\/><figcaption>\u00a9 2014 Kimberly Nugent. Tous les droits sont r\u00e9serv\u00e9s<\/figcaption><\/figure>\n\n\n\n<p>Les int\u00e9r\u00eats repr\u00e9sent\u00e9s par la section g\u00e9n\u00e9rale sont assez diversifi\u00e9e et l\u2019adh\u00e9sion \u00e0 celle-ci ouverte aux personnes qui ont un int\u00e9r\u00eat professionnel ou actif en sciences judiciaires, mais dont la discipline n&rsquo;est pas repr\u00e9sent\u00e9e par une des autres sections par la Soci\u00e9t\u00e9.<\/p>\n\n\n\n<p>La section regroupe environ 10% de l&rsquo;effectif total de la Soci\u00e9t\u00e9 canadienne de m\u00e9decine l\u00e9gale.<\/p>\n\n\n\n<p>Les membres de la Section g\u00e9n\u00e9rale comprennent des professionnels des domaines du num\u00e9rique et du multim\u00e9dia, des \u00e9ducateurs, des \u00e9tudiants, des avocats et des repr\u00e9sentants des services policiers.<\/p>\n","protected":false},"excerpt":{"rendered":"<p>Les int\u00e9r\u00eats repr\u00e9sent\u00e9s par la section g\u00e9n\u00e9rale sont assez diversifi\u00e9e et l\u2019adh\u00e9sion \u00e0 celle-ci ouverte aux personnes qui ont un int\u00e9r\u00eat professionnel ou actif en sciences judiciaires, mais dont la&#8230;<\/p>\n","protected":false},"author":774,"featured_media":9479,"parent":3694,"menu_order":0,"comment_status":"closed","ping_status":"closed","template":"","meta":{"_seopress_robots_primary_cat":"","_seopress_titles_title":"","_seopress_titles_desc":"","_seopress_robots_index":"","pmpro_default_level":"","_kad_blocks_custom_css":"","_kad_blocks_head_custom_js":"","_kad_blocks_body_custom_js":"","_kad_blocks_footer_custom_js":"","_price":"","_stock":"","_tribe_ticket_header":"","_tribe_default_ticket_provider":"","_tribe_ticket_capacity":"0","_ticket_start_date":"","_ticket_end_date":"","_tribe_ticket_show_description":"","_tribe_ticket_show_not_going":false,"_tribe_ticket_use_global_stock":"","_tribe_ticket_global_stock_level":"","_global_stock_mode":"","_global_stock_cap":"","_tribe_rsvp_for_event":"","_tribe_ticket_going_count":"","_tribe_ticket_not_going_count":"","_tribe_tickets_list":"[]","_tribe_ticket_has_attendee_info_fields":false,"_EventAllDay":false,"_EventTimezone":"","_EventStartDate":"","_EventEndDate":"","_EventStartDateUTC":"","_EventEndDateUTC":"","_EventShowMap":false,"_EventShowMapLink":false,"_EventURL":"","_EventCost":"","_EventCostDescription":"","_EventCurrencySymbol":"","_EventCurrencyCode":"","_EventCurrencyPosition":"","_EventDateTimeSeparator":"","_EventTimeRangeSeparator":"","_EventOrganizerID":[],"_EventVenueID":[],"_OrganizerEmail":"","_OrganizerPhone":"","_OrganizerWebsite":"","_VenueAddress":"","_VenueCity":"","_VenueCountry":"","_VenueProvince":"","_VenueState":"","_VenueZip":"","_VenuePhone":"","_VenueURL":"","_VenueStateProvince":"","_VenueLat":"","_VenueLng":"","_VenueShowMap":false,"_VenueShowMapLink":false,"_kad_post_transparent":"","_kad_post_title":"","_kad_post_layout":"","_kad_post_sidebar_id":"","_kad_post_content_style":"","_kad_post_vertical_padding":"","_kad_post_feature":"","_kad_post_feature_position":"","_kad_post_header":false,"_kad_post_footer":false,"_kad_post_classname":"","footnotes":""},"page_category":[164],"class_list":["post-3717","page","type-page","status-publish","has-post-thumbnail","hentry","page_category-disciplines","pmpro-has-access"],"taxonomy_info":{"page_category":[{"value":164,"label":"Disciplines"}]},"featured_image_src_large":["https:\/\/www.csfs.ca\/wp-content\/uploads\/2021\/02\/general9.png",150,150,false],"author_info":{"display_name":"CSFS","author_link":"https:\/\/www.csfs.ca\/fr\/author\/CSFS\/"},"comment_info":0,"_links":{"self":[{"href":"https:\/\/www.csfs.ca\/fr\/wp-json\/wp\/v2\/pages\/3717","targetHints":{"allow":["GET"]}}],"collection":[{"href":"https:\/\/www.csfs.ca\/fr\/wp-json\/wp\/v2\/pages"}],"about":[{"href":"https:\/\/www.csfs.ca\/fr\/wp-json\/wp\/v2\/types\/page"}],"author":[{"embeddable":true,"href":"https:\/\/www.csfs.ca\/fr\/wp-json\/wp\/v2\/users\/774"}],"replies":[{"embeddable":true,"href":"https:\/\/www.csfs.ca\/fr\/wp-json\/wp\/v2\/comments?post=3717"}],"version-history":[{"count":1,"href":"https:\/\/www.csfs.ca\/fr\/wp-json\/wp\/v2\/pages\/3717\/revisions"}],"predecessor-version":[{"id":14280,"href":"https:\/\/www.csfs.ca\/fr\/wp-json\/wp\/v2\/pages\/3717\/revisions\/14280"}],"up":[{"embeddable":true,"href":"https:\/\/www.csfs.ca\/fr\/wp-json\/wp\/v2\/pages\/3694"}],"wp:featuredmedia":[{"embeddable":true,"href":"https:\/\/www.csfs.ca\/fr\/wp-json\/wp\/v2\/media\/9479"}],"wp:attachment":[{"href":"https:\/\/www.csfs.ca\/fr\/wp-json\/wp\/v2\/media?parent=3717"}],"wp:term":[{"taxonomy":"page_category","embeddable":true,"href":"https:\/\/www.csfs.ca\/fr\/wp-json\/wp\/v2\/page_category?post=3717"}],"curies":[{"name":"wp","href":"https:\/\/api.w.org\/{rel}","templated":true}]}}