{"id":3715,"date":"2016-05-10T20:47:09","date_gmt":"2016-05-11T00:47:09","guid":{"rendered":"https:\/\/www.csfs.ca\/comites-de-la-scsj\/atc-alcohol-test-committee\/?lang=fr"},"modified":"2025-12-23T14:36:48","modified_gmt":"2025-12-23T19:36:48","slug":"comite-analysealcool","status":"publish","type":"page","link":"https:\/\/www.csfs.ca\/fr\/notre_raison_detre\/comites-de-la-scsj\/comite-analysealcool\/","title":{"rendered":"Comit\u00e9 des analyses d&rsquo;alcool"},"content":{"rendered":"\n<figure class=\"wp-block-image size-full is-resized\"><img decoding=\"async\" width=\"720\" height=\"150\" src=\"https:\/\/www.csfs.ca\/wp-content\/uploads\/2016\/06\/Atc.jpg\" alt=\"Atc\" class=\"wp-image-2925\" style=\"width:810px;height:169px\" srcset=\"https:\/\/www.csfs.ca\/wp-content\/uploads\/2016\/06\/Atc.jpg 720w, https:\/\/www.csfs.ca\/wp-content\/uploads\/2016\/06\/Atc-239x50.jpg 239w, https:\/\/www.csfs.ca\/wp-content\/uploads\/2016\/06\/Atc-482x100.jpg 482w, https:\/\/www.csfs.ca\/wp-content\/uploads\/2016\/06\/Atc-600x125.jpg 600w, https:\/\/www.csfs.ca\/wp-content\/uploads\/2016\/06\/Atc-300x63.jpg 300w, https:\/\/www.csfs.ca\/wp-content\/uploads\/2016\/06\/Atc-636x133.jpg 636w, https:\/\/www.csfs.ca\/wp-content\/uploads\/2016\/06\/Atc-320x67.jpg 320w\" sizes=\"(max-width: 720px) 100vw, 720px\" \/><\/figure>\n\n\n\n<p><span id=\"result_box\" lang=\"fr\"><span title=\"The Alcohol Test Committee (ATC) has existed in various forms since the introduction of Canada\u2019s per se legal limit.\">Le comit\u00e9 des analyses d&rsquo;alcool (CAC) a exist\u00e9 sous diverses formes depuis l&rsquo;introduction de la limite l\u00e9gale&nbsp;au Canada. <\/span><span title=\"Its ten person membership is made up of experienced forensic alcohol scientists from across Canada who advise the Federal Minister of Justice on matters pertaining to alcohol testing in drinking and driving. \">Il est compos\u00e9 de dix scientifiques judiciaires d&rsquo;exp\u00e9rience&nbsp;en&nbsp;analyse&nbsp;d&rsquo;alcool de partout au Canada qui conseillent le Minist\u00e8re de la Justice sur les questions relatives aux tests&nbsp;d&rsquo;alcool\u00e9mie reli\u00e9 \u00e0&nbsp;l&rsquo;alcool au volant.<\/span><\/span><\/p>\n\n\n\n<p><span title=\"The ATC has kept abreast of advancements in breath test technology.\">Le CAC&nbsp;se tient au courant des progr\u00e8s technologiques&nbsp;reli\u00e9s aux tests d&rsquo;haleine. <\/span><span title=\"Since the advent of one of the first approved instruments, the Borkenstein Breathalyzer, breath testing technology has made significant advancements and the ATC has been in the forefront of evaluating those instruments in Canada. \">Depuis l&rsquo;av\u00e8nement de l&rsquo;un des premiers instruments approuv\u00e9s, l&rsquo;ivressom\u00e8tre Borkenstein, la technologie des tests&nbsp;d&rsquo;haleine a fait des progr\u00e8s significatifs et le CAC&nbsp;a \u00e9t\u00e9 \u00e0 l&rsquo;avant-garde de l&rsquo;\u00e9valuation de ces instruments au Canada.<\/span><\/p>\n\n\n\n<p><span title=\"Some early highlights for the committee include the introduction of road-side screening devices, the advent of automated breath test equipment, mobile breath testing and provisions to demand blood samples. \">Parmi les faits saillants du comit\u00e9, mentionnons l&rsquo;introduction de dispositifs de d\u00e9pistage routiers, l&rsquo;installation d&rsquo;un \u00e9quipement automatis\u00e9 de test&nbsp;d&rsquo;haleine, des tests d&rsquo;haleine mobiles et des crit\u00e8res et dispositions&nbsp;reli\u00e9s aux&nbsp;demandes des \u00e9chantillons de sang.<\/span><\/p>\n\n\n\n<p><span title=\"Along with these technological advancements have come the advancements in quality assurance protocols.\">Avec ces progr\u00e8s technologiques sont venus les progr\u00e8s dans les protocoles d&rsquo;assurance de la qualit\u00e9. <\/span><span title=\"The ATC has recommended best practices and quality assurance guidelines for breath testing, which has strengthened breath testing programs in Canada.\">Le CAC&nbsp;a recommand\u00e9 des pratiques exemplaires et des lignes directrices&nbsp;\u00e0 suivre sur l&rsquo;assurance de la qualit\u00e9&nbsp;reli\u00e9 aux tests d&rsquo;haleine, ce qui a renforc\u00e9 les programmes de tests&nbsp;d&rsquo;haleine au Canada. <\/span><span title=\"While breath alcohol testing is unlikely to disappear in the near future, other non-breath related technologies are emerging and the Committee, as always, will be ready to deal with those technologies as they become viable. \">Bien qu&rsquo;il soit peu probable que les tests d&rsquo;alcool\u00e9mie&nbsp;vont disparaitre dans un avenir prochain, d&rsquo;autres technologies non li\u00e9es&nbsp;\u00e0 l&rsquo;haleine sont en&nbsp;\u00e9mergence et le Comit\u00e9, comme toujours, sera pr\u00eat \u00e0 traiter ces technologies d\u00e8s qu&rsquo;elles deviendront viables.<\/span><\/p>\n\n\n\n<p><span title=\"Drinking and driving is one of, if not the most, vigorously litigated offence in our Courts and the ATC has been a key player in offering scientific advice to the Minister regarding contemplated or real changes to the Criminal Code of Canada.\">La conduite en \u00e9tat d&rsquo;\u00e9bri\u00e9t\u00e9 est l&rsquo;une des infractions les plus fr\u00e9quemment&nbsp;en litige&nbsp;dans nos tribunaux.&nbsp;Le CAC&nbsp;a jou\u00e9 un r\u00f4le cl\u00e9 dans la prestation de conseils scientifiques au&nbsp;Ministre sur des modifications envisag\u00e9es ou r\u00e9elles du Code Criminel du Canada. <\/span><span title=\"Litigation arising from the last major revision of the Code led the Committee to produce, for the first time, a position paper: \u201cDocumentation Required for Assessing the Accuracy and Reliability of Approved Instrument Breath Alcohol Test Results\u201d.\">Les litiges d\u00e9coulant de la derni\u00e8re r\u00e9vision majeure du Code Criminel&nbsp;ont amen\u00e9 le Comit\u00e9 \u00e0 produire pour la premi\u00e8re fois un document de position intitul\u00e9 <em>\u201cDocumentation Required for Assessing the Accuracy and Reliability of Approved Instrument Breath Alcohol Test Results\u201d.<\/em> <\/span><span title=\"This landmark paper has been referred to in countless trials since it was published and it is clear that the Courts hold theCommittee\u2019s views in high regard.\">Ce document historique a fait l&rsquo;objet d&rsquo;innombrables references dans plusieurs proc\u00e8s depuis sa publication et il est clair que les tribunaux consid\u00e8rent l&rsquo;expertise du&nbsp;Comit\u00e9 comme \u00e9tant de tr\u00e8s grande importance.<\/span><\/p>\n\n\n\n<p>Des Documents &#8211;<a href=\"https:\/\/www.csfs.ca\/fr\/notre_raison_detre\/comites-de-la-scsj\/comite-analysealcool\/le-comite-des-analyses-dalcool-des-documents\/\"> cliquez ici.<\/a><\/p>\n\n\n\n<div class=\"wp-block-boldblocks-icon-separator\" style=\"--bb--margin-top--sm:var(--bb--margin-top--lg);--bb--margin-bottom--sm:var(--bb--margin-bottom--lg);--bb--margin-top--md:var(--bb--margin-top--lg);--bb--margin-bottom--md:var(--bb--margin-bottom--lg);--bb--margin-top--lg:1em;--bb--margin-bottom--lg:1em\" role=\"separator\"><div class=\"wp-block-boldblocks-icon-separator__inner icon-center is-align-center\" style=\"--bb-border:2px solid var(--wp--preset--color--theme-palette2, #d57100);--bb--icon-width:1.5em;--bb--icon-spacing:1em;--bb--icon-stroke-color:var(--wp--preset--color--theme-palette2, #d57100)\"><svg xmlns=\"http:\/\/www.w3.org\/2000\/svg\" viewBox=\"0 0 512 512\" class=\"bb-icon bb-icon--ellipse-outline\">\n  <circle cx=\"256\" cy=\"256\" r=\"192\" style=\"fill:none;stroke:#000;stroke-linecap:round;stroke-linejoin:round;stroke-width:42px\"><\/circle>\n<\/svg><\/div><\/div>\n\n\n\n<h3 class=\"wp-block-heading\">Membres du comit\u00e9:<\/h3>\n\n\n\n<ul class=\"wp-block-list\">\n<li>Mike Rosland (Chair) \u2013 RCMP<\/li>\n\n\n\n<li>Genevieve Huppe \u2013 LSJML<\/li>\n\n\n\n<li>Cynthia Roy \u2013 LSJML<\/li>\n\n\n\n<li>Inger Bugyra \u2013 Centre of Forensic Sciences<\/li>\n\n\n\n<li>Randall Beaty<\/li>\n\n\n\n<li>Karen Chan \u2013 RCMP<\/li>\n\n\n\n<li>Melanie Brisson \u2013 RCMP<\/li>\n\n\n\n<li>Julie Motard \u2013 LSJML<\/li>\n\n\n\n<li>Christine Frenette<\/li>\n<\/ul>\n\n\n\n<div class=\"wp-block-boldblocks-icon-separator\" style=\"--bb--margin-top--sm:var(--bb--margin-top--lg);--bb--margin-bottom--sm:var(--bb--margin-bottom--lg);--bb--margin-top--md:var(--bb--margin-top--lg);--bb--margin-bottom--md:var(--bb--margin-bottom--lg);--bb--margin-top--lg:1em;--bb--margin-bottom--lg:1em\" role=\"separator\"><div class=\"wp-block-boldblocks-icon-separator__inner icon-center is-align-center\" style=\"--bb-border:2px solid var(--wp--preset--color--theme-palette2, #d57100);--bb--icon-width:1.5em;--bb--icon-spacing:1em;--bb--icon-stroke-color:var(--wp--preset--color--theme-palette2, #d57100)\"><svg xmlns=\"http:\/\/www.w3.org\/2000\/svg\" viewBox=\"0 0 512 512\" class=\"bb-icon bb-icon--ellipse-outline\">\n  <circle cx=\"256\" cy=\"256\" r=\"192\" style=\"fill:none;stroke:#000;stroke-linecap:round;stroke-linejoin:round;stroke-width:42px\"><\/circle>\n<\/svg><\/div><\/div>\n","protected":false},"excerpt":{"rendered":"<p>Le comit\u00e9 des analyses d&rsquo;alcool (CAC) a exist\u00e9 sous diverses formes depuis l&rsquo;introduction de la limite l\u00e9gale&nbsp;au Canada. Il est compos\u00e9 de dix scientifiques judiciaires d&rsquo;exp\u00e9rience&nbsp;en&nbsp;analyse&nbsp;d&rsquo;alcool de partout au Canada&#8230;<\/p>\n","protected":false},"author":774,"featured_media":0,"parent":3696,"menu_order":0,"comment_status":"closed","ping_status":"closed","template":"","meta":{"_seopress_robots_primary_cat":"","_seopress_titles_title":"","_seopress_titles_desc":"","_seopress_robots_index":"","pmpro_default_level":"","_kad_blocks_custom_css":"","_kad_blocks_head_custom_js":"","_kad_blocks_body_custom_js":"","_kad_blocks_footer_custom_js":"","_price":"","_stock":"","_tribe_ticket_header":"","_tribe_default_ticket_provider":"","_tribe_ticket_capacity":"0","_ticket_start_date":"","_ticket_end_date":"","_tribe_ticket_show_description":"","_tribe_ticket_show_not_going":false,"_tribe_ticket_use_global_stock":"","_tribe_ticket_global_stock_level":"","_global_stock_mode":"","_global_stock_cap":"","_tribe_rsvp_for_event":"","_tribe_ticket_going_count":"","_tribe_ticket_not_going_count":"","_tribe_tickets_list":"[]","_tribe_ticket_has_attendee_info_fields":false,"_EventAllDay":false,"_EventTimezone":"","_EventStartDate":"","_EventEndDate":"","_EventStartDateUTC":"","_EventEndDateUTC":"","_EventShowMap":false,"_EventShowMapLink":false,"_EventURL":"","_EventCost":"","_EventCostDescription":"","_EventCurrencySymbol":"","_EventCurrencyCode":"","_EventCurrencyPosition":"","_EventDateTimeSeparator":"","_EventTimeRangeSeparator":"","_EventOrganizerID":[],"_EventVenueID":[],"_OrganizerEmail":"","_OrganizerPhone":"","_OrganizerWebsite":"","_VenueAddress":"","_VenueCity":"","_VenueCountry":"","_VenueProvince":"","_VenueState":"","_VenueZip":"","_VenuePhone":"","_VenueURL":"","_VenueStateProvince":"","_VenueLat":"","_VenueLng":"","_VenueShowMap":false,"_VenueShowMapLink":false,"_kad_post_transparent":"","_kad_post_title":"","_kad_post_layout":"","_kad_post_sidebar_id":"","_kad_post_content_style":"","_kad_post_vertical_padding":"","_kad_post_feature":"","_kad_post_feature_position":"","_kad_post_header":false,"_kad_post_footer":false,"_kad_post_classname":"","footnotes":""},"page_category":[],"class_list":["post-3715","page","type-page","status-publish","hentry","pmpro-has-access"],"taxonomy_info":[],"featured_image_src_large":false,"author_info":{"display_name":"CSFS","author_link":"https:\/\/www.csfs.ca\/fr\/author\/CSFS\/"},"comment_info":0,"_links":{"self":[{"href":"https:\/\/www.csfs.ca\/fr\/wp-json\/wp\/v2\/pages\/3715","targetHints":{"allow":["GET"]}}],"collection":[{"href":"https:\/\/www.csfs.ca\/fr\/wp-json\/wp\/v2\/pages"}],"about":[{"href":"https:\/\/www.csfs.ca\/fr\/wp-json\/wp\/v2\/types\/page"}],"author":[{"embeddable":true,"href":"https:\/\/www.csfs.ca\/fr\/wp-json\/wp\/v2\/users\/774"}],"replies":[{"embeddable":true,"href":"https:\/\/www.csfs.ca\/fr\/wp-json\/wp\/v2\/comments?post=3715"}],"version-history":[{"count":4,"href":"https:\/\/www.csfs.ca\/fr\/wp-json\/wp\/v2\/pages\/3715\/revisions"}],"predecessor-version":[{"id":20319,"href":"https:\/\/www.csfs.ca\/fr\/wp-json\/wp\/v2\/pages\/3715\/revisions\/20319"}],"up":[{"embeddable":true,"href":"https:\/\/www.csfs.ca\/fr\/wp-json\/wp\/v2\/pages\/3696"}],"wp:attachment":[{"href":"https:\/\/www.csfs.ca\/fr\/wp-json\/wp\/v2\/media?parent=3715"}],"wp:term":[{"taxonomy":"page_category","embeddable":true,"href":"https:\/\/www.csfs.ca\/fr\/wp-json\/wp\/v2\/page_category?post=3715"}],"curies":[{"name":"wp","href":"https:\/\/api.w.org\/{rel}","templated":true}]}}