{"id":3704,"date":"2016-06-07T04:24:42","date_gmt":"2016-06-07T08:24:42","guid":{"rendered":"https:\/\/www.csfs.ca\/disciplines-sections\/anthropology\/?lang=fr"},"modified":"2021-05-12T10:58:55","modified_gmt":"2021-05-12T14:58:55","slug":"anthropologie","status":"publish","type":"page","link":"https:\/\/www.csfs.ca\/fr\/notre_raison_detre\/disciplines-sections\/anthropologie\/","title":{"rendered":"Anthropologie"},"content":{"rendered":"\n<figure class=\"wp-block-image\"><img decoding=\"async\" width=\"1024\" height=\"256\" src=\"https:\/\/www.csfs.ca\/wp-content\/uploads\/2016\/06\/anthro-1-1024x256.jpg\" alt=\"anthro\" class=\"wp-image-3290\"\/><figcaption>\u00a9 2014 Kimberly Nugent. Tous les droits sont r\u00e9serv\u00e9s<\/figcaption><\/figure>\n\n\n\n<p>L\u2019anthropologie judiciaire constitue l\u2019une des facettes de l\u2019anthropologie biologique (l\u2019\u00e9tude de la biologie humaine). L&rsquo;anthropologue judiciaire se concentre d\u2019abord sur l&rsquo;analyse des restes humains squelettiques, principalement dans un contexte historique et pr\u00e9historique; l&rsquo;anthropologue judiciaire applique ensuite ces m\u00e9thodes aux situations m\u00e9dico-l\u00e9gales contemporaines.<\/p>\n\n\n\n<p>M\u00e9thodes et th\u00e9ories li\u00e9s \u00e0 l&rsquo;anthropologie m\u00e9dico-l\u00e9gale se basent sur les travaux de recherche en anthropologie biologique (bioarch\u00e9ologie). L&rsquo;objectif principal de l&rsquo;anthropologue judiciaire est de fournir une ost\u00e9obiographie qui comprend des estimations sur l&rsquo;\u00e2ge, le sexe, la stature, les caract\u00e9ristiques d&rsquo;individualisation, la pr\u00e9sence de marques d&rsquo;un traumatisme (pr\u00e9 et post-mortem), le temps \u00e9coul\u00e9 depuis le d\u00e9c\u00e8s, ainsi que peut-\u00eatre une suggestion d&rsquo;affiliation de la population pour un individu donn\u00e9.<\/p>\n\n\n\n<p>L&rsquo;anthropologue judiciaire et\/ou l&rsquo;arch\u00e9ologue judiciaire poss\u00e8de les connaissances requises afin d\u2019aider \u00e0 la recherche et la r\u00e9cup\u00e9ration des restes humains, car la compr\u00e9hension des processus taphonomiques, de la m\u00e9thode arch\u00e9ologique, et de la morphologie du squelette font partie de leur formation. Savoir diff\u00e9rencier des restes squelettiques adultes\/subadultes\/f\u0153taux de restes animaux fait partie de leurs connaissances de base. L&rsquo;anthropologue judiciaire peut de plus prendre part \u00e0 l&rsquo;identification et l&rsquo;interpr\u00e9tation des restes squelettiques br\u00fbl\u00e9s.<\/p>\n\n\n\n<p>Beaucoup d&rsquo;anthropologues judiciaires ont re\u00e7u une formation en techniques d&rsquo;analyse histologique des os, d\u2019approximation et de superposition faciales. La plupart des anthropologues judiciaires travaillent sur une base contractuelle pour les bureaux du Coroner, les services de police et le syst\u00e8me judiciaire, tout en d\u00e9tenant un poste dans un centre de recherche tel qu\u2019une universit\u00e9.<\/p>\n","protected":false},"excerpt":{"rendered":"<p>L\u2019anthropologie judiciaire constitue l\u2019une des facettes de l\u2019anthropologie biologique (l\u2019\u00e9tude de la biologie humaine). L&rsquo;anthropologue judiciaire se concentre d\u2019abord sur l&rsquo;analyse des restes humains squelettiques, principalement dans un contexte historique&#8230;<\/p>\n","protected":false},"author":774,"featured_media":9462,"parent":3694,"menu_order":0,"comment_status":"closed","ping_status":"closed","template":"","meta":{"_seopress_robots_primary_cat":"","_seopress_titles_title":"","_seopress_titles_desc":"","_seopress_robots_index":"","pmpro_default_level":"","_kad_blocks_custom_css":"","_kad_blocks_head_custom_js":"","_kad_blocks_body_custom_js":"","_kad_blocks_footer_custom_js":"","_price":"","_stock":"","_tribe_ticket_header":"","_tribe_default_ticket_provider":"","_ticket_start_date":"","_ticket_end_date":"","_tribe_ticket_show_description":"","_tribe_ticket_show_not_going":false,"_tribe_ticket_use_global_stock":"","_tribe_ticket_global_stock_level":"","_global_stock_mode":"","_global_stock_cap":"","_tribe_rsvp_for_event":"","_tribe_ticket_going_count":"","_tribe_ticket_not_going_count":"","_tribe_tickets_list":"[]","_tribe_ticket_has_attendee_info_fields":false,"_EventAllDay":false,"_EventTimezone":"","_EventStartDate":"","_EventEndDate":"","_EventStartDateUTC":"","_EventEndDateUTC":"","_EventShowMap":false,"_EventShowMapLink":false,"_EventURL":"","_EventCost":"","_EventCostDescription":"","_EventCurrencySymbol":"","_EventCurrencyCode":"","_EventCurrencyPosition":"","_EventDateTimeSeparator":"","_EventTimeRangeSeparator":"","_EventOrganizerID":[],"_EventVenueID":[],"_OrganizerEmail":"","_OrganizerPhone":"","_OrganizerWebsite":"","_VenueAddress":"","_VenueCity":"","_VenueCountry":"","_VenueProvince":"","_VenueState":"","_VenueZip":"","_VenuePhone":"","_VenueURL":"","_VenueStateProvince":"","_VenueLat":"","_VenueLng":"","_VenueShowMap":false,"_VenueShowMapLink":false,"_kad_post_transparent":"","_kad_post_title":"","_kad_post_layout":"","_kad_post_sidebar_id":"","_kad_post_content_style":"","_kad_post_vertical_padding":"","_kad_post_feature":"","_kad_post_feature_position":"","_kad_post_header":false,"_kad_post_footer":false,"_kad_post_classname":"","footnotes":""},"page_category":[164],"class_list":["post-3704","page","type-page","status-publish","has-post-thumbnail","hentry","page_category-disciplines","pmpro-has-access"],"taxonomy_info":{"page_category":[{"value":164,"label":"Disciplines"}]},"featured_image_src_large":["https:\/\/www.csfs.ca\/wp-content\/uploads\/2021\/02\/Skull-150x150-2.png",150,150,false],"author_info":{"display_name":"CSFS","author_link":"https:\/\/www.csfs.ca\/fr\/author\/CSFS\/"},"comment_info":0,"_links":{"self":[{"href":"https:\/\/www.csfs.ca\/fr\/wp-json\/wp\/v2\/pages\/3704","targetHints":{"allow":["GET"]}}],"collection":[{"href":"https:\/\/www.csfs.ca\/fr\/wp-json\/wp\/v2\/pages"}],"about":[{"href":"https:\/\/www.csfs.ca\/fr\/wp-json\/wp\/v2\/types\/page"}],"author":[{"embeddable":true,"href":"https:\/\/www.csfs.ca\/fr\/wp-json\/wp\/v2\/users\/774"}],"replies":[{"embeddable":true,"href":"https:\/\/www.csfs.ca\/fr\/wp-json\/wp\/v2\/comments?post=3704"}],"version-history":[{"count":0,"href":"https:\/\/www.csfs.ca\/fr\/wp-json\/wp\/v2\/pages\/3704\/revisions"}],"up":[{"embeddable":true,"href":"https:\/\/www.csfs.ca\/fr\/wp-json\/wp\/v2\/pages\/3694"}],"wp:featuredmedia":[{"embeddable":true,"href":"https:\/\/www.csfs.ca\/fr\/wp-json\/wp\/v2\/media\/9462"}],"wp:attachment":[{"href":"https:\/\/www.csfs.ca\/fr\/wp-json\/wp\/v2\/media?parent=3704"}],"wp:term":[{"taxonomy":"page_category","embeddable":true,"href":"https:\/\/www.csfs.ca\/fr\/wp-json\/wp\/v2\/page_category?post=3704"}],"curies":[{"name":"wp","href":"https:\/\/api.w.org\/{rel}","templated":true}]}}