{"id":3703,"date":"2016-09-20T12:19:06","date_gmt":"2016-09-20T16:19:06","guid":{"rendered":"https:\/\/www.csfs.ca\/conference-updates\/?lang=fr"},"modified":"2022-04-08T12:32:10","modified_gmt":"2022-04-08T16:32:10","slug":"mises-a-jour-conference","status":"publish","type":"page","link":"https:\/\/www.csfs.ca\/fr\/notre_raison_detre\/conference-scientifique\/mises-a-jour-conference\/","title":{"rendered":"Synopsis de la conf\u00e9rence 2016"},"content":{"rendered":"\n<p>La plus r\u00e9cente conf\u00e9rence du SCSJ, qui s&rsquo;est tenue en mai 2016 au Delta Sheraton dans la ville h\u00f4te de Montr\u00e9al, a connu un succ\u00e8s retentissant.&nbsp; Le th\u00e8me de la conf\u00e9rence \u00e9tait \u00a0\u00bb Relier le pass\u00e9 \u00e0 l&rsquo;avenir, nouvelles applications et approches \u00ab\u00a0.<\/p>\n\n\n\n<p>Plus de 130 participants de tout le pays ont assist\u00e9 \u00e0 nos ateliers, \u00e0 la session des conf\u00e9renciers principaux, aux sessions scientifiques et \u00e0 la session des exposants.<\/p>\n\n\n\n<p>Les \u00e9v\u00e9nements comprenaient 8 ateliers, 3 sessions pl\u00e9ni\u00e8res et 40 pr\u00e9sentations scientifiques. Ce fut l&rsquo;occasion pour les participants de se tenir au courant des divers d\u00e9veloppements dans leurs domaines respectifs et de renouer ou de faire de nouveaux contacts avec leurs coll\u00e8gues.<\/p>\n\n\n\n<p>Les praticiens de la m\u00e9decine l\u00e9gale en mati\u00e8re d&rsquo;ADN et de biologie ont \u00e9t\u00e9 particuli\u00e8rement int\u00e9ress\u00e9s par le tout premier atelier nord-am\u00e9ricain sur <strong>le logiciel Familias DNA<\/strong>, donn\u00e9 par le Dr Daniel Kline, PhD, de la Division des services de m\u00e9decine l\u00e9gale de l&rsquo;Institut norv\u00e9gien de la sant\u00e9 publique.&nbsp; Parmi les autres ateliers organis\u00e9s lors de la conf\u00e9rence, citons un atelier d&rsquo;une demi-journ\u00e9e sur les applications m\u00e9dico-l\u00e9gales du <strong>syst\u00e8me g\u00e9nomique m\u00e9dico-l\u00e9gal MYSeq FGx<\/strong>, deux ateliers d&rsquo;une demi-journ\u00e9e sur <strong>l&rsquo;incertitude des mesures et la validation des m\u00e9thodes <\/strong>dans le contexte d&rsquo;un laboratoire m\u00e9dico-l\u00e9gal accr\u00e9dit\u00e9, et une s\u00e9ance pl\u00e9ni\u00e8re d&rsquo;une demi-journ\u00e9e sur les nouveaux <strong>d\u00e9veloppements en mati\u00e8re d&rsquo;ADN<\/strong>.<\/p>\n","protected":false},"excerpt":{"rendered":"<p>La plus r\u00e9cente conf\u00e9rence du SCSJ, qui s&rsquo;est tenue en mai 2016 au Delta Sheraton dans la ville h\u00f4te de Montr\u00e9al, a connu un succ\u00e8s retentissant.&nbsp; Le th\u00e8me de la&#8230;<\/p>\n","protected":false},"author":774,"featured_media":0,"parent":3722,"menu_order":99,"comment_status":"closed","ping_status":"closed","template":"","meta":{"_seopress_robots_primary_cat":"","_seopress_titles_title":"","_seopress_titles_desc":"","_seopress_robots_index":"","pmpro_default_level":"","_kad_blocks_custom_css":"","_kad_blocks_head_custom_js":"","_kad_blocks_body_custom_js":"","_kad_blocks_footer_custom_js":"","_price":"","_stock":"","_tribe_ticket_header":"","_tribe_default_ticket_provider":"","_tribe_ticket_capacity":"0","_ticket_start_date":"","_ticket_end_date":"","_tribe_ticket_show_description":"","_tribe_ticket_show_not_going":false,"_tribe_ticket_use_global_stock":"","_tribe_ticket_global_stock_level":"","_global_stock_mode":"","_global_stock_cap":"","_tribe_rsvp_for_event":"","_tribe_ticket_going_count":"","_tribe_ticket_not_going_count":"","_tribe_tickets_list":"[]","_tribe_ticket_has_attendee_info_fields":false,"_EventAllDay":false,"_EventTimezone":"","_EventStartDate":"","_EventEndDate":"","_EventStartDateUTC":"","_EventEndDateUTC":"","_EventShowMap":false,"_EventShowMapLink":false,"_EventURL":"","_EventCost":"","_EventCostDescription":"","_EventCurrencySymbol":"","_EventCurrencyCode":"","_EventCurrencyPosition":"","_EventDateTimeSeparator":"","_EventTimeRangeSeparator":"","_EventOrganizerID":[],"_EventVenueID":[],"_OrganizerEmail":"","_OrganizerPhone":"","_OrganizerWebsite":"","_VenueAddress":"","_VenueCity":"","_VenueCountry":"","_VenueProvince":"","_VenueState":"","_VenueZip":"","_VenuePhone":"","_VenueURL":"","_VenueStateProvince":"","_VenueLat":"","_VenueLng":"","_VenueShowMap":false,"_VenueShowMapLink":false,"_kad_post_transparent":"","_kad_post_title":"","_kad_post_layout":"","_kad_post_sidebar_id":"","_kad_post_content_style":"","_kad_post_vertical_padding":"","_kad_post_feature":"","_kad_post_feature_position":"","_kad_post_header":false,"_kad_post_footer":false,"_kad_post_classname":"","footnotes":""},"page_category":[],"class_list":["post-3703","page","type-page","status-publish","hentry","pmpro-has-access"],"taxonomy_info":[],"featured_image_src_large":false,"author_info":{"display_name":"CSFS","author_link":"https:\/\/www.csfs.ca\/fr\/author\/CSFS\/"},"comment_info":0,"_links":{"self":[{"href":"https:\/\/www.csfs.ca\/fr\/wp-json\/wp\/v2\/pages\/3703","targetHints":{"allow":["GET"]}}],"collection":[{"href":"https:\/\/www.csfs.ca\/fr\/wp-json\/wp\/v2\/pages"}],"about":[{"href":"https:\/\/www.csfs.ca\/fr\/wp-json\/wp\/v2\/types\/page"}],"author":[{"embeddable":true,"href":"https:\/\/www.csfs.ca\/fr\/wp-json\/wp\/v2\/users\/774"}],"replies":[{"embeddable":true,"href":"https:\/\/www.csfs.ca\/fr\/wp-json\/wp\/v2\/comments?post=3703"}],"version-history":[{"count":2,"href":"https:\/\/www.csfs.ca\/fr\/wp-json\/wp\/v2\/pages\/3703\/revisions"}],"predecessor-version":[{"id":14673,"href":"https:\/\/www.csfs.ca\/fr\/wp-json\/wp\/v2\/pages\/3703\/revisions\/14673"}],"up":[{"embeddable":true,"href":"https:\/\/www.csfs.ca\/fr\/wp-json\/wp\/v2\/pages\/3722"}],"wp:attachment":[{"href":"https:\/\/www.csfs.ca\/fr\/wp-json\/wp\/v2\/media?parent=3703"}],"wp:term":[{"taxonomy":"page_category","embeddable":true,"href":"https:\/\/www.csfs.ca\/fr\/wp-json\/wp\/v2\/page_category?post=3703"}],"curies":[{"name":"wp","href":"https:\/\/api.w.org\/{rel}","templated":true}]}}