{"id":3696,"date":"2016-05-10T19:49:36","date_gmt":"2016-05-10T23:49:36","guid":{"rendered":"https:\/\/www.csfs.ca\/?page_id=3696&#038;lang=fr"},"modified":"2021-05-12T10:58:56","modified_gmt":"2021-05-12T14:58:56","slug":"comites-de-la-scsj","status":"publish","type":"page","link":"https:\/\/www.csfs.ca\/fr\/notre_raison_detre\/comites-de-la-scsj\/","title":{"rendered":"Comit\u00e9s de la SCSJ"},"content":{"rendered":"\n<figure class=\"wp-block-image size-full is-resized\"><img decoding=\"async\" src=\"https:\/\/www.csfs.ca\/wp-content\/uploads\/2016\/06\/WeDo_6.jpg\" alt=\"WeDo_6\" class=\"wp-image-2920\" width=\"810\" height=\"169\" srcset=\"https:\/\/www.csfs.ca\/wp-content\/uploads\/2016\/06\/WeDo_6.jpg 720w, https:\/\/www.csfs.ca\/wp-content\/uploads\/2016\/06\/WeDo_6-239x50.jpg 239w, https:\/\/www.csfs.ca\/wp-content\/uploads\/2016\/06\/WeDo_6-482x100.jpg 482w, https:\/\/www.csfs.ca\/wp-content\/uploads\/2016\/06\/WeDo_6-600x125.jpg 600w, https:\/\/www.csfs.ca\/wp-content\/uploads\/2016\/06\/WeDo_6-300x63.jpg 300w, https:\/\/www.csfs.ca\/wp-content\/uploads\/2016\/06\/WeDo_6-636x133.jpg 636w, https:\/\/www.csfs.ca\/wp-content\/uploads\/2016\/06\/WeDo_6-320x67.jpg 320w\" sizes=\"(max-width: 810px) 100vw, 810px\" \/><\/figure>\n\n\n\n<p>Se porter volontaire au sein de l&rsquo;un des comit\u00e9s de la SCSJ constitue un excellent moyen pour les membres de d\u2019\u00e9changer des informations et des id\u00e9es avec le reste de la communaut\u00e9 scientifique. En plus de contribuer \u00e0 faire de la soci\u00e9t\u00e9 un succ\u00e8s, les membres qui se portent volontaires b\u00e9n\u00e9ficient d&rsquo;une visibilit\u00e9 en tant que participant actifs au sein leur profession, am\u00e9liorent leurs habilit\u00e9s en leadership, et contribuent au d\u00e9veloppement de leur profession.<\/p>\n\n\n\n<p>Il existe cinq comit\u00e9s permanents au sein de la Soci\u00e9t\u00e9, contribuant \u00e0 assurer son bon fonctionnement:<\/p>\n\n\n\n<ul class=\"wp-block-list\"><li>Comit\u00e9 des r\u00e9compenses<\/li><li>Comit\u00e9 des finances<\/li><li>Comit\u00e9 des publications<\/li><li>Comit\u00e9 des mises en nomination<\/li><li>Comit\u00e9 du membership<\/li><\/ul>\n\n\n\n<p>Les pr\u00e9sidents des comit\u00e9s sont \u00e9lus par les membres de leur comit\u00e9 et sont ent\u00e9rin\u00e9s par le Conseil d\u2019administration.<br>Il existe \u00e9galement cinq comit\u00e9s sp\u00e9ciaux au sein de la SCSJ, \u00e0 savoir&nbsp;:<\/p>\n\n\n\n<ul class=\"wp-block-list\"><li>Comit\u00e9 de l\u2019accr\u00e9ditation<\/li><li>Comit\u00e9 des analyses d&rsquo;alcool<\/li><li>Comit\u00e9 drogues au volant<\/li><li>Comit\u00e9 des r\u00e8glements<\/li><li>Comit\u00e9 de la constitution<\/li><\/ul>\n","protected":false},"excerpt":{"rendered":"<p>Se porter volontaire au sein de l&rsquo;un des comit\u00e9s de la SCSJ constitue un excellent moyen pour les membres de d\u2019\u00e9changer des informations et des id\u00e9es avec le reste de&#8230;<\/p>\n","protected":false},"author":774,"featured_media":0,"parent":3735,"menu_order":-25,"comment_status":"closed","ping_status":"closed","template":"","meta":{"_seopress_robots_primary_cat":"","_seopress_titles_title":"","_seopress_titles_desc":"","_seopress_robots_index":"","pmpro_default_level":"","_kad_blocks_custom_css":"","_kad_blocks_head_custom_js":"","_kad_blocks_body_custom_js":"","_kad_blocks_footer_custom_js":"","_price":"","_stock":"","_tribe_ticket_header":"","_tribe_default_ticket_provider":"","_tribe_ticket_capacity":"0","_ticket_start_date":"","_ticket_end_date":"","_tribe_ticket_show_description":"","_tribe_ticket_show_not_going":false,"_tribe_ticket_use_global_stock":"","_tribe_ticket_global_stock_level":"","_global_stock_mode":"","_global_stock_cap":"","_tribe_rsvp_for_event":"","_tribe_ticket_going_count":"","_tribe_ticket_not_going_count":"","_tribe_tickets_list":"[]","_tribe_ticket_has_attendee_info_fields":false,"_EventAllDay":false,"_EventTimezone":"","_EventStartDate":"","_EventEndDate":"","_EventStartDateUTC":"","_EventEndDateUTC":"","_EventShowMap":false,"_EventShowMapLink":false,"_EventURL":"","_EventCost":"","_EventCostDescription":"","_EventCurrencySymbol":"","_EventCurrencyCode":"","_EventCurrencyPosition":"","_EventDateTimeSeparator":"","_EventTimeRangeSeparator":"","_EventOrganizerID":[],"_EventVenueID":[],"_OrganizerEmail":"","_OrganizerPhone":"","_OrganizerWebsite":"","_VenueAddress":"","_VenueCity":"","_VenueCountry":"","_VenueProvince":"","_VenueState":"","_VenueZip":"","_VenuePhone":"","_VenueURL":"","_VenueStateProvince":"","_VenueLat":"","_VenueLng":"","_VenueShowMap":false,"_VenueShowMapLink":false,"_kad_post_transparent":"","_kad_post_title":"","_kad_post_layout":"","_kad_post_sidebar_id":"","_kad_post_content_style":"","_kad_post_vertical_padding":"","_kad_post_feature":"","_kad_post_feature_position":"","_kad_post_header":false,"_kad_post_footer":false,"_kad_post_classname":"","footnotes":""},"page_category":[],"class_list":["post-3696","page","type-page","status-publish","hentry","pmpro-has-access"],"taxonomy_info":[],"featured_image_src_large":false,"author_info":{"display_name":"CSFS","author_link":"https:\/\/www.csfs.ca\/fr\/author\/CSFS\/"},"comment_info":0,"_links":{"self":[{"href":"https:\/\/www.csfs.ca\/fr\/wp-json\/wp\/v2\/pages\/3696","targetHints":{"allow":["GET"]}}],"collection":[{"href":"https:\/\/www.csfs.ca\/fr\/wp-json\/wp\/v2\/pages"}],"about":[{"href":"https:\/\/www.csfs.ca\/fr\/wp-json\/wp\/v2\/types\/page"}],"author":[{"embeddable":true,"href":"https:\/\/www.csfs.ca\/fr\/wp-json\/wp\/v2\/users\/774"}],"replies":[{"embeddable":true,"href":"https:\/\/www.csfs.ca\/fr\/wp-json\/wp\/v2\/comments?post=3696"}],"version-history":[{"count":0,"href":"https:\/\/www.csfs.ca\/fr\/wp-json\/wp\/v2\/pages\/3696\/revisions"}],"up":[{"embeddable":true,"href":"https:\/\/www.csfs.ca\/fr\/wp-json\/wp\/v2\/pages\/3735"}],"wp:attachment":[{"href":"https:\/\/www.csfs.ca\/fr\/wp-json\/wp\/v2\/media?parent=3696"}],"wp:term":[{"taxonomy":"page_category","embeddable":true,"href":"https:\/\/www.csfs.ca\/fr\/wp-json\/wp\/v2\/page_category?post=3696"}],"curies":[{"name":"wp","href":"https:\/\/api.w.org\/{rel}","templated":true}]}}