{"id":20757,"date":"2016-03-04T00:02:00","date_gmt":"2016-03-04T05:02:00","guid":{"rendered":"https:\/\/www.csfs.ca\/?page_id=20757"},"modified":"2026-03-04T00:05:00","modified_gmt":"2026-03-04T05:05:00","slug":"section-ressources","status":"publish","type":"page","link":"https:\/\/www.csfs.ca\/fr\/ressources\/section-ressources\/","title":{"rendered":"Section Ressources"},"content":{"rendered":"\n<figure class=\"wp-block-image size-full is-resized\"><img decoding=\"async\" width=\"720\" height=\"150\" src=\"https:\/\/www.csfs.ca\/wp-content\/uploads\/2016\/06\/about8.jpg\" alt=\"about8\" class=\"wp-image-3192\" style=\"width:810px;height:169px\" srcset=\"https:\/\/www.csfs.ca\/wp-content\/uploads\/2016\/06\/about8.jpg 720w, https:\/\/www.csfs.ca\/wp-content\/uploads\/2016\/06\/about8-239x50.jpg 239w, https:\/\/www.csfs.ca\/wp-content\/uploads\/2016\/06\/about8-482x100.jpg 482w, https:\/\/www.csfs.ca\/wp-content\/uploads\/2016\/06\/about8-600x125.jpg 600w, https:\/\/www.csfs.ca\/wp-content\/uploads\/2016\/06\/about8-300x63.jpg 300w, https:\/\/www.csfs.ca\/wp-content\/uploads\/2016\/06\/about8-636x133.jpg 636w, https:\/\/www.csfs.ca\/wp-content\/uploads\/2016\/06\/about8-320x67.jpg 320w\" sizes=\"(max-width: 720px) 100vw, 720px\" \/><\/figure>\n\n\n\n<p>Cette section du site Web du SCSJ fournit des informations actuelles relatives \u00e0 la criminalistique au Canada.<\/p>\n\n\n\n<p>Vous pouvez en apprendre davantage sur le paysage structurel canadien des laboratoires de sciences judiciaires en visitant la section des ressources sur les laboratoires gouvernementaux et priv\u00e9s. Le contenu de l&rsquo;industrie est compil\u00e9 dans la section des liens externes.<\/p>\n\n\n\n<p>Consultez-la r\u00e9guli\u00e8rement pour vous tenir au courant des conf\u00e9rences et des \u00e9v\u00e9nements \u00e0 venir, ainsi que des possibilit\u00e9s d&#8217;emploi.<\/p>\n\n\n\n<p><\/p>\n","protected":false},"excerpt":{"rendered":"<p>Cette section du site Web du SCSJ fournit des informations actuelles relatives \u00e0 la criminalistique au Canada. Vous pouvez en apprendre davantage sur le paysage structurel canadien des laboratoires de&#8230;<\/p>\n","protected":false},"author":774,"featured_media":0,"parent":3733,"menu_order":-150,"comment_status":"closed","ping_status":"closed","template":"","meta":{"_seopress_robots_primary_cat":"","_seopress_titles_title":"","_seopress_titles_desc":"","_seopress_robots_index":"","pmpro_default_level":"","_kad_blocks_custom_css":"","_kad_blocks_head_custom_js":"","_kad_blocks_body_custom_js":"","_kad_blocks_footer_custom_js":"","_price":"","_stock":"","_tribe_ticket_header":"","_tribe_default_ticket_provider":"","_tribe_ticket_capacity":"","_ticket_start_date":"","_ticket_end_date":"","_tribe_ticket_show_description":"","_tribe_ticket_show_not_going":false,"_tribe_ticket_use_global_stock":"","_tribe_ticket_global_stock_level":"","_global_stock_mode":"","_global_stock_cap":"","_tribe_rsvp_for_event":"","_tribe_ticket_going_count":"","_tribe_ticket_not_going_count":"","_tribe_tickets_list":"[]","_tribe_ticket_has_attendee_info_fields":false,"_EventAllDay":false,"_EventTimezone":"","_EventStartDate":"","_EventEndDate":"","_EventStartDateUTC":"","_EventEndDateUTC":"","_EventShowMap":false,"_EventShowMapLink":false,"_EventURL":"","_EventCost":"","_EventCostDescription":"","_EventCurrencySymbol":"","_EventCurrencyCode":"","_EventCurrencyPosition":"","_EventDateTimeSeparator":"","_EventTimeRangeSeparator":"","_EventOrganizerID":[],"_EventVenueID":[],"_OrganizerEmail":"","_OrganizerPhone":"","_OrganizerWebsite":"","_VenueAddress":"","_VenueCity":"","_VenueCountry":"","_VenueProvince":"","_VenueState":"","_VenueZip":"","_VenuePhone":"","_VenueURL":"","_VenueStateProvince":"","_VenueLat":"","_VenueLng":"","_VenueShowMap":false,"_VenueShowMapLink":false,"_kad_post_transparent":"","_kad_post_title":"","_kad_post_layout":"","_kad_post_sidebar_id":"","_kad_post_content_style":"","_kad_post_vertical_padding":"","_kad_post_feature":"","_kad_post_feature_position":"","_kad_post_header":false,"_kad_post_footer":false,"_kad_post_classname":"","footnotes":""},"page_category":[],"class_list":["post-20757","page","type-page","status-publish","hentry","pmpro-has-access"],"taxonomy_info":[],"featured_image_src_large":false,"author_info":{"display_name":"CSFS","author_link":"https:\/\/www.csfs.ca\/fr\/author\/CSFS\/"},"comment_info":0,"_links":{"self":[{"href":"https:\/\/www.csfs.ca\/fr\/wp-json\/wp\/v2\/pages\/20757","targetHints":{"allow":["GET"]}}],"collection":[{"href":"https:\/\/www.csfs.ca\/fr\/wp-json\/wp\/v2\/pages"}],"about":[{"href":"https:\/\/www.csfs.ca\/fr\/wp-json\/wp\/v2\/types\/page"}],"author":[{"embeddable":true,"href":"https:\/\/www.csfs.ca\/fr\/wp-json\/wp\/v2\/users\/774"}],"replies":[{"embeddable":true,"href":"https:\/\/www.csfs.ca\/fr\/wp-json\/wp\/v2\/comments?post=20757"}],"version-history":[{"count":1,"href":"https:\/\/www.csfs.ca\/fr\/wp-json\/wp\/v2\/pages\/20757\/revisions"}],"predecessor-version":[{"id":20762,"href":"https:\/\/www.csfs.ca\/fr\/wp-json\/wp\/v2\/pages\/20757\/revisions\/20762"}],"up":[{"embeddable":true,"href":"https:\/\/www.csfs.ca\/fr\/wp-json\/wp\/v2\/pages\/3733"}],"wp:attachment":[{"href":"https:\/\/www.csfs.ca\/fr\/wp-json\/wp\/v2\/media?parent=20757"}],"wp:term":[{"taxonomy":"page_category","embeddable":true,"href":"https:\/\/www.csfs.ca\/fr\/wp-json\/wp\/v2\/page_category?post=20757"}],"curies":[{"name":"wp","href":"https:\/\/api.w.org\/{rel}","templated":true}]}}