{"id":20741,"date":"2016-03-03T23:46:00","date_gmt":"2016-03-04T04:46:00","guid":{"rendered":"https:\/\/www.csfs.ca\/?page_id=20741"},"modified":"2026-03-03T23:51:11","modified_gmt":"2026-03-04T04:51:11","slug":"lobjectif-de-scsj","status":"publish","type":"page","link":"https:\/\/www.csfs.ca\/fr\/notre_raison_detre\/lobjectif-de-scsj\/","title":{"rendered":"L&rsquo;objectif de SCSJ"},"content":{"rendered":"\n<figure class=\"wp-block-image size-full is-resized\"><a href=\"https:\/\/www.csfs.ca\/fr\/ressources\/about8\/\" rel=\"attachment wp-att-3192\"><img decoding=\"async\" width=\"720\" height=\"150\" src=\"https:\/\/www.csfs.ca\/wp-content\/uploads\/2016\/06\/about8.jpg\" alt=\"about8\" class=\"wp-image-3192\" style=\"width:810px;height:169px\" srcset=\"https:\/\/www.csfs.ca\/wp-content\/uploads\/2016\/06\/about8.jpg 720w, https:\/\/www.csfs.ca\/wp-content\/uploads\/2016\/06\/about8-239x50.jpg 239w, https:\/\/www.csfs.ca\/wp-content\/uploads\/2016\/06\/about8-482x100.jpg 482w, https:\/\/www.csfs.ca\/wp-content\/uploads\/2016\/06\/about8-600x125.jpg 600w, https:\/\/www.csfs.ca\/wp-content\/uploads\/2016\/06\/about8-300x63.jpg 300w, https:\/\/www.csfs.ca\/wp-content\/uploads\/2016\/06\/about8-636x133.jpg 636w, https:\/\/www.csfs.ca\/wp-content\/uploads\/2016\/06\/about8-320x67.jpg 320w\" sizes=\"(max-width: 720px) 100vw, 720px\" \/><\/a><\/figure>\n\n\n<style>.wp-block-kadence-advancedheading.kt-adv-heading20741_6d822d-49, .wp-block-kadence-advancedheading.kt-adv-heading20741_6d822d-49[data-kb-block=\"kb-adv-heading20741_6d822d-49\"]{font-style:normal;}.wp-block-kadence-advancedheading.kt-adv-heading20741_6d822d-49 mark.kt-highlight, .wp-block-kadence-advancedheading.kt-adv-heading20741_6d822d-49[data-kb-block=\"kb-adv-heading20741_6d822d-49\"] mark.kt-highlight{font-style:normal;color:#f76a0c;-webkit-box-decoration-break:clone;box-decoration-break:clone;padding-top:0px;padding-right:0px;padding-bottom:0px;padding-left:0px;}.wp-block-kadence-advancedheading.kt-adv-heading20741_6d822d-49 img.kb-inline-image, .wp-block-kadence-advancedheading.kt-adv-heading20741_6d822d-49[data-kb-block=\"kb-adv-heading20741_6d822d-49\"] img.kb-inline-image{width:150px;vertical-align:baseline;}<\/style>\n<h2 class=\"kt-adv-heading20741_6d822d-49 wp-block-kadence-advancedheading\" data-kb-block=\"kb-adv-heading20741_6d822d-49\">Rassembler toutes les disciplines des sciences judiciaires au Canada<\/h2>\n\n\n\n<p>La Soci\u00e9t\u00e9 canadienne des sciences judiciaires (SCSJ) est une association professionnelle sans but lucratif cr\u00e9\u00e9e dans le but de maintenir des normes professionnelles, de promouvoir l&rsquo;\u00e9tude et de rehausser le profil des sciences judiciaires en tant que discipline \u00e0 part enti\u00e8re. L&rsquo;adh\u00e9sion \u00e0 la soci\u00e9t\u00e9 est ouverte au niveau international aux professionnels manifestant un int\u00e9r\u00eat actif envers les sciences judiciaires.<\/p>\n\n\n\n<p>La Soci\u00e9t\u00e9 est organis\u00e9e en sections repr\u00e9sentant les diff\u00e9rents domaines d\u2019exercice en sciences judiciaires: Anthropologie, M\u00e9dicine l\u00e9gale, Odontologie, Biologie, Chimie, Documents, Ing\u00e9nierie, Balistique et Toxicologie.<\/p>\n\n\n\n<p>Les experts en sciences judiciaires interviennent en support aux enqu\u00eates sur les crimes contre les personnes et les biens, tels que les homicides, les agressions, les incendies criminels, les cas de conduite avec facult\u00e9s affaiblies et la fraude. Les experts en sciences judiciaires judiciaires t\u00e9moignent r\u00e9guli\u00e8rement dans les proc\u00e9dures p\u00e9nales et civiles et lors des enqu\u00eates du coroner afin de rendre un t\u00e9moignage d&rsquo;opinion relatif aux \u00e0 des analyses effectu\u00e9es dans leur domaine d\u2019expertise. En mati\u00e8re p\u00e9nale, les sciences judiciaires peuvent aider dans la d\u00e9termination de la culpabilit\u00e9 ou de l&rsquo;innocence de l&rsquo;accus\u00e9. En mati\u00e8re civile, les sciences judiciaires peuvent aider \u00e0 solutionner \u00e0 de nombreux litiges juridiques gr\u00e2ce \u00e0 l&rsquo;observation, l&rsquo;analyse et l&rsquo;\u00e9valuation de preuves physiques. Les comit\u00e9s sp\u00e9ciaux de la SCSJ s\u2019int\u00e9ressent aux aspects \u00e9ducatif, scientifique et juridique des sciences judiciaires et agissent \u00e0 titre d\u2019organismes consultatifs aupr\u00e8s des minist\u00e8res de la Justice provinciaux et f\u00e9d\u00e9ral.<\/p>\n\n\n\n<p><\/p>\n","protected":false},"excerpt":{"rendered":"<p>Rassembler toutes les disciplines des sciences judiciaires au Canada La Soci\u00e9t\u00e9 canadienne des sciences judiciaires (SCSJ) est une association professionnelle sans but lucratif cr\u00e9\u00e9e dans le but de maintenir des&#8230;<\/p>\n","protected":false},"author":774,"featured_media":0,"parent":3735,"menu_order":-150,"comment_status":"closed","ping_status":"closed","template":"","meta":{"_seopress_robots_primary_cat":"","_seopress_titles_title":"","_seopress_titles_desc":"","_seopress_robots_index":"","pmpro_default_level":"","_kad_blocks_custom_css":"","_kad_blocks_head_custom_js":"","_kad_blocks_body_custom_js":"","_kad_blocks_footer_custom_js":"","_price":"","_stock":"","_tribe_ticket_header":"","_tribe_default_ticket_provider":"","_tribe_ticket_capacity":"","_ticket_start_date":"","_ticket_end_date":"","_tribe_ticket_show_description":"","_tribe_ticket_show_not_going":false,"_tribe_ticket_use_global_stock":"","_tribe_ticket_global_stock_level":"","_global_stock_mode":"","_global_stock_cap":"","_tribe_rsvp_for_event":"","_tribe_ticket_going_count":"","_tribe_ticket_not_going_count":"","_tribe_tickets_list":"[]","_tribe_ticket_has_attendee_info_fields":false,"_EventAllDay":false,"_EventTimezone":"","_EventStartDate":"","_EventEndDate":"","_EventStartDateUTC":"","_EventEndDateUTC":"","_EventShowMap":false,"_EventShowMapLink":false,"_EventURL":"","_EventCost":"","_EventCostDescription":"","_EventCurrencySymbol":"","_EventCurrencyCode":"","_EventCurrencyPosition":"","_EventDateTimeSeparator":"","_EventTimeRangeSeparator":"","_EventOrganizerID":[],"_EventVenueID":[],"_OrganizerEmail":"","_OrganizerPhone":"","_OrganizerWebsite":"","_VenueAddress":"","_VenueCity":"","_VenueCountry":"","_VenueProvince":"","_VenueState":"","_VenueZip":"","_VenuePhone":"","_VenueURL":"","_VenueStateProvince":"","_VenueLat":"","_VenueLng":"","_VenueShowMap":false,"_VenueShowMapLink":false,"_kad_post_transparent":"","_kad_post_title":"","_kad_post_layout":"","_kad_post_sidebar_id":"","_kad_post_content_style":"","_kad_post_vertical_padding":"","_kad_post_feature":"","_kad_post_feature_position":"","_kad_post_header":false,"_kad_post_footer":false,"_kad_post_classname":"","footnotes":""},"page_category":[],"class_list":["post-20741","page","type-page","status-publish","hentry","pmpro-has-access"],"taxonomy_info":[],"featured_image_src_large":false,"author_info":{"display_name":"CSFS","author_link":"https:\/\/www.csfs.ca\/fr\/author\/CSFS\/"},"comment_info":0,"_links":{"self":[{"href":"https:\/\/www.csfs.ca\/fr\/wp-json\/wp\/v2\/pages\/20741","targetHints":{"allow":["GET"]}}],"collection":[{"href":"https:\/\/www.csfs.ca\/fr\/wp-json\/wp\/v2\/pages"}],"about":[{"href":"https:\/\/www.csfs.ca\/fr\/wp-json\/wp\/v2\/types\/page"}],"author":[{"embeddable":true,"href":"https:\/\/www.csfs.ca\/fr\/wp-json\/wp\/v2\/users\/774"}],"replies":[{"embeddable":true,"href":"https:\/\/www.csfs.ca\/fr\/wp-json\/wp\/v2\/comments?post=20741"}],"version-history":[{"count":1,"href":"https:\/\/www.csfs.ca\/fr\/wp-json\/wp\/v2\/pages\/20741\/revisions"}],"predecessor-version":[{"id":20746,"href":"https:\/\/www.csfs.ca\/fr\/wp-json\/wp\/v2\/pages\/20741\/revisions\/20746"}],"up":[{"embeddable":true,"href":"https:\/\/www.csfs.ca\/fr\/wp-json\/wp\/v2\/pages\/3735"}],"wp:attachment":[{"href":"https:\/\/www.csfs.ca\/fr\/wp-json\/wp\/v2\/media?parent=20741"}],"wp:term":[{"taxonomy":"page_category","embeddable":true,"href":"https:\/\/www.csfs.ca\/fr\/wp-json\/wp\/v2\/page_category?post=20741"}],"curies":[{"name":"wp","href":"https:\/\/api.w.org\/{rel}","templated":true}]}}