{"id":20723,"date":"2016-03-03T23:19:00","date_gmt":"2016-03-04T04:19:00","guid":{"rendered":"https:\/\/www.csfs.ca\/?page_id=20723"},"modified":"2026-03-03T23:22:50","modified_gmt":"2026-03-04T04:22:50","slug":"coin-des-etudiants-scsj","status":"publish","type":"page","link":"https:\/\/www.csfs.ca\/fr\/coin_des_etudiants\/coin-des-etudiants-scsj\/","title":{"rendered":"Coin des \u00e9tudiants SCSJ"},"content":{"rendered":"\n<figure class=\"wp-block-image is-resized\"><img decoding=\"async\" width=\"720\" height=\"150\" src=\"https:\/\/www.csfs.ca\/wp-content\/uploads\/2016\/06\/CareerResources.jpg\" alt=\"CareerResources\" class=\"wp-image-2927\" style=\"width:810px;height:169px\" srcset=\"https:\/\/www.csfs.ca\/wp-content\/uploads\/2016\/06\/CareerResources.jpg 720w, https:\/\/www.csfs.ca\/wp-content\/uploads\/2016\/06\/CareerResources-239x50.jpg 239w, https:\/\/www.csfs.ca\/wp-content\/uploads\/2016\/06\/CareerResources-482x100.jpg 482w, https:\/\/www.csfs.ca\/wp-content\/uploads\/2016\/06\/CareerResources-600x125.jpg 600w, https:\/\/www.csfs.ca\/wp-content\/uploads\/2016\/06\/CareerResources-300x63.jpg 300w, https:\/\/www.csfs.ca\/wp-content\/uploads\/2016\/06\/CareerResources-636x133.jpg 636w, https:\/\/www.csfs.ca\/wp-content\/uploads\/2016\/06\/CareerResources-320x67.jpg 320w\" sizes=\"(max-width: 720px) 100vw, 720px\" \/><\/figure>\n\n\n\n<p>La SCSJ est tr\u00e8s fi\u00e8re de soutenir nos membres \u00e9tudiants. Nous offrons une cotisation \u00e0 prix r\u00e9duit, les frais d\u2019inscriptions r\u00e9duits lors des conf\u00e9rences et leur fournissons l\u2019opportunit\u00e9 de pr\u00e9senter leurs projets recherche durant les sessions scientifiques tenues pendant les conf\u00e9rences annuelles de la SCSJ.<\/p>\n\n\n\n<p>La SCSJ re\u00e7oit de tr\u00e8s nombreuses demandes de renseignements \u00e0 propos des possibilit\u00e9s d&#8217;emploi, des carri\u00e8res possibles et des programmes d\u2019\u00e9ducation disponibles dans le domaine des sciences judiciaires. Pour obtenir plus d\u2019information \u00e0 ces sujets, vous pouvez consulter un livret utile sur les carri\u00e8res disponibles en sciences judiciaires (en anglais) compil\u00e9 par le Dr Gail Anderson. Cliquez ici (anglais):<\/p>\n\n\n\n<p><a href=\"https:\/\/old.csfs.ca\/wp-content\/uploads\/2020\/10\/Forensic-Science-Student-Resource-Guide-Cuyahoga-2019-web-2.pdf\" target=\"_blank\" rel=\"noreferrer noopener\">CSFS Forensic Science Career Booklet GSA<\/a><\/p>\n\n\n\n<div class=\"wp-block-boldblocks-icon-separator\" style=\"--bb--margin-top--sm:var(--bb--margin-top--lg);--bb--margin-bottom--sm:var(--bb--margin-bottom--lg);--bb--margin-top--md:var(--bb--margin-top--lg);--bb--margin-bottom--md:var(--bb--margin-bottom--lg);--bb--margin-top--lg:1em;--bb--margin-bottom--lg:1em\" role=\"separator\"><div class=\"wp-block-boldblocks-icon-separator__inner icon-center is-align-center\" style=\"--bb-border:2px solid var(--wp--preset--color--theme-palette2, #d57100);--bb--icon-width:1.5em;--bb--icon-spacing:1em;--bb--icon-stroke-color:var(--wp--preset--color--theme-palette2, #d57100)\"><svg xmlns=\"http:\/\/www.w3.org\/2000\/svg\" viewBox=\"0 0 512 512\" class=\"bb-icon bb-icon--ellipse-outline\">\n  <circle cx=\"256\" cy=\"256\" r=\"192\" style=\"fill:none;stroke:#000;stroke-linecap:round;stroke-linejoin:round;stroke-width:42px\"><\/circle>\n<\/svg><\/div><\/div>\n\n\n<style>.kb-row-layout-id20723_a72832-cd > .kt-row-column-wrap{align-content:start;}:where(.kb-row-layout-id20723_a72832-cd > .kt-row-column-wrap) > .wp-block-kadence-column{justify-content:start;}.kb-row-layout-id20723_a72832-cd > .kt-row-column-wrap{column-gap:var(--global-kb-gap-md, 2rem);row-gap:var(--global-kb-gap-md, 2rem);padding-top:var(--global-kb-spacing-sm, 1.5rem);padding-bottom:var(--global-kb-spacing-sm, 1.5rem);}.kb-row-layout-id20723_a72832-cd > .kt-row-column-wrap > div:not(.added-for-specificity){grid-column:initial;}.kb-row-layout-id20723_a72832-cd > .kt-row-column-wrap{grid-template-columns:repeat(3, minmax(0, 1fr));}.kb-row-layout-id20723_a72832-cd > .kt-row-layout-overlay{opacity:0.30;}@media all and (max-width: 1024px){.kb-row-layout-id20723_a72832-cd > .kt-row-column-wrap > div:not(.added-for-specificity){grid-column:initial;}}@media all and (max-width: 1024px){.kb-row-layout-id20723_a72832-cd > .kt-row-column-wrap{grid-template-columns:repeat(3, minmax(0, 1fr));}}@media all and (max-width: 767px){.kb-row-layout-id20723_a72832-cd > .kt-row-column-wrap > div:not(.added-for-specificity){grid-column:initial;}.kb-row-layout-id20723_a72832-cd > .kt-row-column-wrap{grid-template-columns:minmax(0, 1fr);}}<\/style><div class=\"kb-row-layout-wrap kb-row-layout-id20723_a72832-cd alignnone wp-block-kadence-rowlayout\"><div class=\"kt-row-column-wrap kt-has-3-columns kt-row-layout-equal kt-tab-layout-inherit kt-mobile-layout-row kt-row-valign-top\">\n<style>.kadence-column20723_d4dcd5-84 > .kt-inside-inner-col{border-top-width:0px;border-right-width:0px;border-bottom-width:0px;border-left-width:0px;}.kadence-column20723_d4dcd5-84 > .kt-inside-inner-col,.kadence-column20723_d4dcd5-84 > .kt-inside-inner-col:before{border-top-left-radius:0px;border-top-right-radius:0px;border-bottom-right-radius:0px;border-bottom-left-radius:0px;}.kadence-column20723_d4dcd5-84 > .kt-inside-inner-col{column-gap:var(--global-kb-gap-sm, 1rem);}.kadence-column20723_d4dcd5-84 > .kt-inside-inner-col{flex-direction:column;}.kadence-column20723_d4dcd5-84 > .kt-inside-inner-col > .aligncenter{width:100%;}.kadence-column20723_d4dcd5-84 > .kt-inside-inner-col:before{opacity:0.3;}.kadence-column20723_d4dcd5-84{position:relative;}@media all and (max-width: 1024px){.kadence-column20723_d4dcd5-84 > .kt-inside-inner-col{flex-direction:column;justify-content:center;}}@media all and (max-width: 767px){.kadence-column20723_d4dcd5-84 > .kt-inside-inner-col{flex-direction:column;justify-content:center;}}<\/style>\n<div class=\"wp-block-kadence-column kadence-column20723_d4dcd5-84 inner-column-1\"><div class=\"kt-inside-inner-col\"><style>.wp-block-kadence-advancedheading.kt-adv-heading20723_d1ab16-6c, .wp-block-kadence-advancedheading.kt-adv-heading20723_d1ab16-6c[data-kb-block=\"kb-adv-heading20723_d1ab16-6c\"]{text-align:center;font-style:normal;}.wp-block-kadence-advancedheading.kt-adv-heading20723_d1ab16-6c mark.kt-highlight, .wp-block-kadence-advancedheading.kt-adv-heading20723_d1ab16-6c[data-kb-block=\"kb-adv-heading20723_d1ab16-6c\"] mark.kt-highlight{font-style:normal;color:#f76a0c;-webkit-box-decoration-break:clone;box-decoration-break:clone;padding-top:0px;padding-right:0px;padding-bottom:0px;padding-left:0px;}.wp-block-kadence-advancedheading.kt-adv-heading20723_d1ab16-6c img.kb-inline-image, .wp-block-kadence-advancedheading.kt-adv-heading20723_d1ab16-6c[data-kb-block=\"kb-adv-heading20723_d1ab16-6c\"] img.kb-inline-image{width:150px;vertical-align:baseline;}<\/style>\n<h2 class=\"kt-adv-heading20723_d1ab16-6c wp-block-kadence-advancedheading\" data-kb-block=\"kb-adv-heading20723_d1ab16-6c\"><a href=\"https:\/\/csfs.ca\/fr\/coin_des_etudiants\/ou-pouvez-vous-etudier\/\">O\u00f9 \u00e9tudier<\/a><\/h2>\n<\/div><\/div>\n\n\n<style>.kadence-column20723_9b5702-ad > .kt-inside-inner-col{border-top-width:0px;border-right-width:0px;border-bottom-width:0px;border-left-width:0px;}.kadence-column20723_9b5702-ad > .kt-inside-inner-col,.kadence-column20723_9b5702-ad > .kt-inside-inner-col:before{border-top-left-radius:0px;border-top-right-radius:0px;border-bottom-right-radius:0px;border-bottom-left-radius:0px;}.kadence-column20723_9b5702-ad > .kt-inside-inner-col{column-gap:var(--global-kb-gap-sm, 1rem);}.kadence-column20723_9b5702-ad > .kt-inside-inner-col{flex-direction:column;}.kadence-column20723_9b5702-ad > .kt-inside-inner-col > .aligncenter{width:100%;}.kadence-column20723_9b5702-ad > .kt-inside-inner-col:before{opacity:0.3;}.kadence-column20723_9b5702-ad{position:relative;}@media all and (max-width: 1024px){.kadence-column20723_9b5702-ad > .kt-inside-inner-col{flex-direction:column;justify-content:center;}}@media all and (max-width: 767px){.kadence-column20723_9b5702-ad > .kt-inside-inner-col{flex-direction:column;justify-content:center;}}<\/style>\n<div class=\"wp-block-kadence-column kadence-column20723_9b5702-ad inner-column-2\"><div class=\"kt-inside-inner-col\"><style>.wp-block-kadence-advancedheading.kt-adv-heading20723_81a7ae-42, .wp-block-kadence-advancedheading.kt-adv-heading20723_81a7ae-42[data-kb-block=\"kb-adv-heading20723_81a7ae-42\"]{text-align:center;font-style:normal;}.wp-block-kadence-advancedheading.kt-adv-heading20723_81a7ae-42 mark.kt-highlight, .wp-block-kadence-advancedheading.kt-adv-heading20723_81a7ae-42[data-kb-block=\"kb-adv-heading20723_81a7ae-42\"] mark.kt-highlight{font-style:normal;color:#f76a0c;-webkit-box-decoration-break:clone;box-decoration-break:clone;padding-top:0px;padding-right:0px;padding-bottom:0px;padding-left:0px;}.wp-block-kadence-advancedheading.kt-adv-heading20723_81a7ae-42 img.kb-inline-image, .wp-block-kadence-advancedheading.kt-adv-heading20723_81a7ae-42[data-kb-block=\"kb-adv-heading20723_81a7ae-42\"] img.kb-inline-image{width:150px;vertical-align:baseline;}<\/style>\n<h2 class=\"kt-adv-heading20723_81a7ae-42 wp-block-kadence-advancedheading\" data-kb-block=\"kb-adv-heading20723_81a7ae-42\"> <a href=\"http:\/\/csfs.ca\/fr\/coin_des_etudiants\/que-sont-les-sciences-judiciaires\/\">\u00c0 propos des sciences judiciaires<\/a> <\/h2>\n<\/div><\/div>\n\n\n<style>.kadence-column20723_7ef92a-a3 > .kt-inside-inner-col{border-top-width:0px;border-right-width:0px;border-bottom-width:0px;border-left-width:0px;}.kadence-column20723_7ef92a-a3 > .kt-inside-inner-col,.kadence-column20723_7ef92a-a3 > .kt-inside-inner-col:before{border-top-left-radius:0px;border-top-right-radius:0px;border-bottom-right-radius:0px;border-bottom-left-radius:0px;}.kadence-column20723_7ef92a-a3 > .kt-inside-inner-col{column-gap:var(--global-kb-gap-sm, 1rem);}.kadence-column20723_7ef92a-a3 > .kt-inside-inner-col{flex-direction:column;}.kadence-column20723_7ef92a-a3 > .kt-inside-inner-col > .aligncenter{width:100%;}.kadence-column20723_7ef92a-a3 > .kt-inside-inner-col:before{opacity:0.3;}.kadence-column20723_7ef92a-a3{position:relative;}@media all and (max-width: 1024px){.kadence-column20723_7ef92a-a3 > .kt-inside-inner-col{flex-direction:column;justify-content:center;}}@media all and (max-width: 767px){.kadence-column20723_7ef92a-a3 > .kt-inside-inner-col{flex-direction:column;justify-content:center;}}<\/style>\n<div class=\"wp-block-kadence-column kadence-column20723_7ef92a-a3 inner-column-3\"><div class=\"kt-inside-inner-col\"><style>.wp-block-kadence-advancedheading.kt-adv-heading20723_6db376-c1, .wp-block-kadence-advancedheading.kt-adv-heading20723_6db376-c1[data-kb-block=\"kb-adv-heading20723_6db376-c1\"]{text-align:center;font-style:normal;}.wp-block-kadence-advancedheading.kt-adv-heading20723_6db376-c1 mark.kt-highlight, .wp-block-kadence-advancedheading.kt-adv-heading20723_6db376-c1[data-kb-block=\"kb-adv-heading20723_6db376-c1\"] mark.kt-highlight{font-style:normal;color:#f76a0c;-webkit-box-decoration-break:clone;box-decoration-break:clone;padding-top:0px;padding-right:0px;padding-bottom:0px;padding-left:0px;}.wp-block-kadence-advancedheading.kt-adv-heading20723_6db376-c1 img.kb-inline-image, .wp-block-kadence-advancedheading.kt-adv-heading20723_6db376-c1[data-kb-block=\"kb-adv-heading20723_6db376-c1\"] img.kb-inline-image{width:150px;vertical-align:baseline;}<\/style>\n<h2 class=\"kt-adv-heading20723_6db376-c1 wp-block-kadence-advancedheading\" data-kb-block=\"kb-adv-heading20723_6db376-c1\"> <a href=\"https:\/\/csfs.ca\/fr\/coin_des_etudiants\/devenez-membre-etudiant\/\">Devenez membre<\/a> <\/h2>\n<\/div><\/div>\n\n<\/div><\/div>\n\n\n<div class=\"wp-block-boldblocks-icon-separator\" style=\"--bb--margin-top--sm:var(--bb--margin-top--lg);--bb--margin-bottom--sm:var(--bb--margin-bottom--lg);--bb--margin-top--md:var(--bb--margin-top--lg);--bb--margin-bottom--md:var(--bb--margin-bottom--lg);--bb--margin-top--lg:1em;--bb--margin-bottom--lg:1em\" role=\"separator\"><div class=\"wp-block-boldblocks-icon-separator__inner icon-center is-align-center\" style=\"--bb-border:2px solid var(--wp--preset--color--theme-palette2, #d57100);--bb--icon-width:1.5em;--bb--icon-spacing:1em;--bb--icon-stroke-color:var(--wp--preset--color--theme-palette2, #d57100)\"><svg xmlns=\"http:\/\/www.w3.org\/2000\/svg\" viewBox=\"0 0 512 512\" class=\"bb-icon bb-icon--ellipse-outline\">\n  <circle cx=\"256\" cy=\"256\" r=\"192\" style=\"fill:none;stroke:#000;stroke-linecap:round;stroke-linejoin:round;stroke-width:42px\"><\/circle>\n<\/svg><\/div><\/div>\n\n\n<style>.kb-row-layout-id20723_d937a4-7a > .kt-row-column-wrap{align-content:start;}:where(.kb-row-layout-id20723_d937a4-7a > .kt-row-column-wrap) > .wp-block-kadence-column{justify-content:start;}.kb-row-layout-id20723_d937a4-7a > .kt-row-column-wrap{column-gap:var(--global-kb-gap-md, 2rem);row-gap:var(--global-kb-gap-md, 2rem);padding-top:var(--global-kb-spacing-sm, 1.5rem);padding-bottom:var(--global-kb-spacing-sm, 1.5rem);grid-template-columns:repeat(2, minmax(0, 1fr));}.kb-row-layout-id20723_d937a4-7a > .kt-row-layout-overlay{opacity:0.30;}@media all and (max-width: 1024px){.kb-row-layout-id20723_d937a4-7a > .kt-row-column-wrap{grid-template-columns:repeat(2, minmax(0, 1fr));}}@media all and (max-width: 767px){.kb-row-layout-id20723_d937a4-7a > .kt-row-column-wrap{grid-template-columns:minmax(0, 1fr);}}<\/style><div class=\"kb-row-layout-wrap kb-row-layout-id20723_d937a4-7a alignnone wp-block-kadence-rowlayout\"><div class=\"kt-row-column-wrap kt-has-2-columns kt-row-layout-equal kt-tab-layout-inherit kt-mobile-layout-row kt-row-valign-top\">\n<style>.kadence-column20723_f641c3-64 > .kt-inside-inner-col{border-top-width:0px;border-right-width:0px;border-bottom-width:0px;border-left-width:0px;}.kadence-column20723_f641c3-64 > .kt-inside-inner-col,.kadence-column20723_f641c3-64 > .kt-inside-inner-col:before{border-top-left-radius:0px;border-top-right-radius:0px;border-bottom-right-radius:0px;border-bottom-left-radius:0px;}.kadence-column20723_f641c3-64 > .kt-inside-inner-col{column-gap:var(--global-kb-gap-sm, 1rem);}.kadence-column20723_f641c3-64 > .kt-inside-inner-col{flex-direction:column;}.kadence-column20723_f641c3-64 > .kt-inside-inner-col > .aligncenter{width:100%;}.kadence-column20723_f641c3-64 > .kt-inside-inner-col:before{opacity:0.3;}.kadence-column20723_f641c3-64{position:relative;}@media all and (max-width: 1024px){.kadence-column20723_f641c3-64 > .kt-inside-inner-col{flex-direction:column;justify-content:center;}}@media all and (max-width: 767px){.kadence-column20723_f641c3-64 > .kt-inside-inner-col{flex-direction:column;justify-content:center;}}<\/style>\n<div class=\"wp-block-kadence-column kadence-column20723_f641c3-64 inner-column-1\"><div class=\"kt-inside-inner-col\"><style>.wp-block-kadence-advancedheading.kt-adv-heading20723_1e4bb7-99, .wp-block-kadence-advancedheading.kt-adv-heading20723_1e4bb7-99[data-kb-block=\"kb-adv-heading20723_1e4bb7-99\"]{text-align:center;font-style:normal;}.wp-block-kadence-advancedheading.kt-adv-heading20723_1e4bb7-99 mark.kt-highlight, .wp-block-kadence-advancedheading.kt-adv-heading20723_1e4bb7-99[data-kb-block=\"kb-adv-heading20723_1e4bb7-99\"] mark.kt-highlight{font-style:normal;color:#f76a0c;-webkit-box-decoration-break:clone;box-decoration-break:clone;padding-top:0px;padding-right:0px;padding-bottom:0px;padding-left:0px;}.wp-block-kadence-advancedheading.kt-adv-heading20723_1e4bb7-99 img.kb-inline-image, .wp-block-kadence-advancedheading.kt-adv-heading20723_1e4bb7-99[data-kb-block=\"kb-adv-heading20723_1e4bb7-99\"] img.kb-inline-image{width:150px;vertical-align:baseline;}<\/style>\n<h2 class=\"kt-adv-heading20723_1e4bb7-99 wp-block-kadence-advancedheading\" data-kb-block=\"kb-adv-heading20723_1e4bb7-99\"><a href=\"https:\/\/www.csfs.ca\/fr\/adherez-a-titre\/procedure-dadhesion\/demande-pour-les-membres-etudiants\/\">Postulez maintenant!<\/a><\/h2>\n<\/div><\/div>\n\n\n<style>.kadence-column20723_b40976-bd > .kt-inside-inner-col{border-top-width:0px;border-right-width:0px;border-bottom-width:0px;border-left-width:0px;}.kadence-column20723_b40976-bd > .kt-inside-inner-col,.kadence-column20723_b40976-bd > .kt-inside-inner-col:before{border-top-left-radius:0px;border-top-right-radius:0px;border-bottom-right-radius:0px;border-bottom-left-radius:0px;}.kadence-column20723_b40976-bd > .kt-inside-inner-col{column-gap:var(--global-kb-gap-sm, 1rem);}.kadence-column20723_b40976-bd > .kt-inside-inner-col{flex-direction:column;}.kadence-column20723_b40976-bd > .kt-inside-inner-col > .aligncenter{width:100%;}.kadence-column20723_b40976-bd > .kt-inside-inner-col:before{opacity:0.3;}.kadence-column20723_b40976-bd{position:relative;}@media all and (max-width: 1024px){.kadence-column20723_b40976-bd > .kt-inside-inner-col{flex-direction:column;justify-content:center;}}@media all and (max-width: 767px){.kadence-column20723_b40976-bd > .kt-inside-inner-col{flex-direction:column;justify-content:center;}}<\/style>\n<div class=\"wp-block-kadence-column kadence-column20723_b40976-bd inner-column-2\"><div class=\"kt-inside-inner-col\"><style>.wp-block-kadence-advancedheading.kt-adv-heading20723_938dc6-13, .wp-block-kadence-advancedheading.kt-adv-heading20723_938dc6-13[data-kb-block=\"kb-adv-heading20723_938dc6-13\"]{text-align:center;font-style:normal;}.wp-block-kadence-advancedheading.kt-adv-heading20723_938dc6-13 mark.kt-highlight, .wp-block-kadence-advancedheading.kt-adv-heading20723_938dc6-13[data-kb-block=\"kb-adv-heading20723_938dc6-13\"] mark.kt-highlight{font-style:normal;color:#f76a0c;-webkit-box-decoration-break:clone;box-decoration-break:clone;padding-top:0px;padding-right:0px;padding-bottom:0px;padding-left:0px;}.wp-block-kadence-advancedheading.kt-adv-heading20723_938dc6-13 img.kb-inline-image, .wp-block-kadence-advancedheading.kt-adv-heading20723_938dc6-13[data-kb-block=\"kb-adv-heading20723_938dc6-13\"] img.kb-inline-image{width:150px;vertical-align:baseline;}<\/style>\n<h2 class=\"kt-adv-heading20723_938dc6-13 wp-block-kadence-advancedheading\" data-kb-block=\"kb-adv-heading20723_938dc6-13\"><a href=\"https:\/\/csfs.ca\/fr\/coin_des_etudiants\/ressources-professionnelles\/\">Ressources<\/a><\/h2>\n<\/div><\/div>\n\n<\/div><\/div>\n\n\n<div class=\"wp-block-boldblocks-icon-separator\" style=\"--bb--margin-top--sm:var(--bb--margin-top--lg);--bb--margin-bottom--sm:var(--bb--margin-bottom--lg);--bb--margin-top--md:var(--bb--margin-top--lg);--bb--margin-bottom--md:var(--bb--margin-bottom--lg);--bb--margin-top--lg:1em;--bb--margin-bottom--lg:1em\" role=\"separator\"><div class=\"wp-block-boldblocks-icon-separator__inner icon-center is-align-center\" style=\"--bb-border:2px solid var(--wp--preset--color--theme-palette2, #d57100);--bb--icon-width:1.5em;--bb--icon-spacing:1em;--bb--icon-stroke-color:var(--wp--preset--color--theme-palette2, #d57100)\"><svg xmlns=\"http:\/\/www.w3.org\/2000\/svg\" viewBox=\"0 0 512 512\" class=\"bb-icon bb-icon--ellipse-outline\">\n  <circle cx=\"256\" cy=\"256\" r=\"192\" style=\"fill:none;stroke:#000;stroke-linecap:round;stroke-linejoin:round;stroke-width:42px\"><\/circle>\n<\/svg><\/div><\/div>\n","protected":false},"excerpt":{"rendered":"<p>La SCSJ est tr\u00e8s fi\u00e8re de soutenir nos membres \u00e9tudiants. Nous offrons une cotisation \u00e0 prix r\u00e9duit, les frais d\u2019inscriptions r\u00e9duits lors des conf\u00e9rences et leur fournissons l\u2019opportunit\u00e9 de pr\u00e9senter&#8230;<\/p>\n","protected":false},"author":774,"featured_media":0,"parent":3699,"menu_order":-200,"comment_status":"closed","ping_status":"closed","template":"","meta":{"_seopress_robots_primary_cat":"","_seopress_titles_title":"","_seopress_titles_desc":"","_seopress_robots_index":"","pmpro_default_level":"","_kad_blocks_custom_css":"","_kad_blocks_head_custom_js":"","_kad_blocks_body_custom_js":"","_kad_blocks_footer_custom_js":"","_price":"","_stock":"","_tribe_ticket_header":"","_tribe_default_ticket_provider":"","_tribe_ticket_capacity":"","_ticket_start_date":"","_ticket_end_date":"","_tribe_ticket_show_description":"","_tribe_ticket_show_not_going":false,"_tribe_ticket_use_global_stock":"","_tribe_ticket_global_stock_level":"","_global_stock_mode":"","_global_stock_cap":"","_tribe_rsvp_for_event":"","_tribe_ticket_going_count":"","_tribe_ticket_not_going_count":"","_tribe_tickets_list":"[]","_tribe_ticket_has_attendee_info_fields":false,"_EventAllDay":false,"_EventTimezone":"","_EventStartDate":"","_EventEndDate":"","_EventStartDateUTC":"","_EventEndDateUTC":"","_EventShowMap":false,"_EventShowMapLink":false,"_EventURL":"","_EventCost":"","_EventCostDescription":"","_EventCurrencySymbol":"","_EventCurrencyCode":"","_EventCurrencyPosition":"","_EventDateTimeSeparator":"","_EventTimeRangeSeparator":"","_EventOrganizerID":[],"_EventVenueID":[],"_OrganizerEmail":"","_OrganizerPhone":"","_OrganizerWebsite":"","_VenueAddress":"","_VenueCity":"","_VenueCountry":"","_VenueProvince":"","_VenueState":"","_VenueZip":"","_VenuePhone":"","_VenueURL":"","_VenueStateProvince":"","_VenueLat":"","_VenueLng":"","_VenueShowMap":false,"_VenueShowMapLink":false,"_kad_post_transparent":"","_kad_post_title":"","_kad_post_layout":"","_kad_post_sidebar_id":"","_kad_post_content_style":"","_kad_post_vertical_padding":"","_kad_post_feature":"","_kad_post_feature_position":"","_kad_post_header":false,"_kad_post_footer":false,"_kad_post_classname":"","footnotes":""},"page_category":[],"class_list":["post-20723","page","type-page","status-publish","hentry","pmpro-has-access"],"taxonomy_info":[],"featured_image_src_large":false,"author_info":{"display_name":"CSFS","author_link":"https:\/\/www.csfs.ca\/fr\/author\/CSFS\/"},"comment_info":0,"_links":{"self":[{"href":"https:\/\/www.csfs.ca\/fr\/wp-json\/wp\/v2\/pages\/20723","targetHints":{"allow":["GET"]}}],"collection":[{"href":"https:\/\/www.csfs.ca\/fr\/wp-json\/wp\/v2\/pages"}],"about":[{"href":"https:\/\/www.csfs.ca\/fr\/wp-json\/wp\/v2\/types\/page"}],"author":[{"embeddable":true,"href":"https:\/\/www.csfs.ca\/fr\/wp-json\/wp\/v2\/users\/774"}],"replies":[{"embeddable":true,"href":"https:\/\/www.csfs.ca\/fr\/wp-json\/wp\/v2\/comments?post=20723"}],"version-history":[{"count":2,"href":"https:\/\/www.csfs.ca\/fr\/wp-json\/wp\/v2\/pages\/20723\/revisions"}],"predecessor-version":[{"id":20728,"href":"https:\/\/www.csfs.ca\/fr\/wp-json\/wp\/v2\/pages\/20723\/revisions\/20728"}],"up":[{"embeddable":true,"href":"https:\/\/www.csfs.ca\/fr\/wp-json\/wp\/v2\/pages\/3699"}],"wp:attachment":[{"href":"https:\/\/www.csfs.ca\/fr\/wp-json\/wp\/v2\/media?parent=20723"}],"wp:term":[{"taxonomy":"page_category","embeddable":true,"href":"https:\/\/www.csfs.ca\/fr\/wp-json\/wp\/v2\/page_category?post=20723"}],"curies":[{"name":"wp","href":"https:\/\/api.w.org\/{rel}","templated":true}]}}