{"id":20703,"date":"2016-03-03T22:52:39","date_gmt":"2016-03-04T03:52:39","guid":{"rendered":"https:\/\/www.csfs.ca\/?page_id=20703"},"modified":"2026-03-03T23:29:11","modified_gmt":"2026-03-04T04:29:11","slug":"devenez-membre-du-scsj","status":"publish","type":"page","link":"https:\/\/www.csfs.ca\/fr\/adherez-a-titre\/devenez-membre-du-scsj\/","title":{"rendered":"Devenez membre du SCSJ"},"content":{"rendered":"\n<figure class=\"wp-block-image is-resized\"><img decoding=\"async\" width=\"720\" height=\"150\" src=\"http:\/\/csfs.ca\/wp-content\/uploads\/2016\/06\/Members_1.jpg\" alt=\"Members_1\" class=\"wp-image-2906\" style=\"width:810px;height:169px\" srcset=\"https:\/\/www.csfs.ca\/wp-content\/uploads\/2016\/06\/Members_1.jpg 720w, https:\/\/www.csfs.ca\/wp-content\/uploads\/2016\/06\/Members_1-239x50.jpg 239w, https:\/\/www.csfs.ca\/wp-content\/uploads\/2016\/06\/Members_1-482x100.jpg 482w, https:\/\/www.csfs.ca\/wp-content\/uploads\/2016\/06\/Members_1-600x125.jpg 600w, https:\/\/www.csfs.ca\/wp-content\/uploads\/2016\/06\/Members_1-300x63.jpg 300w, https:\/\/www.csfs.ca\/wp-content\/uploads\/2016\/06\/Members_1-636x133.jpg 636w, https:\/\/www.csfs.ca\/wp-content\/uploads\/2016\/06\/Members_1-320x67.jpg 320w\" sizes=\"(max-width: 720px) 100vw, 720px\" \/><\/figure>\n\n\n<style>.wp-block-kadence-advancedheading.kt-adv-heading20703_c28581-c3, .wp-block-kadence-advancedheading.kt-adv-heading20703_c28581-c3[data-kb-block=\"kb-adv-heading20703_c28581-c3\"]{font-style:normal;}.wp-block-kadence-advancedheading.kt-adv-heading20703_c28581-c3 mark.kt-highlight, .wp-block-kadence-advancedheading.kt-adv-heading20703_c28581-c3[data-kb-block=\"kb-adv-heading20703_c28581-c3\"] mark.kt-highlight{font-style:normal;color:#f76a0c;-webkit-box-decoration-break:clone;box-decoration-break:clone;padding-top:0px;padding-right:0px;padding-bottom:0px;padding-left:0px;}.wp-block-kadence-advancedheading.kt-adv-heading20703_c28581-c3 img.kb-inline-image, .wp-block-kadence-advancedheading.kt-adv-heading20703_c28581-c3[data-kb-block=\"kb-adv-heading20703_c28581-c3\"] img.kb-inline-image{width:150px;vertical-align:baseline;}<\/style>\n<h2 class=\"kt-adv-heading20703_c28581-c3 wp-block-kadence-advancedheading\" data-kb-block=\"kb-adv-heading20703_c28581-c3\">Devenez Membre<\/h2>\n\n\n\n<p>Depuis plus de 55 ans, la Soci\u00e9t\u00e9 canadienne des sciences judiciaires est affili\u00e9e avec un groupe distingu\u00e9 de membres professionnels dans une vari\u00e9t\u00e9 de diff\u00e9rentes disciplines m\u00e9dico-l\u00e9gales. La SCSJ compte plus de 450 membres et continue d&rsquo;apporter son soutien \u00e0 la communaut\u00e9 m\u00e9dico-l\u00e9gale par ses services d&rsquo;\u00e9ducation continue, d&rsquo;orientation par les pairs et&nbsp;ses opportunit\u00e9s de&nbsp;r\u00e9seautage entre professionnels.<\/p>\n\n\n\n<div class=\"wp-block-boldblocks-icon-separator\" style=\"--bb--margin-top--sm:var(--bb--margin-top--lg);--bb--margin-bottom--sm:var(--bb--margin-bottom--lg);--bb--margin-top--md:var(--bb--margin-top--lg);--bb--margin-bottom--md:var(--bb--margin-bottom--lg);--bb--margin-top--lg:1em;--bb--margin-bottom--lg:1em\" role=\"separator\"><div class=\"wp-block-boldblocks-icon-separator__inner icon-center is-align-center\" style=\"--bb-border:2px solid var(--wp--preset--color--theme-palette2, #d57100);--bb--icon-width:1.5em;--bb--icon-spacing:1em;--bb--icon-stroke-color:var(--wp--preset--color--theme-palette2, #d57100)\"><svg xmlns=\"http:\/\/www.w3.org\/2000\/svg\" viewBox=\"0 0 512 512\" class=\"bb-icon bb-icon--ellipse-outline\">\n  <circle cx=\"256\" cy=\"256\" r=\"192\" style=\"fill:none;stroke:#000;stroke-linecap:round;stroke-linejoin:round;stroke-width:42px\"><\/circle>\n<\/svg><\/div><\/div>\n\n\n<style>.kb-row-layout-id20703_925c14-03 > .kt-row-column-wrap{align-content:start;}:where(.kb-row-layout-id20703_925c14-03 > .kt-row-column-wrap) > .wp-block-kadence-column{justify-content:start;}.kb-row-layout-id20703_925c14-03 > .kt-row-column-wrap{column-gap:var(--global-kb-gap-md, 2rem);row-gap:var(--global-kb-gap-md, 2rem);padding-top:var(--global-kb-spacing-sm, 1.5rem);padding-bottom:var(--global-kb-spacing-sm, 1.5rem);}.kb-row-layout-id20703_925c14-03 > .kt-row-column-wrap > div:not(.added-for-specificity){grid-column:initial;}.kb-row-layout-id20703_925c14-03 > .kt-row-column-wrap{grid-template-columns:repeat(3, minmax(0, 1fr));}.kb-row-layout-id20703_925c14-03 > .kt-row-layout-overlay{opacity:0.30;}@media all and (max-width: 1024px){.kb-row-layout-id20703_925c14-03 > .kt-row-column-wrap > div:not(.added-for-specificity){grid-column:initial;}}@media all and (max-width: 1024px){.kb-row-layout-id20703_925c14-03 > .kt-row-column-wrap{grid-template-columns:repeat(3, minmax(0, 1fr));}}@media all and (max-width: 767px){.kb-row-layout-id20703_925c14-03 > .kt-row-column-wrap > div:not(.added-for-specificity){grid-column:initial;}.kb-row-layout-id20703_925c14-03 > .kt-row-column-wrap{grid-template-columns:minmax(0, 1fr);}}<\/style><div class=\"kb-row-layout-wrap kb-row-layout-id20703_925c14-03 alignnone wp-block-kadence-rowlayout\"><div class=\"kt-row-column-wrap kt-has-3-columns kt-row-layout-equal kt-tab-layout-inherit kt-mobile-layout-row kt-row-valign-top\">\n<style>.kadence-column20703_a75bb3-b0 > .kt-inside-inner-col,.kadence-column20703_a75bb3-b0 > .kt-inside-inner-col:before{border-top-left-radius:0px;border-top-right-radius:0px;border-bottom-right-radius:0px;border-bottom-left-radius:0px;}.kadence-column20703_a75bb3-b0 > .kt-inside-inner-col{column-gap:var(--global-kb-gap-sm, 1rem);}.kadence-column20703_a75bb3-b0 > .kt-inside-inner-col{flex-direction:column;}.kadence-column20703_a75bb3-b0 > .kt-inside-inner-col > .aligncenter{width:100%;}.kadence-column20703_a75bb3-b0 > .kt-inside-inner-col:before{opacity:0.3;}.kadence-column20703_a75bb3-b0{position:relative;}@media all and (max-width: 1024px){.kadence-column20703_a75bb3-b0 > .kt-inside-inner-col{flex-direction:column;justify-content:center;}}@media all and (max-width: 767px){.kadence-column20703_a75bb3-b0 > .kt-inside-inner-col{flex-direction:column;justify-content:center;}}<\/style>\n<div class=\"wp-block-kadence-column kadence-column20703_a75bb3-b0 inner-column-1\"><div class=\"kt-inside-inner-col\">\n<h2 class=\"wp-block-heading has-text-align-center\"><a href=\"https:\/\/www.csfs.ca\/fr\/adherez-a-titre\/procedure-dadhesion\/\" data-type=\"URL\">Appliquez maintenant<\/a><\/h2>\n<\/div><\/div>\n\n\n<style>.kadence-column20703_e4f458-fb > .kt-inside-inner-col,.kadence-column20703_e4f458-fb > .kt-inside-inner-col:before{border-top-left-radius:0px;border-top-right-radius:0px;border-bottom-right-radius:0px;border-bottom-left-radius:0px;}.kadence-column20703_e4f458-fb > .kt-inside-inner-col{column-gap:var(--global-kb-gap-sm, 1rem);}.kadence-column20703_e4f458-fb > .kt-inside-inner-col{flex-direction:column;}.kadence-column20703_e4f458-fb > .kt-inside-inner-col > .aligncenter{width:100%;}.kadence-column20703_e4f458-fb > .kt-inside-inner-col:before{opacity:0.3;}.kadence-column20703_e4f458-fb{position:relative;}@media all and (max-width: 1024px){.kadence-column20703_e4f458-fb > .kt-inside-inner-col{flex-direction:column;justify-content:center;}}@media all and (max-width: 767px){.kadence-column20703_e4f458-fb > .kt-inside-inner-col{flex-direction:column;justify-content:center;}}<\/style>\n<div class=\"wp-block-kadence-column kadence-column20703_e4f458-fb inner-column-2\"><div class=\"kt-inside-inner-col\">\n<h2 class=\"wp-block-heading has-text-align-center\"><a href=\"https:\/\/www.csfs.ca\/fr\/adherez-a-titre\/avantages\/\" data-type=\"URL\">B\u00e9n\u00e9fices<\/a><\/h2>\n<\/div><\/div>\n\n\n<style>.kadence-column20703_f7576b-0f > .kt-inside-inner-col,.kadence-column20703_f7576b-0f > .kt-inside-inner-col:before{border-top-left-radius:0px;border-top-right-radius:0px;border-bottom-right-radius:0px;border-bottom-left-radius:0px;}.kadence-column20703_f7576b-0f > .kt-inside-inner-col{column-gap:var(--global-kb-gap-sm, 1rem);}.kadence-column20703_f7576b-0f > .kt-inside-inner-col{flex-direction:column;}.kadence-column20703_f7576b-0f > .kt-inside-inner-col > .aligncenter{width:100%;}.kadence-column20703_f7576b-0f > .kt-inside-inner-col:before{opacity:0.3;}.kadence-column20703_f7576b-0f{position:relative;}@media all and (max-width: 1024px){.kadence-column20703_f7576b-0f > .kt-inside-inner-col{flex-direction:column;justify-content:center;}}@media all and (max-width: 767px){.kadence-column20703_f7576b-0f > .kt-inside-inner-col{flex-direction:column;justify-content:center;}}<\/style>\n<div class=\"wp-block-kadence-column kadence-column20703_f7576b-0f inner-column-3\"><div class=\"kt-inside-inner-col\">\n<h2 class=\"wp-block-heading has-text-align-center\"><a href=\"https:\/\/www.csfs.ca\/fr\/adherez-a-titre\/informations-generales-sur-ladhesion\/\">Informations g\u00e9n\u00e9rales sur l\u2019adh\u00e9sion<\/a><\/h2>\n<\/div><\/div>\n\n<\/div><\/div>\n\n\n<div class=\"wp-block-boldblocks-icon-separator\" style=\"--bb--margin-top--sm:var(--bb--margin-top--lg);--bb--margin-bottom--sm:var(--bb--margin-bottom--lg);--bb--margin-top--md:var(--bb--margin-top--lg);--bb--margin-bottom--md:var(--bb--margin-bottom--lg);--bb--margin-top--lg:1em;--bb--margin-bottom--lg:1em\" role=\"separator\"><div class=\"wp-block-boldblocks-icon-separator__inner icon-center is-align-center\" style=\"--bb-border:2px solid var(--wp--preset--color--theme-palette2, #d57100);--bb--icon-width:1.5em;--bb--icon-spacing:1em;--bb--icon-stroke-color:var(--wp--preset--color--theme-palette2, #d57100)\"><svg xmlns=\"http:\/\/www.w3.org\/2000\/svg\" viewBox=\"0 0 512 512\" class=\"bb-icon bb-icon--ellipse-outline\">\n  <circle cx=\"256\" cy=\"256\" r=\"192\" style=\"fill:none;stroke:#000;stroke-linecap:round;stroke-linejoin:round;stroke-width:42px\"><\/circle>\n<\/svg><\/div><\/div>\n","protected":false},"excerpt":{"rendered":"<p>Devenez Membre Depuis plus de 55 ans, la Soci\u00e9t\u00e9 canadienne des sciences judiciaires est affili\u00e9e avec un groupe distingu\u00e9 de membres professionnels dans une vari\u00e9t\u00e9 de diff\u00e9rentes disciplines m\u00e9dico-l\u00e9gales. La&#8230;<\/p>\n","protected":false},"author":774,"featured_media":0,"parent":2631,"menu_order":-10,"comment_status":"closed","ping_status":"closed","template":"","meta":{"_seopress_robots_primary_cat":"","_seopress_titles_title":"","_seopress_titles_desc":"","_seopress_robots_index":"","pmpro_default_level":"","_kad_blocks_custom_css":"","_kad_blocks_head_custom_js":"","_kad_blocks_body_custom_js":"","_kad_blocks_footer_custom_js":"","_price":"","_stock":"","_tribe_ticket_header":"","_tribe_default_ticket_provider":"","_tribe_ticket_capacity":"","_ticket_start_date":"","_ticket_end_date":"","_tribe_ticket_show_description":"","_tribe_ticket_show_not_going":false,"_tribe_ticket_use_global_stock":"","_tribe_ticket_global_stock_level":"","_global_stock_mode":"","_global_stock_cap":"","_tribe_rsvp_for_event":"","_tribe_ticket_going_count":"","_tribe_ticket_not_going_count":"","_tribe_tickets_list":"[]","_tribe_ticket_has_attendee_info_fields":false,"_EventAllDay":false,"_EventTimezone":"","_EventStartDate":"","_EventEndDate":"","_EventStartDateUTC":"","_EventEndDateUTC":"","_EventShowMap":false,"_EventShowMapLink":false,"_EventURL":"","_EventCost":"","_EventCostDescription":"","_EventCurrencySymbol":"","_EventCurrencyCode":"","_EventCurrencyPosition":"","_EventDateTimeSeparator":"","_EventTimeRangeSeparator":"","_EventOrganizerID":[],"_EventVenueID":[],"_OrganizerEmail":"","_OrganizerPhone":"","_OrganizerWebsite":"","_VenueAddress":"","_VenueCity":"","_VenueCountry":"","_VenueProvince":"","_VenueState":"","_VenueZip":"","_VenuePhone":"","_VenueURL":"","_VenueStateProvince":"","_VenueLat":"","_VenueLng":"","_VenueShowMap":false,"_VenueShowMapLink":false,"_kad_post_transparent":"","_kad_post_title":"","_kad_post_layout":"","_kad_post_sidebar_id":"","_kad_post_content_style":"","_kad_post_vertical_padding":"","_kad_post_feature":"","_kad_post_feature_position":"","_kad_post_header":false,"_kad_post_footer":false,"_kad_post_classname":"","footnotes":""},"page_category":[],"class_list":["post-20703","page","type-page","status-publish","hentry","pmpro-has-access"],"taxonomy_info":[],"featured_image_src_large":false,"author_info":{"display_name":"CSFS","author_link":"https:\/\/www.csfs.ca\/fr\/author\/CSFS\/"},"comment_info":0,"_links":{"self":[{"href":"https:\/\/www.csfs.ca\/fr\/wp-json\/wp\/v2\/pages\/20703","targetHints":{"allow":["GET"]}}],"collection":[{"href":"https:\/\/www.csfs.ca\/fr\/wp-json\/wp\/v2\/pages"}],"about":[{"href":"https:\/\/www.csfs.ca\/fr\/wp-json\/wp\/v2\/types\/page"}],"author":[{"embeddable":true,"href":"https:\/\/www.csfs.ca\/fr\/wp-json\/wp\/v2\/users\/774"}],"replies":[{"embeddable":true,"href":"https:\/\/www.csfs.ca\/fr\/wp-json\/wp\/v2\/comments?post=20703"}],"version-history":[{"count":2,"href":"https:\/\/www.csfs.ca\/fr\/wp-json\/wp\/v2\/pages\/20703\/revisions"}],"predecessor-version":[{"id":20732,"href":"https:\/\/www.csfs.ca\/fr\/wp-json\/wp\/v2\/pages\/20703\/revisions\/20732"}],"up":[{"embeddable":true,"href":"https:\/\/www.csfs.ca\/fr\/wp-json\/wp\/v2\/pages\/2631"}],"wp:attachment":[{"href":"https:\/\/www.csfs.ca\/fr\/wp-json\/wp\/v2\/media?parent=20703"}],"wp:term":[{"taxonomy":"page_category","embeddable":true,"href":"https:\/\/www.csfs.ca\/fr\/wp-json\/wp\/v2\/page_category?post=20703"}],"curies":[{"name":"wp","href":"https:\/\/api.w.org\/{rel}","templated":true}]}}