{"id":20671,"date":"2016-03-03T21:23:20","date_gmt":"2016-03-04T02:23:20","guid":{"rendered":"https:\/\/www.csfs.ca\/?page_id=20671"},"modified":"2026-03-03T23:25:16","modified_gmt":"2026-03-04T04:25:16","slug":"a-propos-de-la-scsj","status":"publish","type":"page","link":"https:\/\/www.csfs.ca\/fr\/a-propos\/a-propos-de-la-scsj\/","title":{"rendered":"\u00c0 propos de la SCSJ"},"content":{"rendered":"<style>.kb-image20671_4c427a-06 .kb-image-has-overlay:after{opacity:0.3;}<\/style>\n<figure class=\"wp-block-kadence-image kb-image20671_4c427a-06\"><img decoding=\"async\" width=\"1024\" height=\"217\" src=\"https:\/\/www.csfs.ca\/wp-content\/uploads\/2016\/05\/about-1024x217.jpg\" alt=\"about\" class=\"kb-img wp-image-2654\"\/><\/figure>\n\n\n<style>.wp-block-kadence-advancedheading.kt-adv-heading20671_f384ba-fb, .wp-block-kadence-advancedheading.kt-adv-heading20671_f384ba-fb[data-kb-block=\"kb-adv-heading20671_f384ba-fb\"]{font-style:normal;}.wp-block-kadence-advancedheading.kt-adv-heading20671_f384ba-fb mark.kt-highlight, .wp-block-kadence-advancedheading.kt-adv-heading20671_f384ba-fb[data-kb-block=\"kb-adv-heading20671_f384ba-fb\"] mark.kt-highlight{font-style:normal;color:#f76a0c;-webkit-box-decoration-break:clone;box-decoration-break:clone;padding-top:0px;padding-right:0px;padding-bottom:0px;padding-left:0px;}.wp-block-kadence-advancedheading.kt-adv-heading20671_f384ba-fb img.kb-inline-image, .wp-block-kadence-advancedheading.kt-adv-heading20671_f384ba-fb[data-kb-block=\"kb-adv-heading20671_f384ba-fb\"] img.kb-inline-image{width:150px;vertical-align:baseline;}<\/style>\n<h2 class=\"kt-adv-heading20671_f384ba-fb wp-block-kadence-advancedheading\" data-kb-block=\"kb-adv-heading20671_f384ba-fb\">\u00c0 propos de la Soci\u00e9t\u00e9<\/h2>\n\n\n\n<p>La promotion des sciences judiciaires au Canada<\/p>\n\n\n\n<p>La Soci\u00e9t\u00e9 canadienne des sciences judiciaires (SCSJ) est une organisation professionnelle sans but lucratif constitu\u00e9e dans le but de maintenir des normes professionnelles, de promouvoir l&rsquo;\u00e9tude et accro\u00eetre la visibilit\u00e9 des sciences judiciaires. L&rsquo;adh\u00e9sion \u00e0 la Soci\u00e9t\u00e9 est ouverte au niveau international pour les professionnels ayant un int\u00e9r\u00eat actif dans les sciences judiciaires. Elle est organis\u00e9e en sections repr\u00e9sentant divers domaines des sciences judiciaires: Anthropologie, M\u00e9decine l\u00e9gale, Odontologie, Biologie, Chimie, Documents, G\u00e9nie, Balistique et Toxicologie.<\/p>\n\n\n\n<p>Les experts judiciaires sont r\u00e9guli\u00e8rement impliqu\u00e9s dans les enqu\u00eates sur les crimes contre les personnes et les biens, tels que les homicides, les agressions, les incendies criminels, conduite avec facult\u00e9s affaiblies et la fraude. Les experts judiciaires s\u2019expriment r\u00e9guli\u00e8rement lors de proc\u00e9dures p\u00e9nales et civiles ainsi que lors d\u2019enqu\u00eates du coroner afin de rendre un t\u00e9moignage d&rsquo;opinion \u00e0 propos de leurs analyses en sciences judiciaires. Les comit\u00e9s sp\u00e9ciaux de la SCSJ abordent des sujets reli\u00e9s aux questions \u00e9ducatives, scientifiques et juridiques en cours au sein des sciences judiciaires et agissent \u00e0 titre d\u2019organismes consultatifs aupr\u00e8s des minist\u00e8res provinciaux et f\u00e9d\u00e9ral de la Justice.<\/p>\n","protected":false},"excerpt":{"rendered":"<p>\u00c0 propos de la Soci\u00e9t\u00e9 La promotion des sciences judiciaires au Canada La Soci\u00e9t\u00e9 canadienne des sciences judiciaires (SCSJ) est une organisation professionnelle sans but lucratif constitu\u00e9e dans le but&#8230;<\/p>\n","protected":false},"author":774,"featured_media":0,"parent":2473,"menu_order":-150,"comment_status":"closed","ping_status":"closed","template":"","meta":{"_seopress_robots_primary_cat":"","_seopress_titles_title":"","_seopress_titles_desc":"","_seopress_robots_index":"","pmpro_default_level":"","_kad_blocks_custom_css":"","_kad_blocks_head_custom_js":"","_kad_blocks_body_custom_js":"","_kad_blocks_footer_custom_js":"","_price":"","_stock":"","_tribe_ticket_header":"","_tribe_default_ticket_provider":"","_tribe_ticket_capacity":"","_ticket_start_date":"","_ticket_end_date":"","_tribe_ticket_show_description":"","_tribe_ticket_show_not_going":false,"_tribe_ticket_use_global_stock":"","_tribe_ticket_global_stock_level":"","_global_stock_mode":"","_global_stock_cap":"","_tribe_rsvp_for_event":"","_tribe_ticket_going_count":"","_tribe_ticket_not_going_count":"","_tribe_tickets_list":"[]","_tribe_ticket_has_attendee_info_fields":false,"_EventAllDay":false,"_EventTimezone":"","_EventStartDate":"","_EventEndDate":"","_EventStartDateUTC":"","_EventEndDateUTC":"","_EventShowMap":false,"_EventShowMapLink":false,"_EventURL":"","_EventCost":"","_EventCostDescription":"","_EventCurrencySymbol":"","_EventCurrencyCode":"","_EventCurrencyPosition":"","_EventDateTimeSeparator":"","_EventTimeRangeSeparator":"","_EventOrganizerID":[],"_EventVenueID":[],"_OrganizerEmail":"","_OrganizerPhone":"","_OrganizerWebsite":"","_VenueAddress":"","_VenueCity":"","_VenueCountry":"","_VenueProvince":"","_VenueState":"","_VenueZip":"","_VenuePhone":"","_VenueURL":"","_VenueStateProvince":"","_VenueLat":"","_VenueLng":"","_VenueShowMap":false,"_VenueShowMapLink":false,"_kad_post_transparent":"","_kad_post_title":"","_kad_post_layout":"","_kad_post_sidebar_id":"","_kad_post_content_style":"","_kad_post_vertical_padding":"","_kad_post_feature":"","_kad_post_feature_position":"","_kad_post_header":false,"_kad_post_footer":false,"_kad_post_classname":"","footnotes":""},"page_category":[],"class_list":["post-20671","page","type-page","status-publish","hentry","pmpro-has-access"],"taxonomy_info":[],"featured_image_src_large":false,"author_info":{"display_name":"CSFS","author_link":"https:\/\/www.csfs.ca\/fr\/author\/CSFS\/"},"comment_info":0,"_links":{"self":[{"href":"https:\/\/www.csfs.ca\/fr\/wp-json\/wp\/v2\/pages\/20671","targetHints":{"allow":["GET"]}}],"collection":[{"href":"https:\/\/www.csfs.ca\/fr\/wp-json\/wp\/v2\/pages"}],"about":[{"href":"https:\/\/www.csfs.ca\/fr\/wp-json\/wp\/v2\/types\/page"}],"author":[{"embeddable":true,"href":"https:\/\/www.csfs.ca\/fr\/wp-json\/wp\/v2\/users\/774"}],"replies":[{"embeddable":true,"href":"https:\/\/www.csfs.ca\/fr\/wp-json\/wp\/v2\/comments?post=20671"}],"version-history":[{"count":1,"href":"https:\/\/www.csfs.ca\/fr\/wp-json\/wp\/v2\/pages\/20671\/revisions"}],"predecessor-version":[{"id":20676,"href":"https:\/\/www.csfs.ca\/fr\/wp-json\/wp\/v2\/pages\/20671\/revisions\/20676"}],"up":[{"embeddable":true,"href":"https:\/\/www.csfs.ca\/fr\/wp-json\/wp\/v2\/pages\/2473"}],"wp:attachment":[{"href":"https:\/\/www.csfs.ca\/fr\/wp-json\/wp\/v2\/media?parent=20671"}],"wp:term":[{"taxonomy":"page_category","embeddable":true,"href":"https:\/\/www.csfs.ca\/fr\/wp-json\/wp\/v2\/page_category?post=20671"}],"curies":[{"name":"wp","href":"https:\/\/api.w.org\/{rel}","templated":true}]}}