{"id":14706,"date":"2022-04-08T13:38:14","date_gmt":"2022-04-08T17:38:14","guid":{"rendered":"https:\/\/www.csfs.ca\/?page_id=14706"},"modified":"2022-04-08T13:38:19","modified_gmt":"2022-04-08T17:38:19","slug":"laboratorie-medico-legal-de-la-faune-de-lalberta","status":"publish","type":"page","link":"https:\/\/www.csfs.ca\/fr\/ressources\/laboratoires-gouvernementaux-au-canada\/laboratorie-medico-legal-de-la-faune-de-lalberta\/","title":{"rendered":"Laboratorie m\u00e9dico-l\u00e9gal de la faune de l\u2019Alberta"},"content":{"rendered":"\n<figure class=\"wp-block-image size-large\"><img decoding=\"async\" width=\"1024\" height=\"283\" src=\"https:\/\/www.csfs.ca\/wp-content\/uploads\/2022\/04\/AWFL-1024x283.png\" alt=\"\" class=\"wp-image-14691\" srcset=\"https:\/\/www.csfs.ca\/wp-content\/uploads\/2022\/04\/AWFL-1024x283.png 1024w, https:\/\/www.csfs.ca\/wp-content\/uploads\/2022\/04\/AWFL-300x83.png 300w, https:\/\/www.csfs.ca\/wp-content\/uploads\/2022\/04\/AWFL-768x213.png 768w, https:\/\/www.csfs.ca\/wp-content\/uploads\/2022\/04\/AWFL-239x66.png 239w, https:\/\/www.csfs.ca\/wp-content\/uploads\/2022\/04\/AWFL-482x133.png 482w, https:\/\/www.csfs.ca\/wp-content\/uploads\/2022\/04\/AWFL.png 1272w\" sizes=\"(max-width: 1024px) 100vw, 1024px\" \/><\/figure>\n\n\n\n<p>L&rsquo;Unit\u00e9 m\u00e9dico-l\u00e9gale est un laboratoire m\u00e9dico-l\u00e9gal exploit\u00e9 par le gouvernement de l&rsquo;Alberta. L&rsquo;Unit\u00e9 est log\u00e9e dans les Services d&rsquo;enqu\u00eate qui font partie de la Direction des sh\u00e9rifs. Notre laboratoire est accr\u00e9dit\u00e9 selon les normes ISO\/IEC 17025 et les exigences du CCN relatives aux laboratoires d&rsquo;analyse judiciaire.<br><br>L&rsquo;objectif principal du laboratoire est de soutenir les enqu\u00eates sur les crimes contre la faune par l&rsquo;analyse des preuves. La forme d&rsquo;analyse la plus demand\u00e9e est l&rsquo;analyse des microsatellites. Comme les tests d&rsquo;ADN pour la faune ne sont g\u00e9n\u00e9ralement pas disponibles dans le commerce, l&rsquo;unit\u00e9 m\u00e9dico-l\u00e9gale a d\u00e9velopp\u00e9 et valid\u00e9 la plupart de ses propres tests. Le laboratoire propose des analyses microsatellites pour diverses esp\u00e8ces de gibier, notamment le mouflon d&rsquo;Am\u00e9rique, le wapiti, l&rsquo;orignal, l&rsquo;ours noir, le grizzly, le couguar, le cerf de Virginie et le cerf mulet. En plus des tests microsatellites, le laboratoire a \u00e9galement d\u00e9velopp\u00e9 des tests bas\u00e9s sur le s\u00e9quen\u00e7age de l&rsquo;ADN qui sont utilis\u00e9s pour l&rsquo;identification des esp\u00e8ces.<br><br>Outre les tests d&rsquo;ADN, l&rsquo;unit\u00e9 m\u00e9dico-l\u00e9gale effectue \u00e9galement des examens post mortem sur des animaux sauvages, des examens morphologiques des preuves pour d\u00e9terminer l&rsquo;esp\u00e8ce et des tests chimiques pour identifier le plomb et le sang. En plus de cette grande vari\u00e9t\u00e9 de tests et d&rsquo;examens, l&rsquo;unit\u00e9 m\u00e9dico-l\u00e9gale offre \u00e9galement son aide dans l&rsquo;ex\u00e9cution de mandats de perquisition, produit des documents judiciaires et fournit des t\u00e9moignages d&rsquo;experts.<\/p>\n","protected":false},"excerpt":{"rendered":"<p>L&rsquo;Unit\u00e9 m\u00e9dico-l\u00e9gale est un laboratoire m\u00e9dico-l\u00e9gal exploit\u00e9 par le gouvernement de l&rsquo;Alberta. L&rsquo;Unit\u00e9 est log\u00e9e dans les Services d&rsquo;enqu\u00eate qui font partie de la Direction des sh\u00e9rifs. Notre laboratoire est&#8230;<\/p>\n","protected":false},"author":774,"featured_media":0,"parent":3732,"menu_order":0,"comment_status":"closed","ping_status":"closed","template":"","meta":{"_seopress_robots_primary_cat":"","_seopress_titles_title":"","_seopress_titles_desc":"","_seopress_robots_index":"","pmpro_default_level":"","_kad_blocks_custom_css":"","_kad_blocks_head_custom_js":"","_kad_blocks_body_custom_js":"","_kad_blocks_footer_custom_js":"","_price":"","_stock":"","_tribe_ticket_header":"","_tribe_default_ticket_provider":"","_tribe_ticket_capacity":"0","_ticket_start_date":"","_ticket_end_date":"","_tribe_ticket_show_description":"","_tribe_ticket_show_not_going":false,"_tribe_ticket_use_global_stock":"","_tribe_ticket_global_stock_level":"","_global_stock_mode":"","_global_stock_cap":"","_tribe_rsvp_for_event":"","_tribe_ticket_going_count":"","_tribe_ticket_not_going_count":"","_tribe_tickets_list":"[]","_tribe_ticket_has_attendee_info_fields":false,"_EventAllDay":false,"_EventTimezone":"","_EventStartDate":"","_EventEndDate":"","_EventStartDateUTC":"","_EventEndDateUTC":"","_EventShowMap":false,"_EventShowMapLink":false,"_EventURL":"","_EventCost":"","_EventCostDescription":"","_EventCurrencySymbol":"","_EventCurrencyCode":"","_EventCurrencyPosition":"","_EventDateTimeSeparator":"","_EventTimeRangeSeparator":"","_EventOrganizerID":[],"_EventVenueID":[],"_OrganizerEmail":"","_OrganizerPhone":"","_OrganizerWebsite":"","_VenueAddress":"","_VenueCity":"","_VenueCountry":"","_VenueProvince":"","_VenueState":"","_VenueZip":"","_VenuePhone":"","_VenueURL":"","_VenueStateProvince":"","_VenueLat":"","_VenueLng":"","_VenueShowMap":false,"_VenueShowMapLink":false,"_kad_post_transparent":"","_kad_post_title":"","_kad_post_layout":"","_kad_post_sidebar_id":"","_kad_post_content_style":"","_kad_post_vertical_padding":"","_kad_post_feature":"","_kad_post_feature_position":"","_kad_post_header":false,"_kad_post_footer":false,"_kad_post_classname":"","footnotes":""},"page_category":[],"class_list":["post-14706","page","type-page","status-publish","hentry","pmpro-has-access"],"taxonomy_info":[],"featured_image_src_large":false,"author_info":{"display_name":"CSFS","author_link":"https:\/\/www.csfs.ca\/fr\/author\/CSFS\/"},"comment_info":0,"_links":{"self":[{"href":"https:\/\/www.csfs.ca\/fr\/wp-json\/wp\/v2\/pages\/14706","targetHints":{"allow":["GET"]}}],"collection":[{"href":"https:\/\/www.csfs.ca\/fr\/wp-json\/wp\/v2\/pages"}],"about":[{"href":"https:\/\/www.csfs.ca\/fr\/wp-json\/wp\/v2\/types\/page"}],"author":[{"embeddable":true,"href":"https:\/\/www.csfs.ca\/fr\/wp-json\/wp\/v2\/users\/774"}],"replies":[{"embeddable":true,"href":"https:\/\/www.csfs.ca\/fr\/wp-json\/wp\/v2\/comments?post=14706"}],"version-history":[{"count":1,"href":"https:\/\/www.csfs.ca\/fr\/wp-json\/wp\/v2\/pages\/14706\/revisions"}],"predecessor-version":[{"id":14709,"href":"https:\/\/www.csfs.ca\/fr\/wp-json\/wp\/v2\/pages\/14706\/revisions\/14709"}],"up":[{"embeddable":true,"href":"https:\/\/www.csfs.ca\/fr\/wp-json\/wp\/v2\/pages\/3732"}],"wp:attachment":[{"href":"https:\/\/www.csfs.ca\/fr\/wp-json\/wp\/v2\/media?parent=14706"}],"wp:term":[{"taxonomy":"page_category","embeddable":true,"href":"https:\/\/www.csfs.ca\/fr\/wp-json\/wp\/v2\/page_category?post=14706"}],"curies":[{"name":"wp","href":"https:\/\/api.w.org\/{rel}","templated":true}]}}