{"id":13802,"date":"2022-01-31T09:55:54","date_gmt":"2022-01-31T14:55:54","guid":{"rendered":"https:\/\/www.csfs.ca\/?page_id=13802"},"modified":"2022-05-02T11:01:29","modified_gmt":"2022-05-02T15:01:29","slug":"laboratoires-medico-legaux-prives","status":"publish","type":"page","link":"https:\/\/www.csfs.ca\/fr\/ressources\/laboratoires-medico-legaux-prives\/","title":{"rendered":"Laboratoires m\u00e9dico-l\u00e9gaux priv\u00e9s"},"content":{"rendered":"\n<figure class=\"wp-block-image size-full\"><img decoding=\"async\" width=\"1003\" height=\"183\" src=\"https:\/\/www.csfs.ca\/wp-content\/uploads\/2022\/01\/private-labs-photo-csfs.jpeg\" alt=\"\" class=\"wp-image-13805\" srcset=\"https:\/\/www.csfs.ca\/wp-content\/uploads\/2022\/01\/private-labs-photo-csfs.jpeg 1003w, https:\/\/www.csfs.ca\/wp-content\/uploads\/2022\/01\/private-labs-photo-csfs-300x55.jpeg 300w, https:\/\/www.csfs.ca\/wp-content\/uploads\/2022\/01\/private-labs-photo-csfs-768x140.jpeg 768w, https:\/\/www.csfs.ca\/wp-content\/uploads\/2022\/01\/private-labs-photo-csfs-239x44.jpeg 239w, https:\/\/www.csfs.ca\/wp-content\/uploads\/2022\/01\/private-labs-photo-csfs-482x88.jpeg 482w\" sizes=\"(max-width: 1003px) 100vw, 1003px\" \/><\/figure>\n\n\n<style>#kt-layout-id_1f64de-28 > .kt-row-column-wrap{align-content:start;}:where(#kt-layout-id_1f64de-28 > .kt-row-column-wrap) > .wp-block-kadence-column{justify-content:start;}#kt-layout-id_1f64de-28 > .kt-row-column-wrap{column-gap:var(--global-kb-gap-md, 2rem);row-gap:var(--global-kb-gap-md, 2rem);padding-top:var( --global-kb-row-default-top, 25px );padding-bottom:var( --global-kb-row-default-bottom, 25px );padding-top:var(--global-kb-spacing-sm, 1.5rem);padding-bottom:var(--global-kb-spacing-sm, 1.5rem);grid-template-columns:minmax(0, 1fr);}#kt-layout-id_1f64de-28 > .kt-row-layout-overlay{opacity:0.30;}@media all and (max-width: 1024px){#kt-layout-id_1f64de-28 > .kt-row-column-wrap{grid-template-columns:minmax(0, 1fr);}}@media all and (max-width: 767px){#kt-layout-id_1f64de-28 > .kt-row-column-wrap{grid-template-columns:minmax(0, 1fr);}}<\/style>\n<div class=\"wp-block-kadence-rowlayout alignnone\"><div id=\"kt-layout-id_1f64de-28\" class=\"kt-row-layout-inner kt-layout-id_1f64de-28\"><div class=\"kt-row-column-wrap kt-has-1-columns kt-gutter-default kt-v-gutter-default kt-row-valign-top kt-row-layout-equal kt-tab-layout-inherit kt-m-colapse-left-to-right kt-mobile-layout-row\"><style>.kadence-column_9e2a93-23 > .kt-inside-inner-col{border-top-width:0px;border-right-width:0px;border-bottom-width:0px;border-left-width:0px;}.kadence-column_9e2a93-23 > .kt-inside-inner-col,.kadence-column_9e2a93-23 > .kt-inside-inner-col:before{border-top-left-radius:0px;border-top-right-radius:0px;border-bottom-right-radius:0px;border-bottom-left-radius:0px;}.kadence-column_9e2a93-23 > .kt-inside-inner-col{column-gap:var(--global-kb-gap-sm, 1rem);}.kadence-column_9e2a93-23 > .kt-inside-inner-col{flex-direction:column;}.kadence-column_9e2a93-23 > .kt-inside-inner-col > .aligncenter{width:100%;}.kadence-column_9e2a93-23 > .kt-inside-inner-col:before{opacity:0.3;}.kadence-column_9e2a93-23{position:relative;}@media all and (max-width: 1024px){.kadence-column_9e2a93-23 > .kt-inside-inner-col{flex-direction:column;justify-content:center;}}@media all and (max-width: 767px){.kadence-column_9e2a93-23 > .kt-inside-inner-col{flex-direction:column;justify-content:center;}}<\/style>\n<div class=\"wp-block-kadence-column inner-column-1 kadence-column_9e2a93-23\"><div class=\"kt-inside-inner-col\">\n<p>Au Canada, en plus des laboratoires gouvernementaux, il existe des laboratoires judiciaires priv\u00e9s. Voici quelques informations sur ces entreprises.<\/p>\n\n\n<style>.wp-block-kadence-advancedheading.kt-adv-heading_e9946b-72, .wp-block-kadence-advancedheading.kt-adv-heading_e9946b-72[data-kb-block=\"kb-adv-heading_e9946b-72\"]{font-style:normal;}.wp-block-kadence-advancedheading.kt-adv-heading_e9946b-72 mark.kt-highlight, .wp-block-kadence-advancedheading.kt-adv-heading_e9946b-72[data-kb-block=\"kb-adv-heading_e9946b-72\"] mark.kt-highlight{font-style:normal;color:#f76a0c;-webkit-box-decoration-break:clone;box-decoration-break:clone;padding-top:0px;padding-right:0px;padding-bottom:0px;padding-left:0px;}.wp-block-kadence-advancedheading.kt-adv-heading_e9946b-72 img.kb-inline-image, .wp-block-kadence-advancedheading.kt-adv-heading_e9946b-72[data-kb-block=\"kb-adv-heading_e9946b-72\"] img.kb-inline-image{width:150px;vertical-align:baseline;}<\/style>\n<h4 class=\"kt-adv-heading_e9946b-72 wp-block-kadence-advancedheading\" data-kb-block=\"kb-adv-heading_e9946b-72\">*  Bureau Veritas<\/h4>\n\n\n\n<div class=\"wp-block-image\"><figure class=\"alignleft size-full\"><img decoding=\"async\" width=\"161\" height=\"196\" src=\"https:\/\/www.csfs.ca\/wp-content\/uploads\/2022\/04\/BVLogo.jpg\" alt=\"\" class=\"wp-image-14683\"\/><\/figure><\/div>\n\n\n\n<p>Le Laboratoire d&rsquo;analyse g\u00e9n\u00e9tique est une division de Bureau Veritas qui effectue des tests d&rsquo;ADN humain et animal depuis 1998, conform\u00e9ment \u00e0 la norme ISO\/IEC 17025. En 2000, le Laboratoire d&rsquo;analyse g\u00e9n\u00e9tique est devenu le premier laboratoire au Canada \u00e0 \u00eatre accr\u00e9dit\u00e9 selon les lignes directrices en mati\u00e8re d&rsquo;analyse judiciaire du Conseil canadien des normes (CCN) et subit une r\u00e9\u00e9valuation tous les deux ans. Il a \u00e9galement \u00e9t\u00e9 le premier laboratoire accr\u00e9dit\u00e9 autoris\u00e9 par Citoyennet\u00e9 et Immigration Canada (CIC) \u00e0 effectuer des tests d&rsquo;ADN \u00e0 des fins d&rsquo;immigration.<\/p>\n\n\n\n<p>Depuis 2001, le Laboratoire d&rsquo;analyse g\u00e9n\u00e9tique est l&rsquo;unique fournisseur de services d&rsquo;analyse d&rsquo;ADN m\u00e9dico-l\u00e9gale du Syst\u00e8me national des laboratoires judiciaires de la GRC et a travaill\u00e9 avec plus de 350 organismes d&rsquo;application de la loi au Canada. Le laboratoire utilise une technologie et des installations de pointe fond\u00e9es sur la PCR pour effectuer des tests d&rsquo;ADN qui respectent ou d\u00e9passent les normes internationales exig\u00e9es des laboratoires judiciaires pour l&rsquo;analyse d&rsquo;affaires criminelles. De plus, le personnel du laboratoire compte plus de 119 ann\u00e9es cumulatives d&rsquo;exp\u00e9rience en biologie judiciaire\/analyse d&rsquo;ADN, et nos scientifiques sont souvent appel\u00e9s comme t\u00e9moins experts dans des affaires judiciaires.<\/p>\n\n\n\n<p>Nos analyses ont \u00e9t\u00e9 utilis\u00e9es pour :<\/p>\n\n\n\n<ul class=\"wp-block-list\"><li>Des enqu\u00eates criminelles telles que des homicides, des agressions sexuelles, des introductions par effraction, des incendies criminels, des enqu\u00eates sur des personnes disparues, des affaires class\u00e9es avec profilage ADN de masse d&rsquo;\u00e9chantillons connus et des enqu\u00eates de coroner\/m\u00e9decin l\u00e9giste.<\/li><li>Les enqu\u00eates m\u00e9dico-l\u00e9gales d&rsquo;entreprise telles que les courriers mena\u00e7ants, la reconstitution d&rsquo;accidents (sur le lieu de travail et dans les v\u00e9hicules), la falsification de produits, la contamination de denr\u00e9es alimentaires, les r\u00e9clamations\/actes frauduleux (m\u00e9dicaux et vols) et d&rsquo;autres enqu\u00eates diverses (par exemple, les agressions sexuelles sur le lieu de travail, les enqu\u00eates\/d\u00e9lits li\u00e9s aux drogues, les probl\u00e8mes de sant\u00e9 au travail, le sabotage et les questions d&rsquo;assurance qualit\u00e9).<\/li><li>Tests ind\u00e9pendants \u00e0 la demande de l&rsquo;avocat de la d\u00e9fense pour des affaires criminelles trait\u00e9es \u00e0 l&rsquo;origine par des laboratoires m\u00e9dico-l\u00e9gaux publics.<\/li><li>Analyse d&rsquo;ADN pour les questions de paternit\u00e9 et\/ou de maternit\u00e9, d&rsquo;\u00e9ligibilit\u00e9 \u00e0 l&rsquo;immigration et de r\u00e8glement de succession pour les organismes provinciaux de soutien, les organismes de protection de l&rsquo;enfance, les professionnels juridiques et m\u00e9dicaux, les entreprises et les particuliers.<\/li><li>Notre d\u00e9partement d&rsquo;ADN animal offre des services de tests l\u00e9gaux pour un certain nombre d&rsquo;applications telles que :<ul><li>Confirmation de l&rsquo;identit\u00e9 d&rsquo;un \u00e9chantillon de sang test\u00e9 (ex. : course)<\/li><li>la confirmation de l&rsquo;identit\u00e9 du b\u00e9tail assur\u00e9 si l&rsquo;identit\u00e9 n&rsquo;est plus possible par tatouage.<\/li><\/ul><\/li><\/ul>\n\n\n\n<p>Visitez leur site Web pour plus d&rsquo;informations. <a rel=\"noreferrer noopener\" href=\"http:\/\/forensiclab.ca\/\" target=\"_blank\">Bureau Veritas<\/a> <a href=\"https:\/\/thednalab.com\/\" target=\"_blank\" rel=\"noreferrer noopener\">The DNA Lab<\/a><\/p>\n\n\n<style>.wp-block-kadence-advancedheading.kt-adv-heading_847642-a4, .wp-block-kadence-advancedheading.kt-adv-heading_847642-a4[data-kb-block=\"kb-adv-heading_847642-a4\"]{font-style:normal;}.wp-block-kadence-advancedheading.kt-adv-heading_847642-a4 mark.kt-highlight, .wp-block-kadence-advancedheading.kt-adv-heading_847642-a4[data-kb-block=\"kb-adv-heading_847642-a4\"] mark.kt-highlight{font-style:normal;color:#f76a0c;-webkit-box-decoration-break:clone;box-decoration-break:clone;padding-top:0px;padding-right:0px;padding-bottom:0px;padding-left:0px;}.wp-block-kadence-advancedheading.kt-adv-heading_847642-a4 img.kb-inline-image, .wp-block-kadence-advancedheading.kt-adv-heading_847642-a4[data-kb-block=\"kb-adv-heading_847642-a4\"] img.kb-inline-image{width:150px;vertical-align:baseline;}<\/style>\n<h4 class=\"kt-adv-heading_847642-a4 wp-block-kadence-advancedheading\" data-kb-block=\"kb-adv-heading_847642-a4\">*  Laboratoire d&rsquo;ADN m\u00e9dico-l\u00e9gal du BCIT<\/h4>\n\n\n\n<p>Le laboratoire d&rsquo;ADN m\u00e9dico-l\u00e9gal du BCIT, fond\u00e9 en 1999, est une composante importante du d\u00e9partement des sciences et technologies m\u00e9dico-l\u00e9gales de l&rsquo;Institut, qui abrite les programmes d&rsquo;enqu\u00eate m\u00e9dico-l\u00e9gale les plus complets du pays.<br><br>Nos scientifiques sont non seulement des experts reconnus en mati\u00e8re d&rsquo;ADN m\u00e9dico-l\u00e9gal, mais aussi des \u00e9ducateurs d\u00e9vou\u00e9s qui enrichissent les activit\u00e9s d&rsquo;apprentissage par l&rsquo;exp\u00e9rience en donnant des exemples tir\u00e9s de leur vaste exp\u00e9rience des cas.<br><br>Le laboratoire, accr\u00e9dit\u00e9 par le Conseil canadien des normes, a trait\u00e9 un large \u00e9ventail de cas difficiles en mati\u00e8re de criminalistique, allant des cas de restes humains non identifi\u00e9s avec des \u00e9chantillons tr\u00e8s d\u00e9grad\u00e9s \u00e0 des m\u00e9langes d&rsquo;\u00e9chantillons complexes avec une pr\u00e9sence minimale d&rsquo;ADN. \u00c0 l&rsquo;aide d&rsquo;instruments et de techniques \u00e0 la pointe de la science m\u00e9dico-l\u00e9gale, le laboratoire contribue \u00e0 des travaux humanitaires et criminels essentiels qui font partie int\u00e9grante de la prosp\u00e9rit\u00e9 sociale de nos communaut\u00e9s locales, nationales et internationales.<br><br>Le laboratoire d&rsquo;ADN m\u00e9dico-l\u00e9gal du BCIT offre une gamme d&rsquo;options de tests d&rsquo;ADN nucl\u00e9aire, utilisant les technologies modernes de STR, pour l&rsquo;analyse, la comparaison et l&rsquo;interpr\u00e9tation des preuves m\u00e9dico-l\u00e9gales.<br><br>Le BCIT Forensic DNA Laboratory est en mesure d&rsquo;effectuer :<\/p>\n\n\n\n<ul class=\"wp-block-list\"><li>Un d\u00e9pistage biologique pour la pr\u00e9sence de sang, de sperme ou de salive.- Le typage de sc\u00e8nes de crime et d&rsquo;\u00e9chantillons de r\u00e9f\u00e9rence connus.<\/li><li>L&rsquo;identification de restes humains non identifi\u00e9s et d&rsquo;\u00e9chantillons de r\u00e9f\u00e9rence connus.<\/li><li>D\u00e9convolutions de m\u00e9langes complexes.<\/li><li>Analyse de parent\u00e9.<\/li><li>Consultation sur des cas particuliers.<\/li><li>T\u00e9moignages d&rsquo;experts.<\/li><li>Ateliers de formation personnalis\u00e9s.<br><br>Visitez leur site Web pour plus d&rsquo;informations. <a rel=\"noreferrer noopener\" href=\"http:\/\/forensiclab.ca\/\" target=\"_blank\">Laboratoire d&rsquo;ADN m\u00e9dico-l\u00e9gal du BCIT<\/a><\/li><\/ul>\n\n\n<style>.wp-block-kadence-advancedheading.kt-adv-heading_409037-c4, .wp-block-kadence-advancedheading.kt-adv-heading_409037-c4[data-kb-block=\"kb-adv-heading_409037-c4\"]{font-style:normal;}.wp-block-kadence-advancedheading.kt-adv-heading_409037-c4 mark.kt-highlight, .wp-block-kadence-advancedheading.kt-adv-heading_409037-c4[data-kb-block=\"kb-adv-heading_409037-c4\"] mark.kt-highlight{font-style:normal;color:#f76a0c;-webkit-box-decoration-break:clone;box-decoration-break:clone;padding-top:0px;padding-right:0px;padding-bottom:0px;padding-left:0px;}.wp-block-kadence-advancedheading.kt-adv-heading_409037-c4 img.kb-inline-image, .wp-block-kadence-advancedheading.kt-adv-heading_409037-c4[data-kb-block=\"kb-adv-heading_409037-c4\"] img.kb-inline-image{width:150px;vertical-align:baseline;}<\/style>\n<h4 class=\"kt-adv-heading_409037-c4 wp-block-kadence-advancedheading\" data-kb-block=\"kb-adv-heading_409037-c4\">*  Wyndham Forensic Group (Wfg)<\/h4>\n\n\n\n<p>Wyndham Forensic Group (Wfg) est une soci\u00e9t\u00e9 priv\u00e9e de services m\u00e9dico-l\u00e9gaux sp\u00e9cialis\u00e9e dans le domaine international, qui fournit des tests et un soutien. Constitu\u00e9e en 2009, elle est d\u00e9tenue et g\u00e9r\u00e9e majoritairement par des sp\u00e9cialistes de la m\u00e9decine l\u00e9gale ayant une grande exp\u00e9rience de la prestation et de la gestion de services de biologie l\u00e9gale, de tests ADN et de renforcement des capacit\u00e9s dans les secteurs public et priv\u00e9.<\/p>\n\n\n\n<p>Notre laboratoire d&rsquo;analyse est accr\u00e9dit\u00e9 selon la norme internationale ISO\/IEC:17025 par le Conseil canadien des normes (CCN) et nos experts ont une exp\u00e9rience cumul\u00e9e de plus de 80 ans dans la gestion et la prestation de services de sciences judiciaires. Gr\u00e2ce \u00e0 notre exp\u00e9rience en g\u00e9n\u00e9alogie g\u00e9n\u00e9tique, en interpr\u00e9tation de traces de sang, en biologie judiciaire, en disciplines de l&rsquo;ADN, en banques de donn\u00e9es, en formation et en renforcement des capacit\u00e9s, nous offrons \u00e0 nos clients un service \u00e0 guichet unique. Nos scientifiques coordonnent et soutiennent tous les aspects des tests, depuis les consultations pr\u00e9alables \u00e0 la soumission et l&rsquo;\u00e9laboration de strat\u00e9gies de test jusqu&rsquo;\u00e0 la remise des rapports et aux explications post-analyse de ce que les r\u00e9sultats signifient et ne signifient pas. Nous travaillons en \u00e9troite collaboration avec les programmes de recherche et d&rsquo;enseignement universitaires, ce qui permet \u00e0 nos clients d&rsquo;avoir acc\u00e8s aux meilleures donn\u00e9es scientifiques et aux technologies les plus r\u00e9centes.<\/p>\n\n\n\n<p>Visitez leur site Web pour plus d&rsquo;informations. <a rel=\"noreferrer noopener\" href=\"http:\/\/wyndhamforensic.ca\/\" target=\"_blank\">Wyndham Forensic Group<\/a><\/p>\n<\/div><\/div>\n<\/div><\/div><\/div>\n\n\n\n<p class=\"has-small-font-size\">Clause de non-responsabilit\u00e9 : Veuillez noter que la liste des laboratoires m\u00e9dico-l\u00e9gaux priv\u00e9s est \u00e9tablie uniquement \u00e0 des fins d&rsquo;information et\/ou d&rsquo;\u00e9ducation et ne doit pas \u00eatre consid\u00e9r\u00e9e comme une approbation de leurs services.<\/p>\n","protected":false},"excerpt":{"rendered":"<p>Au Canada, en plus des laboratoires gouvernementaux, il existe des laboratoires judiciaires priv\u00e9s. Voici quelques informations sur ces entreprises. * Bureau Veritas Le Laboratoire d&rsquo;analyse g\u00e9n\u00e9tique est une division de&#8230;<\/p>\n","protected":false},"author":774,"featured_media":0,"parent":3733,"menu_order":0,"comment_status":"closed","ping_status":"closed","template":"","meta":{"_seopress_robots_primary_cat":"","_seopress_titles_title":"","_seopress_titles_desc":"","_seopress_robots_index":"","pmpro_default_level":"","_kad_blocks_custom_css":"","_kad_blocks_head_custom_js":"","_kad_blocks_body_custom_js":"","_kad_blocks_footer_custom_js":"","_price":"","_stock":"","_tribe_ticket_header":"","_tribe_default_ticket_provider":"","_tribe_ticket_capacity":"0","_ticket_start_date":"","_ticket_end_date":"","_tribe_ticket_show_description":"","_tribe_ticket_show_not_going":false,"_tribe_ticket_use_global_stock":"","_tribe_ticket_global_stock_level":"","_global_stock_mode":"","_global_stock_cap":"","_tribe_rsvp_for_event":"","_tribe_ticket_going_count":"","_tribe_ticket_not_going_count":"","_tribe_tickets_list":"[]","_tribe_ticket_has_attendee_info_fields":false,"_EventAllDay":false,"_EventTimezone":"","_EventStartDate":"","_EventEndDate":"","_EventStartDateUTC":"","_EventEndDateUTC":"","_EventShowMap":false,"_EventShowMapLink":false,"_EventURL":"","_EventCost":"","_EventCostDescription":"","_EventCurrencySymbol":"","_EventCurrencyCode":"","_EventCurrencyPosition":"","_EventDateTimeSeparator":"","_EventTimeRangeSeparator":"","_EventOrganizerID":[],"_EventVenueID":[],"_OrganizerEmail":"","_OrganizerPhone":"","_OrganizerWebsite":"","_VenueAddress":"","_VenueCity":"","_VenueCountry":"","_VenueProvince":"","_VenueState":"","_VenueZip":"","_VenuePhone":"","_VenueURL":"","_VenueStateProvince":"","_VenueLat":"","_VenueLng":"","_VenueShowMap":false,"_VenueShowMapLink":false,"_kad_post_transparent":"","_kad_post_title":"","_kad_post_layout":"","_kad_post_sidebar_id":"","_kad_post_content_style":"","_kad_post_vertical_padding":"","_kad_post_feature":"","_kad_post_feature_position":"","_kad_post_header":false,"_kad_post_footer":false,"_kad_post_classname":"","footnotes":""},"page_category":[],"class_list":["post-13802","page","type-page","status-publish","hentry","pmpro-has-access"],"taxonomy_info":[],"featured_image_src_large":false,"author_info":{"display_name":"CSFS","author_link":"https:\/\/www.csfs.ca\/fr\/author\/CSFS\/"},"comment_info":0,"_links":{"self":[{"href":"https:\/\/www.csfs.ca\/fr\/wp-json\/wp\/v2\/pages\/13802","targetHints":{"allow":["GET"]}}],"collection":[{"href":"https:\/\/www.csfs.ca\/fr\/wp-json\/wp\/v2\/pages"}],"about":[{"href":"https:\/\/www.csfs.ca\/fr\/wp-json\/wp\/v2\/types\/page"}],"author":[{"embeddable":true,"href":"https:\/\/www.csfs.ca\/fr\/wp-json\/wp\/v2\/users\/774"}],"replies":[{"embeddable":true,"href":"https:\/\/www.csfs.ca\/fr\/wp-json\/wp\/v2\/comments?post=13802"}],"version-history":[{"count":6,"href":"https:\/\/www.csfs.ca\/fr\/wp-json\/wp\/v2\/pages\/13802\/revisions"}],"predecessor-version":[{"id":14750,"href":"https:\/\/www.csfs.ca\/fr\/wp-json\/wp\/v2\/pages\/13802\/revisions\/14750"}],"up":[{"embeddable":true,"href":"https:\/\/www.csfs.ca\/fr\/wp-json\/wp\/v2\/pages\/3733"}],"wp:attachment":[{"href":"https:\/\/www.csfs.ca\/fr\/wp-json\/wp\/v2\/media?parent=13802"}],"wp:term":[{"taxonomy":"page_category","embeddable":true,"href":"https:\/\/www.csfs.ca\/fr\/wp-json\/wp\/v2\/page_category?post=13802"}],"curies":[{"name":"wp","href":"https:\/\/api.w.org\/{rel}","templated":true}]}}