{"id":12913,"date":"2021-09-22T13:36:38","date_gmt":"2021-09-22T17:36:38","guid":{"rendered":"https:\/\/www.csfs.ca\/?page_id=12913"},"modified":"2023-12-18T14:38:07","modified_gmt":"2023-12-18T19:38:07","slug":"informations-generales-sur-ladhesion","status":"publish","type":"page","link":"https:\/\/www.csfs.ca\/fr\/adherez-a-titre\/informations-generales-sur-ladhesion\/","title":{"rendered":"Informations g\u00e9n\u00e9rales sur l&rsquo;adh\u00e9sion"},"content":{"rendered":"\n<figure class=\"wp-block-image size-full\"><img decoding=\"async\" width=\"720\" height=\"150\" src=\"https:\/\/www.csfs.ca\/wp-content\/uploads\/2016\/06\/committee.jpg\" alt=\"\" class=\"wp-image-3200\" srcset=\"https:\/\/www.csfs.ca\/wp-content\/uploads\/2016\/06\/committee.jpg 720w, https:\/\/www.csfs.ca\/wp-content\/uploads\/2016\/06\/committee-239x50.jpg 239w, https:\/\/www.csfs.ca\/wp-content\/uploads\/2016\/06\/committee-482x100.jpg 482w, https:\/\/www.csfs.ca\/wp-content\/uploads\/2016\/06\/committee-600x125.jpg 600w, https:\/\/www.csfs.ca\/wp-content\/uploads\/2016\/06\/committee-300x63.jpg 300w, https:\/\/www.csfs.ca\/wp-content\/uploads\/2016\/06\/committee-636x133.jpg 636w, https:\/\/www.csfs.ca\/wp-content\/uploads\/2016\/06\/committee-320x67.jpg 320w\" sizes=\"(max-width: 720px) 100vw, 720px\" \/><\/figure>\n\n\n\n<h2 class=\"wp-block-heading\">Informations g\u00e9n\u00e9rales sur l&rsquo;adh\u00e9sion<\/h2>\n\n\n\n<p>Les personnes qui ont un \u00ab\u00a0int\u00e9r\u00eat actif\u00a0\u00bb pour la science m\u00e9dico-l\u00e9gale peuvent devenir membres du SCSJ. Un individu ayant un \u00ab\u00a0int\u00e9r\u00eat actif\u00a0\u00bb est normalement interpr\u00e9t\u00e9 comme \u00e9tant une personne travaillant dans le domaine ou un \u00e9tudiant dont le domaine d&rsquo;\u00e9tude comprend une composante m\u00e9dico-l\u00e9gale.<\/p>\n\n\n\n<p>Il existe six types d&rsquo;adh\u00e9sion \u00e0 la Soci\u00e9t\u00e9 : <strong>R\u00e9gulier, Fellow, \u00c9m\u00e9rite, Provisoire, Associ\u00e9 et \u00c9t<\/strong>udiant. Pour les besoins des r\u00e8glements, les membres r\u00e9guliers comprennent les Fellows et les membres \u00e9m\u00e9rites. Les membres provisoires sont les nouveaux membres de la SCSJ. Tous les membres du SCSJ, \u00e0 l&rsquo;exception des membres \u00e9tudiants, commencent comme membres provisoires. Ils restent membres provisoires pendant un an apr\u00e8s leur acceptation dans la Soci\u00e9t\u00e9. A ce moment-l\u00e0, ils sont \u00e9ligibles pour une promotion en tant que membres r\u00e9guliers ou associ\u00e9s. Veuillez noter que la date limite de d\u00e9p\u00f4t des candidatures pour examen \u00e0 l&rsquo;AGA de l&rsquo;ann\u00e9e en cours est le 31 mars de cette m\u00eame ann\u00e9e. Toute demande re\u00e7ue apr\u00e8s cette date sera soumise \u00e0 l&rsquo;AGA de l&rsquo;ann\u00e9e suivante.<\/p>\n\n\n\n<p>Les membres \u00e9tudiants doivent \u00eatre inscrits dans un \u00e9tablissement d&rsquo;enseignement post-secondaire. Tant qu&rsquo;ils demeurent \u00e9tudiants, ils sont admissibles au titre de membre \u00e9tudiant de la Soci\u00e9t\u00e9.<\/p>\n\n\n\n<p>Le statut de membre associ\u00e9 de la soci\u00e9t\u00e9 est ouvert aux personnes impliqu\u00e9es dans le domaine de la criminalistique qui ne remplissent pas les conditions requises pour devenir membre ordinaire et qui ont fait preuve d&rsquo;int\u00e9grit\u00e9 et de bonne moralit\u00e9.<\/p>\n\n\n\n<p>Les droits des membres provisoires, associ\u00e9s et \u00e9tudiants sont limit\u00e9s ; bien qu&rsquo;ils puissent participer aux comit\u00e9s et assister \u00e0 l&rsquo;assembl\u00e9e g\u00e9n\u00e9rale annuelle (AGA), ils n&rsquo;ont pas le droit de vote. Les membres \u00e9m\u00e9rites sont des membres r\u00e9guliers qui se sont retir\u00e9s de la participation active \u00e0 la science m\u00e9dico-l\u00e9gale mais qui conservent un int\u00e9r\u00eat dans le domaine. Pour devenir un membre \u00e9m\u00e9rite, le candidat doit d\u00e9montrer qu&rsquo;il a contribu\u00e9 de mani\u00e8re significative \u00e0 la criminalistique ou \u00e0 la SCSJ. Le statut de membre \u00e9m\u00e9rite n&rsquo;est pas automatique \u00e0 la retraite ; il doit \u00eatre m\u00e9rit\u00e9. Les candidats au titre de membre \u00e9m\u00e9rite peuvent \u00eatre sugg\u00e9r\u00e9s par un membre de la Soci\u00e9t\u00e9 ou peuvent eux-m\u00eames demander un changement de statut. Les candidats au titre de membre \u00e9m\u00e9rite sont examin\u00e9s par le Comit\u00e9 des membres et le Conseil d&rsquo;administration. Le conseil d&rsquo;administration d\u00e9termine si une personne devient un membre \u00e9m\u00e9rite.<\/p>\n\n\n\n<p>Les Fellows de la Soci\u00e9t\u00e9 sont des membres r\u00e9guliers qui ont rempli un certain nombre d&rsquo;exigences. Les personnes souhaitant devenir membres de la Soci\u00e9t\u00e9 doivent en faire la demande et fournir la preuve qu&rsquo;elles ont rempli toutes les conditions requises. Le comit\u00e9 d&rsquo;adh\u00e9sion est charg\u00e9 de d\u00e9terminer si toutes les conditions ont \u00e9t\u00e9 remplies. Cette information est transmise au conseil d&rsquo;administration dans le rapport du comit\u00e9 des membres.<\/p>\n\n\n\n<p>La plupart des membres du SCSJ sont des membres r\u00e9guliers. Ils ont le droit de si\u00e9ger aux comit\u00e9s et de voter \u00e0 toutes les AGA.<\/p>\n\n\n\n<p>Les cotisations annuelles des membres sont les suivantes :<\/p>\n\n\n<style>.wp-block-kadence-iconlist.kt-svg-icon-list-items12913_4f5c0e-b2:not(.this-stops-third-party-issues){margin-top:0px;margin-bottom:0px;}.wp-block-kadence-iconlist.kt-svg-icon-list-items12913_4f5c0e-b2 ul.kt-svg-icon-list:not(.this-prevents-issues):not(.this-stops-third-party-issues):not(.tijsloc){margin-top:0px;margin-right:0px;margin-bottom:10px;margin-left:0px;}.wp-block-kadence-iconlist.kt-svg-icon-list-items12913_4f5c0e-b2 ul.kt-svg-icon-list{grid-row-gap:5px;}.wp-block-kadence-iconlist.kt-svg-icon-list-items12913_4f5c0e-b2 ul.kt-svg-icon-list .kt-svg-icon-list-item-wrap .kt-svg-icon-list-single{margin-right:10px;}<\/style>\n<div class=\"wp-block-kadence-iconlist kt-svg-icon-list-items kt-svg-icon-list-items12913_4f5c0e-b2 kt-svg-icon-list-columns-1 alignnone\"><ul class=\"kt-svg-icon-list\"><style>.kt-svg-icon-list-item-12913_7446d3-e2 .kt-svg-icon-list-single{font-size:20px !important;}.kt-svg-icon-list-item-12913_7446d3-e2 .kt-svg-icon-list-text mark.kt-highlight{background-color:unset;font-style:normal;color:#f76a0c;-webkit-box-decoration-break:clone;box-decoration-break:clone;padding-top:0px;padding-right:0px;padding-bottom:0px;padding-left:0px;}<\/style>\n<li class=\"wp-block-kadence-listitem kt-svg-icon-list-item-wrap kt-svg-icon-list-item-12913_7446d3-e2 kt-svg-icon-list-style-default\"><span class=\"kb-svg-icon-wrap kb-svg-icon-fe_checkCircle kt-svg-icon-list-single\"><svg viewBox=\"0 0 24 24\"  fill=\"none\" stroke=\"currentColor\" stroke-width=\"2\" stroke-linecap=\"round\" stroke-linejoin=\"round\" xmlns=\"http:\/\/www.w3.org\/2000\/svg\"  aria-hidden=\"true\"><path d=\"M22 11.08V12a10 10 0 1 1-5.93-9.14\"\/><polyline points=\"22 4 12 14.01 9 11.01\"\/><\/svg><\/span><span class=\"kt-svg-icon-list-text\">Membres associ\u00e9s, provisoires et r\u00e9guliers : 125 $\/an<\/span><\/li>\n\n\n<style>.kt-svg-icon-list-item-12913_84263a-7c .kt-svg-icon-list-single{font-size:20px !important;}.kt-svg-icon-list-item-12913_84263a-7c .kt-svg-icon-list-text mark.kt-highlight{background-color:unset;font-style:normal;color:#f76a0c;-webkit-box-decoration-break:clone;box-decoration-break:clone;padding-top:0px;padding-right:0px;padding-bottom:0px;padding-left:0px;}<\/style>\n<li class=\"wp-block-kadence-listitem kt-svg-icon-list-item-wrap kt-svg-icon-list-item-12913_84263a-7c kt-svg-icon-list-style-default\"><span class=\"kb-svg-icon-wrap kb-svg-icon-fe_checkCircle kt-svg-icon-list-single\"><svg viewBox=\"0 0 24 24\"  fill=\"none\" stroke=\"currentColor\" stroke-width=\"2\" stroke-linecap=\"round\" stroke-linejoin=\"round\" xmlns=\"http:\/\/www.w3.org\/2000\/svg\"  aria-hidden=\"true\"><path d=\"M22 11.08V12a10 10 0 1 1-5.93-9.14\"\/><polyline points=\"22 4 12 14.01 9 11.01\"\/><\/svg><\/span><span class=\"kt-svg-icon-list-text\">Membre \u00e9tudiant : 50 $\/an<\/span><\/li>\n\n\n<style>.kt-svg-icon-list-item-12913_721827-bf .kt-svg-icon-list-single{font-size:20px !important;}.kt-svg-icon-list-item-12913_721827-bf .kt-svg-icon-list-text mark.kt-highlight{background-color:unset;font-style:normal;color:#f76a0c;-webkit-box-decoration-break:clone;box-decoration-break:clone;padding-top:0px;padding-right:0px;padding-bottom:0px;padding-left:0px;}<\/style>\n<li class=\"wp-block-kadence-listitem kt-svg-icon-list-item-wrap kt-svg-icon-list-item-12913_721827-bf kt-svg-icon-list-style-default\"><span class=\"kb-svg-icon-wrap kb-svg-icon-fe_checkCircle kt-svg-icon-list-single\"><svg viewBox=\"0 0 24 24\"  fill=\"none\" stroke=\"currentColor\" stroke-width=\"2\" stroke-linecap=\"round\" stroke-linejoin=\"round\" xmlns=\"http:\/\/www.w3.org\/2000\/svg\"  aria-hidden=\"true\"><path d=\"M22 11.08V12a10 10 0 1 1-5.93-9.14\"\/><polyline points=\"22 4 12 14.01 9 11.01\"\/><\/svg><\/span><span class=\"kt-svg-icon-list-text\">Membre \u00e9m\u00e9rite : Cotisation supprim\u00e9e<\/span><\/li>\n<\/ul><\/div>\n","protected":false},"excerpt":{"rendered":"<p>Informations g\u00e9n\u00e9rales sur l&rsquo;adh\u00e9sion Les personnes qui ont un \u00ab\u00a0int\u00e9r\u00eat actif\u00a0\u00bb pour la science m\u00e9dico-l\u00e9gale peuvent devenir membres du SCSJ. Un individu ayant un \u00ab\u00a0int\u00e9r\u00eat actif\u00a0\u00bb est normalement interpr\u00e9t\u00e9 comme&#8230;<\/p>\n","protected":false},"author":774,"featured_media":0,"parent":2631,"menu_order":1,"comment_status":"closed","ping_status":"closed","template":"","meta":{"_seopress_robots_primary_cat":"","_seopress_titles_title":"","_seopress_titles_desc":"","_seopress_robots_index":"","pmpro_default_level":"","_kad_blocks_custom_css":"","_kad_blocks_head_custom_js":"","_kad_blocks_body_custom_js":"","_kad_blocks_footer_custom_js":"","_price":"","_stock":"","_tribe_ticket_header":"","_tribe_default_ticket_provider":"","_tribe_ticket_capacity":"0","_ticket_start_date":"","_ticket_end_date":"","_tribe_ticket_show_description":"","_tribe_ticket_show_not_going":false,"_tribe_ticket_use_global_stock":"","_tribe_ticket_global_stock_level":"","_global_stock_mode":"","_global_stock_cap":"","_tribe_rsvp_for_event":"","_tribe_ticket_going_count":"","_tribe_ticket_not_going_count":"","_tribe_tickets_list":"[]","_tribe_ticket_has_attendee_info_fields":false,"_EventAllDay":false,"_EventTimezone":"","_EventStartDate":"","_EventEndDate":"","_EventStartDateUTC":"","_EventEndDateUTC":"","_EventShowMap":false,"_EventShowMapLink":false,"_EventURL":"","_EventCost":"","_EventCostDescription":"","_EventCurrencySymbol":"","_EventCurrencyCode":"","_EventCurrencyPosition":"","_EventDateTimeSeparator":"","_EventTimeRangeSeparator":"","_EventOrganizerID":[],"_EventVenueID":[],"_OrganizerEmail":"","_OrganizerPhone":"","_OrganizerWebsite":"","_VenueAddress":"","_VenueCity":"","_VenueCountry":"","_VenueProvince":"","_VenueState":"","_VenueZip":"","_VenuePhone":"","_VenueURL":"","_VenueStateProvince":"","_VenueLat":"","_VenueLng":"","_VenueShowMap":false,"_VenueShowMapLink":false,"_kad_post_transparent":"","_kad_post_title":"","_kad_post_layout":"","_kad_post_sidebar_id":"","_kad_post_content_style":"","_kad_post_vertical_padding":"","_kad_post_feature":"","_kad_post_feature_position":"","_kad_post_header":false,"_kad_post_footer":false,"_kad_post_classname":"","footnotes":""},"page_category":[],"class_list":["post-12913","page","type-page","status-publish","hentry","pmpro-has-access"],"taxonomy_info":[],"featured_image_src_large":false,"author_info":{"display_name":"CSFS","author_link":"https:\/\/www.csfs.ca\/fr\/author\/CSFS\/"},"comment_info":0,"_links":{"self":[{"href":"https:\/\/www.csfs.ca\/fr\/wp-json\/wp\/v2\/pages\/12913","targetHints":{"allow":["GET"]}}],"collection":[{"href":"https:\/\/www.csfs.ca\/fr\/wp-json\/wp\/v2\/pages"}],"about":[{"href":"https:\/\/www.csfs.ca\/fr\/wp-json\/wp\/v2\/types\/page"}],"author":[{"embeddable":true,"href":"https:\/\/www.csfs.ca\/fr\/wp-json\/wp\/v2\/users\/774"}],"replies":[{"embeddable":true,"href":"https:\/\/www.csfs.ca\/fr\/wp-json\/wp\/v2\/comments?post=12913"}],"version-history":[{"count":2,"href":"https:\/\/www.csfs.ca\/fr\/wp-json\/wp\/v2\/pages\/12913\/revisions"}],"predecessor-version":[{"id":17531,"href":"https:\/\/www.csfs.ca\/fr\/wp-json\/wp\/v2\/pages\/12913\/revisions\/17531"}],"up":[{"embeddable":true,"href":"https:\/\/www.csfs.ca\/fr\/wp-json\/wp\/v2\/pages\/2631"}],"wp:attachment":[{"href":"https:\/\/www.csfs.ca\/fr\/wp-json\/wp\/v2\/media?parent=12913"}],"wp:term":[{"taxonomy":"page_category","embeddable":true,"href":"https:\/\/www.csfs.ca\/fr\/wp-json\/wp\/v2\/page_category?post=12913"}],"curies":[{"name":"wp","href":"https:\/\/api.w.org\/{rel}","templated":true}]}}