{"id":12785,"date":"2021-09-09T10:18:59","date_gmt":"2021-09-09T14:18:59","guid":{"rendered":"https:\/\/www.csfs.ca\/notre_raison_detre\/disciplines-sections\/bloodstain-pattern-analysis\/"},"modified":"2022-02-14T10:33:19","modified_gmt":"2022-02-14T15:33:19","slug":"analyse-des-taches-et-projections-de-sang","status":"publish","type":"page","link":"https:\/\/www.csfs.ca\/fr\/notre_raison_detre\/disciplines-sections\/analyse-des-taches-et-projections-de-sang\/","title":{"rendered":"Analyse des taches et projections de sang"},"content":{"rendered":"\n<figure class=\"wp-block-image size-large\"><img decoding=\"async\" width=\"1024\" height=\"261\" src=\"https:\/\/www.csfs.ca\/wp-content\/uploads\/2021\/09\/Blood-spatter-page-image-1024x261.jpg\" alt=\"bpa\" class=\"wp-image-12780\" srcset=\"https:\/\/www.csfs.ca\/wp-content\/uploads\/2021\/09\/Blood-spatter-page-image-1024x261.jpg 1024w, https:\/\/www.csfs.ca\/wp-content\/uploads\/2021\/09\/Blood-spatter-page-image-300x77.jpg 300w, https:\/\/www.csfs.ca\/wp-content\/uploads\/2021\/09\/Blood-spatter-page-image-768x196.jpg 768w, https:\/\/www.csfs.ca\/wp-content\/uploads\/2021\/09\/Blood-spatter-page-image-1536x392.jpg 1536w, https:\/\/www.csfs.ca\/wp-content\/uploads\/2021\/09\/Blood-spatter-page-image-1320x337.jpg 1320w, https:\/\/www.csfs.ca\/wp-content\/uploads\/2021\/09\/Blood-spatter-page-image-239x61.jpg 239w, https:\/\/www.csfs.ca\/wp-content\/uploads\/2021\/09\/Blood-spatter-page-image-482x123.jpg 482w, https:\/\/www.csfs.ca\/wp-content\/uploads\/2021\/09\/Blood-spatter-page-image.jpg 1896w\" sizes=\"(max-width: 1024px) 100vw, 1024px\" \/><figcaption>\u00a9 2011 Theresa Stotesbury. Tous les droits sont r\u00e9serv\u00e9s.<\/figcaption><\/figure>\n\n\n\n<p>Lorsque du sang liquide est soumis \u00e0 diff\u00e9rentes forces physiques, des taches et des patrons de taches de sang sont d\u00e9pos\u00e9s sur des surfaces vari\u00e9es. L\u2019analyse des taches de sang (BPA) repose sur l\u2018observation de la forme, la taille, la direction, la distribution et la dispersion (arrangement) de celles-ci dans le but d\u2019identifier un m\u00e9canisme de cr\u00e9ation. Les patrons de taches de sang peuvent apporter des informations importantes concernant les \u00e9v\u00e8nements qui ont men\u00e9 \u00e0 leur cr\u00e9ation. De plus, ces informations peuvent mener \u00e0 la reconstitution, en tout ou en partie, de la s\u00e9quence des \u00e9v\u00e8nements et\/ou \u00e0 l\u2019\u00e9valuation de d\u00e9clarations de t\u00e9moins et de suspects.<\/p>\n\n\n\n<p>L\u2019analyse d\u2019une sc\u00e8ne d\u2019\u00e9v\u00e9nement est un processus complexe. En effet, sur une sc\u00e8ne de crime, les patrons produits par diff\u00e9rents m\u00e9canismes peuvent se superposer et donc pr\u00e9senter des caract\u00e9ristiques de diff\u00e9rents types de taches de sang. La forme et la nature des surfaces \u00e9tudi\u00e9es affectent \u00e9galement l\u2019apparence des taches de sang. L\u2019\u00e9tendue et la complexit\u00e9 d\u2019une sc\u00e8ne d\u2019\u00e9v\u00e9nement sont aussi influenc\u00e9es par le d\u00e9placement possible de la source de sang ainsi que par la disposition des objets pr\u00e9sents sur les lieux.<\/p>\n\n\n\n<p>Les premi\u00e8res \u00e9tudes en taches et projections de sang ont \u00e9t\u00e9 publi\u00e9es en 1895. La recherche dans cette discipline des sciences forensiques poursuit son expansion et le d\u00e9veloppement de nouveaux outils et de nouvelles m\u00e9thodologies am\u00e9liorera encore le travail des analystes en taches et projections de sang.<\/p>\n","protected":false},"excerpt":{"rendered":"<p>Lorsque du sang liquide est soumis \u00e0 diff\u00e9rentes forces physiques, des taches et des patrons de taches de sang sont d\u00e9pos\u00e9s sur des surfaces vari\u00e9es. L\u2019analyse des taches de sang&#8230;<\/p>\n","protected":false},"author":774,"featured_media":12801,"parent":3694,"menu_order":0,"comment_status":"closed","ping_status":"closed","template":"","meta":{"_seopress_robots_primary_cat":"","_seopress_titles_title":"Analyse des taches et projections de sang - Canadian Society of Forensic Science","_seopress_titles_desc":"","_seopress_robots_index":"","pmpro_default_level":"","_kad_blocks_custom_css":"","_kad_blocks_head_custom_js":"","_kad_blocks_body_custom_js":"","_kad_blocks_footer_custom_js":"","_price":"","_stock":"","_tribe_ticket_header":"","_tribe_default_ticket_provider":"","_tribe_ticket_capacity":"0","_ticket_start_date":"","_ticket_end_date":"","_tribe_ticket_show_description":"","_tribe_ticket_show_not_going":false,"_tribe_ticket_use_global_stock":"","_tribe_ticket_global_stock_level":"","_global_stock_mode":"","_global_stock_cap":"","_tribe_rsvp_for_event":"","_tribe_ticket_going_count":"","_tribe_ticket_not_going_count":"","_tribe_tickets_list":"[]","_tribe_ticket_has_attendee_info_fields":false,"_EventAllDay":false,"_EventTimezone":"","_EventStartDate":"","_EventEndDate":"","_EventStartDateUTC":"","_EventEndDateUTC":"","_EventShowMap":false,"_EventShowMapLink":false,"_EventURL":"","_EventCost":"","_EventCostDescription":"","_EventCurrencySymbol":"","_EventCurrencyCode":"","_EventCurrencyPosition":"","_EventDateTimeSeparator":"","_EventTimeRangeSeparator":"","_EventOrganizerID":[],"_EventVenueID":[],"_OrganizerEmail":"","_OrganizerPhone":"","_OrganizerWebsite":"","_VenueAddress":"","_VenueCity":"","_VenueCountry":"","_VenueProvince":"","_VenueState":"","_VenueZip":"","_VenuePhone":"","_VenueURL":"","_VenueStateProvince":"","_VenueLat":"","_VenueLng":"","_VenueShowMap":false,"_VenueShowMapLink":false,"_kad_post_transparent":"","_kad_post_title":"","_kad_post_layout":"","_kad_post_sidebar_id":"","_kad_post_content_style":"","_kad_post_vertical_padding":"","_kad_post_feature":"","_kad_post_feature_position":"","_kad_post_header":false,"_kad_post_footer":false,"_kad_post_classname":"","footnotes":""},"page_category":[164],"class_list":["post-12785","page","type-page","status-publish","has-post-thumbnail","hentry","page_category-disciplines","pmpro-has-access"],"taxonomy_info":{"page_category":[{"value":164,"label":"Disciplines"}]},"featured_image_src_large":["https:\/\/www.csfs.ca\/wp-content\/uploads\/2021\/09\/Blood-spatter.png",150,150,false],"author_info":{"display_name":"CSFS","author_link":"https:\/\/www.csfs.ca\/fr\/author\/CSFS\/"},"comment_info":0,"_links":{"self":[{"href":"https:\/\/www.csfs.ca\/fr\/wp-json\/wp\/v2\/pages\/12785","targetHints":{"allow":["GET"]}}],"collection":[{"href":"https:\/\/www.csfs.ca\/fr\/wp-json\/wp\/v2\/pages"}],"about":[{"href":"https:\/\/www.csfs.ca\/fr\/wp-json\/wp\/v2\/types\/page"}],"author":[{"embeddable":true,"href":"https:\/\/www.csfs.ca\/fr\/wp-json\/wp\/v2\/users\/774"}],"replies":[{"embeddable":true,"href":"https:\/\/www.csfs.ca\/fr\/wp-json\/wp\/v2\/comments?post=12785"}],"version-history":[{"count":3,"href":"https:\/\/www.csfs.ca\/fr\/wp-json\/wp\/v2\/pages\/12785\/revisions"}],"predecessor-version":[{"id":14284,"href":"https:\/\/www.csfs.ca\/fr\/wp-json\/wp\/v2\/pages\/12785\/revisions\/14284"}],"up":[{"embeddable":true,"href":"https:\/\/www.csfs.ca\/fr\/wp-json\/wp\/v2\/pages\/3694"}],"wp:featuredmedia":[{"embeddable":true,"href":"https:\/\/www.csfs.ca\/fr\/wp-json\/wp\/v2\/media\/12801"}],"wp:attachment":[{"href":"https:\/\/www.csfs.ca\/fr\/wp-json\/wp\/v2\/media?parent=12785"}],"wp:term":[{"taxonomy":"page_category","embeddable":true,"href":"https:\/\/www.csfs.ca\/fr\/wp-json\/wp\/v2\/page_category?post=12785"}],"curies":[{"name":"wp","href":"https:\/\/api.w.org\/{rel}","templated":true}]}}