{"id":11192,"date":"2021-04-01T09:35:32","date_gmt":"2021-04-01T13:35:32","guid":{"rendered":"https:\/\/www.csfs.ca\/conference\/"},"modified":"2023-01-31T11:24:02","modified_gmt":"2023-01-31T16:24:02","slug":"conference-2021","status":"publish","type":"page","link":"https:\/\/www.csfs.ca\/fr\/notre_raison_detre\/conference-scientifique\/conference-2021\/","title":{"rendered":"Mises \u00e0 jour de la Conf\u00e9rence 2021"},"content":{"rendered":"<style>.wp-block-kadence-advancedheading.kt-adv-heading_91f5d7-b7, .wp-block-kadence-advancedheading.kt-adv-heading_91f5d7-b7[data-kb-block=\"kb-adv-heading_91f5d7-b7\"]{font-style:normal;}.wp-block-kadence-advancedheading.kt-adv-heading_91f5d7-b7 mark.kt-highlight, .wp-block-kadence-advancedheading.kt-adv-heading_91f5d7-b7[data-kb-block=\"kb-adv-heading_91f5d7-b7\"] mark.kt-highlight{font-style:normal;color:#f76a0c;-webkit-box-decoration-break:clone;box-decoration-break:clone;padding-top:0px;padding-right:0px;padding-bottom:0px;padding-left:0px;}.wp-block-kadence-advancedheading.kt-adv-heading_91f5d7-b7 img.kb-inline-image, .wp-block-kadence-advancedheading.kt-adv-heading_91f5d7-b7[data-kb-block=\"kb-adv-heading_91f5d7-b7\"] img.kb-inline-image{width:150px;vertical-align:baseline;}<\/style>\n<h2 class=\"kt-adv-heading_91f5d7-b7 wp-block-kadence-advancedheading\" data-kb-block=\"kb-adv-heading_91f5d7-b7\">Sciences judiciaires : Un monde d\u2019opportunit\u00e9s<\/h2>\n\n\n<style>#kt-layout-id_c98759-4a > .kt-row-column-wrap{align-content:start;}:where(#kt-layout-id_c98759-4a > .kt-row-column-wrap) > .wp-block-kadence-column{justify-content:start;}#kt-layout-id_c98759-4a > .kt-row-column-wrap{column-gap:var(--global-kb-gap-md, 2rem);row-gap:var(--global-kb-gap-md, 2rem);padding-top:var( --global-kb-row-default-top, 25px );padding-bottom:var( --global-kb-row-default-bottom, 25px );padding-top:var(--global-kb-spacing-sm, 1.5rem);padding-bottom:var(--global-kb-spacing-sm, 1.5rem);grid-template-columns:minmax(0, 1fr);}#kt-layout-id_c98759-4a > .kt-row-layout-overlay{opacity:0.30;}@media all and (max-width: 1024px){#kt-layout-id_c98759-4a > .kt-row-column-wrap{grid-template-columns:minmax(0, 1fr);}}@media all and (max-width: 767px){#kt-layout-id_c98759-4a > .kt-row-column-wrap{grid-template-columns:minmax(0, 1fr);}}<\/style>\n<div class=\"wp-block-kadence-rowlayout alignnone\"><div id=\"kt-layout-id_c98759-4a\" class=\"kt-row-layout-inner kt-layout-id_c98759-4a\"><div class=\"kt-row-column-wrap kt-has-1-columns kt-gutter-default kt-v-gutter-default kt-row-valign-top kt-row-layout-equal kt-tab-layout-inherit kt-m-colapse-left-to-right kt-mobile-layout-row\"><style>.kadence-column_3cc057-09 > .kt-inside-inner-col{border-top-width:0px;border-right-width:0px;border-bottom-width:0px;border-left-width:0px;}.kadence-column_3cc057-09 > .kt-inside-inner-col,.kadence-column_3cc057-09 > .kt-inside-inner-col:before{border-top-left-radius:0px;border-top-right-radius:0px;border-bottom-right-radius:0px;border-bottom-left-radius:0px;}.kadence-column_3cc057-09 > .kt-inside-inner-col{column-gap:var(--global-kb-gap-sm, 1rem);}.kadence-column_3cc057-09 > .kt-inside-inner-col{flex-direction:column;}.kadence-column_3cc057-09 > .kt-inside-inner-col > .aligncenter{width:100%;}.kadence-column_3cc057-09 > .kt-inside-inner-col:before{opacity:0.3;}.kadence-column_3cc057-09{position:relative;}@media all and (max-width: 1024px){.kadence-column_3cc057-09 > .kt-inside-inner-col{flex-direction:column;justify-content:center;}}@media all and (max-width: 767px){.kadence-column_3cc057-09 > .kt-inside-inner-col{flex-direction:column;justify-content:center;}}<\/style>\n<div class=\"wp-block-kadence-column inner-column-1 kadence-column_3cc057-09\"><div class=\"kt-inside-inner-col\">\n<figure class=\"wp-block-image size-large is-resized\"><img decoding=\"async\" src=\"https:\/\/www.csfs.ca\/wp-content\/uploads\/2021\/06\/CSFS-2021-Banner_Final_JPG_FR_R_small.jpg\" alt=\"\" class=\"wp-image-11978\" width=\"809\" height=\"307\" srcset=\"https:\/\/www.csfs.ca\/wp-content\/uploads\/2021\/06\/CSFS-2021-Banner_Final_JPG_FR_R_small.jpg 700w, https:\/\/www.csfs.ca\/wp-content\/uploads\/2021\/06\/CSFS-2021-Banner_Final_JPG_FR_R_small-300x114.jpg 300w, https:\/\/www.csfs.ca\/wp-content\/uploads\/2021\/06\/CSFS-2021-Banner_Final_JPG_FR_R_small-600x228.jpg 600w, https:\/\/www.csfs.ca\/wp-content\/uploads\/2021\/06\/CSFS-2021-Banner_Final_JPG_FR_R_small-239x91.jpg 239w, https:\/\/www.csfs.ca\/wp-content\/uploads\/2021\/06\/CSFS-2021-Banner_Final_JPG_FR_R_small-482x183.jpg 482w\" sizes=\"(max-width: 809px) 100vw, 809px\" \/><\/figure>\n<\/div><\/div>\n<\/div><\/div><\/div>\n\n\n<style>#kt-layout-id_e8ae16-05 > .kt-row-column-wrap{align-content:start;}:where(#kt-layout-id_e8ae16-05 > .kt-row-column-wrap) > .wp-block-kadence-column{justify-content:start;}#kt-layout-id_e8ae16-05 > .kt-row-column-wrap{column-gap:var(--global-kb-gap-md, 2rem);row-gap:var(--global-kb-gap-md, 2rem);padding-top:var( --global-kb-row-default-top, 25px );padding-bottom:var( --global-kb-row-default-bottom, 25px );padding-top:var(--global-kb-spacing-sm, 1.5rem);padding-bottom:var(--global-kb-spacing-sm, 1.5rem);grid-template-columns:minmax(0, 1fr);}#kt-layout-id_e8ae16-05 > .kt-row-layout-overlay{opacity:0.30;}@media all and (max-width: 1024px){#kt-layout-id_e8ae16-05 > .kt-row-column-wrap{grid-template-columns:minmax(0, 1fr);}}@media all and (max-width: 767px){#kt-layout-id_e8ae16-05 > .kt-row-column-wrap{grid-template-columns:minmax(0, 1fr);}}<\/style>\n<div class=\"wp-block-kadence-rowlayout alignnone\"><div id=\"kt-layout-id_e8ae16-05\" class=\"kt-row-layout-inner kt-layout-id_e8ae16-05\"><div class=\"kt-row-column-wrap kt-has-1-columns kt-gutter-default kt-v-gutter-default kt-row-valign-top kt-row-layout-equal kt-tab-layout-inherit kt-m-colapse-left-to-right kt-mobile-layout-row\"><style>.kadence-column_597806-39 > .kt-inside-inner-col{border-top-width:0px;border-right-width:0px;border-bottom-width:0px;border-left-width:0px;}.kadence-column_597806-39 > .kt-inside-inner-col,.kadence-column_597806-39 > .kt-inside-inner-col:before{border-top-left-radius:0px;border-top-right-radius:0px;border-bottom-right-radius:0px;border-bottom-left-radius:0px;}.kadence-column_597806-39 > .kt-inside-inner-col{column-gap:var(--global-kb-gap-sm, 1rem);}.kadence-column_597806-39 > .kt-inside-inner-col{flex-direction:column;}.kadence-column_597806-39 > .kt-inside-inner-col > .aligncenter{width:100%;}.kadence-column_597806-39 > .kt-inside-inner-col:before{opacity:0.3;}.kadence-column_597806-39{position:relative;}@media all and (max-width: 1024px){.kadence-column_597806-39 > .kt-inside-inner-col{flex-direction:column;justify-content:center;}}@media all and (max-width: 767px){.kadence-column_597806-39 > .kt-inside-inner-col{flex-direction:column;justify-content:center;}}<\/style>\n<div class=\"wp-block-kadence-column inner-column-1 kadence-column_597806-39\"><div class=\"kt-inside-inner-col\">\n<p>La SCSJ a tenu sa toute premi\u00e8re conf\u00e9rence virtuelle du 21 au 24 juin 2021 et ce fut un \u00e9norme succ\u00e8s. Avec 351 d\u00e9l\u00e9gu\u00e9(e)s de 19 pays, il s&rsquo;agissait de la conf\u00e9rence la plus grande et la plus internationale de l&rsquo;histoire de la Soci\u00e9t\u00e9.<\/p>\n\n\n\n<p>Si la pand\u00e9mie de COVID-19 a pr\u00e9sent\u00e9 de nombreux d\u00e9fis, elle a \u00e9galement permis \u00e0 la SCSJ d&rsquo;adopter diff\u00e9rents moyens pour fournir du contenu \u00e0 ses membres et au-del\u00e0. Ainsi, le th\u00e8me de la conf\u00e9rence SCSJ 2021 \u00e9tait \u00ab Sciences judiciaires : Un monde d&rsquo;opportunit\u00e9s \u00bb. Le <a href=\"https:\/\/www.csfs.ca\/wp-content\/uploads\/2021\/06\/CSFS-2021-Program-at-a-glance_v3_FR.pdf\">programme<\/a> \u00e9tait bien rempli avec un discours d\u2019honneur, trois s\u00e9ances pl\u00e9ni\u00e8res, six pr\u00e9sentations d\u2019exposants, 22 pr\u00e9sentations orales et 47 pr\u00e9sentations par affiches, couvrant un large \u00e9ventail de sujets judiciaires, de la sc\u00e8ne du crime au laboratoire et \u00e0 la salle d\u2019audience. Il y a \u00e9galement eu un \u00e9v\u00e9nement de r\u00e9seautage et plusieurs remises de prix.<\/p>\n\n\n\n<p>Avec de nombreuses pr\u00e9sentations fascinantes par des pr\u00e9sentateur(trice)s nationaux(ales) et internationaux(ales), il est difficile de n&rsquo;en mentionner seulement quelques-unes. La conf\u00e9renci\u00e8re d\u2019honneur, la Prof. Shari Forbes, a pr\u00e9sent\u00e9 aux d\u00e9l\u00e9gu\u00e9(e)s le <a href=\"http:\/\/www.uqtr.ca\/restes\">premier site de taphonomie humaine sur le sol canadien<\/a>. La Dre Kona Williams, la premi\u00e8re pathologiste judiciaire des Premi\u00e8res Nations au Canada, a fait une pr\u00e9sentation opportune sur les questions judiciaires concernant les peuples autochtones. Il a \u00e9galement \u00e9t\u00e9 r\u00e9v\u00e9lateur d&rsquo;entendre parler des obstacles et des progr\u00e8s r\u00e9alis\u00e9s dans le domaine des sciences judiciaires par des pays en d\u00e9veloppement, tels que le Ghana et la Palestine.<\/p>\n\n\n\n<p>La conf\u00e9rence de cette ann\u00e9e a \u00e9t\u00e9 l&rsquo;occasion pour les d\u00e9l\u00e9gu\u00e9(e)s de se r\u00e9unir (m\u00eame si ce n&rsquo;est que virtuellement) pour partager et\/ou acqu\u00e9rir de nouvelles connaissances ; pour \u00e9tablir de nouveaux liens qui pourraient mener \u00e0 de futures collaborations ; et pour avoir une meilleure compr\u00e9hension des sciences judiciaires, non seulement au Canada, mais dans le monde entier. Le Conseil d&rsquo;administration de la SCSJ et le Comit\u00e9 organisateur de la SCSJ 2021 tiennent \u00e0 remercier tous ceux(elles) qui ont particip\u00e9, y compris les nombreux commanditaires qui ont montr\u00e9 leur soutien. Veuillez rester en s\u00e9curit\u00e9 et nous esp\u00e9rons vous voir \u00e0 la prochaine conf\u00e9rence !<\/p>\n<\/div><\/div>\n<\/div><\/div><\/div>\n","protected":false},"excerpt":{"rendered":"<p>Sciences judiciaires : Un monde d\u2019opportunit\u00e9s La SCSJ a tenu sa toute premi\u00e8re conf\u00e9rence virtuelle du 21 au 24 juin 2021 et ce fut un \u00e9norme succ\u00e8s. Avec 351 d\u00e9l\u00e9gu\u00e9(e)s&#8230;<\/p>\n","protected":false},"author":774,"featured_media":0,"parent":3722,"menu_order":0,"comment_status":"closed","ping_status":"closed","template":"","meta":{"_seopress_robots_primary_cat":"","_seopress_titles_title":"","_seopress_titles_desc":"","_seopress_robots_index":"","pmpro_default_level":"","_kad_blocks_custom_css":"","_kad_blocks_head_custom_js":"","_kad_blocks_body_custom_js":"","_kad_blocks_footer_custom_js":"","_price":"","_stock":"","_tribe_ticket_header":"","_tribe_default_ticket_provider":"","_tribe_ticket_capacity":"0","_ticket_start_date":"","_ticket_end_date":"","_tribe_ticket_show_description":"","_tribe_ticket_show_not_going":false,"_tribe_ticket_use_global_stock":"","_tribe_ticket_global_stock_level":"","_global_stock_mode":"","_global_stock_cap":"","_tribe_rsvp_for_event":"","_tribe_ticket_going_count":"","_tribe_ticket_not_going_count":"","_tribe_tickets_list":"[]","_tribe_ticket_has_attendee_info_fields":false,"_EventAllDay":false,"_EventTimezone":"","_EventStartDate":"","_EventEndDate":"","_EventStartDateUTC":"","_EventEndDateUTC":"","_EventShowMap":false,"_EventShowMapLink":false,"_EventURL":"","_EventCost":"","_EventCostDescription":"","_EventCurrencySymbol":"","_EventCurrencyCode":"","_EventCurrencyPosition":"","_EventDateTimeSeparator":"","_EventTimeRangeSeparator":"","_EventOrganizerID":[],"_EventVenueID":[],"_OrganizerEmail":"","_OrganizerPhone":"","_OrganizerWebsite":"","_VenueAddress":"","_VenueCity":"","_VenueCountry":"","_VenueProvince":"","_VenueState":"","_VenueZip":"","_VenuePhone":"","_VenueURL":"","_VenueStateProvince":"","_VenueLat":"","_VenueLng":"","_VenueShowMap":false,"_VenueShowMapLink":false,"_kad_post_transparent":"","_kad_post_title":"","_kad_post_layout":"","_kad_post_sidebar_id":"","_kad_post_content_style":"","_kad_post_vertical_padding":"","_kad_post_feature":"","_kad_post_feature_position":"","_kad_post_header":false,"_kad_post_footer":false,"_kad_post_classname":"","footnotes":""},"page_category":[],"class_list":["post-11192","page","type-page","status-publish","hentry","pmpro-has-access"],"taxonomy_info":[],"featured_image_src_large":false,"author_info":{"display_name":"CSFS","author_link":"https:\/\/www.csfs.ca\/fr\/author\/CSFS\/"},"comment_info":0,"_links":{"self":[{"href":"https:\/\/www.csfs.ca\/fr\/wp-json\/wp\/v2\/pages\/11192","targetHints":{"allow":["GET"]}}],"collection":[{"href":"https:\/\/www.csfs.ca\/fr\/wp-json\/wp\/v2\/pages"}],"about":[{"href":"https:\/\/www.csfs.ca\/fr\/wp-json\/wp\/v2\/types\/page"}],"author":[{"embeddable":true,"href":"https:\/\/www.csfs.ca\/fr\/wp-json\/wp\/v2\/users\/774"}],"replies":[{"embeddable":true,"href":"https:\/\/www.csfs.ca\/fr\/wp-json\/wp\/v2\/comments?post=11192"}],"version-history":[{"count":5,"href":"https:\/\/www.csfs.ca\/fr\/wp-json\/wp\/v2\/pages\/11192\/revisions"}],"predecessor-version":[{"id":16266,"href":"https:\/\/www.csfs.ca\/fr\/wp-json\/wp\/v2\/pages\/11192\/revisions\/16266"}],"up":[{"embeddable":true,"href":"https:\/\/www.csfs.ca\/fr\/wp-json\/wp\/v2\/pages\/3722"}],"wp:attachment":[{"href":"https:\/\/www.csfs.ca\/fr\/wp-json\/wp\/v2\/media?parent=11192"}],"wp:term":[{"taxonomy":"page_category","embeddable":true,"href":"https:\/\/www.csfs.ca\/fr\/wp-json\/wp\/v2\/page_category?post=11192"}],"curies":[{"name":"wp","href":"https:\/\/api.w.org\/{rel}","templated":true}]}}